{"id":305,"date":"2019-12-19T15:40:34","date_gmt":"2019-12-19T14:40:34","guid":{"rendered":"http:\/\/us.edu.pl\/instytut\/int\/?page_id=305"},"modified":"2020-06-10T13:07:32","modified_gmt":"2020-06-10T11:07:32","slug":"regulaminy-wewnetrzne","status":"publish","type":"page","link":"https:\/\/us.edu.pl\/instytut\/int\/strefa-pracownika-instytutu\/regulaminy-wewnetrzne\/","title":{"rendered":"Regulaminy wewn\u0119trzne"},"content":{"rendered":"<p><\/p>\n<h1><span style=\"font-family: verdana, geneva, sans-serif;font-size: 14pt\">Organizacja i finansowanie bada\u0144<\/span><\/h1>\n<p><strong><span style=\"font-family: verdana, geneva, sans-serif\">Dyspozycje prawne Uczelni<\/span><\/strong><\/p>\n<p><a href=\"https:\/\/us.edu.pl\/instytut\/int\/wp-content\/uploads\/sites\/47\/Nieprzypisane\/Wytyczne-rektora-ws-zespo\u0142\u00f3w-badawczych.pdf\" class=\"mtli_attachment mtli_pdf\" data-mtli=\"mtli_filesize488,98kB\">Wytyczne w sprawie organizacji, funkcjonowania i finansowania dzia\u0142alno\u015bci zespo\u0142\u00f3w badawczych na rok 2020 (Za\u0142\u0105cznik do zarz\u0105dzenia nr 171 Rektora U\u015a z dnia 11 grudnia 2019 r.)<\/a><\/p>\n<p><a href=\"https:\/\/us.edu.pl\/instytut\/int\/wp-content\/uploads\/sites\/47\/2020\/06\/pismo-ok\u00f3lne-rektora-o-podziale-subwencji.pdf\" class=\"mtli_attachment mtli_pdf\" data-mtli=\"mtli_filesize448,45kB\"><span style=\"font-family: verdana, geneva, sans-serif\">Pismo ok\u00f3lne nr 16 <\/span>Rektora Uniwersytetu \u015al\u0105skiego w Katowicach z dnia 29 listopada 2019 r. w sprawie og\u00f3lnych zasad podzia\u0142u \u015brodk\u00f3w wydzielonych z cz\u0119\u015bci badawczej subwencji na prowadzenie bada\u0144 i utrzymanie potencja\u0142u badawczego.<\/a><\/p>\n<p>&nbsp;<\/p>\n<p><strong><span style=\"font-family: verdana, geneva, sans-serif\">Regulaminy Instytutu<\/span><\/strong><\/p>\n<p><span style=\"font-family: verdana, geneva, sans-serif\"><a href=\"https:\/\/us.edu.pl\/instytut\/int\/wp-content\/uploads\/sites\/47\/unnamed-file.PDF\/Regulamin-organizacji-zespo\u0142\u00f3w-badawczych-INT.pdf\" class=\"mtli_attachment mtli_pdf\" data-mtli=\"mtli_filesize235,57kB\">Regulamin organizacji zespo\u0142\u00f3w badawczych w INT<\/a><\/span><\/p>\n<p><span style=\"font-family: verdana, geneva, sans-serif\"><a href=\"https:\/\/us.edu.pl\/instytut\/int\/wp-content\/uploads\/sites\/47\/unnamed-file.PDF\/Regulamin-podzia\u0142u-\u015brodk\u00f3w-na-badania-INT.pdf\" class=\"mtli_attachment mtli_pdf\" data-mtli=\"mtli_filesize295,04kB\">Regulamin podzia\u0142u \u015brodk\u00f3w na badania w INT<\/a><\/span><\/p>\n<p>&nbsp;<\/p>\n<p><strong>Formularze<\/strong><\/p>\n<p><a href=\"https:\/\/us.edu.pl\/instytut\/int\/wp-content\/uploads\/sites\/47\/2020\/06\/Formularz-wniosku-o-powo\u0142anie-i-finansowanie.docx\" class=\"mtli_attachment mtli_docx\" data-mtli=\"mtli_filesize15,76kB\"><span style=\"font-family: verdana, geneva, sans-serif\">Formularz wniosku o powo\u0142anie i finansowanie zespo\u0142u badawczego\/indywidualnej dzia\u0142alno\u015bci badawczej w ramach INT<\/span><\/a><\/p>\n<style type=\"text\/css\">a[data-mtli~=\"mtli_filesize488,98kB\"]:after {content:\" (488,98 kB)\"}a[data-mtli~=\"mtli_filesize448,45kB\"]:after {content:\" (448,45 kB)\"}a[data-mtli~=\"mtli_filesize235,57kB\"]:after {content:\" (235,57 kB)\"}a[data-mtli~=\"mtli_filesize295,04kB\"]:after {content:\" (295,04 kB)\"}a[data-mtli~=\"mtli_filesize15,76kB\"]:after {content:\" (15,76 kB)\"}<\/style>","protected":false},"excerpt":{"rendered":"<p>Organizacja i finansowanie bada\u0144 Dyspozycje prawne Uczelni Wytyczne w sprawie organizacji, funkcjonowania i finansowania dzia\u0142alno\u015bci zespo\u0142\u00f3w badawczych na rok 2020 (Za\u0142\u0105cznik do zarz\u0105dzenia nr 171 Rektora U\u015a z dnia 11 grudnia 2019 r.) Pismo ok\u00f3lne nr 16 Rektora Uniwersytetu \u015al\u0105skiego w Katowicach z dnia 29 listopada 2019 r. w sprawie og\u00f3lnych zasad podzia\u0142u \u015brodk\u00f3w wydzielonych [&#8230;]<\/p>\n<p><a class=\"btn btn-secondary understrap-read-more-link\" href=\"https:\/\/us.edu.pl\/instytut\/int\/strefa-pracownika-instytutu\/regulaminy-wewnetrzne\/\">Read More&#8230;<\/a><\/p>\n","protected":false},"author":117,"featured_media":0,"parent":303,"menu_order":1,"comment_status":"closed","ping_status":"closed","template":"page-templates\/inner-page.php","meta":{"_expiration-date-status":"saved","_expiration-date":0,"_expiration-date-type":"","_expiration-date-categories":[],"_expiration-date-options":[]},"acf":[],"_links":{"self":[{"href":"https:\/\/us.edu.pl\/instytut\/int\/wp-json\/wp\/v2\/pages\/305"}],"collection":[{"href":"https:\/\/us.edu.pl\/instytut\/int\/wp-json\/wp\/v2\/pages"}],"about":[{"href":"https:\/\/us.edu.pl\/instytut\/int\/wp-json\/wp\/v2\/types\/page"}],"author":[{"embeddable":true,"href":"https:\/\/us.edu.pl\/instytut\/int\/wp-json\/wp\/v2\/users\/117"}],"replies":[{"embeddable":true,"href":"https:\/\/us.edu.pl\/instytut\/int\/wp-json\/wp\/v2\/comments?post=305"}],"version-history":[{"count":4,"href":"https:\/\/us.edu.pl\/instytut\/int\/wp-json\/wp\/v2\/pages\/305\/revisions"}],"predecessor-version":[{"id":654,"href":"https:\/\/us.edu.pl\/instytut\/int\/wp-json\/wp\/v2\/pages\/305\/revisions\/654"}],"up":[{"embeddable":true,"href":"https:\/\/us.edu.pl\/instytut\/int\/wp-json\/wp\/v2\/pages\/303"}],"wp:attachment":[{"href":"https:\/\/us.edu.pl\/instytut\/int\/wp-json\/wp\/v2\/media?parent=305"}],"curies":[{"name":"wp","href":"https:\/\/api.w.org\/{rel}","templated":true}]}}