{"id":307,"date":"2019-12-19T15:41:20","date_gmt":"2019-12-19T14:41:20","guid":{"rendered":"http:\/\/us.edu.pl\/instytut\/int\/?page_id=307"},"modified":"2020-06-10T12:28:43","modified_gmt":"2020-06-10T10:28:43","slug":"wazne-akty-prawne-uczelni","status":"publish","type":"page","link":"https:\/\/us.edu.pl\/instytut\/int\/strefa-pracownika-instytutu\/wazne-akty-prawne-uczelni\/","title":{"rendered":"Wa\u017cne akty prawne Uczelni"},"content":{"rendered":"<p>Akty prawne Uczelni s\u0105 zamieszczone na stronie Biuletynu Informacji Publicznej: <a href=\"http:\/\/bip.us.edu.pl\/prawo\">http:\/\/bip.us.edu.pl\/prawo<\/a><\/p>\n<p>Poni\u017cej znajduj\u0105 si\u0119 wybrane odno\u015bniki do tych akt\u00f3w prawnych, kt\u00f3re w codziennym funkcjonowaniu Instytutu maj\u0105 podstawowe znaczenie.<\/p>","protected":false},"excerpt":{"rendered":"<p>Akty prawne Uczelni s\u0105 zamieszczone na stronie Biuletynu Informacji Publicznej: http:\/\/bip.us.edu.pl\/prawo Poni\u017cej znajduj\u0105 si\u0119 wybrane odno\u015bniki do tych akt\u00f3w prawnych, kt\u00f3re w codziennym funkcjonowaniu Instytutu maj\u0105 podstawowe znaczenie. [&#8230;]<\/p>\n<p><a class=\"btn btn-secondary understrap-read-more-link\" href=\"https:\/\/us.edu.pl\/instytut\/int\/strefa-pracownika-instytutu\/wazne-akty-prawne-uczelni\/\">Read More&#8230;<\/a><\/p>\n","protected":false},"author":117,"featured_media":0,"parent":303,"menu_order":2,"comment_status":"closed","ping_status":"closed","template":"page-templates\/inner-page.php","meta":{"_expiration-date-status":"saved","_expiration-date":0,"_expiration-date-type":"","_expiration-date-categories":[],"_expiration-date-options":[]},"acf":[],"_links":{"self":[{"href":"https:\/\/us.edu.pl\/instytut\/int\/wp-json\/wp\/v2\/pages\/307"}],"collection":[{"href":"https:\/\/us.edu.pl\/instytut\/int\/wp-json\/wp\/v2\/pages"}],"about":[{"href":"https:\/\/us.edu.pl\/instytut\/int\/wp-json\/wp\/v2\/types\/page"}],"author":[{"embeddable":true,"href":"https:\/\/us.edu.pl\/instytut\/int\/wp-json\/wp\/v2\/users\/117"}],"replies":[{"embeddable":true,"href":"https:\/\/us.edu.pl\/instytut\/int\/wp-json\/wp\/v2\/comments?post=307"}],"version-history":[{"count":3,"href":"https:\/\/us.edu.pl\/instytut\/int\/wp-json\/wp\/v2\/pages\/307\/revisions"}],"predecessor-version":[{"id":652,"href":"https:\/\/us.edu.pl\/instytut\/int\/wp-json\/wp\/v2\/pages\/307\/revisions\/652"}],"up":[{"embeddable":true,"href":"https:\/\/us.edu.pl\/instytut\/int\/wp-json\/wp\/v2\/pages\/303"}],"wp:attachment":[{"href":"https:\/\/us.edu.pl\/instytut\/int\/wp-json\/wp\/v2\/media?parent=307"}],"curies":[{"name":"wp","href":"https:\/\/api.w.org\/{rel}","templated":true}]}}