{"id":4351,"date":"2026-02-13T10:58:13","date_gmt":"2026-02-13T09:58:13","guid":{"rendered":"https:\/\/us.edu.pl\/instytut\/int\/?page_id=4351"},"modified":"2026-02-17T08:47:14","modified_gmt":"2026-02-17T07:47:14","slug":"uniservitate","status":"publish","type":"page","link":"https:\/\/us.edu.pl\/instytut\/int\/uniservitate\/","title":{"rendered":"Uniservitate"},"content":{"rendered":"<p>[vc_row][vc_column]\r\n                <div class=\"text-modules reverse\">\r\n                    <div class=\"container\">\r\n                        <h3 class=\"section-title section-title_border-bottom\">UNISERVITATE<\/h3> \r\n                        <div class=\"row m-0\">\r\n                            <div class=\"text-modules__content\">\r\n                                Uniservitate to globalny program i mi\u0119dzynarodowa sie\u0107 wspieraj\u0105ca rozw\u00f3j Service-Learning \u2013 metody \u0142\u0105cz\u0105cej proces studiowania z zaanga\u017cowaniem spo\u0142ecznym. Program \u0142\u0105czy badania naukowe, dydaktyk\u0119 i wsp\u00f3\u0142prac\u0119 z otoczeniem spo\u0142ecznym, wspieraj\u0105c trwa\u0142e zakorzenienie Service-Learning w szkolnictwie wy\u017cszym.<\/p>\n<p>Od grudnia 2024 roku Wydzia\u0142 Teologiczny oraz Instytut Pedagogiki Uniwersytetu \u015al\u0105skiego w Katowicach uczestnicz\u0105 w UNISERVITATE- HUB Central and Eastern Europe \/ Middle East, rozwijaj\u0105c badania nad duchowym i spo\u0142ecznym wymiarem Service-Learning oraz realizuj\u0105c wraz ze studentami projekty o realnym znaczeniu spo\u0142ecznym. \r\n                                <div class=\"mt-3\"><\/div>\r\n                            <\/div>\r\n                            \r\n                            <div class=\"text-modules__img\"><img src=\"https:\/\/us.edu.pl\/instytut\/int\/wp-content\/uploads\/sites\/47\/Bez-kategorii\/Uniservitate-Logo_horizontal-1-300x75.jpg\" alt=\"img\"><\/div>\r\n                        <\/div>\r\n                    <\/div>\r\n                <\/div>[\/vc_column][\/vc_row][vc_row][vc_column][vc_tta_tabs color=&#8221;mulled-wine&#8221; active_section=&#8221;1&#8243;][vc_tta_section title=&#8221;SZCZEG\u00d3\u0141Y PROGRAMU&#8221; tab_id=&#8221;1770989924015-2c4ae502-a37d&#8221;]\r\n                <div class=\"text-modules\">\r\n                    <div class=\"container\">\r\n                        \r\n                        <div class=\"text-modules__content\"><p><strong>1. Charakter i cele Uniservitate<\/strong><br \/>\nUniservitate to globalny program oraz mi\u0119dzynarodowa sie\u0107 promuj\u0105ca rozw\u00f3j Service-Learning (SL) w katolickich instytucjach szkolnictwa wy\u017cszego. Program nie ma charakteru czasowego projektu, lecz stanowi trwa\u0142\u0105 struktur\u0119 wsp\u00f3\u0142pracy obejmuj\u0105c\u0105 huby regionalne na wszystkich kontynentach.<br \/>\nCelem Uniservitate jest instytucjonalizacja Service-Learning jako metody \u0142\u0105cz\u0105cej proces studiowania z zaanga\u017cowaniem spo\u0142ecznym, integruj\u0105cej badania naukowe, dydaktyk\u0119 i spo\u0142eczn\u0105 misj\u0119 uczelni. Program rozwija refleksj\u0119 nad duchowym i aksjologicznym wymiarem edukacji akademickiej oraz wspiera model uniwersytetu spo\u0142ecznie odpowiedzialnego.<\/p>\n<p><strong>2. Struktura programu<\/strong><\/p>\n<p>Uniservitate funkcjonuje jako globalna sie\u0107 zorganizowana w huby regionalne. Kluczowe mechanizmy programu obejmuj\u0105:<br \/>\n\u2022\u2060 \u2060dzia\u0142alno\u015b\u0107 Academic Sounding Board, rozwijaj\u0105c\u0105 mi\u0119dzynarodow\u0105 refleksj\u0119 naukow\u0105 nad duchowym wymiarem Service-Learning,<br \/>\n\u2022\u2060 \u2060system Small Research Grants (SRG) wspieraj\u0105cy badania w zakresie SL,<br \/>\n\u2022\u2060 \u2060inicjatywy publikacyjne i konferencyjne,<br \/>\n\u2022\u2060 \u2060procesy instytucjonalizacji Service-Learning w strukturach uczelni.<br \/>\nUniwersytet \u015al\u0105ski jest cz\u0142onkiem HUB Central and Eastern Europe \/ Middle East, wsp\u00f3\u0142tworz\u0105c mi\u0119dzynarodow\u0105 przestrze\u0144 dialogu i wsp\u00f3\u0142pracy akademickiej. W sk\u0142ad hubu wchodz\u0105:<br \/>\n\u2022\u2060 \u2060Catholic University of Eichst\u00e4tt-Ingolstadt (Germany) \u2013 koordynator<br \/>\n\u2022\u2060 \u2060Katolicki Uniwersytet Lubelski Jana Paw\u0142a II (Polska)<br \/>\n\u2022\u2060 \u2060Uniwersytet \u015al\u0105ski w Katowicach (Polska)<br \/>\n\u2022\u2060 \u2060Ukrainian Catholic University (Ukraine)<br \/>\n\u2022\u2060 \u2060University College of Teacher Education of Christian Churches (Austria)<br \/>\n\u2022\u2060 \u2060P\u00e1zm\u00e1ny P\u00e9ter Catholic University (W\u0119gry)<br \/>\n\u2022\u2060 \u2060University of Pre\u0161ov (Slovakia)<br \/>\n\u2022\u2060 \u2060Catholic University of Croatia (Croatia)<br \/>\n\u2022\u2060 \u2060Bethlehem University (Palestine)<\/p>\n<p><strong>3.\u2060 \u2060Zaanga\u017cowanie Uniwersytetu \u015al\u0105skiego<\/strong><\/p>\n<p>Od grudnia 2024 roku Wydzia\u0142 Teologiczny oraz Instytut Pedagogiki Uniwersytetu \u015al\u0105skiego w Katowicach aktywnie uczestnicz\u0105 w programie Uniservitate.<br \/>\nZaanga\u017cowanie to obejmuje:<br \/>\n\u2022\u2060 \u2060prowadzenie bada\u0144 nad Service-Learning, jego duchowym wymiarem oraz procesami instytucjonalizacji tej metody w szkolnictwie wy\u017cszym<br \/>\n\u2022\u2060 \u2060udzia\u0142 w mi\u0119dzynarodowej wsp\u00f3\u0142pracy badawczej w ramach HUB CEE\/ME,<br \/>\n\u2022\u2060 \u2060wdra\u017canie Service-Learning w ramach r\u00f3\u017cnych przedmiot\u00f3w i modu\u0142\u00f3w kszta\u0142cenia,<br \/>\n\u2022\u2060 \u2060realizacj\u0119 projekt\u00f3w studenckich odpowiadaj\u0105cych na realne potrzeby spo\u0142eczne.<\/p>\n<p><strong>4. Badania, dydaktyka i wp\u0142yw spo\u0142eczny<\/strong><br \/>\nDzia\u0142ania podejmowane w ramach Uniservitate \u0142\u0105cz\u0105 trzy obszary funkcjonowania uczelni:<\/p>\n<p><em>Badania naukowe<\/em><br \/>\nRozw\u00f3j refleksji teoretycznej i empirycznej nad Service-Learning, jego wp\u0142ywem na rozw\u00f3j student\u00f3w oraz nad duchowym wymiarem edukacji akademickiej.<\/p>\n<p><em>Dydaktyka<\/em><br \/>\nIntegracja procesu studiowania z praktycznym dzia\u0142aniem spo\u0142ecznym poprzez projekty realizowane w ramach program\u00f3w kszta\u0142cenia.<\/p>\n<p><em>Wp\u0142yw spo\u0142eczny<\/em><br \/>\nWsp\u00f3\u0142praca z partnerami zewn\u0119trznymi oraz generowanie efekt\u00f3w spo\u0142ecznych poprzez projekty realizowane przez student\u00f3w i kadr\u0119 akademick\u0105.<br \/>\nZaanga\u017cowanie w Uniservitate wzmacnia umi\u0119dzynarodowienie bada\u0144, rozw\u00f3j innowacyjnych metod dydaktycznych oraz spo\u0142eczne oddzia\u0142ywanie Uniwersytetu \u015al\u0105skiego.<\/p>\n<\/div>\r\n                    <\/div>\r\n                <\/div>[\/vc_tta_section][vc_tta_section title=&#8221;OFICJALNA STRONA PROGRAMU&#8221; tab_id=&#8221;1770976461973-5efe67e4-c73e&#8221;]\r\n                <div class=\"text-modules\">\r\n                    <div class=\"container\">\r\n                        \r\n                        <div class=\"text-modules__content\"><p><a href=\"http:\/\/www.uniservitate.org\/\">http:\/\/www.uniservitate.org\/<\/a><\/p>\n<\/div>\r\n                    <\/div>\r\n                <\/div>[\/vc_tta_section][vc_tta_section title=&#8221;CLAYSS &#8211; Latin American Center for Service-Learning&#8221; tab_id=&#8221;1770976461982-08b86e77-7769&#8243;]\r\n                <div class=\"text-modules\">\r\n                    <div class=\"container\">\r\n                        \r\n                        <div class=\"text-modules__content\"><p><a href=\"https:\/\/www.clayss.org\/en\/\">CLAYSS-Latin American Center for Service-Learning<\/a><\/p>\n<p>\n<\/div>\r\n                    <\/div>\r\n                <\/div>[\/vc_tta_section][vc_tta_section title=&#8221;SMALL GRANT FOR RESEARCH PROJECT IN SERVICE-LEARNING AND SOLIDARITY (AYSS) IN CATHOLIC HIGHER EDUCATION 2025&#8243; tab_id=&#8221;1770976531347-9517b6d1-2daf&#8221;]\r\n                <div class=\"text-modules\">\r\n                    <div class=\"container\">\r\n                        \r\n                        <div class=\"text-modules__content\"><\/p>\n<ul>\n<li><strong>Czas realizacji \/ Project completion time: <\/strong>1.09.2025 \u2013 31.08.2026 r.<\/li>\n<\/ul>\n<p>&nbsp;<\/p>\n<ul>\n<li><strong>Tytu\u0142 projektu badawczego \/ Title of the research project<\/strong><\/li>\n<\/ul>\n<p style=\"text-align: left;\">Duchowy wymiar Service-Learning w Europie I Ameryce \u0141aci\u0144skiej: analiza antropologiczna, teologiczna i pedagogiczna w \u015bwietle teorii uczestnictwa Karola Wojty\u0142y.<\/p>\n<p style=\"text-align: left;\">The Spiritual Dimension of Service-Learning in Europe and Latin America: An Anthropological, Theological and Pedagogical Analysis in the Light of Karol Wojty\u0142a\u2019s Theory of Participation.<\/p>\n<p>&nbsp;<\/p>\n<ul>\n<li><strong>Tematyczny obszar bada\u0144 \/ Thematic area of study<\/strong><\/li>\n<\/ul>\n<p>Wymiar duchowy Service-Learning (SL) (Zg\u0142\u0119bianie relacji mi\u0119dzy teologi\u0105, duchowo\u015bci\u0105 a service-learning).<\/p>\n<p>Spiritual Dimension of Service-Learning (SL) (Explore the relationships between theology, spirituality, and service-learning).<\/p>\n<p>&nbsp;<\/p>\n<ul>\n<li><strong>Zesp\u00f3\u0142 badawczy \/ The research team members<\/strong><\/li>\n<\/ul>\n<p>Dr Mariola Kozubek, prof. U\u015a \u2013 kierownik projektu<\/p>\n<p>Ks. dr Dawid Ledwo\u0144, prof. U\u015a \u2013 asystent kierownika<\/p>\n<p>Dr hab. Irena Polewczyk, prof. U\u015a<\/p>\n<p>Dr Katarzyna Trynda, prof. U\u015a<\/p>\n<p>Ks. prof. dr hab. Pavol Danc\u00e1k, Uniwersytet w Preszowie (S\u0142owacja)<\/p>\n<\/div>\r\n                    <\/div>\r\n                <\/div>[\/vc_tta_section][vc_tta_section title=&#8221;KONFERENCJE, SYMPOZJA, WYK\u0141ADY&#8221; tab_id=&#8221;1770976623042-59b320bf-76fe&#8221;]\r\n                <div class=\"text-modules\">\r\n                    <div class=\"container\">\r\n                        \r\n                        <div class=\"text-modules__content\"><p><strong>6-7 listopada 2025, Catholic University of Eichst\u00e4tt-Ingolstadt (Niemcy):<\/strong><br \/>\nVI Global Symposium Uniservitate: \u201eService-Learning in a Fragile World: Universities Nourishing Peace and Hope&#8221;.<\/p>\n<p><a href=\"https:\/\/www.uniservitate.org\/symposium-uniservitate\/vi-global-symposium-uniservitate\/\">https:\/\/www.uniservitate.org\/symposium-uniservitate\/vi-global-symposium-uniservitate\/<\/a><\/p>\n<p>&nbsp;<\/p>\n<p><strong>8\u201324 sierpnia 2025, Buenos Aires (Argentyna):<\/strong> 22nd International Solidarity Service-Learning Week<\/p>\n<p><a href=\"https:\/\/us.edu.pl\/wydzial\/wtl\/2025\/08\/26\/xxii-miedzynarodowy-tydzien-service-learning-w-buenos-aires\/\">https:\/\/us.edu.pl\/wydzial\/wtl\/2025\/08\/26\/xxii-miedzynarodowy-tydzien-service-learning-w-buenos-aires\/<\/a><\/p>\n<p><a href=\"https:\/\/www.facebook.com\/WTLUS\/posts\/pfbid04LFegaqj3pTQE486ijDtrXNMWbWPAujD7w4JNygPZtmYhDzDR8QhwGaVQ9hh5m5kl\">https:\/\/www.facebook.com\/WTLUS\/posts\/pfbid04LFegaqj3pTQE486ijDtrXNMWbWPAujD7w4JNygPZtmYhDzDR8QhwGaVQ9hh5m5kl<\/a><\/p>\n<p><a href=\"https:\/\/www.facebook.com\/WTLUS\/posts\/pfbid022GmzReG7yqjxqQrMxvgdm6GpcDsy6CXRtFE95o37yjQSQ2eZ7uyMaHHowVEg1ojNl\">https:\/\/www.facebook.com\/WTLUS\/posts\/pfbid022GmzReG7yqjxqQrMxvgdm6GpcDsy6CXRtFE95o37yjQSQ2eZ7uyMaHHowVEg1ojNl<\/a><\/p>\n<p><a href=\"https:\/\/seminario.clayss.org\/wp-content\/uploads\/2025\/05\/ENG_2025_Internacional_Week-1.pdf\" class=\"mtli_attachment mtli_pdf\" class=\"mtli_attachment mtli_pdf\">https:\/\/seminario.clayss.org\/wp-content\/uploads\/2025\/05\/ENG_2025_Internacional_Week-1.pdf<\/a><\/p>\n<p><a href=\"https:\/\/www.clayss.org\/en\/jias\/\">https:\/\/www.clayss.org\/en\/jias\/<\/a><\/p>\n<p>&nbsp;<\/p>\n<p><strong>11 grudnia 2024 (wyk\u0142ad online):<\/strong> Dr Irene Culcasi (LUMSA): \u201eService-Learning: A Bridge Between Academic Education and Civic Engagement\u201d.<\/p>\n<p><a href=\"https:\/\/www.facebook.com\/WTLUS\/posts\/pfbid0DL4RAAbzdr2B1nke6Uc71mf9ory2Yk8zaWUTkvGWeXgKJSH7LwVHrxZgXoxaxU2Ml\">https:\/\/www.facebook.com\/WTLUS\/posts\/pfbid0DL4RAAbzdr2B1nke6Uc71mf9ory2Yk8zaWUTkvGWeXgKJSH7LwVHrxZgXoxaxU2Ml<\/a><\/p>\n<p>&nbsp;<\/p>\n<p><strong>7-8 listopada 2024, Rzym (W\u0142ochy):<\/strong> V Global Symposium Uniservitate:<\/p>\n<p><a href=\"https:\/\/us.edu.pl\/instytut\/int\/2024\/11\/12\/v-globalne-sympozjum-uniservitate-na-uniwersytecie-lumsa-w-rzymie\/\">https:\/\/us.edu.pl\/instytut\/int\/2024\/11\/12\/v-globalne-sympozjum-uniservitate-na-uniwersytecie-lumsa-w-rzymie\/<\/a><\/p>\n<p><a href=\"https:\/\/www.facebook.com\/WTLUS\/posts\/pfbid02YuQXteHkhQ4b7ViA1exhizmSezLFaqSEAw9hVARsGLRq3c44hEhEZAAmsr3nvVwpl\">https:\/\/www.facebook.com\/WTLUS\/posts\/pfbid02YuQXteHkhQ4b7ViA1exhizmSezLFaqSEAw9hVARsGLRq3c44hEhEZAAmsr3nvVwpl<\/a><\/p>\n<p><a href=\"https:\/\/www.facebook.com\/WTLUS\/posts\/pfbid026JGUrwtGqJYyg53G3ELZPoDPWjeD9e6HrF2pnPBb3FV6X1Tkw6yvLCS9cV5mAJp7l\">https:\/\/www.facebook.com\/WTLUS\/posts\/pfbid026JGUrwtGqJYyg53G3ELZPoDPWjeD9e6HrF2pnPBb3FV6X1Tkw6yvLCS9cV5mAJp7l<\/a><\/p>\n<p><a href=\"https:\/\/www.uniservitate.org\/symposium-uniservitate\/v-global-symposium-uniservitate\/\">https:\/\/www.uniservitate.org\/symposium-uniservitate\/v-global-symposium-uniservitate\/<\/a><\/p>\n<p><a href=\"https:\/\/www.facebook.com\/uniservitate\">https:\/\/www.facebook.com\/uniservitate<\/a><\/p>\n<\/div>\r\n                    <\/div>\r\n                <\/div>[\/vc_tta_section][vc_tta_section title=&#8221;NEWSLETTER&#8221; tab_id=&#8221;1770976654814-2ca0c159-d5e0&#8243;]\r\n                <div class=\"text-modules\">\r\n                    <div class=\"container\">\r\n                        \r\n                        <div class=\"text-modules__content\"><p><strong>2025<\/strong><\/p>\n<ul>\n<li><a href=\"https:\/\/us.edu.pl\/instytut\/int\/wp-content\/uploads\/sites\/47\/Bez-kategorii\/CEEME-Hub-Newsletter2.pdf\" class=\"mtli_attachment mtli_pdf\" data-mtli=\"mtli_filesize8,31MB\" class=\"mtli_attachment mtli_pdf\" data-mtli=\"mtli_filesize8,31MB\">2nd EDITION<\/a><\/li>\n<li><a href=\"https:\/\/us.edu.pl\/instytut\/int\/wp-content\/uploads\/sites\/47\/Bez-kategorii\/CEEME-Hub-Newsletter1-1.pdf\" class=\"mtli_attachment mtli_pdf\" data-mtli=\"mtli_filesize10,09MB\" class=\"mtli_attachment mtli_pdf\" data-mtli=\"mtli_filesize10,09MB\">1st EDITION<\/a><\/li>\n<\/ul>\n<p><strong>2024<\/strong><\/p>\n<ul>\n<li><a href=\"https:\/\/membresias.uniservitate.org\/en\/uniservitate-newsletter-0\/\"><strong>https:\/\/membresias.uniservitate.org\/en\/uniservitate-newsletter-0\/<\/strong><\/a><\/li>\n<\/ul>\n<p>\n<style type=\"text\/css\">a[data-mtli~=\"mtli_filesize8,31MB\"]:after {content:\" (8,31 MB)\"}a[data-mtli~=\"mtli_filesize10,09MB\"]:after {content:\" (10,09 MB)\"}<\/style><\/div>\r\n                    <\/div>\r\n                <\/div>[\/vc_tta_section][vc_tta_section title=&#8221;LITERATURA&#8221; tab_id=&#8221;1770977291300-61eaf024-17f2&#8243;]\r\n                <div class=\"text-modules\">\r\n                    <div class=\"container\">\r\n                        \r\n                        <div class=\"text-modules__content\"><p>Kozubek, M.T., Ledwo\u0144, D., Polewczyk, I. (2025). The e-SL4EU Project: Digital Service-Learning for Inclusive Higher Education, w: VII JIAS Jornada de Investigadores sobre Aprendizaje-Servicio, CLAYSS Centro Latinoamericano de Aprendizaje y Servicio Solidario, s. 254-265.<\/p>\n<p><a href=\"https:\/\/www.clayss.org\/wp-content\/uploads\/2026\/01\/ACTAS_VII_JIAS_2025-1.pdf\" class=\"mtli_attachment mtli_pdf\" class=\"mtli_attachment mtli_pdf\">https:\/\/www.clayss.org\/wp-content\/uploads\/2026\/01\/ACTAS_VII_JIAS_2025-1.pdf<\/a><\/p>\n<p>&nbsp;<\/p>\n<p>Ecler-Noco\u0144, B., Kozubek, M.T., Cinque M. (2024): Service-Learning in the Context of Karol Wojty\u0142a\u2019s Theory of Participation, Multidisciplinary Journal of School Education, 13: 45\u201367. <a href=\"https:\/\/czasopisma.ignatianum.edu.pl\/jpe\/article\/view\/2725\">https:\/\/czasopisma.ignatianum.edu.pl\/jpe\/article\/view\/2725<\/a><\/p>\n<p>&nbsp;<\/p>\n<p>Biela, A., Kornas-Biela, D., Kozubek, M.T., Wuwer, A. (2021): St. John Paul II and Solidarity. From Personal Experience to Testimony of Service, w: Service-Learning Pedagogy and the Teachings of the Catholic Church, red. J.A. Blanco, s. 23\u201348. Buenos Aires: CLAYSS\u2013PORTICUS.<\/p>\n<p><a href=\"https:\/\/uniservitate.org\/resources\/02_ENG\/2.3-Service-learning-pedagogy-ENG.pdf\" class=\"mtli_attachment mtli_pdf\" class=\"mtli_attachment mtli_pdf\">https:\/\/uniservitate.org\/resources\/02_ENG\/2.3-Service-learning-pedagogy-ENG.pdf<\/a><\/p>\n<p>&nbsp;<\/p>\n<p>Kozubek, M.T., Biela, A., Kornas-Biela, D., Wuwer, A. (2021): San Juan Pablo II y la solidaridad. De la experiencia personal al testimonio del servicio, w: La pedagog\u00eda del aprendizaje-servicio y las ense\u00f1anzas de la Iglesia Cat\u00f3lica, red. A. Peregalli, M.B. Isola, s. 23\u201349. Buenos Aires: CLAYSS-PORTICUS.<\/p>\n<p><a href=\"https:\/\/publicaciones.uniservitate.org\/claves\/2.3%20Pedagog%C3%ADa%20del%20Aprendizaje-servicio%20-%20ESP.pdf\" class=\"mtli_attachment mtli_pdf\" class=\"mtli_attachment mtli_pdf\">https:\/\/publicaciones.uniservitate.org\/claves\/2.3%20Pedagog%C3%ADa%20del%20Aprendizaje-servicio%20-%20ESP.pdf<\/a><\/p>\n<\/div>\r\n                    <\/div>\r\n                <\/div>[\/vc_tta_section][\/vc_tta_tabs][\/vc_column][\/vc_row][vc_row][vc_column][\/vc_column][\/vc_row]<\/p>\n<style type=\"text\/css\">a[data-mtli~=\"mtli_filesize8,31MB\"]:after {content:\" (8,31 MB)\"}a[data-mtli~=\"mtli_filesize10,09MB\"]:after {content:\" (10,09 MB)\"}<\/style>","protected":false},"excerpt":{"rendered":"<p>[vc_row][vc_column][\/vc_column][\/vc_row][vc_row][vc_column][vc_tta_tabs color=&#8221;mulled-wine&#8221; active_section=&#8221;1&#8243;][vc_tta_section title=&#8221;SZCZEG\u00d3\u0141Y PROGRAMU&#8221; tab_id=&#8221;1770989924015-2c4ae502-a37d&#8221;][\/vc_tta_section][vc_tta_section title=&#8221;OFICJALNA STRONA PROGRAMU&#8221; tab_id=&#8221;1770976461973-5efe67e4-c73e&#8221;][\/vc_tta_section][vc_tta_section title=&#8221;CLAYSS &#8211; Latin American Center for Service-Learning&#8221; tab_id=&#8221;1770976461982-08b86e77-7769&#8243;][\/vc_tta_section][vc_tta_section title=&#8221;SMALL GRANT FOR RESEARCH PROJECT IN SERVICE-LEARNING AND SOLIDARITY (AYSS) IN CATHOLIC HIGHER EDUCATION 2025&#8243; tab_id=&#8221;1770976531347-9517b6d1-2daf&#8221;][\/vc_tta_section][vc_tta_section title=&#8221;KONFERENCJE, SYMPOZJA, WYK\u0141ADY&#8221; tab_id=&#8221;1770976623042-59b320bf-76fe&#8221;][\/vc_tta_section][vc_tta_section title=&#8221;NEWSLETTER&#8221; tab_id=&#8221;1770976654814-2ca0c159-d5e0&#8243;][\/vc_tta_section][vc_tta_section title=&#8221;LITERATURA&#8221; tab_id=&#8221;1770977291300-61eaf024-17f2&#8243;][\/vc_tta_section][\/vc_tta_tabs][\/vc_column][\/vc_row][vc_row][vc_column][\/vc_column][\/vc_row] [&#8230;]<\/p>\n<p><a class=\"btn btn-secondary understrap-read-more-link\" href=\"https:\/\/us.edu.pl\/instytut\/int\/uniservitate\/\">Read More&#8230;<\/a><\/p>\n","protected":false},"author":2477,"featured_media":0,"parent":0,"menu_order":0,"comment_status":"closed","ping_status":"closed","template":"page-templates\/page-with-sidebar.php","meta":{"_expiration-date-status":"","_expiration-date":0,"_expiration-date-type":"","_expiration-date-categories":[],"_expiration-date-options":[]},"acf":[],"_links":{"self":[{"href":"https:\/\/us.edu.pl\/instytut\/int\/wp-json\/wp\/v2\/pages\/4351"}],"collection":[{"href":"https:\/\/us.edu.pl\/instytut\/int\/wp-json\/wp\/v2\/pages"}],"about":[{"href":"https:\/\/us.edu.pl\/instytut\/int\/wp-json\/wp\/v2\/types\/page"}],"author":[{"embeddable":true,"href":"https:\/\/us.edu.pl\/instytut\/int\/wp-json\/wp\/v2\/users\/2477"}],"replies":[{"embeddable":true,"href":"https:\/\/us.edu.pl\/instytut\/int\/wp-json\/wp\/v2\/comments?post=4351"}],"version-history":[{"count":10,"href":"https:\/\/us.edu.pl\/instytut\/int\/wp-json\/wp\/v2\/pages\/4351\/revisions"}],"predecessor-version":[{"id":4552,"href":"https:\/\/us.edu.pl\/instytut\/int\/wp-json\/wp\/v2\/pages\/4351\/revisions\/4552"}],"wp:attachment":[{"href":"https:\/\/us.edu.pl\/instytut\/int\/wp-json\/wp\/v2\/media?parent=4351"}],"curies":[{"name":"wp","href":"https:\/\/api.w.org\/{rel}","templated":true}]}}