{"id":568,"date":"2020-06-02T15:33:22","date_gmt":"2020-06-02T13:33:22","guid":{"rendered":"https:\/\/us.edu.pl\/instytut\/int\/?page_id=568"},"modified":"2020-06-19T18:16:00","modified_gmt":"2020-06-19T16:16:00","slug":"test_wojtek","status":"publish","type":"page","link":"https:\/\/us.edu.pl\/instytut\/int\/test_wojtek\/","title":{"rendered":"Strona do test\u00f3w"},"content":{"rendered":"<p>[vc_row][vc_column width=&#8221;2\/3&#8243;][vc_column_text]W ramach instytutu Nauk Teologicznych prace badawcze prowadzi kilkana\u015bcie zespo\u0142\u00f3w zajmuj\u0105cych si\u0119 r\u00f3\u017cnorodn\u0105 tematyk\u0105 teologiczn\u0105. Poni\u017cej prezentujemy podejmowane przez nie tematy badawcze, cz\u0142onk\u00f3w zespo\u0142\u00f3w, plany naukowe oraz efekty ich pracy.[\/vc_column_text][\/vc_column][vc_column width=&#8221;1\/3&#8243;]\r\n                <div class='sidebar_moduls sidebar_one_header' style='color:#FFFFFF;background-color: #002E5A'>\r\n                    <a href='https:\/\/us.edu.pl\/instytut\/int\/projekty-indywidualne\/' class='link'>Badania indywidualne<\/a>\r\n                <\/div>[\/vc_column][\/vc_row][vc_row][vc_column]\r\n                <div class=\"links-with-image-section\">\r\n                    <div class=\"container\">\r\n                        \r\n                        <div class=\"links-with-image-section section-top\">\r\n                            <h2 class=\"section-title\">Rekrutacja 2020\/2021<\/h2>\r\n                        <\/div>\r\n                        <div class=\"row\">\r\n                            <div class=\"col-xs-12 col-sm-12 col-md-4 image-block no-gutter\">\r\n                                \r\n                                <img src=\"https:\/\/us.edu.pl\/instytut\/int\/wp-content\/uploads\/sites\/47\/2020\/06\/Habilitant1.jpg\" alt=\"\">\r\n                                \r\n                                \r\n                    <div class=\"image-block-caption\">\r\n                        <span>Zasady rekrutacji etc.<\/span>\r\n                    <\/div>\r\n                \r\n                                \r\n                            <\/div>\r\n                            <div class=\"col-xs-12 col-sm-12 col-md-4 center-block no-gutter\">\r\n                                       \r\n                                <br>\r\n                                \r\n                            <\/div>\r\n                            <div class=\"col-xs-12 col-sm-12 col-md-4 right-block\">\r\n                                <div class=\"right-block-content align-self-center\">\r\n                                    <div class=\"inner_block_content\">\r\n                                        <h3>Kandydat WTl<\/h3>      \r\n                                        <br\/><span>po\u0142\u0105czenie z platform\u0105 kandydata<\/span>      \r\n                                    <\/div>\r\n                                <\/div>\r\n                            <\/div>\r\n                        <\/div>\r\n                    <\/div>\r\n                <\/div>\r\n            [\/vc_column][\/vc_row]<\/p>","protected":false},"excerpt":{"rendered":"<p>[vc_row][vc_column width=&#8221;2\/3&#8243;][vc_column_text]W ramach instytutu Nauk Teologicznych prace badawcze prowadzi kilkana\u015bcie zespo\u0142\u00f3w zajmuj\u0105cych si\u0119 r\u00f3\u017cnorodn\u0105 tematyk\u0105 teologiczn\u0105. Poni\u017cej prezentujemy podejmowane przez nie tematy badawcze, cz\u0142onk\u00f3w zespo\u0142\u00f3w, plany naukowe oraz efekty ich pracy.[\/vc_column_text][\/vc_column][vc_column width=&#8221;1\/3&#8243;][\/vc_column][\/vc_row][vc_row][vc_column][\/vc_column][\/vc_row] [&#8230;]<\/p>\n<p><a class=\"btn btn-secondary understrap-read-more-link\" href=\"https:\/\/us.edu.pl\/instytut\/int\/test_wojtek\/\">Read More&#8230;<\/a><\/p>\n","protected":false},"author":117,"featured_media":0,"parent":0,"menu_order":0,"comment_status":"closed","ping_status":"closed","template":"page-templates\/page-with-bookmarks.php","meta":{"_expiration-date-status":"saved","_expiration-date":0,"_expiration-date-type":"","_expiration-date-categories":[],"_expiration-date-options":[]},"acf":[],"_links":{"self":[{"href":"https:\/\/us.edu.pl\/instytut\/int\/wp-json\/wp\/v2\/pages\/568"}],"collection":[{"href":"https:\/\/us.edu.pl\/instytut\/int\/wp-json\/wp\/v2\/pages"}],"about":[{"href":"https:\/\/us.edu.pl\/instytut\/int\/wp-json\/wp\/v2\/types\/page"}],"author":[{"embeddable":true,"href":"https:\/\/us.edu.pl\/instytut\/int\/wp-json\/wp\/v2\/users\/117"}],"replies":[{"embeddable":true,"href":"https:\/\/us.edu.pl\/instytut\/int\/wp-json\/wp\/v2\/comments?post=568"}],"version-history":[{"count":11,"href":"https:\/\/us.edu.pl\/instytut\/int\/wp-json\/wp\/v2\/pages\/568\/revisions"}],"predecessor-version":[{"id":667,"href":"https:\/\/us.edu.pl\/instytut\/int\/wp-json\/wp\/v2\/pages\/568\/revisions\/667"}],"wp:attachment":[{"href":"https:\/\/us.edu.pl\/instytut\/int\/wp-json\/wp\/v2\/media?parent=568"}],"curies":[{"name":"wp","href":"https:\/\/api.w.org\/{rel}","templated":true}]}}