{"id":880,"date":"2021-03-11T13:20:15","date_gmt":"2021-03-11T12:20:15","guid":{"rendered":"https:\/\/us.edu.pl\/instytut\/int\/?page_id=880"},"modified":"2026-01-29T10:07:55","modified_gmt":"2026-01-29T09:07:55","slug":"projekty-zespolowe-zakonczone","status":"publish","type":"page","link":"https:\/\/us.edu.pl\/instytut\/int\/projekty-badawcze\/projekty-zespolowe-zakonczone\/","title":{"rendered":"Projekty zespo\u0142owe (zako\u0144czone)"},"content":{"rendered":"<p>[vc_row][vc_column]\r\n                <div class=\"text-modules\">\r\n                    <div class=\"container\">\r\n                        <h3 class=\"page-title text__title\">Zespo\u0142y badawcze (zako\u0144czone)<\/h3>\r\n                        <div class=\"text-modules__content\"><p>W ramach instytutu Nauk Teologicznych prace badawcze prowadz\u0105 zespo\u0142y zajmuj\u0105ce si\u0119 r\u00f3\u017cnorodn\u0105 tematyk\u0105 teologiczn\u0105. Poni\u017cej prezentujemy tematy badawcze, kt\u00f3rych realizowane by\u0142y w latach ubieg\u0142ych.<\/p>\n<\/div>\r\n                    <\/div>\r\n                <\/div>[\/vc_column][\/vc_row][vc_row][vc_column][\/vc_column][\/vc_row]<\/p>","protected":false},"excerpt":{"rendered":"<p>[vc_row][vc_column][\/vc_column][\/vc_row][vc_row][vc_column][\/vc_column][\/vc_row] [&#8230;]<\/p>\n<p><a class=\"btn btn-secondary understrap-read-more-link\" href=\"https:\/\/us.edu.pl\/instytut\/int\/projekty-badawcze\/projekty-zespolowe-zakonczone\/\">Read More&#8230;<\/a><\/p>\n","protected":false},"author":120,"featured_media":0,"parent":135,"menu_order":4,"comment_status":"closed","ping_status":"closed","template":"page-templates\/inner-page-with-bookmarks.php","meta":{"_expiration-date-status":"","_expiration-date":0,"_expiration-date-type":"","_expiration-date-categories":[],"_expiration-date-options":[]},"acf":[],"_links":{"self":[{"href":"https:\/\/us.edu.pl\/instytut\/int\/wp-json\/wp\/v2\/pages\/880"}],"collection":[{"href":"https:\/\/us.edu.pl\/instytut\/int\/wp-json\/wp\/v2\/pages"}],"about":[{"href":"https:\/\/us.edu.pl\/instytut\/int\/wp-json\/wp\/v2\/types\/page"}],"author":[{"embeddable":true,"href":"https:\/\/us.edu.pl\/instytut\/int\/wp-json\/wp\/v2\/users\/120"}],"replies":[{"embeddable":true,"href":"https:\/\/us.edu.pl\/instytut\/int\/wp-json\/wp\/v2\/comments?post=880"}],"version-history":[{"count":10,"href":"https:\/\/us.edu.pl\/instytut\/int\/wp-json\/wp\/v2\/pages\/880\/revisions"}],"predecessor-version":[{"id":4197,"href":"https:\/\/us.edu.pl\/instytut\/int\/wp-json\/wp\/v2\/pages\/880\/revisions\/4197"}],"up":[{"embeddable":true,"href":"https:\/\/us.edu.pl\/instytut\/int\/wp-json\/wp\/v2\/pages\/135"}],"wp:attachment":[{"href":"https:\/\/us.edu.pl\/instytut\/int\/wp-json\/wp\/v2\/media?parent=880"}],"curies":[{"name":"wp","href":"https:\/\/api.w.org\/{rel}","templated":true}]}}