{"id":10187,"date":"2025-06-02T16:31:23","date_gmt":"2025-06-02T14:31:23","guid":{"rendered":"https:\/\/us.edu.pl\/instytut\/ip\/?page_id=10187"},"modified":"2025-06-02T16:31:23","modified_gmt":"2025-06-02T14:31:23","slug":"publikacje-2019","status":"publish","type":"page","link":"https:\/\/us.edu.pl\/instytut\/ip\/nauka\/publikacje-2\/artykuly-w-czasopismach\/publikacje-2019\/","title":{"rendered":"Publikacje 2019"},"content":{"rendered":"<p>[vc_row][vc_column]\r\n                <div class=\"text-modules\">\r\n                    <div class=\"container\">\r\n                        \r\n                        <div class=\"text-modules__content\"><\/p>\n<ol>\n<li style=\"text-align: justify;\"><span style=\"font-size: 14pt;\">Bia\u0142ek M.,\u00a0 Paruzel-Czachura M.,\u00a0 Gawronski B.:\u00a0 Foreign language effects on moral dilemma judgments: An analysis using the CNI model, Journal of Experimental Social Psychology, vol. 85, 2019, s.\u00a01-8, DOI:10.1016\/j.jesp.2019.103855, 140 punkt\u00f3w<\/span><\/li>\n<li style=\"text-align: justify;\"><span style=\"font-size: 14pt;\">Potm\u011b\u0161ilov\u00e1 P.,\u00a0 Potmesil M.:\u00a0 Cultural differences in creative reactions to an ambiguous stimulus, Creativity Studies, Taylor &amp; Francis, vol. 12, nr 1, 2019, s.\u00a0119-130, DOI:10.3846\/cs.2019.718, 100 punkt\u00f3w<\/span><\/li>\n<li style=\"text-align: justify;\"><span style=\"font-size: 14pt;\">Chudzicka-Czupa\u0142a A.,\u00a0 Stasi\u0142a-Sieradzka M.,\u00a0 Rachwaniec-Szczeci\u0144ska \u017b.,\u00a0 Grabowski D.:\u00a0 The severity of work-related stress and an assessment of the areas of worklife in the service sector, International Journal of Occupational Medicine and Environmental Health, nr 4, 2019, s.\u00a0569-584, DOI:10.13075\/ijomeh.1896.1406, 100 punkt\u00f3w<\/span><\/li>\n<li style=\"text-align: justify;\"><span style=\"font-size: 14pt;\">Kocur D.,\u00a0 Kwiatkowska S.:\u00a0 Poczucie i potrzeba w\u0142adzy u pacjent\u00f3w cierpi\u0105cych na schizofreni\u0119, Psychiatria Polska, Komitet Redakcyjno Wydawniczy PTP, nr 1, 2019, s.\u00a0105-115, DOI:10.12740\/PP\/80146, 100 punkt\u00f3w<\/span><\/li>\n<li style=\"text-align: justify;\"><span style=\"font-size: 14pt;\">Pilch I.,\u00a0 Smolorz K.:\u00a0 The Dark Triad and the quality of sexual life, Personality and Individual Differences, vol. 149, 2019, s.\u00a078-82, DOI:10.1016\/j.paid.2019.05.041, 100 punkt\u00f3w<\/span><\/li>\n<li style=\"text-align: justify;\"><span style=\"font-size: 14pt;\">Sitko-Dominik M.:\u00a0 Generational Membership and the Intensity of Social Media use Among Young Adults, New Educational Review, nr 4, 2019, s.\u00a0122-132, DOI:10.15804\/tner.2019.58.4.09, 100 punkt\u00f3w<\/span><\/li>\n<li style=\"text-align: justify;\"><span style=\"font-size: 14pt;\">Jakubowski T.:\u00a0 Transseksualizm czy zaburzenia psychotyczne? Opis przypadku, Psychiatria Polska, 2019, s.\u00a01-13, DOI:10.12740\/PP\/OnlineFirst\/112442, 100 punkt\u00f3w<\/span><\/li>\n<li style=\"text-align: justify;\"><span style=\"font-size: 14pt;\">Gramaglia C.,\u00a0 Gambaro E.,\u00a0 Delicato C.,\u00a0 Marchetti M.,\u00a0 Sarchiapone M.,\u00a0 Ferrante D.,\u00a0 Roncero M.,\u00a0 Perpi\u00f1\u00e1 C.,\u00a0 Brytek-Matera A.,\u00a0 Wojtyna E.:\u00a0 Orthorexia nervosa, eating patterns and personality traits : a cross-cultural comparison of Italian, Polish and Spanish university students, BMC Psychiatry, vol. 19, nr 235, 2019, s.\u00a01-11, DOI:10.1186\/s12888-019-2208-2, \u0142\u0105czna liczba autor\u00f3w:\u00a0 <em>11<\/em> , 100 punkt\u00f3w<\/span><\/li>\n<li style=\"text-align: justify;\"><span style=\"font-size: 14pt;\">So\u0142tysik M.,\u00a0 Flakus M.,\u00a0 Pudlo R.:\u00a0 Charakterystyka osobowo\u015bci wspinaczy wysokog\u00f3rskich &#8211; przegl\u0105d literatury, Psychiatria Polska, nr 6, 2019, s.\u00a01397-1411, DOI:10.12740\/PP\/99144, 100 punkt\u00f3w<\/span><\/li>\n<li style=\"text-align: justify;\"><span style=\"font-size: 14pt;\">Brandt-Salmeri A.,\u00a0 Ilska M.,\u00a0 Ko\u0142odziej-Zaleska A.:\u00a0 Body image in women with breast cancer undergoing surgical treatment : a comparative analysis, Zeszyty Naukowe Politechniki \u015al\u0105skiej. Organizacja i Zarz\u0105dzanie, Wydawnictwo Politechniki \u015al\u0105skiej, vol. 141, 2019, s.\u00a07-24, DOI:10.29119\/1641-3466.2019.141.1, 70 punkt\u00f3w<\/span><\/li>\n<li style=\"text-align: justify;\"><span style=\"font-size: 14pt;\">Wieteska A.,\u00a0 Kucharewicz J.:\u00a0 Aspiration for contemporary standards of physical attractiveness by adolescent boys : psychosocial and health contexts, Zeszyty Naukowe Politechniki \u015al\u0105skiej. Organizacja i Zarz\u0105dzanie, Wydawnictwo Politechniki \u015al\u0105skiej, vol. 141, 2019, s.\u00a0421-428, DOI:10.29119\/1641-3466.2019.141.32, 70 punkt\u00f3w<\/span><\/li>\n<li style=\"text-align: justify;\"><span style=\"font-size: 14pt;\">Sanecka E.:\u00a0 Procrastination in Blended Learning The Role of General Self-efficacy, and Active and Passive Procrastination, International Journal of Research in E-learning, vol. 5, nr 2, 2019, s.\u00a049-65, DOI:10.31261\/IJREL.2019.5.2.04, 70 punkt\u00f3w<\/span><\/li>\n<li style=\"text-align: justify;\"><span style=\"font-size: 14pt;\">Brandt-Salmeri A.,\u00a0 Ilska M.,\u00a0 Ko\u0142odziej-Zaleska A.:\u00a0 Assessment of obstetrician-patient relationship and stress levels experienced by women in healthy pregnancy and pregnancy complicated by maternal or fetal factors, Zeszyty Naukowe Politechniki \u015al\u0105skiej. Organizacja i Zarz\u0105dzanie, Wydawnictwo Politechniki \u015al\u0105skiej, vol. 141, 2019, s.\u00a0115-132, DOI:10.29119\/1641-3466.2019.141.9, 70 punkt\u00f3w<\/span><\/li>\n<li style=\"text-align: justify;\"><span style=\"font-size: 14pt;\">Stasi\u0142a-Sieradzka M.,\u00a0 Turska E.:\u00a0 Poczucie zagro\u017cenia a stres : mediuj\u0105ca rola wi\u0119zi spo\u0142ecznych w miejscu pracy na przyk\u0142adzie zawodu ratownika g\u00f3rniczego, Medycyna Pracy, nr 3, 2019, s.\u00a0295-304, DOI:10.13075\/mp.5893.00779, 70 punkt\u00f3w<\/span><\/li>\n<li style=\"text-align: justify;\"><span style=\"font-size: 14pt;\">Ko\u0142odziej-Zaleska A.,\u00a0 Brandt-Salmeri A.,\u00a0 Ilska M.:\u00a0 The crisis of divorce and the nature of the experienced life changes, Zeszyty Naukowe Politechniki \u015al\u0105skiej. Organizacja i Zarz\u0105dzanie, Wydawnictwo Politechniki \u015al\u0105skiej, vol. 141, 2019, s.\u00a0183-199, DOI:10.29119\/1641-3466.2019.141.14, 70 punkt\u00f3w<\/span><\/li>\n<li style=\"text-align: justify;\"><span style=\"font-size: 14pt;\">Friedrich W.:\u00a0 Zakres bada\u0144 psychologicznych przeprowadzonych w zwi\u0105zku z przes\u0142uchaniem w trybie art. 185a-185c k.p.k na tle uwag og\u00f3lnych dotycz\u0105cych przes\u0142uchania \u015bwiadk\u00f3w, Przegl\u0105d S\u0105dowy, nr 5, 2019, s.\u00a057-72, 70 punkt\u00f3w<\/span><\/li>\n<li style=\"text-align: justify;\"><span style=\"font-size: 14pt;\">Mandal E.,\u00a0 Kocur D.:\u00a0 Possession and subordination to power in professional relations vs power in close sexual relations, Polish Psychological Bulletin, De Gruyter Open, for Committee for Psychological Sciences of Polish Academy of Sciences, vol. 50, nr 4, 2019, s.\u00a0326-333, DOI:10.24425\/ppb.2019.131005, 70 punkt\u00f3w<\/span><\/li>\n<li style=\"text-align: justify;\"><span style=\"font-size: 14pt;\">Buszman K.:\u00a0 Social support in a changing world : the importance of online support groups for people suffering from eating disorders, Zeszyty Naukowe Politechniki \u015al\u0105skiej. Organizacja i Zarz\u0105dzanie, Wydawnictwo Politechniki \u015al\u0105skiej, vol. 141, 2019, s.\u00a033-50, DOI:10.29119\/1641-3466.2019.141.2, 70 punkt\u00f3w<\/span><\/li>\n<li style=\"text-align: justify;\"><span style=\"font-size: 14pt;\">Przyby\u0142a-Basista H.,\u00a0 Szcz\u0119sna A.:\u00a0 Marital Dialogue as a Constructive Response to Dissatisfaction in Marriage and Its Predictors, Zeszyty Naukowe Politechniki \u015al\u0105skiej. Organizacja i Zarz\u0105dzanie, Wydawnictwo Politechniki \u015al\u0105skiej, vol. 141, 2019, s.\u00a0405-419, DOI:10.29119\/1641-3466.2019.141.31, 70 punkt\u00f3w<\/span><\/li>\n<li style=\"text-align: justify;\"><span style=\"font-size: 14pt;\">Grabowski D.,\u00a0 Chudzicka-Czupa\u0142a A.,\u00a0 Chrupa\u0142a-Pniak M.,\u00a0 Rachwaniec-Szczeci\u0144ska \u017b.,\u00a0 Stasi\u0142a-Sieradzka M.,\u00a0 Wojciechowska W.:\u00a0 Etyka pracy i przywi\u0105zanie organizacyjne a wypalenie zawodowe, Medycyna Pracy, vol. 70, nr 3, 2019, s.\u00a0305-316, DOI:10.13075\/mp.5893.00800, 70 punkt\u00f3w<\/span><\/li>\n<li style=\"text-align: justify;\"><span style=\"font-size: 14pt;\">Jaz\u0142owska A.:\u00a0 Parental cooperation between mothers and fathers of children with down syndrome, Zeszyty Naukowe Politechniki \u015al\u0105skiej. Organizacja i Zarz\u0105dzanie, Wydawnictwo Politechniki \u015al\u0105skiej, vol. 141, 2019, s.\u00a0133-146, DOI:10.29119\/1641-3466.2019.141.10, 70 punkt\u00f3w<\/span><\/li>\n<li style=\"text-align: justify;\"><span style=\"font-size: 14pt;\">\u015alebarska K.,\u00a0 Soucek R.,\u00a0 Moser K.:\u00a0 Increasing Proactive Coping Organizational Newcomers: Improving Job Adaptation or Rocking the Boat?, Journal of Career Development, nr 3, 2019, s.\u00a0295-313, DOI:10.1177\/0894845318763947, 70 punkt\u00f3w<\/span><\/li>\n<li style=\"text-align: justify;\"><span style=\"font-size: 14pt;\">Janowski M.,\u00a0 Che\u0142kowska-Zacharewicz M.:\u00a0 What do we actually measure as music-induced emotions?, Roczniki Psychologiczne, vol. 22, nr 4, 2019, s.\u00a0373-403, DOI:10.18290\/rpsych.2019.22.4-5, 70 punkt\u00f3w<\/span><\/li>\n<li style=\"text-align: justify;\"><span style=\"font-size: 14pt;\">Mandal E.,\u00a0 Wierzcho\u0144 A.:\u00a0 Shyness, self-presentation, adonization, and influence tactics in close relationships, Current Issues in Personality Psychology, vol. 7, nr 3, 2019, s.\u00a0189-202, DOI:10.5114\/cipp.2019.88276, 70 punkt\u00f3w<\/span><\/li>\n<li style=\"text-align: justify;\"><span style=\"font-size: 14pt;\">Kucharewicz J.,\u00a0 Wieteska A.:\u00a0 The role of social support in achieving mental well-being for parents of disabled children, Zeszyty Naukowe Politechniki \u015al\u0105skiej. Organizacja i Zarz\u0105dzanie, Wydawnictwo Politechniki \u015al\u0105skiej, vol. 141, 2019, s.\u00a0231-238, DOI:10.29119\/1641-3466.2019.141.17, 70 punkt\u00f3w<\/span><\/li>\n<li style=\"text-align: justify;\"><span style=\"font-size: 14pt;\">G\u00f3rnik-Durose M.:\u00a0 Deconstructing materialism &#8211; towards a better understanding of its connections with well-being, Polish Psychological Bulletin, De Gruyter Open, for Committee for Psychological Sciences of Polish Academy of Sciences, vol. 50, nr 2, 2019, s.\u00a0174-183, DOI:10.24425\/ppb.2019.129450, 70 punkt\u00f3w<\/span><\/li>\n<li style=\"text-align: justify;\"><span style=\"font-size: 14pt;\">Grabowski D.,\u00a0 Chudzicka\u2010Czupa\u0142a A.,\u00a0 Chrupa\u0142a-Pniak M.,\u00a0 Mello A.,\u00a0 Paruzel-Czachura M.:\u00a0 Work ethic and organizational commitment as conditions of unethical pro\u2010organizational behavior: Do engaged workers break the ethical rules?, International Journal of Selection and Assessment, nr 2, 2019, s.\u00a0193-202, DOI:10.1111\/ijsa.12241, 70 punkt\u00f3w<\/span><\/li>\n<li style=\"text-align: justify;\"><span style=\"font-size: 14pt;\">Rode D.,\u00a0 Rode M.,\u00a0 Marganski A.,\u00a0 Januszek M.:\u00a0 The Impact of Physical Abuse &amp; Exposure to Parental IPV on Young Adolescents in Poland: a Clinical Assessment and Comparison of Psychological Outcomes, Journal of Family Violence, 2019, s.\u00a0435-447, DOI:10.1007\/s10896-019-00036-4, 70 punkt\u00f3w<\/span><\/li>\n<li style=\"text-align: justify;\"><span style=\"font-size: 14pt;\">Che\u0142kowska-Zacharewicz M.,\u00a0 Paliga M.:\u00a0 Music emotions and associations in film music listening: The example of leitmotifs from The Lord of the Rings movies, Roczniki Psychologiczne, vol. 22, nr 2, 2019, s.\u00a0151-175, DOI:10.18290\/rpsych.2019.22.2-4, 70 punkt\u00f3w<\/span><\/li>\n<li style=\"text-align: justify;\"><span style=\"font-size: 14pt;\">Potm\u011b\u0161ilov\u00e1 P.,\u00a0 Potmesil M.:\u00a0 The Early Childhood Behavior Questionnaire Very Short Form (ECBQ VSF) and its adaptation to the population of the Czech Republic, Psychiatria i Psychologia Kliniczna, vol. 19, nr 3, 2019, s.\u00a0281-287, DOI:10.15557\/PiPK.2019.0029, 40 punkt\u00f3w<\/span><\/li>\n<li style=\"text-align: justify;\"><span style=\"font-size: 14pt;\">Jach \u0141.:\u00a0 Scjentoteizm pod lup\u0105 : konstrukcja i w\u0142asno\u015bci psychometryczne kwestionariusza do badania aspekt\u00f3w \u015bwiatopogl\u0105du scjentystycznego, Przegl\u0105d Psychologiczny, The Polish Psychological Association, nr 1, 2019, s.\u00a0113-139, 40 punkt\u00f3w<\/span><\/li>\n<li style=\"text-align: justify;\"><span style=\"font-size: 14pt;\">Kornaszewska-Polak M.,\u00a0 Klecka M.,\u00a0 Janas-Kozik M.,\u00a0 Palicka I.:\u00a0 Quality of attachment in adults diagnosed with foetal alcohol syndrome, Psychiatria i Psychologia Kliniczna, vol. 19, nr 2, 2019, s.\u00a0165-176, DOI:10.15557\/PiPK.2019.0017, 40 punkt\u00f3w<\/span><\/li>\n<li style=\"text-align: justify;\"><span style=\"font-size: 14pt;\">G\u00f3rka J.,\u00a0 Grobosz M.,\u00a0 Skorupa A.:\u00a0 Odbi\u00f3r filmowych wizerunk\u00f3w zaburze\u0144 zdrowia psychicznego przez m\u0142odzie\u017c w wieku 11-15 lat, Annales Universitatis Paedagogicae Cracoviensis. Studia de Cultura, Uniwersytet Pedagogiczny im. Komisji Edukacji Narodowej w Krakowie, vol. 11, nr 4, 2019, s.\u00a063-89, DOI:10.24917\/20837275.11.4.5, 40 punkt\u00f3w<\/span><\/li>\n<li style=\"text-align: justify;\"><span style=\"font-size: 14pt;\">Skorupa A.:\u00a0 Bezpiecze\u0144stwo os\u00f3b pracuj\u0105cych w regionach polarnych, Zarz\u0105dzanie Zasobami Ludzkimi, nr 3, 2019, s.\u00a029-42, 40 punkt\u00f3w<\/span><\/li>\n<li style=\"text-align: justify;\"><span style=\"font-size: 14pt;\">Brandt-Salmeri A.,\u00a0 Przyby\u0142a-Basista H.:\u00a0 Depression and marital satisfaction: the mediating role of sexual satisfaction and perceived partner acceptance in women after mastectomy, Health Psychology Report, vol. 7, nr 2, 2019, s.\u00a0121-132, DOI:10.5114\/hpr.2019.84213, 40 punkt\u00f3w<\/span><\/li>\n<li style=\"text-align: justify;\"><span style=\"font-size: 14pt;\">Paruzel-Czachura M.,\u00a0 Konieczniak B.:\u00a0 Psychoterapia Gestalt w Zarz\u0105dzaniu zasobami ludzkimi, Zarz\u0105dzanie Zasobami Ludzkimi, nr 3, 2019, s.\u00a0175-189, 40 punkt\u00f3w<\/span><\/li>\n<li style=\"text-align: justify;\"><span style=\"font-size: 14pt;\">Kocur D.:\u00a0 Wp\u0142yw filmu 50 twarzy Greya na postawy wobec praktyk BDSM oraz zachowania seksualne, Journal of Sexual and Mental Health, Via Medica ; Polskie Towarzystwo Seksuologiczne, vol. 17, nr 1, 2019, s.\u00a016-27, 40 punkt\u00f3w<\/span><\/li>\n<li style=\"text-align: justify;\"><span style=\"font-size: 14pt;\">Paliga M.,\u00a0 Chrupa\u0142a-Pniak M.,\u00a0 Pollak A.:\u00a0 Pr\u0119\u017cno\u015b\u0107 psychiczna i orientacja pozytywna a wydajno\u015b\u0107 pracownik\u00f3w. Rola psychologicznego zespo\u0142owego klimatu bezpiecze\u0144stwa, Zarz\u0105dzanie Zasobami Ludzkimi, nr 3, 2019, s.\u00a0121-138, 40 punkt\u00f3w<\/span><\/li>\n<li style=\"text-align: justify;\"><span style=\"font-size: 14pt;\">Li X.,\u00a0 Potmesil M.:\u00a0 Case study as a functional tool in early intervention, Psychiatria i Psychologia Kliniczna, vol. 19, nr 2, 2019, s.\u00a0232-236, DOI:10.15557\/PiPK.2019.0024, 40 punkt\u00f3w<\/span><\/li>\n<li style=\"text-align: justify;\"><span style=\"font-size: 14pt;\">Dobrowolska M.,\u00a0 Stasi\u0142a-Sieradzka M.,\u00a0 Znajmiecka-Sikora M.:\u00a0 Analiza r\u00f3\u017cnic w postawach wobec bezpiecze\u0144stwa w pracy w kontek\u015bcie postrzeganego dystansu wobec zagro\u017cenia, Zarz\u0105dzanie Zasobami Ludzkimi, nr 3, 2019, s.\u00a087-97, 40 punkt\u00f3w<\/span><\/li>\n<li style=\"text-align: justify;\"><span style=\"font-size: 14pt;\">Dobrowolska M.,\u00a0 Sikora J.:\u00a0 Bezpieczny powr\u00f3t do pracy po urodzeniu dziecka. Rola spostrzeganego wsparcia spo\u0142ecznego, Zarz\u0105dzanie Zasobami Ludzkimi, nr 3, 2019, s.\u00a0139-148, 40 punkt\u00f3w<\/span><\/li>\n<li style=\"text-align: justify;\"><span style=\"font-size: 14pt;\">Chrupa\u0142a-Pniak M.,\u00a0 Pollak A.:\u00a0 Czy zaanga\u017cowani pracownicy zarabiaj\u0105 wi\u0119cej? Moderuj\u0105ca rola wymaga\u0144 pracy w relacji zaanga\u017cowania do wynagrodzenia, Zarz\u0105dzanie Zasobami Ludzkimi, nr 3, 2019, s.\u00a0149-162, 40 punkt\u00f3w<\/span><\/li>\n<li style=\"text-align: justify;\"><span style=\"font-size: 14pt;\">Mandal E.,\u00a0 Moro\u0144 M.:\u00a0 Contingencies of Self-Worth and Global Self-Esteem Among College Women : the Role of Masculine and Feminine Traits Endorsement, Psychologia Spo\u0142eczna, SCHOLAR, vol. 14, nr 3, 2019, s.\u00a01-30, DOI:10.32872\/spb.v14i1.33507, 40 punkt\u00f3w<\/span><\/li>\n<li style=\"text-align: justify;\"><span style=\"font-size: 14pt;\">Kornaszewska-Polak M.:\u00a0 Wsp\u00f3\u0142uzale\u017cnienie matek a wzorce przywi\u0105zania i relacje romantyczne ich c\u00f3rek &#8211; doros\u0142ych dzieci alkoholik\u00f3w: badanie eksploracyjne, Alkoholizm i Narkomania, vol. 32, nr 3, 2019, s.\u00a0153-174, DOI:10.5114\/ain.2019.90999, 40 punkt\u00f3w<\/span><\/li>\n<li style=\"text-align: justify;\"><span style=\"font-size: 14pt;\">Rudnicka P.,\u00a0 Chrupa\u0142a-Pniak M.:\u00a0 Predyktory organizacyjne dodatkowej pracy po godzinach za po\u015brednictwem technologii (TASW), Zarz\u0105dzanie Zasobami Ludzkimi, nr 3-4, 2019, s.\u00a0163-174, 40 punkt\u00f3w<\/span><\/li>\n<li style=\"text-align: justify;\"><span style=\"font-size: 14pt;\">R\u00f3\u017cycka J.:\u00a0 Wyznaczniki wczesnej adaptacji do stwardnienia rozsianego, Polskie Forum Psychologiczne, nr 3, 2019, s.\u00a0334-355, DOI:10.14656\/PFP20190305, 40 punkt\u00f3w<\/span><\/li>\n<li style=\"text-align: justify;\"><span style=\"font-size: 14pt;\">Gregor K.,\u00a0 Bana\u015b E.,\u00a0 Malec M.,\u00a0 Ilska M.,\u00a0 Jagielska A.,\u00a0 Rak K.,\u00a0 Czuba B.,\u00a0 Cnota W.:\u00a0 L\u0119k porodowy &#8211; czynniki ryzyka oraz jego wp\u0142yw na przebieg porodu, po\u0142ogu oraz stan noworodka, Ginekologia i Po\u0142o\u017cnictwo -medical project, Wydawnictwo SALVE, nr 1, 2019, s.\u00a040-44, 20 punkt\u00f3w<\/span><\/li>\n<li style=\"text-align: justify;\"><span style=\"font-size: 14pt;\">Baran L.:\u00a0 Terapia akceptacji i zaanga\u017cowania (ACT) w zaburzeniach l\u0119kowych, Psychiatria po Dyplomie, Medical Tribune Polska Sp. z o.o., nr 1, 2019, s.\u00a040-43, 5 punkt\u00f3w<\/span><\/li>\n<li style=\"text-align: justify;\"><span style=\"font-size: 14pt;\">Jaz\u0142owska A.,\u00a0 Przyby\u0142a-Basista H.:\u00a0 Do\u015bwiadczanie stresu i odnajdywanie pozytywnych aspekt\u00f3w rodzicielstwa w kontek\u015bcie wychowywania dziecka z niepe\u0142nosprawno\u015bci\u0105 intelektualn\u0105, Dziecko krzywdzone. Teoria, badania, praktyka., nr 2, 2019, s.\u00a076-105, 5 punkt\u00f3w<\/span><\/li>\n<li style=\"text-align: justify;\"><span style=\"font-size: 14pt;\">Kocur D.:\u00a0 Polska wersja Skali AMORE s\u0142u\u017c\u0105cej do badania motywacji seksualnych, Czasopismo Psychologiczne, Stowarzyszenie Psychologia i Architektura, nr 1, 2019, s.\u00a079-93, DOI:10.14691\/CPPJ.25.1.79, 5 punkt\u00f3w<\/span><\/li>\n<li style=\"text-align: justify;\"><span style=\"font-size: 14pt;\">At\u0142as K.:\u00a0 Ciemniejsza strona bohaterstwa, Psychologia w Praktyce : zawodowe czasopismo dla psycholog\u00f3w i psychoterapeut\u00f3w, nr 13, 2019, s.\u00a067-72, 5 punkt\u00f3w<\/span><\/li>\n<li style=\"text-align: justify;\"><span style=\"font-size: 14pt;\">Gregor K.,\u00a0 Bana\u015b E.,\u00a0 Malec M.,\u00a0 Ilska M.,\u00a0 Jagielska A.,\u00a0 Rak K.,\u00a0 Czuba B.,\u00a0 Cnota W.:\u00a0 Labor anxiety &#8211; risk factors and impact on the course of labor, puerperium and neonatal condition, Ginekologia i Po\u0142o\u017cnictwo -medical project, Wydawnictwo SALVE, nr 1, 2019, s.\u00a09-13<\/span><\/li>\n<li style=\"text-align: justify;\"><span style=\"font-size: 14pt;\">Jach \u0141.:\u00a0 Po\u017ceracze seriali, Tygodnik Powszechny, Krak\u00f3w, nr 23, 2019, s.\u00a058-60<\/span><\/li>\n<li style=\"text-align: justify;\"><span style=\"font-size: 14pt;\">Ko\u017cusznik B.,\u00a0 Wi\u0119cek-Jakubek K.:\u00a0 Ocena pracownik\u00f3w jako kluczowy proces w polityce kadrowej uczelni, Gazeta Uniwersytecka : Miesi\u0119cznik Uniw. \u015al\u0105skiego w Katowicach = Gazeta U\u015a, vol. Wydanie specjalne, 2019, s.\u00a014-15<\/span><\/li>\n<li style=\"text-align: justify;\"><span style=\"font-size: 14pt;\">Zachurzok A.,\u00a0 Pasztak-Opi\u0142ka A.,\u00a0 Malecka-Tendera E.:\u00a0 Is there the relationship between anxiety and depression level and clinical presentation of polycystic ovary syndrome in adolescent girls? [abstrakt], Hormone Research in Paediatrics, vol. 91, 2019, s.\u00a0192-192<\/span><\/li>\n<li style=\"text-align: justify;\"><span style=\"font-size: 14pt;\">Chrupa\u0142a-Pniak M.,\u00a0 Paliga M.,\u00a0 Smorczewska B.:\u00a0 &#8222;New challenges at work &#8211; innovations in organizational psychology.&#8221; Report of the 3rd Congress of Polish Association of Organizational Psychology. Lublin, May 24-25, 2018 : [sprawozdanie], Przegl\u0105d Psychologiczny, The Polish Psychological Association, nr 2, 2019, s.\u00a0209-213<\/span><\/li>\n<li style=\"text-align: justify;\"><span style=\"font-size: 14pt;\">Mandal E.,\u00a0 Jakubowski T.,\u00a0 Sitko-Dominik M.:\u00a0 II Og\u00f3lnopolska Konferencja Psychologii Kobieco\u015bci i M\u0119sko\u015bci oraz Bliskich Zwi\u0105zk\u00f3w Interpersonalnych: &#8222;Kobiety &#8211; M\u0119\u017cczy\u017ani &#8211; Bliskie relacje: Wczoraj i dzi\u015b&#8221; Uniwersytet \u015al\u0105ski w Katowicach 18-19 pa\u017adziernika 2018 : [sprawozdanie], Przegl\u0105d Psychologiczny, The Polish Psychological Association, nr 2, 2019, s.\u00a0381-384<\/span><\/li>\n<\/ol>\n<p>\n<\/div>\r\n                    <\/div>\r\n                <\/div>[\/vc_column][\/vc_row]<\/p>","protected":false},"excerpt":{"rendered":"<p>[vc_row][vc_column][\/vc_column][\/vc_row] [&#8230;]<\/p>\n<p><a class=\"btn btn-secondary understrap-read-more-link\" href=\"https:\/\/us.edu.pl\/instytut\/ip\/nauka\/publikacje-2\/artykuly-w-czasopismach\/publikacje-2019\/\">Read More&#8230;<\/a><\/p>\n","protected":false},"author":159,"featured_media":0,"parent":879,"menu_order":0,"comment_status":"closed","ping_status":"closed","template":"","meta":{"_expiration-date-status":"","_expiration-date":0,"_expiration-date-type":"","_expiration-date-categories":[],"_expiration-date-options":[]},"acf":[],"_links":{"self":[{"href":"https:\/\/us.edu.pl\/instytut\/ip\/wp-json\/wp\/v2\/pages\/10187"}],"collection":[{"href":"https:\/\/us.edu.pl\/instytut\/ip\/wp-json\/wp\/v2\/pages"}],"about":[{"href":"https:\/\/us.edu.pl\/instytut\/ip\/wp-json\/wp\/v2\/types\/page"}],"author":[{"embeddable":true,"href":"https:\/\/us.edu.pl\/instytut\/ip\/wp-json\/wp\/v2\/users\/159"}],"replies":[{"embeddable":true,"href":"https:\/\/us.edu.pl\/instytut\/ip\/wp-json\/wp\/v2\/comments?post=10187"}],"version-history":[{"count":1,"href":"https:\/\/us.edu.pl\/instytut\/ip\/wp-json\/wp\/v2\/pages\/10187\/revisions"}],"predecessor-version":[{"id":10190,"href":"https:\/\/us.edu.pl\/instytut\/ip\/wp-json\/wp\/v2\/pages\/10187\/revisions\/10190"}],"up":[{"embeddable":true,"href":"https:\/\/us.edu.pl\/instytut\/ip\/wp-json\/wp\/v2\/pages\/879"}],"wp:attachment":[{"href":"https:\/\/us.edu.pl\/instytut\/ip\/wp-json\/wp\/v2\/media?parent=10187"}],"curies":[{"name":"wp","href":"https:\/\/api.w.org\/{rel}","templated":true}]}}