{"id":10191,"date":"2025-06-02T16:37:41","date_gmt":"2025-06-02T14:37:41","guid":{"rendered":"https:\/\/us.edu.pl\/instytut\/ip\/?page_id=10191"},"modified":"2025-06-02T16:37:41","modified_gmt":"2025-06-02T14:37:41","slug":"publikacje-2018","status":"publish","type":"page","link":"https:\/\/us.edu.pl\/instytut\/ip\/nauka\/publikacje-2\/artykuly-w-czasopismach\/publikacje-2018\/","title":{"rendered":"Publikacje 2018"},"content":{"rendered":"<p>[vc_row][vc_column]\r\n                <div class=\"text-modules\">\r\n                    <div class=\"container\">\r\n                        \r\n                        <div class=\"text-modules__content\"><\/p>\n<ol>\n<li style=\"text-align: justify;\"><span style=\"font-size: 14pt;\"><strong>Baran L.,\u00a0<\/strong> <strong>Pilch I.,\u00a0<\/strong> <strong>Bolek-Kochanowska M.,\u00a0<\/strong> <strong>Bo\u017cek M.,\u00a0<\/strong> <strong>Friedrich W.,\u00a0<\/strong> <strong>Hyla M.,\u00a0<\/strong> <strong>Sikora J.:\u00a0<\/strong> Situational suppression use and social hierarchy in non-individualistic and hierarchic society : a replication study, Journal of Research in Personality, vol. 74, 2018, s.\u00a0114-123, DOI:10.1016\/j.jrp.2018.04.005, 35 punkt\u00f3w<\/span><\/li>\n<li style=\"text-align: justify;\"><span style=\"font-size: 14pt;\">Zachurzok A.,\u00a0 <strong>Pasztak-Opi\u0142ka A.,\u00a0<\/strong> Forys-Dworniczak E.,\u00a0 Drosdzol-Cop A.,\u00a0 Gawlik A.,\u00a0 Ma\u0142ecka-Tendera E.:\u00a0 Psychological Gender Features and Social Abilities and in Adolescent Girls &#8211; Influence of Obesity and Hyperandrogenism : [poster], Hormone Research in Paediatrics, vol. 90, nr 1, 2018, s.\u00a0563-564, DOI:10.1159\/000492307, 20 punkt\u00f3w<\/span><\/li>\n<li style=\"text-align: justify;\"><span style=\"font-size: 14pt;\">Zachurzok A.,\u00a0 <strong>Pasztak-Opi\u0142ka A.,\u00a0<\/strong> Forys-Dworniczak E.,\u00a0 Drosdzol-Cop A.,\u00a0 Gawlik A.,\u00a0 Malecka-Tendera E.:\u00a0 Are Psychosocial Consequences of Obesity and Hyperandrogenism Present in Adolescent Girls with Polycystic Ovary Syndrome?, International Journal of Endocrinology, vol. 2018, 2018, s.\u00a01-10, DOI:10.1155\/2018\/3269618, 20 punkt\u00f3w<\/span><\/li>\n<li style=\"text-align: justify;\"><span style=\"font-size: 14pt;\"><strong>Stasi\u0142a-Sieradzka M.,\u00a0<\/strong> <strong>Chudzicka-Czupa\u0142a A.,\u00a0<\/strong> <strong>Grabowski D.,\u00a0<\/strong> <strong>Dobrowolska M.:\u00a0<\/strong> Ocena \u015brodowiska pracy i poczucie zagro\u017cenia a nasilenie stresu w pracy wysokiego ryzyka &#8211; propozycja interwencji organizacyjnej, Medycyna Pracy, nr 1, 2018, s.\u00a045-58, DOI:10.13075\/mp.5893.00640, 15 punkt\u00f3w<\/span><\/li>\n<li style=\"text-align: justify;\"><span style=\"font-size: 14pt;\"><strong>Ko\u017cusznik B.,\u00a0<\/strong> <strong>Paliga M.,\u00a0<\/strong> <strong>Smorczewska B.,\u00a0<\/strong> <strong>Grabowski D.,\u00a0<\/strong> Ko\u017cusznik M.:\u00a0 Development and validation of the team influence relations scale (TIReS): Beyond the measurement of individual influence in teams, Baltic Journal of Management, vol. 13, nr 1, 2018, s.\u00a084-103, DOI:10.1108\/BJM-01-2017-0023, 15 punkt\u00f3w<\/span><\/li>\n<li style=\"text-align: justify;\"><span style=\"font-size: 14pt;\"><strong>Moro\u0144 M.,\u00a0<\/strong> <strong>Skop K.,\u00a0<\/strong> Doktor A.:\u00a0 Acknowledging feelings to enhance prosociality : emotional awareness and prosocial behaviors in adolescence, New Educational Review, nr 1, 2018, s.\u00a0269-280, DOI:10.15804\/tner.2017.50.4.22, 15 punkt\u00f3w<\/span><\/li>\n<li style=\"text-align: justify;\"><span style=\"font-size: 14pt;\"><strong>Chudzicka-Czupa\u0142a A.,\u00a0<\/strong> <strong>Stasi\u0142a-Sieradzka M.,\u00a0<\/strong> <strong>Dobrowolska M.,\u00a0<\/strong> Ku\u0142akowska A.:\u00a0 Ocena obszar\u00f3w \u017cycia zawodowego funkcjonariuszy Stra\u017cy Granicznej a nasilenie stresu, Medycyna Pracy, nr 2, 2018, s.\u00a0199-210, DOI:10.13075\/mp.5893.00664, 15 punkt\u00f3w<\/span><\/li>\n<li style=\"text-align: justify;\"><span style=\"font-size: 14pt;\"><strong>Paruzel-Czachura M.,\u00a0<\/strong> Dobrowolska M.:\u00a0 Judgment of the morality of an individual responsible for a fatal workplace accident involving subordinates, Medycyna Pracy, nr 3, 2018, s.\u00a0261-267, DOI:10.13075\/mp.5893.00659, 15 punkt\u00f3w<\/span><\/li>\n<li style=\"text-align: justify;\"><span style=\"font-size: 14pt;\">Rode D.,\u00a0 Kabzi\u0144ska J.,\u00a0 <strong>Rode M.,\u00a0<\/strong> Habzda-Siwek E.:\u00a0 Psychological Diagnosis of Demoralisation in Juvenile Forensic Assessments : Fields, Models and New Directions, Problems of Forensic Sciences \/ Z Zagadnie\u0144 Nauk S\u0105dowych , Wydawnictwo Instytutu Ekspertyz S\u0105dowych, vol. 114, 2018, s.\u00a0137-157, 14 punkt\u00f3w<\/span><\/li>\n<li style=\"text-align: justify;\"><span style=\"font-size: 14pt;\"><strong>Moro\u0144 M.,\u00a0<\/strong> Doktor A.,\u00a0 <strong>Skop K.:\u00a0<\/strong> Relational Aggressiveness in Adolescence : Relations With Emotional Awareness and Self-Control, Psychologia Spo\u0142eczna, SCHOLAR, vol. 13, nr 4, 2018, s.\u00a01-26, DOI:10.32872\/spb.v13i4.28302, 13 punkt\u00f3w<\/span><\/li>\n<li style=\"text-align: justify;\"><span style=\"font-size: 14pt;\">Rode D.,\u00a0 <strong>Rode M.:\u00a0<\/strong> Risk factors in committing domestic violence in light of gender psychology, Current Issues in Personality Psychology, vol. 6, nr 2, 2018, s.\u00a0143-153, DOI:10.5114\/cipp.2018.72262, 12 punkt\u00f3w<\/span><\/li>\n<li style=\"text-align: justify;\"><span style=\"font-size: 14pt;\">Rode D.,\u00a0 <strong>Rode M.:\u00a0<\/strong> The relationship between self-esteem, sense of self-efficacy and level of illness acceptance, and healthful behaviours in patients with long-term illnesses (type II diabetes, Hashimoto\u2019s disease), Health Psychology Report, vol. 6, nr 2, 2018, s.\u00a0158-170, DOI:10.5114\/hpr.2018.71635, 12 punkt\u00f3w<\/span><\/li>\n<li style=\"text-align: justify;\"><span style=\"font-size: 14pt;\"><strong>Kocur D.,\u00a0<\/strong> <strong>Mandal E.:\u00a0<\/strong> The need for power, need for influence, sense of power, and directiveness in female and male superiors and subordinates, Current Issues in Personality Psychology, vol. 6, nr 1, 2018, s.\u00a047-56, DOI:10.5114\/cipp.2018.72200, 12 punkt\u00f3w<\/span><\/li>\n<li style=\"text-align: justify;\"><span style=\"font-size: 14pt;\"><strong>Mandal E.,\u00a0<\/strong> <strong>Latusek A.:\u00a0<\/strong> Love attitudes, psychological femininity and masculinity, Machiavellianism, narcissism, and emotional intelligence of rejectors in close relationships, Current Issues in Personality Psychology, vol. 6, nr 3, 2018, s.\u00a0188-199, DOI:10.5114\/cipp.2018.75647, 12 punkt\u00f3w<\/span><\/li>\n<li style=\"text-align: justify;\"><span style=\"font-size: 14pt;\"><strong>G\u00f3rnik-Durose M.,\u00a0<\/strong> <strong>Jach \u0141.,\u00a0<\/strong> <strong>Langer M.:\u00a0<\/strong> Intrinsic &#8211; Extrinsic &#8211; Transcendent. A triarchic model of goal contents : introduction and validation, Current Issues in Personality Psychology, vol. 6, nr 1, 2018, s.\u00a01-16, DOI:10.5114\/cipp.2017.66890, 12 punkt\u00f3w<\/span><\/li>\n<li style=\"text-align: justify;\"><span style=\"font-size: 14pt;\"><strong>Jaz\u0142owska A.,\u00a0<\/strong> <strong>Przyby\u0142a-Basista H.:\u00a0<\/strong> Perceived stress, ego-resiliency, and relational resources as predictors of psychological well-being in parents of children with Down syndrome, Health Psychology Report, nr 1, 2018, s.\u00a050-59, DOI:10.5114\/hpr.2018.71212, 12 punkt\u00f3w<\/span><\/li>\n<li style=\"text-align: justify;\"><span style=\"font-size: 14pt;\"><strong>Moro\u0144 M.:\u00a0<\/strong> Perceived emotional intelligence and life satisfaction: the mediating role of the positivity ratio, Current Issues in Personality Psychology, vol. 6, nr 3, 2018, s.\u00a0212-223, DOI:10.5114\/cipp.2018.75650, 12 punkt\u00f3w<\/span><\/li>\n<li style=\"text-align: justify;\"><span style=\"font-size: 14pt;\"><strong>Flakus M.:\u00a0<\/strong> Wst\u0119pna charakterystyka psychometryczna polskiej adaptacji Skali Podatno\u015bci na Nud\u0119 (BPS), Polskie Forum Psychologiczne, nr 4, 2018, s.\u00a0783-802, DOI:10.14656\/PFP20180408, 12 punkt\u00f3w<\/span><\/li>\n<li style=\"text-align: justify;\"><span style=\"font-size: 14pt;\"><strong>Pasztak-Opi\u0142ka A.,\u00a0<\/strong> <strong>Sikora J.,\u00a0<\/strong> Zachurzok A.:\u00a0 Systemowe uwarunkowania zachowa\u0144 \u017cywieniowych w rodzinie dziecka z oty\u0142o\u015bci\u0105, Przegl\u0105d Psychologiczny, The Polish Psychological Association, nr 4, 2018, s.\u00a0491-505, 12 punkt\u00f3w<\/span><\/li>\n<li style=\"text-align: justify;\"><span style=\"font-size: 14pt;\"><strong>Paruzel-Czachura M.,\u00a0<\/strong> Dobrowolska M.:\u00a0 Co? Kto? Komu? : kierunki bada\u0144 we wsp\u00f3\u0142czesnej psychologii ocen moralnych, Czasopismo Psychologiczne, Stowarzyszenie Psychologia i Architektura, nr 1, 2018, s.\u00a069-78, DOI:10.14691\/CPPJ.24.1.69, 11 punkt\u00f3w<\/span><\/li>\n<li style=\"text-align: justify;\"><span style=\"font-size: 14pt;\"><strong>Ko\u0142odziej-Zaleska A.,\u00a0<\/strong> <strong>Przyby\u0142a-Basista H.:\u00a0<\/strong> Przekonania os\u00f3b rozwiedzionych o szansach powodzenia powt\u00f3rnego ma\u0142\u017ce\u0144stwa i rodziny zrekonstruowanej, Zeszyty Naukowe Politechniki \u015al\u0105skiej. Organizacja i Zarz\u0105dzanie, Wydawnictwo Politechniki \u015al\u0105skiej, vol. 123, 2018, s.\u00a0235-254, DOI:10.29119\/1641-3466.2018.123.17, 11 punkt\u00f3w<\/span><\/li>\n<li style=\"text-align: justify;\"><span style=\"font-size: 14pt;\"><strong>Turska E.,\u00a0<\/strong> <strong>Stasi\u0142a-Sieradzka M.:\u00a0<\/strong> Orientacje \u017cyciowe a postawy wobec rynku ludzi m\u0142odych, Czasopismo Psychologiczne, Stowarzyszenie Psychologia i Architektura, nr 1, 2018, s.\u00a0143-150, 11 punkt\u00f3w<\/span><\/li>\n<li style=\"text-align: justify;\"><span style=\"font-size: 14pt;\"><strong>Kucharewicz J.:\u00a0<\/strong> Wybrane zasoby indywidualne i relacyjne jako wyznaczniki satysfakcji z ma\u0142\u017ce\u0144stwa os\u00f3b bezp\u0142odnych, Zeszyty Naukowe Politechniki \u015al\u0105skiej. Organizacja i Zarz\u0105dzanie, Wydawnictwo Politechniki \u015al\u0105skiej, vol. 132, 2018, s.\u00a0381-392, DOI:10.29119\/1641-3466.2018.132.27, 11 punkt\u00f3w<\/span><\/li>\n<li style=\"text-align: justify;\"><span style=\"font-size: 14pt;\"><strong>Ko\u0142odziej-Zaleska A.,\u00a0<\/strong> <strong>Przyby\u0142a-Basista H.:\u00a0<\/strong> Ego-resiliency jako zas\u00f3b osobisty : narz\u0119dzie pomiaru i jego wykorzystanie w badaniach interdyscyplinarnych, Czasopismo Psychologiczne, Stowarzyszenie Psychologia i Architektura, vol. 24, nr 1, 2018, s.\u00a0159-170, DOI:10.14691\/CPPJ.24.1.159, 11 punkt\u00f3w<\/span><\/li>\n<li style=\"text-align: justify;\"><span style=\"font-size: 14pt;\">Dobrowolska M.,\u00a0 <strong>Stasi\u0142a-Sieradzka M.:\u00a0<\/strong> Czynniki indywidualne i \u015brodowiskowe a postawy wobec pracy m\u0142odzie\u017cy z grupy NEET, Czasopismo Psychologiczne, Stowarzyszenie Psychologia i Architektura, nr 1, 2018, s.\u00a0179-187, DOI:10.14691\/CPPJ.24.1.179, 11 punkt\u00f3w<\/span><\/li>\n<li style=\"text-align: justify;\"><span style=\"font-size: 14pt;\"><strong>Ilska M.,\u00a0<\/strong> <strong>Ko\u0142odziej-Zaleska A.:\u00a0<\/strong> Dobrostan hedonistyczny i eudajmonistyczny w sytuacjach kryzys\u00f3w normatywnych i nienormatywnych, Zeszyty Naukowe Politechniki \u015al\u0105skiej. Organizacja i Zarz\u0105dzanie, Wydawnictwo Politechniki \u015al\u0105skiej, vol. 123, 2018, s.\u00a0155-184, DOI:10.29119\/1641-3466.2018.123.11, 11 punkt\u00f3w<\/span><\/li>\n<li style=\"text-align: justify;\"><span style=\"font-size: 14pt;\"><strong>Przyby\u0142a-Basista H.,\u00a0<\/strong> <strong>Ko\u0142odziej-Zaleska A.:\u00a0<\/strong> Fascynacja dzieci internetem a rodzicielski monitoring ich aktywno\u015bci online, Zeszyty Naukowe Politechniki \u015al\u0105skiej. Organizacja i Zarz\u0105dzanie, Wydawnictwo Politechniki \u015al\u0105skiej, vol. 123, 2018, s.\u00a0443-460, DOI:10.29119\/1641-3466.2018.123.30, 11 punkt\u00f3w<\/span><\/li>\n<li style=\"text-align: justify;\"><span style=\"font-size: 14pt;\"><strong>Rode M.,\u00a0<\/strong> Rode D.,\u00a0 Krawczyk A.:\u00a0 Indywidualne i sytuacyjne korelaty depresji u os\u00f3b odbywaj\u0105cych kar\u0119 pozbawienia wolno\u015bci, Czasopismo Psychologiczne, Stowarzyszenie Psychologia i Architektura, nr 1, 2018, s.\u00a0227-234, 11 punkt\u00f3w<\/span><\/li>\n<li style=\"text-align: justify;\"><span style=\"font-size: 14pt;\">Dobrowolska M.,\u00a0 <strong>Sikora J.:\u00a0<\/strong> Wsparcie w pracy i spostrzegane wsparcie organizacyjne kobiet powracaj\u0105cych do pracy po urodzeniu dziecka, Czasopismo Psychologiczne, Stowarzyszenie Psychologia i Architektura, nr 1, 2018, s.\u00a0127-132, DOI:10.14691\/CPPJ.24.1.127, 11 punkt\u00f3w<\/span><\/li>\n<li style=\"text-align: justify;\"><span style=\"font-size: 14pt;\"><strong>Friedrich W.:\u00a0<\/strong> Oskar\u017cony jako podmiot bada\u0144 psychologicznych w procesie karnym &#8211; aspekty prawne i psychologiczne, Przegl\u0105d S\u0105dowy, nr 4, 2018, s.\u00a076-86, 11 punkt\u00f3w<\/span><\/li>\n<li style=\"text-align: justify;\"><span style=\"font-size: 14pt;\"><strong>Ko\u0142odziej-Zaleska A.,\u00a0<\/strong> <strong>Przyby\u0142a-Basista H.:\u00a0<\/strong> Dobrostan psychologiczny i jego pomiar za pomoc\u0105 Oksfordzkiego Kwestionariusza Szcz\u0119\u015bcia, Czasopismo Psychologiczne, Stowarzyszenie Psychologia i Architektura, vol. 24, nr 1, 2018, s.\u00a087-97, DOI:10.14691\/CPPJ.24.1.87, 11 punkt\u00f3w<\/span><\/li>\n<li style=\"text-align: justify;\"><span style=\"font-size: 14pt;\"><strong>Chrupa\u0142a-Pniak M.,\u00a0<\/strong> <strong>Paliga M.,\u00a0<\/strong> <strong>Pollak A.,\u00a0<\/strong> <strong>Rudnicka P.:\u00a0<\/strong> Rola zaufania w kszta\u0142towaniu zaanga\u017cowania w prac\u0119 : mediacyjny efekt motywacji autonomicznej, Czasopismo Psychologiczne, Stowarzyszenie Psychologia i Architektura, nr 1, 2018, s.\u00a0115-126, 11 punkt\u00f3w<\/span><\/li>\n<li style=\"text-align: justify;\"><span style=\"font-size: 14pt;\"><strong>Piekacz A.,\u00a0<\/strong> Trepka-Starosta J.:\u00a0 Znaczenie wi\u0119zi w kontek\u015bcie rozwoju biopsychospo\u0142ecznego cz\u0142owieka, Zeszyty Naukowe Politechniki \u015al\u0105skiej. Organizacja i Zarz\u0105dzanie, Wydawnictwo Politechniki \u015al\u0105skiej, vol. 123, 2018, s.\u00a0387-396, DOI:10.29119\/1641-3466.2018.123.26, 11 punkt\u00f3w<\/span><\/li>\n<li style=\"text-align: justify;\"><span style=\"font-size: 14pt;\">So\u0142tysik M.,\u00a0 <strong>Flakus M.,\u00a0<\/strong> Lubecka B.,\u00a0 Pudlo R.:\u00a0 Aktualny stan bada\u0144 nad zaburzeniami psychicznymi u wspinaczy wysokog\u00f3rskich, Psychiatria i Psychologia Kliniczna, nr 2, 2018, s.\u00a0200-207, DOI:10.15557\/PiPK.2018.0024, 10 punkt\u00f3w<\/span><\/li>\n<li style=\"text-align: justify;\"><span style=\"font-size: 14pt;\"><strong>Turska E.,\u00a0<\/strong> Binioszek \u017b.:\u00a0 Postawy rodzicielskie a otwarto\u015b\u0107 na karier\u0119 mi\u0119dzynarodow\u0105 m\u0142odych doros\u0142ych, Chowanna, vol. 1, 2018, s.\u00a0257-273, 10 punkt\u00f3w<\/span><\/li>\n<li style=\"text-align: justify;\"><span style=\"font-size: 14pt;\"><strong>Pasztak-Opi\u0142ka A.,\u00a0<\/strong> Zachurzok A.,\u00a0 Ma\u0142ecka-Tendera E.:\u00a0 Family system characteristics from the obese child and parent perspective \u2013 a pilot study, Nutrition, Obesity &amp; Metabolic Surgery, vol. 5, nr 1, 2018, s.\u00a029-34, DOI:10.5114\/noms.2018.78924, 8 punkt\u00f3w<\/span><\/li>\n<li style=\"text-align: justify;\"><span style=\"font-size: 14pt;\"><strong>Jach \u0141.,\u00a0<\/strong> Chmiel S.:\u00a0 &#8222;Polecam!&#8221; &#8211; naukowiec \/ &#8222;Polecam!&#8221; &#8211; konsument : znaczenie obecno\u015bci spo\u0142ecznych lub naukowych dowod\u00f3w s\u0142uszno\u015bci dla oceny wiarygodno\u015bci reklam w kontek\u015bcie refleksyjno\u015bci poznawczej, maksymalizacji i \u015bwiatopogl\u0105du scjentystycznego, Psychologia Ekonomiczna, nr 13, 2018, s.\u00a019-34, DOI:10.15678\/PJOEP.2018.13.02, 8 punkt\u00f3w<\/span><\/li>\n<li style=\"text-align: justify;\"><span style=\"font-size: 14pt;\"><strong>Rudnicka P.,\u00a0<\/strong> Pindych A.,\u00a0 Probierz E.:\u00a0 Etyczne aspekty prowadzenia terapii online : analiza wybranych stron internetowych, Annales Universitatis Paedagogicae Cracoviensis. Studia de Cultura, Uniwersytet Pedagogiczny im. Komisji Edukacji Narodowej w Krakowie, vol. 10, nr 4, 2018, s.\u00a064-73, DOI:10.24917\/20837275.10.4.6, 8 punkt\u00f3w<\/span><\/li>\n<li style=\"text-align: justify;\"><span style=\"font-size: 14pt;\"><strong>Ilska M.,\u00a0<\/strong> <strong>Przyby\u0142a-Basista H.,\u00a0<\/strong> Ilski A.,\u00a0 Cnota W.:\u00a0 Sexual activity and sexual satisfaction of women in low-risk and high-risk pregnancy, Ginekologia i Po\u0142o\u017cnictwo -medical project, Wydawnictwo SALVE, nr 2, 2018, s.\u00a09-16, 7 punkt\u00f3w<\/span><\/li>\n<li style=\"text-align: justify;\"><span style=\"font-size: 14pt;\"><strong>Kucharewicz J.,\u00a0<\/strong> <strong>Olsz\u00f3wka A.:\u00a0<\/strong> Dialog i lojalno\u015b\u0107 jako konstruktywne strategie rozwi\u0105zywania konflikt\u00f3w, gwarantuj\u0105ce bezpiecze\u0144stwo w relacji ma\u0142\u017ce\u0144skiej, Spo\u0142ecze\u0144stwo i Edukacja, Instytut Studi\u00f3w Mi\u0119dzynarodowych i Edukacji Humanum, nr 2, 2018, s.\u00a0389-396, 7 punkt\u00f3w<\/span><\/li>\n<li style=\"text-align: justify;\"><span style=\"font-size: 14pt;\"><strong>Ilska M.,\u00a0<\/strong> <strong>Przyby\u0142a-Basista H.,\u00a0<\/strong> Ilski A.,\u00a0 Cnota W.:\u00a0 Aktywno\u015b\u0107 i satysfakcja seksualna kobiet w ci\u0105\u017cy prawid\u0142owej oraz wysokiego ryzyka, Ginekologia i Po\u0142o\u017cnictwo -medical project, Wydawnictwo SALVE, nr 2, 2018, s.\u00a034-41, 7 punkt\u00f3w<\/span><\/li>\n<li style=\"text-align: justify;\"><span style=\"font-size: 14pt;\"><strong>Brandt-Salmeri A.,\u00a0<\/strong> <strong>Przyby\u0142a-Basista H.:\u00a0<\/strong> Obraz cia\u0142a a samoocena kobiet z rakiem piersi : rola akceptacji cia\u0142a, Psychoonkologia, nr 1, 2018, s.\u00a01-10, 6 punkt\u00f3w<\/span><\/li>\n<li style=\"text-align: justify;\"><span style=\"font-size: 14pt;\"><strong>Pyszkowska A.:\u00a0<\/strong> Psychologiczne konsekwencje zat\u0142oczenia spo\u0142ecznego i zaanga\u017cowania technologicznego u adolescent\u00f3w i m\u0142odych doros\u0142ych, Ogrody Nauk i Sztuk, vol. 8, 2018, s.\u00a0421-429, DOI:10.15503\/onis2018.421.429, 5 punkt\u00f3w<\/span><\/li>\n<li style=\"text-align: justify;\"><span style=\"font-size: 14pt;\"><strong>Che\u0142kowska-Zacharewicz M.:\u00a0<\/strong> [Synestezja a sztuka : recenzja], Res Facta Nova. Teksty o muzyce wsp\u00f3\u0142czesnej, nr 19, 2018, s.\u00a0107-111, 4 punkty<\/span><\/li>\n<li style=\"text-align: justify;\"><span style=\"font-size: 14pt;\"><strong>Jach \u0141.:\u00a0<\/strong> Raport przed epidemi\u0105, Tygodnik Powszechny, Krak\u00f3w, nr 12, 2018, s.\u00a010-13, 1 punkt<\/span><\/li>\n<li style=\"text-align: justify;\"><span style=\"font-size: 14pt;\"><strong>Kleszcz-Szczyrba R.:\u00a0<\/strong> Hospicjum perinatalne przestrzeni\u0105 wsparcia &#8211; spojrzenie psychologa, Apostolstwo Chorych, nr 3, 2018, s.\u00a07-10, 1 punkt<\/span><\/li>\n<li style=\"text-align: justify;\"><span style=\"font-size: 14pt;\"><strong>Rajska-Kulik I.,\u00a0<\/strong> Kowalcze M.:\u00a0 S\u0142aba p\u0142e\u0107, mocne picie : uzale\u017cnienie od alkoholu u kobiet, Psychologia w Praktyce : zawodowe czasopismo dla psycholog\u00f3w i psychoterapeut\u00f3w, nr 9, 2018, s.\u00a038-43, 1 punkt<\/span><\/li>\n<li style=\"text-align: justify;\"><span style=\"font-size: 14pt;\">Dobrowolska M.,\u00a0 <strong>Paruzel-Czachura M.,\u00a0<\/strong> <strong>Chudzicka-Czupa\u0142a A.,\u00a0<\/strong> <strong>Stasi\u0142a-Sieradzka M.,\u00a0<\/strong> Siwiorek J.:\u00a0 Occupational Burnout as a Consequence of Workaholism &#8211; An Outline of the Problem Based on Studies of Polish Women Running Their Own Business Activity, European Journal of Economics and Business Studies (Print), vol. 4, nr 2, 2018, s.\u00a033-40, DOI:10.2478\/ejes-2018-0036, 1 punkt<\/span><\/li>\n<li style=\"text-align: justify;\"><span style=\"font-size: 14pt;\">Dobrowolska M.,\u00a0 <strong>Paruzel-Czachura M.,\u00a0<\/strong> <strong>Stasi\u0142a-Sieradzka M.,\u00a0<\/strong> <strong>Naczy\u0144ski M.:\u00a0<\/strong> Perception of Limitations by Individuals Threatened with Social Exclusion upon Entering Employment : Report on a Study of Individuals with Chronic Mental Illnesses, European Journal of Economics and Business Studies (Print), vol. 4, nr 2, 2018, s.\u00a083-89, DOI:10.26417\/ejes.v4i2.p83-89, 1 punkt<\/span><\/li>\n<li style=\"text-align: justify;\"><span style=\"font-size: 14pt;\">Dobrowolska M.,\u00a0 <strong>Paruzel-Czachura M.,\u00a0<\/strong> <strong>Stasi\u0142a-Sieradzka M.,\u00a0<\/strong> <strong>Sikora J.:\u00a0<\/strong> Characterisation of the Average Worker Employed Under Flexible Forms of Employment &#8211; Report on the Study of Individual Differences in the Context of Sociodemographic Data Concerning Polish Workers, European Journal of Economics and Business Studies (Print), vol. 4, nr 2, 2018, s.\u00a0115-124, DOI:10.2478\/ejes-2018-0044, 1 punkt<\/span><\/li>\n<li style=\"text-align: justify;\"><span style=\"font-size: 14pt;\"><strong>Jach \u0141.:\u00a0<\/strong> Mn\u00f3stwo srok za ogon, Tygodnik Powszechny, Krak\u00f3w, nr 37, 2018, s.\u00a072-74, 1 punkt<\/span><\/li>\n<li style=\"text-align: justify;\"><span style=\"font-size: 14pt;\">Dobrowolska M.,\u00a0 <strong>Stasi\u0142a-Sieradzka M.,\u00a0<\/strong> <strong>Paruzel-Czachura M.,\u00a0<\/strong> <strong>Chudzicka-Czupa\u0142a A.:\u00a0<\/strong> Workaholism and Its Manifestations in Individuals Running Small Family Businesses &#8211; Selected Qualitative Research Results, European Journal of Economics and Business Studies (Print), vol. 4, nr 2, 2018, s.\u00a0206-211, DOI:10.2478\/ejes-2018-0053, 1 punkt<\/span><\/li>\n<li style=\"text-align: justify;\"><span style=\"font-size: 14pt;\">Zachurzok A.,\u00a0 <strong>Pasztak-Opi\u0142ka A.,\u00a0<\/strong> Ma\u0142ecka-Tendera E.:\u00a0 How Do the Obese Children and their Parent Perceive Family System Functioning? : [abstract], Annals of Nutrition and Metabolism, nr 4, 2018, s.\u00a0319-320, DOI:10.1159\/000494676<\/span><\/li>\n<li style=\"text-align: justify;\"><span style=\"font-size: 14pt;\"><strong>Cugowski M.:\u00a0<\/strong> Diagnostic Issues in Cases of Juvenile with Substance Abuse Problem in Forensic Psychology Field, European Journal of Social Sciences Education and Research, vol. 5, nr 3, 2018, s.\u00a0194-201, DOI:10.26417\/ejser.v5i3.p197-204<\/span><\/li>\n<\/ol>\n<p>\n<\/div>\r\n                    <\/div>\r\n                <\/div>[\/vc_column][\/vc_row]<\/p>","protected":false},"excerpt":{"rendered":"<p>[vc_row][vc_column][\/vc_column][\/vc_row] [&#8230;]<\/p>\n<p><a class=\"btn btn-secondary understrap-read-more-link\" href=\"https:\/\/us.edu.pl\/instytut\/ip\/nauka\/publikacje-2\/artykuly-w-czasopismach\/publikacje-2018\/\">Read More&#8230;<\/a><\/p>\n","protected":false},"author":159,"featured_media":0,"parent":879,"menu_order":0,"comment_status":"closed","ping_status":"closed","template":"","meta":{"_expiration-date-status":"","_expiration-date":0,"_expiration-date-type":"","_expiration-date-categories":[],"_expiration-date-options":[]},"acf":[],"_links":{"self":[{"href":"https:\/\/us.edu.pl\/instytut\/ip\/wp-json\/wp\/v2\/pages\/10191"}],"collection":[{"href":"https:\/\/us.edu.pl\/instytut\/ip\/wp-json\/wp\/v2\/pages"}],"about":[{"href":"https:\/\/us.edu.pl\/instytut\/ip\/wp-json\/wp\/v2\/types\/page"}],"author":[{"embeddable":true,"href":"https:\/\/us.edu.pl\/instytut\/ip\/wp-json\/wp\/v2\/users\/159"}],"replies":[{"embeddable":true,"href":"https:\/\/us.edu.pl\/instytut\/ip\/wp-json\/wp\/v2\/comments?post=10191"}],"version-history":[{"count":1,"href":"https:\/\/us.edu.pl\/instytut\/ip\/wp-json\/wp\/v2\/pages\/10191\/revisions"}],"predecessor-version":[{"id":10194,"href":"https:\/\/us.edu.pl\/instytut\/ip\/wp-json\/wp\/v2\/pages\/10191\/revisions\/10194"}],"up":[{"embeddable":true,"href":"https:\/\/us.edu.pl\/instytut\/ip\/wp-json\/wp\/v2\/pages\/879"}],"wp:attachment":[{"href":"https:\/\/us.edu.pl\/instytut\/ip\/wp-json\/wp\/v2\/media?parent=10191"}],"curies":[{"name":"wp","href":"https:\/\/api.w.org\/{rel}","templated":true}]}}