{"id":10400,"date":"2025-06-18T14:47:54","date_gmt":"2025-06-18T12:47:54","guid":{"rendered":"https:\/\/us.edu.pl\/instytut\/ip\/?page_id=10400"},"modified":"2025-10-08T13:09:27","modified_gmt":"2025-10-08T11:09:27","slug":"doswiadczenie-samotnosci-rodzicow-dzieci-z-niepelnosprawnosciami","status":"publish","type":"page","link":"https:\/\/us.edu.pl\/instytut\/ip\/nauka\/zespoly-badawcze\/projekty-naukowe-2\/pregnancy-parenthoodlab-prepare-lab\/aktualne-projekty-prepare-lab\/doswiadczenie-samotnosci-rodzicow-dzieci-z-niepelnosprawnosciami\/","title":{"rendered":"Do\u015bwiadczenie samotno\u015bci rodzic\u00f3w dzieci z niepe\u0142nosprawno\u015bciami"},"content":{"rendered":"<p>[vc_row][vc_column]\r\n                <div class=\"text-modules \">\r\n                    <div class=\"container\">\r\n                         \r\n                        <div class=\"row m-0\">\r\n                            <div class=\"text-modules__content\">\r\n                                <span style=\"font-size: 14pt;\"><strong>Autor: <\/strong>Barbara Zaj\u0105czkowska<\/span><\/p>\n<p><span style=\"font-size: 14pt;\"><strong>Tytu\u0142 projektu:<\/strong> Do\u015bwiadczenie samotno\u015bci rodzic\u00f3w dzieci z niepe\u0142nosprawno\u015bciami<\/span><\/p>\n<p><span style=\"font-size: 14pt;\"><strong>Cel badania:<\/strong> Celem badania jest sprawdzenie, czy rodzaj niepe\u0142nosprawno\u015bci dziecka \u2013 intelektualna, ruchowa lub sprz\u0119\u017cona \u2013 r\u00f3\u017cnicuje poziom do\u015bwiadczanej przez rodzic\u00f3w samotno\u015bci oraz jakie s\u0105 jej powi\u0105zania ze zdrowiem psychicznym.<\/span><\/p>\n<p><span style=\"font-size: 14pt;\"><strong>Nadz\u00f3r merytoryczny:\u00a0<\/strong>dr Anna Ko\u0142odziej-Zaleska, prof. U\u015a<\/span> \r\n                                <div class=\"mt-3\"><\/div>\r\n                            <\/div>\r\n                            \r\n                            <div class=\"text-modules__img\"><img src=\"https:\/\/us.edu.pl\/instytut\/ip\/wp-content\/uploads\/sites\/33\/Prepare-Lab\/national-cancer-institute-utozCMIkis8-unsplash-scaled.jpg\" alt=\"img\"><\/div>\r\n                        <\/div>\r\n                    <\/div>\r\n                <\/div>[\/vc_column][\/vc_row]<\/p>","protected":false},"excerpt":{"rendered":"<p>[vc_row][vc_column][\/vc_column][\/vc_row] [&#8230;]<\/p>\n<p><a class=\"btn btn-secondary understrap-read-more-link\" href=\"https:\/\/us.edu.pl\/instytut\/ip\/nauka\/zespoly-badawcze\/projekty-naukowe-2\/pregnancy-parenthoodlab-prepare-lab\/aktualne-projekty-prepare-lab\/doswiadczenie-samotnosci-rodzicow-dzieci-z-niepelnosprawnosciami\/\">Read More&#8230;<\/a><\/p>\n","protected":false},"author":159,"featured_media":0,"parent":4879,"menu_order":0,"comment_status":"closed","ping_status":"closed","template":"","meta":{"_expiration-date-status":"","_expiration-date":0,"_expiration-date-type":"","_expiration-date-categories":[],"_expiration-date-options":[]},"acf":[],"_links":{"self":[{"href":"https:\/\/us.edu.pl\/instytut\/ip\/wp-json\/wp\/v2\/pages\/10400"}],"collection":[{"href":"https:\/\/us.edu.pl\/instytut\/ip\/wp-json\/wp\/v2\/pages"}],"about":[{"href":"https:\/\/us.edu.pl\/instytut\/ip\/wp-json\/wp\/v2\/types\/page"}],"author":[{"embeddable":true,"href":"https:\/\/us.edu.pl\/instytut\/ip\/wp-json\/wp\/v2\/users\/159"}],"replies":[{"embeddable":true,"href":"https:\/\/us.edu.pl\/instytut\/ip\/wp-json\/wp\/v2\/comments?post=10400"}],"version-history":[{"count":3,"href":"https:\/\/us.edu.pl\/instytut\/ip\/wp-json\/wp\/v2\/pages\/10400\/revisions"}],"predecessor-version":[{"id":10886,"href":"https:\/\/us.edu.pl\/instytut\/ip\/wp-json\/wp\/v2\/pages\/10400\/revisions\/10886"}],"up":[{"embeddable":true,"href":"https:\/\/us.edu.pl\/instytut\/ip\/wp-json\/wp\/v2\/pages\/4879"}],"wp:attachment":[{"href":"https:\/\/us.edu.pl\/instytut\/ip\/wp-json\/wp\/v2\/media?parent=10400"}],"curies":[{"name":"wp","href":"https:\/\/api.w.org\/{rel}","templated":true}]}}