{"id":10415,"date":"2025-06-18T15:02:29","date_gmt":"2025-06-18T13:02:29","guid":{"rendered":"https:\/\/us.edu.pl\/instytut\/ip\/?page_id=10415"},"modified":"2025-06-18T15:05:26","modified_gmt":"2025-06-18T13:05:26","slug":"psychologiczne-uwarunkowania-leku-porodowego-u-kobiet-w-ciazy-wysokiego-ryzyka-rola-stresu-prenatalnego-przekonan-porodowych-i-regulacji-emocji","status":"publish","type":"page","link":"https:\/\/us.edu.pl\/instytut\/ip\/nauka\/zespoly-badawcze\/projekty-naukowe-2\/pregnancy-parenthoodlab-prepare-lab\/aktualne-projekty-prepare-lab\/psychologiczne-uwarunkowania-leku-porodowego-u-kobiet-w-ciazy-wysokiego-ryzyka-rola-stresu-prenatalnego-przekonan-porodowych-i-regulacji-emocji\/","title":{"rendered":"Psychologiczne uwarunkowania l\u0119ku porodowego u kobiet w ci\u0105\u017cy wysokiego ryzyka: rola stresu prenatalnego, przekona\u0144 porodowych i regulacji emocji"},"content":{"rendered":"<p>[vc_row][vc_column]\r\n                <div class=\"text-modules \">\r\n                    <div class=\"container\">\r\n                         \r\n                        <div class=\"row m-0\">\r\n                            <div class=\"text-modules__content\">\r\n                                <span style=\"font-size: 14pt;\"><strong>Tytu\u0142: <\/strong>Psychologiczne uwarunkowania l\u0119ku porodowego u kobiet w ci\u0105\u017cy wysokiego ryzyka: rola stresu prenatalnego, przekona\u0144 porodowych i regulacji emocji<\/span><\/p>\n<p><span style=\"font-size: 14pt;\"><strong>Kierownik projektu:<\/strong>\u00a0dr Michalina Ilska<\/span><\/p>\n<p><span style=\"font-size: 14pt;\"><strong>Cz\u0142onkowie zespo\u0142u badawczego:<\/strong><\/span><\/p>\n<ol>\n<li><span style=\"font-size: 14pt;\">dr\u00a0Micha\u0142\u00a0Olech, Gda\u0144ski Uniwersytet Medyczny<\/span><\/li>\n<li><span style=\"font-size: 14pt;\">dr Paulina Pawlicka, Instytut Psychologii, Uniwersytet Gda\u0144ski<\/span><\/li>\n<li><span style=\"font-size: 14pt;\">dr hab. n. o zdr. Barbara Baranowska, profesor CMKP, Centrum Medyczne Kszta\u0142cenia Podyplomowego w Warszawie<\/span><\/li>\n<\/ol>\n<p><span style=\"font-size: 14pt;\"><strong>Cele badawcze: <\/strong>Celem planowanego badania jest ocena nat\u0119\u017cenia l\u0119ku porodowego u kobiet ci\u0119\u017carnych w II i III trymestrze ci\u0105\u017cy oraz identyfikacja czynnik\u00f3w ryzyka (psychologicznych, medycznych i socjodemograficznych) podwy\u017cszonego poziomu l\u0119ku porodowego. Szczeg\u00f3\u0142owe cele badawcze:<\/span><\/p>\n<ul>\n<li><span style=\"font-size: 14pt;\">Ocena poziomu l\u0119ku porodowego w II i III trymestrze ci\u0105\u017cy oraz identyfikacja jego uwarunkowa\u0144 psychospo\u0142ecznych i poznawczo-emocjonalnych z uwzgl\u0119dnieniem kontekstu po\u0142o\u017cniczego.<\/span><\/li>\n<li><span style=\"font-size: 14pt;\">Empiryczna weryfikacja prenatalnych predyktor\u00f3w i mediator\u00f3w poznawczo-emocjonalnych w rozwoju objaw\u00f3w l\u0119ku porodowego z uwzgl\u0119dnieniem kontekstu po\u0142o\u017cniczego.<\/span><\/li>\n<\/ul>\n<p><span style=\"font-size: 14pt;\"><strong>Termin realizacji:\u00a0<\/strong>grudzie\u0144 2025 r.<\/span><\/p>\n<p><span style=\"font-size: 14pt;\"><strong>Kontakt:\u00a0<\/strong>michalina.ilska@us.edu.pl<\/span><\/p>\n<p><span style=\"font-size: 14pt;\"><strong>Informacja dla os\u00f3b badanych: <a href=\"https:\/\/us.edu.pl\/instytut\/ip\/wp-content\/uploads\/sites\/33\/Bez-kategorii\/Zalacznik-4.-INFORMACJA-DLA-OSOBY-BADANEJ.pdf\" class=\"mtli_attachment mtli_pdf\" data-mtli=\"mtli_filesize107,04kB\">Za\u0142\u0105cznik 4. INFORMACJA DLA OSOBY BADANEJ<\/a><\/strong><\/span> \r\n                                <div class=\"mt-3\"><\/div>\r\n                            <\/div>\r\n                            \r\n                            <div class=\"text-modules__img\"><img src=\"https:\/\/us.edu.pl\/instytut\/ip\/wp-content\/uploads\/sites\/33\/Prepare-Lab\/jimmy-conover-R5yoJSYDDfI-unsplash-scaled.jpg\" alt=\"img\"><\/div>\r\n                        <\/div>\r\n                    <\/div>\r\n                <\/div>[\/vc_column][\/vc_row]<\/p>\n<style type=\"text\/css\">a[data-mtli~=\"mtli_filesize107,04kB\"]:after {content:\" (107,04 kB)\"}<\/style>","protected":false},"excerpt":{"rendered":"<p>[vc_row][vc_column][\/vc_column][\/vc_row] [&#8230;]<\/p>\n<p><a class=\"btn btn-secondary understrap-read-more-link\" href=\"https:\/\/us.edu.pl\/instytut\/ip\/nauka\/zespoly-badawcze\/projekty-naukowe-2\/pregnancy-parenthoodlab-prepare-lab\/aktualne-projekty-prepare-lab\/psychologiczne-uwarunkowania-leku-porodowego-u-kobiet-w-ciazy-wysokiego-ryzyka-rola-stresu-prenatalnego-przekonan-porodowych-i-regulacji-emocji\/\">Read More&#8230;<\/a><\/p>\n","protected":false},"author":159,"featured_media":0,"parent":4879,"menu_order":0,"comment_status":"closed","ping_status":"closed","template":"","meta":{"_expiration-date-status":"","_expiration-date":0,"_expiration-date-type":"","_expiration-date-categories":[],"_expiration-date-options":[]},"acf":[],"_links":{"self":[{"href":"https:\/\/us.edu.pl\/instytut\/ip\/wp-json\/wp\/v2\/pages\/10415"}],"collection":[{"href":"https:\/\/us.edu.pl\/instytut\/ip\/wp-json\/wp\/v2\/pages"}],"about":[{"href":"https:\/\/us.edu.pl\/instytut\/ip\/wp-json\/wp\/v2\/types\/page"}],"author":[{"embeddable":true,"href":"https:\/\/us.edu.pl\/instytut\/ip\/wp-json\/wp\/v2\/users\/159"}],"replies":[{"embeddable":true,"href":"https:\/\/us.edu.pl\/instytut\/ip\/wp-json\/wp\/v2\/comments?post=10415"}],"version-history":[{"count":2,"href":"https:\/\/us.edu.pl\/instytut\/ip\/wp-json\/wp\/v2\/pages\/10415\/revisions"}],"predecessor-version":[{"id":10427,"href":"https:\/\/us.edu.pl\/instytut\/ip\/wp-json\/wp\/v2\/pages\/10415\/revisions\/10427"}],"up":[{"embeddable":true,"href":"https:\/\/us.edu.pl\/instytut\/ip\/wp-json\/wp\/v2\/pages\/4879"}],"wp:attachment":[{"href":"https:\/\/us.edu.pl\/instytut\/ip\/wp-json\/wp\/v2\/media?parent=10415"}],"curies":[{"name":"wp","href":"https:\/\/api.w.org\/{rel}","templated":true}]}}