{"id":10862,"date":"2025-10-06T15:55:54","date_gmt":"2025-10-06T13:55:54","guid":{"rendered":"https:\/\/us.edu.pl\/instytut\/ip\/?page_id=10862"},"modified":"2025-10-06T15:55:54","modified_gmt":"2025-10-06T13:55:54","slug":"cienie-i-blaski-rodzicielstwa-czynniki-ryzyka-i-czynniki-ochronne-dla-pomyslnego-rodzicielstwa","status":"publish","type":"page","link":"https:\/\/us.edu.pl\/instytut\/ip\/nauka\/zespoly-badawcze\/projekty-naukowe-2\/pregnancy-parenthoodlab-prepare-lab\/aktualne-projekty-prepare-lab\/cienie-i-blaski-rodzicielstwa-czynniki-ryzyka-i-czynniki-ochronne-dla-pomyslnego-rodzicielstwa\/","title":{"rendered":"Cienie i blaski rodzicielstwa &#8211; czynniki ryzyka i czynniki ochronne dla pomy\u015blnego rodzicielstwa"},"content":{"rendered":"<p>[vc_row][vc_column]\r\n                <div class=\"text-modules \">\r\n                    <div class=\"container\">\r\n                         \r\n                        <div class=\"row m-0\">\r\n                            <div class=\"text-modules__content\">\r\n                                <\/p>\n<div dir=\"auto\" style=\"text-align: justify;\"><span style=\"font-size: 14pt;\"><strong>Autorzy:<\/strong> Klaudia Brylewska, Klaudia W\u0105tor<\/span><\/div>\n<div dir=\"auto\" style=\"text-align: justify;\"><\/div>\n<div dir=\"auto\" style=\"text-align: justify;\"><span style=\"font-size: 14pt;\"><strong>Tytu\u0142 projektu:<\/strong> Cienie i blaski rodzicielstwa &#8211; czynniki ryzyka i czynniki ochronne dla pomy\u015blnego rodzicielstwa<\/span><\/div>\n<div dir=\"auto\" style=\"text-align: justify;\"><\/div>\n<div dir=\"auto\" style=\"text-align: justify;\"><span style=\"font-size: 14pt;\"><strong>Cel badania:<\/strong> w pierwszej kolejno\u015bci ocena znaczenia wybranych aspekt\u00f3w zdrowia psychicznego &#8211; takich jak objawy depresji, l\u0119ku, jako\u015b\u0107 snu &#8211; dla pomy\u015blnego przebiegu rodzicielstwa; nast\u0119pnie pr\u00f3ba weryfikacji, czy i na ile zasoby osobowo\u015bciowe (takie jak np. ego-resiliency), zasoby wynikaj\u0105ce z bycia w bliskiej relacji (tj. jako\u015b\u0107 zwi\u0105zku) i zasoby rodzicielskie (tj. samoskuteczno\u015b\u0107 rodzicielska) s\u0105 ochronne dla do\u015bwiadczania trudno\u015bci rodzicielskich.\u00a0<\/span><\/div>\n<div dir=\"auto\" style=\"text-align: justify;\"><span style=\"font-size: 14pt;\">Wyniki badania pozwol\u0105 na lepsze zrozumienie wzajemnych zale\u017cno\u015bci pomi\u0119dzy czynnikami ryzyka i czynnikami ochronnymi &#8211; zar\u00f3wno indywidualnymi, jak i relacyjnymi &#8211; a pomy\u015blnym rodzicielstwem. Mog\u0105 tak\u017ce przyczyni\u0107 si\u0119 do wzrostu wiedzy w tym obszarze bada\u0144, co z kolei mo\u017ce prze\u0142o\u017cy\u0107 si\u0119 w przysz\u0142o\u015bci na opracowanie skutecznych metody pomocy rodzicom.<\/span><\/div>\n<div dir=\"auto\" style=\"text-align: justify;\"><\/div>\n<div dir=\"auto\" style=\"text-align: justify;\"><span style=\"font-size: 14pt;\"><strong>Nadz\u00f3r merytoryczny:<\/strong> dr Anna Ko\u0142odziej-Zaleska, prof. U\u015a<\/span><\/div>\n<div class=\"mt-3\"><\/div>\r\n                            <\/div>\r\n                            \r\n                            <div class=\"text-modules__img\"><img src=\"https:\/\/us.edu.pl\/instytut\/ip\/wp-content\/uploads\/sites\/33\/Prepare-Lab\/klara-kulikova-u900MIEsj6Y-unsplash-scaled.jpg\" alt=\"img\"><\/div>\r\n                        <\/div>\r\n                    <\/div>\r\n                <\/div>[\/vc_column][\/vc_row]<\/p>","protected":false},"excerpt":{"rendered":"<p>[vc_row][vc_column][\/vc_column][\/vc_row] [&#8230;]<\/p>\n<p><a class=\"btn btn-secondary understrap-read-more-link\" href=\"https:\/\/us.edu.pl\/instytut\/ip\/nauka\/zespoly-badawcze\/projekty-naukowe-2\/pregnancy-parenthoodlab-prepare-lab\/aktualne-projekty-prepare-lab\/cienie-i-blaski-rodzicielstwa-czynniki-ryzyka-i-czynniki-ochronne-dla-pomyslnego-rodzicielstwa\/\">Read More&#8230;<\/a><\/p>\n","protected":false},"author":159,"featured_media":0,"parent":4879,"menu_order":0,"comment_status":"closed","ping_status":"closed","template":"","meta":{"_expiration-date-status":"","_expiration-date":0,"_expiration-date-type":"","_expiration-date-categories":[],"_expiration-date-options":[]},"acf":[],"_links":{"self":[{"href":"https:\/\/us.edu.pl\/instytut\/ip\/wp-json\/wp\/v2\/pages\/10862"}],"collection":[{"href":"https:\/\/us.edu.pl\/instytut\/ip\/wp-json\/wp\/v2\/pages"}],"about":[{"href":"https:\/\/us.edu.pl\/instytut\/ip\/wp-json\/wp\/v2\/types\/page"}],"author":[{"embeddable":true,"href":"https:\/\/us.edu.pl\/instytut\/ip\/wp-json\/wp\/v2\/users\/159"}],"replies":[{"embeddable":true,"href":"https:\/\/us.edu.pl\/instytut\/ip\/wp-json\/wp\/v2\/comments?post=10862"}],"version-history":[{"count":1,"href":"https:\/\/us.edu.pl\/instytut\/ip\/wp-json\/wp\/v2\/pages\/10862\/revisions"}],"predecessor-version":[{"id":10864,"href":"https:\/\/us.edu.pl\/instytut\/ip\/wp-json\/wp\/v2\/pages\/10862\/revisions\/10864"}],"up":[{"embeddable":true,"href":"https:\/\/us.edu.pl\/instytut\/ip\/wp-json\/wp\/v2\/pages\/4879"}],"wp:attachment":[{"href":"https:\/\/us.edu.pl\/instytut\/ip\/wp-json\/wp\/v2\/media?parent=10862"}],"curies":[{"name":"wp","href":"https:\/\/api.w.org\/{rel}","templated":true}]}}