{"id":10908,"date":"2025-10-16T17:02:55","date_gmt":"2025-10-16T15:02:55","guid":{"rendered":"https:\/\/us.edu.pl\/instytut\/ip\/?page_id=10908"},"modified":"2025-10-16T17:02:55","modified_gmt":"2025-10-16T15:02:55","slug":"rozwod-a-zasoby-osobiste-i-rodzicielskie-perspektywa-osob-doroslych","status":"publish","type":"page","link":"https:\/\/us.edu.pl\/instytut\/ip\/nauka\/zespoly-badawcze\/projekty-naukowe-2\/pregnancy-parenthoodlab-prepare-lab\/aktualne-projekty-prepare-lab\/rozwod-a-zasoby-osobiste-i-rodzicielskie-perspektywa-osob-doroslych\/","title":{"rendered":"Rozw\u00f3d a zasoby osobiste i rodzicielskie- perspektywa os\u00f3b doros\u0142ych"},"content":{"rendered":"<p>[vc_row][vc_column]\r\n                <div class=\"text-modules \">\r\n                    <div class=\"container\">\r\n                         \r\n                        <div class=\"row m-0\">\r\n                            <div class=\"text-modules__content\">\r\n                                <\/p>\n<div dir=\"auto\"><span style=\"font-size: 14pt;\"><strong>Autorzy:<\/strong> Julia Kapias, Weronika Chrabka\u00a0<\/span><\/div>\n<div dir=\"auto\"><\/div>\n<div dir=\"auto\">\n<div>\n<p><span style=\"font-size: 14pt;\"><strong>Tytu\u0142 projektu:<\/strong> Rozw\u00f3d a zasoby osobiste i rodzicielskie- perspektywa os\u00f3b doros\u0142ych<\/span><\/p>\n<p><span style=\"font-size: 14pt;\"><strong>Opis:<\/strong> Niniejsze badanie ma na celu pog\u0142\u0119bienie wiedzy na temat sposob\u00f3w, w jakie osoby po rozwodzie lub w jego trakcie radz\u0105 sobie w codziennym \u017cyciu- zar\u00f3wno w odniesieniu do w\u0142asnych zasob\u00f3w indywidualnych, jak i w kontek\u015bcie pe\u0142nienia roli rodzica.<\/span><br \/>\n<span style=\"font-size: 14pt;\">Badanie obejmuje takie obszary, jak: wsp\u00f3\u0142czucie wobec siebie, wybaczanie, samoskuteczno\u015b\u0107 rodzicielska oraz kooperacja rodzicielska.<\/span><\/p>\n<\/div>\n<div dir=\"auto\"><\/div>\n<div dir=\"auto\"><span style=\"font-size: 14pt;\"><strong>Nadz\u00f3r merytoryczny:<\/strong> dr Anna Ko\u0142odziej- Zaleska, prof. U\u015a<\/span><\/div>\n<\/div>\n<div class=\"mt-3\"><\/div>\r\n                            <\/div>\r\n                            \r\n                            <div class=\"text-modules__img\"><img src=\"https:\/\/us.edu.pl\/instytut\/ip\/wp-content\/uploads\/sites\/33\/Bez-kategorii\/kelly-sikkema-E8H76nY1v6Q-unsplash-scaled.jpg\" alt=\"img\"><\/div>\r\n                        <\/div>\r\n                    <\/div>\r\n                <\/div>[\/vc_column][\/vc_row]<\/p>","protected":false},"excerpt":{"rendered":"<p>[vc_row][vc_column][\/vc_column][\/vc_row] [&#8230;]<\/p>\n<p><a class=\"btn btn-secondary understrap-read-more-link\" href=\"https:\/\/us.edu.pl\/instytut\/ip\/nauka\/zespoly-badawcze\/projekty-naukowe-2\/pregnancy-parenthoodlab-prepare-lab\/aktualne-projekty-prepare-lab\/rozwod-a-zasoby-osobiste-i-rodzicielskie-perspektywa-osob-doroslych\/\">Read More&#8230;<\/a><\/p>\n","protected":false},"author":159,"featured_media":0,"parent":4879,"menu_order":0,"comment_status":"closed","ping_status":"closed","template":"","meta":{"_expiration-date-status":"","_expiration-date":0,"_expiration-date-type":"","_expiration-date-categories":[],"_expiration-date-options":[]},"acf":[],"_links":{"self":[{"href":"https:\/\/us.edu.pl\/instytut\/ip\/wp-json\/wp\/v2\/pages\/10908"}],"collection":[{"href":"https:\/\/us.edu.pl\/instytut\/ip\/wp-json\/wp\/v2\/pages"}],"about":[{"href":"https:\/\/us.edu.pl\/instytut\/ip\/wp-json\/wp\/v2\/types\/page"}],"author":[{"embeddable":true,"href":"https:\/\/us.edu.pl\/instytut\/ip\/wp-json\/wp\/v2\/users\/159"}],"replies":[{"embeddable":true,"href":"https:\/\/us.edu.pl\/instytut\/ip\/wp-json\/wp\/v2\/comments?post=10908"}],"version-history":[{"count":1,"href":"https:\/\/us.edu.pl\/instytut\/ip\/wp-json\/wp\/v2\/pages\/10908\/revisions"}],"predecessor-version":[{"id":10909,"href":"https:\/\/us.edu.pl\/instytut\/ip\/wp-json\/wp\/v2\/pages\/10908\/revisions\/10909"}],"up":[{"embeddable":true,"href":"https:\/\/us.edu.pl\/instytut\/ip\/wp-json\/wp\/v2\/pages\/4879"}],"wp:attachment":[{"href":"https:\/\/us.edu.pl\/instytut\/ip\/wp-json\/wp\/v2\/media?parent=10908"}],"curies":[{"name":"wp","href":"https:\/\/api.w.org\/{rel}","templated":true}]}}