{"id":1227,"date":"2019-12-29T15:24:13","date_gmt":"2019-12-29T14:24:13","guid":{"rendered":"http:\/\/us.edu.pl\/instytut\/ip\/?page_id=1227"},"modified":"2025-06-25T19:43:45","modified_gmt":"2025-06-25T17:43:45","slug":"biblioteka-testow","status":"publish","type":"page","link":"https:\/\/us.edu.pl\/instytut\/ip\/laboratorium-2\/biblioteka-testow\/","title":{"rendered":"biblioteka test\u00f3w"},"content":{"rendered":"<p>[vc_row][vc_column]\r\n                <div class=\"text-modules\">\r\n                    <div class=\"container\">\r\n                        \r\n                        <div class=\"text-modules__content\"><p>Repozytorium Test\u00f3w Psychologicznych (RTP) stanowi cz\u0119\u015b\u0107 zasob\u00f3w Laboratorium Psychologicznego Wydzia\u0142u Nauk Spo\u0142ecznych U\u015a i gromadzi psychologiczne materia\u0142y testowe, przeznaczone do cel\u00f3w badawczych i dydaktycznych.<\/p>\n<p>1. Materia\u0142y zgromadzone w RTP udost\u0119pniane s\u0105 wy\u0142\u0105cznie:<br \/>\na) Pracownikom etatowym U\u015a posiadaj\u0105cym uprawnienia do prowadzenia bada\u0144 psychologicznych.<br \/>\nb) Studentom studi\u00f3w magisterskich i doktoranckich realizuj\u0105cych badania pod opiek\u0105 promotora lub opiekuna naukowego.<\/p>\n<p>2. Ze zbior\u00f3w RTP mo\u017cna korzysta\u0107:<br \/>\na) Na miejscu w Laboratorium Psychologicznym WNS.<br \/>\nb) Poprzez wypo\u017cyczenie na zewn\u0105trz \u2013 tylko w przypadku test\u00f3w, kt\u00f3re posiadaj\u0105 wi\u0119cej ni\u017c jeden egzemplarz.<\/p>\n<p>3. Prawo do wypo\u017cyczenia test\u00f3w na zewn\u0105trz posiadaj\u0105:<br \/>\na) Pracownicy U\u015a \u2013 do 5 egzemplarzy na okres 14 dni.<br \/>\nb) Doktoranci \u2013 do 3 egzemplarzy na 14 dni.<br \/>\nc) Studenci studi\u00f3w magisterskich \u2013 do 1 egzemplarza na 14 dni (za pisemn\u0105 zgod\u0105 promotora).<\/p>\n<p>4. Warunki wypo\u017cyczenia:<br \/>\na) Student\/doktorant zobowi\u0105zany jest do przedstawienia pisemnej zgody promotora\/opiekuna naukowego na wypo\u017cyczenie materia\u0142u.<br \/>\nb) Wypo\u017cyczaj\u0105cy ponosi pe\u0142n\u0105 odpowiedzialno\u015b\u0107 za powierzony mu test i zobowi\u0105zuje si\u0119 do jego zwrotu w stanie nienaruszonym.<br \/>\nc) W przypadku zgubienia lub zniszczenia testu wypo\u017cyczaj\u0105cy zobowi\u0105zany jest do dostarczenia nowego egzemplarza lub innego wskazanego przez koordynatora RTP.<\/p>\n<p>5. Prolongata wypo\u017cyczenia:<br \/>\na) Okres wypo\u017cyczenia mo\u017ce zosta\u0107 przed\u0142u\u017cony na pisemny wniosek wypo\u017cyczaj\u0105cego, o ile dany test nie jest zarezerwowany przez innego u\u017cytkownika.<\/p>\n<p>6. Ograniczenia:<br \/>\na) Wypo\u017cyczenie dotyczy wy\u0142\u0105cznie materia\u0142\u00f3w testowych \u2013 ksi\u0105\u017cki, podr\u0119czniki oraz opisy test\u00f3w znajduj\u0105 si\u0119 w Bibliotece WNS i nie podlegaj\u0105 wypo\u017cyczeniu z RTP.<br \/>\nb) Wynoszenie test\u00f3w poza obszar laboratorium bez zgody koordynatora RTP jest zabronione.<\/p>\n<p>7. O\u015bwiadczenie o przestrzeganiu praw autorskich:<br \/>\na) Osoba wypo\u017cyczaj\u0105ca testy psychologiczne o\u015bwiadcza, \u017ce jest \u015bwiadoma ich ochrony prawnej wynikaj\u0105cej z przepis\u00f3w o prawie autorskim i prawach pokrewnych oraz ochrony w\u0142asno\u015bci intelektualnej.<br \/>\nb) Wypo\u017cyczaj\u0105cy zobowi\u0105zuje si\u0119 do korzystania z materia\u0142\u00f3w wy\u0142\u0105cznie w celach naukowych i dydaktycznych oraz nieudost\u0119pniania ich osobom trzecim bez zgody w\u0142a\u015bciciela praw.<br \/>\nc) Kopiowanie, skanowanie, powielanie, publikowanie lub rozpowszechnianie test\u00f3w w jakiejkolwiek formie jest zabronione.<\/p>\n<p>Nieprzestrzeganie niniejszego regulaminu mo\u017ce skutkowa\u0107 ograniczeniem prawa do wypo\u017cyczania test\u00f3w lub innymi konsekwencjami zgodnie z regulaminem laboratorium WNS.<\/p>\n<p>Informacja:Laboratorium Psychologiczne WNS nie po\u015bredniczy w zakupie test\u00f3w dla os\u00f3b studiuj\u0105cych na studiach magisterskich lub doktoranckich. Informacje o warunkach zakupu w Pracowni Test\u00f3w Psychologicznych znale\u017a\u0107 mo\u017cna na stronie tej instytucji.<\/p>\n<\/div>\r\n                    <\/div>\r\n                <\/div>[\/vc_column][\/vc_row]<\/p>","protected":false},"excerpt":{"rendered":"<p>[vc_row][vc_column][\/vc_column][\/vc_row] [&#8230;]<\/p>\n<p><a class=\"btn btn-secondary understrap-read-more-link\" href=\"https:\/\/us.edu.pl\/instytut\/ip\/laboratorium-2\/biblioteka-testow\/\">Read More&#8230;<\/a><\/p>\n","protected":false},"author":159,"featured_media":0,"parent":568,"menu_order":0,"comment_status":"closed","ping_status":"closed","template":"page-templates\/page-with-sidebar-and-bookmarks.php","meta":{"_expiration-date-status":"","_expiration-date":0,"_expiration-date-type":"","_expiration-date-categories":[],"_expiration-date-options":[]},"acf":[],"_links":{"self":[{"href":"https:\/\/us.edu.pl\/instytut\/ip\/wp-json\/wp\/v2\/pages\/1227"}],"collection":[{"href":"https:\/\/us.edu.pl\/instytut\/ip\/wp-json\/wp\/v2\/pages"}],"about":[{"href":"https:\/\/us.edu.pl\/instytut\/ip\/wp-json\/wp\/v2\/types\/page"}],"author":[{"embeddable":true,"href":"https:\/\/us.edu.pl\/instytut\/ip\/wp-json\/wp\/v2\/users\/159"}],"replies":[{"embeddable":true,"href":"https:\/\/us.edu.pl\/instytut\/ip\/wp-json\/wp\/v2\/comments?post=1227"}],"version-history":[{"count":10,"href":"https:\/\/us.edu.pl\/instytut\/ip\/wp-json\/wp\/v2\/pages\/1227\/revisions"}],"predecessor-version":[{"id":10458,"href":"https:\/\/us.edu.pl\/instytut\/ip\/wp-json\/wp\/v2\/pages\/1227\/revisions\/10458"}],"up":[{"embeddable":true,"href":"https:\/\/us.edu.pl\/instytut\/ip\/wp-json\/wp\/v2\/pages\/568"}],"wp:attachment":[{"href":"https:\/\/us.edu.pl\/instytut\/ip\/wp-json\/wp\/v2\/media?parent=1227"}],"curies":[{"name":"wp","href":"https:\/\/api.w.org\/{rel}","templated":true}]}}