{"id":1270,"date":"2019-12-29T17:11:30","date_gmt":"2019-12-29T16:11:30","guid":{"rendered":"http:\/\/us.edu.pl\/instytut\/ip\/?page_id=1270"},"modified":"2020-01-04T22:20:32","modified_gmt":"2020-01-04T21:20:32","slug":"sprzet","status":"publish","type":"page","link":"https:\/\/us.edu.pl\/instytut\/ip\/laboratorium-2\/zasoby\/sprzet\/","title":{"rendered":"sprz\u0119t"},"content":{"rendered":"<p>[vc_row][vc_column]\r\n                <div class=\"text-modules\">\r\n                    <div class=\"container\">\r\n                        <h3 class=\"page-title text__title\">Sprz\u0119t Laboratorium umo\u017cliwia przygotowanie materia\u0142\u00f3w bod\u017acowych oraz prowadzenie eksperyment\u00f3w, z wykorzystaniem bod\u017ac\u00f3w r\u00f3\u017cnych modalno\u015bci.<\/h3>\r\n                        <div class=\"text-modules__content\"><p><span style=\"font-size: 12pt\"><strong>Eksperymentator ma do dyspozycji:<br \/>\n<\/strong><\/span><br \/>\n<span style=\"font-size: 12pt\">&#8211; trzy zestawy komputerowe, w tym jeden o podwy\u017cszonych parametrach (64bit, procesor czterordzeniowy Intel Core i7, pami\u0119\u0107 8 GB, karta grafiki z technologi\u0105 CUDA i pami\u0119ci\u0105 2 GB<\/span><br \/>\n<span style=\"font-size: 12pt\">&#8211; dwa laptopy 17&#8221;<\/span><br \/>\n<span style=\"font-size: 12pt\">&#8211; jeden laptop 13&#8221; ze stacj\u0105 dokuj\u0105c\u0105<\/span><br \/>\n<span style=\"font-size: 12pt\">&#8211; monitor CRT z maksymaln\u0105 cz\u0119stotliwo\u015bci\u0105 od\u015bwie\u017cania obrazu 160Hz<\/span><br \/>\n<span style=\"font-size: 12pt\">&#8211; monitor dotykowy DELL 22&#8221;<\/span><br \/>\n<span style=\"font-size: 12pt\">&#8211; zestaw do rejestracji reakcji neurofizjologicznych organizmu Infiniti firmy Thought Technology:<\/span><br \/>\n<span style=\"font-size: 12pt\">&gt; koder posiadaj\u0105cy 10 kana\u0142\u00f3w o du\u017cej szybko\u015bci pr\u00f3bkowania (2048 sampli\/sek.)<\/span><br \/>\n<span style=\"font-size: 12pt\">&gt; sensory EEG, EMG, oporno\u015bci sk\u00f3rnej, t\u0119tna, temperatury sk\u00f3ry, cz\u0119sto\u015bci i g\u0142\u0119boko\u015bci oddechu<\/span><br \/>\n<span style=\"font-size: 12pt\">&#8211; system rejestracji obrazu: 3 kamery megapikselowe GeoVision<\/span><br \/>\n<span style=\"font-size: 12pt\">&#8211; kamera umo\u017cliwiaj\u0105ca rejestracj\u0119 obrazu Full HD w cz\u0119stotliwo\u015bci 50klatek\/s<\/span><br \/>\n<span style=\"font-size: 12pt\">&#8211; aparat fotograficzny SONY HX-100V, z mo\u017cliwo\u015bci\u0105 nagrywania film\u00f3w Full HD<\/span><br \/>\n<span style=\"font-size: 12pt\">&#8211; zestaw o\u015bwietleniowy<\/span><br \/>\n<span style=\"font-size: 12pt\">&#8211; system rejestracji i emisji d\u017awi\u0119ku: wzmacniacz czterokana\u0142owy MONACOR PA-4040 MPX, interfejs wielokana\u0142owy TASCAM US-2000, 4 g\u0142o\u015bniki MONACOR ESP-232, mikrofon pojemno\u015bciowy, mikrofon kierunkowy<\/span><br \/>\n<span style=\"font-size: 12pt\">&#8211; przeno\u015bny system nag\u0142o\u015bnieniowy LDM PSS-mini<\/span><br \/>\n<span style=\"font-size: 12pt\">&#8211; telewizor LED 40&#8221;<\/span><br \/>\n<span style=\"font-size: 12pt\">&#8211; telewizor LED 32&#8221;<\/span><\/p>\n<\/div>\r\n                    <\/div>\r\n                <\/div>[\/vc_column][\/vc_row][vc_row][vc_column]            \r\n                    <div class=\"container\">\r\n                        <div class=\"gallery gallery_3\" data-images-in-row=\"3\">\r\n                            <div class=\"section-title section-title_border-bottom\">Galeria<\/div>\r\n                            <div class=\"row m-0\">\r\n                                <a data-fancybox-group=\"button\" title=\"\" data-fancybox=\"8625\" href=\"\" class=\"gallery__item thumbnail\"\r\n                                    style=\"background-image: url()\"> <span class=\"d-none\"><\/span> <\/a><a data-fancybox-group=\"button\" title=\"\" data-fancybox=\"8625\" href=\"\" class=\"gallery__item thumbnail\"\r\n                                    style=\"background-image: url()\"> <span class=\"d-none\"><\/span> <\/a><a data-fancybox-group=\"button\" title=\"\" data-fancybox=\"8625\" href=\"\" class=\"gallery__item thumbnail\"\r\n                                    style=\"background-image: url()\"> <span class=\"d-none\"><\/span> <\/a><a data-fancybox-group=\"button\" title=\"\" data-fancybox=\"8625\" href=\"\" class=\"gallery__item thumbnail\"\r\n                                    style=\"background-image: url()\"> <span class=\"d-none\"><\/span> <\/a><a data-fancybox-group=\"button\" title=\"\" data-fancybox=\"8625\" href=\"\" class=\"gallery__item thumbnail\"\r\n                                    style=\"background-image: url()\"> <span class=\"d-none\"><\/span> <\/a><a data-fancybox-group=\"button\" title=\"\" data-fancybox=\"8625\" href=\"\" class=\"gallery__item thumbnail\"\r\n                                    style=\"background-image: url()\"> <span class=\"d-none\"><\/span> <\/a><a data-fancybox-group=\"button\" title=\"\" data-fancybox=\"8625\" href=\"\" class=\"gallery__item thumbnail\"\r\n                                    style=\"background-image: url()\"> <span class=\"d-none\"><\/span> <\/a><a data-fancybox-group=\"button\" title=\"\" data-fancybox=\"8625\" href=\"\" class=\"gallery__item thumbnail\"\r\n                                    style=\"background-image: url()\"> <span class=\"d-none\"><\/span> <\/a><a data-fancybox-group=\"button\" title=\"\" data-fancybox=\"8625\" href=\"\" class=\"gallery__item thumbnail\"\r\n                                    style=\"background-image: url()\"> <span class=\"d-none\"><\/span> <\/a><a data-fancybox-group=\"button\" title=\"\" data-fancybox=\"8625\" href=\"\" class=\"gallery__item thumbnail\"\r\n                                    style=\"background-image: url()\"> <span class=\"d-none\"><\/span> <\/a>\r\n                            <\/div>\r\n                    <\/div>\r\n                <\/div>[\/vc_column][\/vc_row]<\/p>","protected":false},"excerpt":{"rendered":"<p>[vc_row][vc_column][\/vc_column][\/vc_row][vc_row][vc_column][\/vc_column][\/vc_row] [&#8230;]<\/p>\n<p><a class=\"btn btn-secondary understrap-read-more-link\" href=\"https:\/\/us.edu.pl\/instytut\/ip\/laboratorium-2\/zasoby\/sprzet\/\">Read More&#8230;<\/a><\/p>\n","protected":false},"author":159,"featured_media":0,"parent":1242,"menu_order":0,"comment_status":"closed","ping_status":"closed","template":"","meta":{"_expiration-date-status":"saved","_expiration-date":0,"_expiration-date-type":"","_expiration-date-categories":[],"_expiration-date-options":[]},"acf":[],"_links":{"self":[{"href":"https:\/\/us.edu.pl\/instytut\/ip\/wp-json\/wp\/v2\/pages\/1270"}],"collection":[{"href":"https:\/\/us.edu.pl\/instytut\/ip\/wp-json\/wp\/v2\/pages"}],"about":[{"href":"https:\/\/us.edu.pl\/instytut\/ip\/wp-json\/wp\/v2\/types\/page"}],"author":[{"embeddable":true,"href":"https:\/\/us.edu.pl\/instytut\/ip\/wp-json\/wp\/v2\/users\/159"}],"replies":[{"embeddable":true,"href":"https:\/\/us.edu.pl\/instytut\/ip\/wp-json\/wp\/v2\/comments?post=1270"}],"version-history":[{"count":4,"href":"https:\/\/us.edu.pl\/instytut\/ip\/wp-json\/wp\/v2\/pages\/1270\/revisions"}],"predecessor-version":[{"id":1780,"href":"https:\/\/us.edu.pl\/instytut\/ip\/wp-json\/wp\/v2\/pages\/1270\/revisions\/1780"}],"up":[{"embeddable":true,"href":"https:\/\/us.edu.pl\/instytut\/ip\/wp-json\/wp\/v2\/pages\/1242"}],"wp:attachment":[{"href":"https:\/\/us.edu.pl\/instytut\/ip\/wp-json\/wp\/v2\/media?parent=1270"}],"curies":[{"name":"wp","href":"https:\/\/api.w.org\/{rel}","templated":true}]}}