{"id":2010,"date":"2020-01-16T19:50:29","date_gmt":"2020-01-16T18:50:29","guid":{"rendered":"http:\/\/us.edu.pl\/instytut\/ip\/?page_id=2010"},"modified":"2020-12-04T21:31:32","modified_gmt":"2020-12-04T20:31:32","slug":"publikacje-w-czasopismach-w-roku-2019","status":"publish","type":"page","link":"https:\/\/us.edu.pl\/instytut\/ip\/nauka\/publikacje-2\/artykuly-w-czasopismach\/publikacje-w-czasopismach-w-roku-2019\/","title":{"rendered":"Publikacje w czasopismach w roku 2019"},"content":{"rendered":"<p>[vc_row][vc_column]\r\n                <div class=\"text-modules\">\r\n                    <div class=\"container\">\r\n                        <h3 class=\"page-title text__title\">Publikacje w czasopismach naukowych w 2019 roku<\/h3>\r\n                        <div class=\"text-modules__content\"><\/p>\n<ol>\n<li><span style=\"font-size: 14pt\">Knapik, K., Siero\u0144, K., Wojtyna, E., Onik, G., Romuk, E., Birkner, E., Stanek, A., Kawczyk-Kupka, A., Plinta, R., Siero\u0144, A. (2019). Precompetitional weight reduction modifies prooxidative-antioxidative status in judokas. <em>Oxidative Medicine and Cellular Longevity<\/em>, article ID: 2164698, 1-9. <a href=\"https:\/\/doi.org\/10.1155\/2019\/2164698\">DOI: 10.1155\/2019\/2164698. <\/a><strong>\u00a0<\/strong><strong>Impact Factor: <span class=\"sc-elJkPf dYEDjd\">4.868<\/span><\/strong><\/span><\/li>\n<li><span style=\"font-size: 14pt\">Bia\u0142ek, M., Paruzel-Czachura, M., Gawronski, B. (2019). Foreign language effects on moral dilemma judgments: An analysis using the CNI model. <em>Journal of Experimental Social Psychology<\/em>, 85, 1-8. <a href=\"https:\/\/www.sciencedirect.com\/science\/article\/pii\/S0022103119300599?via%3Dihub\">DOI: https:\/\/doi.org\/10.1016\/j.jesp.2019.103855<\/a><strong>. Impact Factor: 3.666<\/strong><\/span><\/li>\n<li><span style=\"font-size: 14pt\">Gramaglia, C., Gambaro, E., Delicato, C., Marchetti, M., Sarchiapone, M., Ferrante, D., Roncero, M., Perpina, C., Brytek-Matera, A., Wojtyna, E., Zeppegno, P. (2019). Orthorexia nervosa, eating patterns and personality traits: a cross-cultural comparison of Italian, Polish and Spanish university students. <em>BMC Psychiatry<\/em>, 19, 235. <a href=\"https:\/\/doi.org\/10.1186\/s12888-019-2208-2\">DOI: 10.1186\/s12888-019-2208-2.<\/a> <strong>Impact Factor: 3.302<\/strong><\/span><\/li>\n<li><span style=\"font-size: 14pt\">Rode, D., Rode, M., Marganski, A.J., Januszek, M. (2019). The impact of physical abuse &amp; exposure to parental IPV on young adolescents in Poland: a clinical assessment and comparison of psychological outcomes. <i>Journal of Family Violence<\/i>, 1-13. <a href=\"https:\/\/link.springer.com\/article\/10.1007\/s10896-019-00036-4\"><span class=\"u-clearfix c-bibliographic-information__value\">https:\/\/doi.org\/10.1007\/s10896-019-00036-4.<\/span><\/a><strong> Impact Factor:<\/strong> <strong>2.787<\/strong><\/span><\/li>\n<li><span style=\"font-size: 14pt\">Zachurzok, A., Pasztak-Opilka, A., Malecka-Tendera, E. (2019). Is there the relationship between anxiety and depression level and clinical presentation of polycystic ovary syndrome in adolescent girls? <em>Hormone Research in Paediatrics<\/em>, 91 (suppl. 1), 192. <a href=\"https:\/\/abstracts.eurospe.org\/hrp\/0092\/hrp0092p1-131\">DOI: 10.1159\/000501868.<\/a> <strong>Impact Factor: 2.324<\/strong><\/span><\/li>\n<li><span style=\"font-size: 14pt\">Charzy\u0144ska, E., Gruszczy\u0144ska, E., Heszen-Celi\u0144ska, I. (2019). The role of forgiveness and gratitude in the quality of life of alcohol-dependent persons. <i>Addiction Research &amp; Theory<\/i>, 1-10. <a href=\"https:\/\/doi.org\/10.1080\/16066359.2019.1642332\">https:\/\/doi.org\/10.1080\/16066359.2019.1642332<\/a>. <strong>Impact Factor:<span class=\"st\">\u00a02.319<\/span><\/strong><\/span><\/li>\n<li><span style=\"font-size: 14pt\">Pilch, I., Smolorz, K. (2019). The Dark Triad and the quality of sexual life. <i>Personality and Individual Differences<\/i>, <i>149<\/i>, 78-82. <a href=\"https:\/\/doi.org\/10.1016\/j.paid.2019.05.041\">DOI: https:\/\/doi.org\/10.1016\/j.paid.2019.05.041.<\/a><strong> Impact Factor:<\/strong> <strong>1.997<\/strong><\/span><\/li>\n<li><span style=\"font-size: 14pt\">\u015alebarska, K., Soucek, R., Moser, K. (2019). Increasing proactive coping in organizational newcomers: Improving job adaptation or rocking the boat? <em>Journal of Career Development<\/em>, 3, 295-313. <a href=\"https:\/\/doi.org\/10.1177\/0894845318763947\">DOI: https:\/\/doi.org\/10.1177\/0894845318763947.<\/a> <strong>Impact Factor: 1.560<\/strong><\/span><\/li>\n<li><span style=\"font-size: 14pt\">Chudzicka-Czupa\u0142a, A., Stasi\u0142a-Sieradzka, M., Rachwaniec-Szczeci\u0144ska, \u017b., Grabowski, D. (2019). The severity of work-related stress and an assessment of the areas of worklife in the service sector. <i>International Journal of Occupational Medicine and Environmental Health<\/i>, <i>32<\/i>(4), 1-16. <a href=\"https:\/\/doi.org\/10.13075\/ijomeh.1896.01406\">DOI: https:\/\/doi.org\/10.13075\/ijomeh.1896.01406.<\/a> <strong>Impact Factor: 1.486<\/strong><\/span><\/li>\n<li><span style=\"font-size: 14pt\">So\u0142tysik, M., Flakus, M., Pudlo, R. (2019). Personality characteristics of mountaineers &#8211; review of the literature. <em>Psychiatria Polska<\/em>, 53(6), 1397\u20131411. <a href=\"http:\/\/www.psychiatriapolska.pl\/uploads\/images\/PP_6_2019\/ENGver1397Soltysik_PsychiatrPol2019v53i6.pdf\" class=\"mtli_attachment mtli_pdf\" data-mtli=\"mtli_filesize1,10kB\" class=\"mtli_attachment mtli_pdf\" data-mtli=\"mtli_filesize1,10kB\">DOI: https:\/\/doi.org\/10.12740\/PP\/99144.<\/a><\/span><\/li>\n<li><span style=\"font-size: 14pt\">G\u00f3rnik-Durose, M.E. (2019). Deconstructing materialism \u2013 towards a better understanding of its connections with well-being<strong>. <\/strong><em>Polish Psychological Bulletin<\/em>, 50(2), 174\u2013183. <a href=\"http:\/\/www.czasopisma.pan.pl\/dlibra\/publication\/129450\/edition\/112978\/content\/deconstructing-materialism-towards-a-better-understanding-of-its-connections-with-well-being-gornik-durose-malgorzata-ewa\">DOI: 10.24425\/ppb.2019.129450<\/a>. <a href=\"https:\/\/rebus.us.edu.pl\/bitstream\/20.500.12128\/10843\/1\/Gornik-Durose_Deconstructing_materialism.pdf\" class=\"mtli_attachment mtli_pdf\" class=\"mtli_attachment mtli_pdf\"><strong>Full text<\/strong><\/a><\/span><\/li>\n<li><span style=\"font-size: 14pt\">Kocur, D., Kwiatkowska, S. (2019). Poczucie i potrzeba w\u0142adzy u pacjent\u00f3w cierpi\u0105cych na schizofreni\u0119. <em>Psychiatria Polska<\/em>, 53(1), 105\u2013115. <a href=\"http:\/\/psychiatriapolska.pl\/uploads\/images\/PP_1_2019\/105Kocur_PsychiatrPol2019v53i1.pdf\" class=\"mtli_attachment mtli_pdf\" data-mtli=\"mtli_filesize1,10kB\" class=\"mtli_attachment mtli_pdf\" data-mtli=\"mtli_filesize1,10kB\"><strong>Full text<\/strong><\/a><\/span><\/li>\n<li><span style=\"font-size: 14pt\">Mandal, E., Wierzcho\u0144, A. (2019). Shyness, self-presentation, adonization and influence tactics in close relationships. <em>Current Issues of Personality Psychology<\/em>, 7(3), 189-202. <a href=\"https:\/\/www.termedia.pl\/Shyness-self-presentation-adonization-and-influence-tactics-in-close-relationships,75,37836,1,1.html\">DOI: 10.5114\/cipp.2019.88276.<\/a><\/span><\/li>\n<li><span style=\"font-size: 14pt\">Mandal, E., Moro\u0144, M., A. (2019). Contingencies of self-worth and global self-esteem among collegewomen: The role of masculine and feminine traits endorsement. <em>Social Psychology Bulletin<\/em>, 14(3). <a href=\"https:\/\/spb.psychopen.eu\/index.php\/spb\/article\/view\/2577\">DOI: 10.32872\/spb.v14i1.33507<\/a>.<\/span><\/li>\n<li><span style=\"font-size: 14pt\">Mandal, E., Kocur, D. ( 2019 ). Possession and subordination to power \u00a0in professional relations vs power in close sexual relations, <em>Polish Psychological Bulletin,<\/em> 50 (4), 326-333. \u00a0<a href=\"https:\/\/doi.org\/10.24425\/ppb.2019.131005\" target=\"_blank\" rel=\"noopener noreferrer\">https:\/\/doi.org\/10.24425\/ppb.2019.131005<\/a><\/span><\/li>\n<li><span style=\"font-size: 14pt\">Friedrich, W. (2019). Zakres bada\u0144 psychologicznych przeprowadzonych w zwi\u0105zku z przes\u0142uchaniem w trybie art. 185a-185c k.p.k na tle uwag og\u00f3lnych dotycz\u0105cych przes\u0142uchania \u015bwiadk\u00f3w. <em>Przegl\u0105d S\u0105dowy<\/em>, 5\/2019, 57-72. <a href=\"https:\/\/sip.lex.pl\/komentarze-i-publikacje\/artykuly\/zakres-badan-psychologicznych-przeprowadzonych-w-zwiazku-z-151350356\">Full text<\/a><\/span><\/li>\n<li><span style=\"font-size: 14pt\">Gregor, K., Bana\u015b, E., Malec., M., Ilska, M., Jagielska, A., Rak, K., Cnota, W., Czuba, B. (2019). Labor anxiety \u2013 risk factors and impact on the course of labor, puerperium and neonatal condition. <em>Ginekologia i Po\u0142o\u017cnictwo &#8211; Medical Projec<\/em>t, 1(51), 009-013. <a href=\"https:\/\/www.researchgate.net\/profile\/Michalina_Ilska\/publication\/331998409_Labour_anxiety_-_risk_factors_and_its_impact_of_the_course_of_labor_postpartum_and_condition_of_the_newborn\/links\/5cec35efa6fdcc18c8e72d85\/Labour-anxiety-risk-factors-and-its-impact-of-the-course-of-labor-postpartum-and-condition-of-the-newborn.pdf\" class=\"mtli_attachment mtli_pdf\" class=\"mtli_attachment mtli_pdf\">Full text<\/a><\/span><\/li>\n<li><span style=\"font-size: 14pt\">Brandt-Salmeri, A., Przyby\u0142a-Basista, H. (2019).\u00a0 Depression and marital satisfaction: the mediating role of sexual satisfaction and perceived partner acceptance in women after mastectomy. <em>Health Psychology Report<\/em>. 2, 121-132. <a href=\"https:\/\/doi.org\/10.5114\/hpr.2019.84213\">doi.org\/10.5114\/hpr.2019.84213<\/a><\/span><\/li>\n<li><span style=\"font-size: 14pt\">Jach, \u0141. (2019). Scjentoteizm pod lup\u0105. Konstrukcja i w\u0142asno\u015bci psychometryczne kwestionariusza do badania aspekt\u00f3w \u015bwiatopogl\u0105du scjentystycznego. <em>Przegl\u0105d Psychologiczny<\/em>, 62, 113-139. <a href=\"https:\/\/www.kul.pl\/files\/714\/1.62.2019_art.4.pdf\" class=\"mtli_attachment mtli_pdf\" class=\"mtli_attachment mtli_pdf\"><strong>Full text<\/strong><\/a><\/span><\/li>\n<li><span style=\"font-size: 14pt\">Jach, \u0141. (2019). Spotlight on scientotheism. Structure and psychometric properties of the questionnaire for the study of scientistic worldview aspects. <em>The Review of Psychology,<\/em> 62, 141-165. <a href=\"https:\/\/www.kul.pl\/files\/714\/1.62.2019_art.4.ENG.pdf\" class=\"mtli_attachment mtli_pdf\" class=\"mtli_attachment mtli_pdf\"><strong>Full text<\/strong><\/a><\/span><\/li>\n<li><span style=\"font-size: 14pt\">Kocur, D. (2019). Wp\u0142yw filmu 50 twarzy Greya na postawy wobec praktyk BDSM oraz zachowania seksualne. <em>Seksuologia Polska<\/em>, 17(1), 16-27. <a href=\"https:\/\/journals.viamedica.pl\/seksuologia_polska\/article\/view\/65429\">Full text<\/a><\/span><\/li>\n<li><span style=\"font-size: 14pt\">Brandt-Salmeri, A., Ilska, M., Ko\u0142odziej-Zaleska, A. (2019). Body image in women with breast cancer undergoing surgical treatment \u2013 a comparative analysis. <em>Scientific Papers of Silesian University of Technology. Organization and Management Series, <\/em>141, 7-24. \u00a0DOI:\/\/dx.doi.org\/10.29119\/1641-3466.2019.141.1. <a href=\"https:\/\/www.polsl.pl\/Wydzialy\/ROZ\/ZN\/Documents\/zeszyt%20141\/Brandt-Salmeri,%20Ilska,%20Ko%C5%82odziej-Zaleska.pdf\" class=\"mtli_attachment mtli_pdf\" class=\"mtli_attachment mtli_pdf\">Full text<\/a><\/span><\/li>\n<li><span style=\"font-size: 14pt\">Buszman, K. (2019). Social support in a changing world \u2013 the importance of online support groups for people suffering from eating disorders. <em>Scientific Papers of Silesian University of Technology. Organization and Management Series,<\/em> 141, 33-50. DOI: <a href=\"https:\/\/rebus.us.edu.pl\/handle\/20.500.12128\/14115\">http:\/\/dx.doi.org\/10.29119\/1641-3466.2019.141.2.<\/a><\/span><\/li>\n<li><span style=\"font-size: 14pt\">Ilska, M., Ko\u0142odziej-Zaleska, A., Brandt-Salmeri, A. (2019). Assessment of obstetrician-patient relationship and stress levels experienced by women in healthy pregnancy and pregnancy complicated by maternal or fetal factors. <em>Scientific Papers of Silesian Unive<span style=\"font-family: verdana, geneva, sans-serif;font-size: 14pt\">rsity of Technology. Organization and Management Series, <\/span><\/em><span style=\"font-family: verdana, geneva, sans-serif\">141, 115-132. DOI: <\/span><span style=\"font-family: 'georgia', 'serif'\"><span style=\"font-family: 'times new roman', 'serif'\"><span style=\"color: black\"><span style=\"font-family: verdana, geneva, sans-serif;font-size: 14pt\">http:\/\/dx.doi.org\/10.29119\/1641-3466.2019.141.8. <a href=\"https:\/\/www.polsl.pl\/Wydzialy\/ROZ\/ZN\/Documents\/zeszyt%20141\/Ilska,%20Ko%C5%82odziej-Zaleska,%20Brandt-Salmeri.pdf\" class=\"mtli_attachment mtli_pdf\" class=\"mtli_attachment mtli_pdf\">Full text<\/a><\/span><\/span><\/span><\/span><\/span><\/li>\n<li><span style=\"font-size: 14pt\">Jaz\u0142owska, A. (2019). Parental cooperation between mothers and fathers of children with down syndrome. <em>Scientific Papers of Silesian University of Technology. Organization and Management Series<\/em>, 141, 133-146. DOI: http:\/\/dx.doi.org\/10.29119\/1641-3466.2019.141.9. <a href=\"https:\/\/www.polsl.pl\/Wydzialy\/ROZ\/ZN\/Documents\/zeszyt%20141\/Jaz%C5%82owska.pdf\" class=\"mtli_attachment mtli_pdf\" class=\"mtli_attachment mtli_pdf\">Full text<\/a><\/span><\/li>\n<li><span style=\"font-size: 14pt\">Ko\u0142odziej-Zaleska, A., Brandt-Salmeri, A., Ilska, M. (2019). The crisis of divorce and the nature of the experienced life changes. <em>Scientific Papers of Silesian University of Technology. Organization and Management Series<\/em>, 141, 184-199. DOI: <a href=\"https:\/\/rebus.us.edu.pl\/handle\/20.500.12128\/13605\">http:\/\/dx.doi.org\/10.29119\/1641-3466.2019.141.13.<\/a><\/span><\/li>\n<li><span style=\"font-size: 14pt\">Sz<\/span><span style=\"font-size: 14pt\">cz\u0119sna, A., Przyby\u0142a-Basista, H. (2019). Marital dialogue as a constructive response to dissatisfaction in marriage and its predictors.\u00a0<em>Scientific Papers of Silesian University of Technology. Organization and Management Series<\/em>, 141, 405-419. DOI: http:\/\/dx.doi.org\/10.29119\/1641-3466.2019.141.30.\u00a0<a href=\"https:\/\/www.polsl.pl\/Wydzialy\/ROZ\/ZN\/Documents\/zeszyt%20141\/Szcz%C4%99sna,%20Przyby%C5%82a-Basita.pdf\" class=\"mtli_attachment mtli_pdf\" class=\"mtli_attachment mtli_pdf\">Full text<\/a><\/span><\/li>\n<li><span style=\"font-size: 14pt\">Sane<\/span><span style=\"font-size: 14pt\">cka, E. (2019). Procrastination in blended learning: The role of general self-efficacy, and active and passive procrastination.\u00a0<em>International Journal of Research in E-learning,<\/em>\u00a05(2), 49-65. DOI:\u00a0<a class=\"truncate-anchor-peer-review inline\" href=\"https:\/\/doi.org\/10.31261\/ijrel.2018.5.2.04\" target=\"orcid.blank\" rel=\"noopener noreferrer\">10.31261\/ijrel.2018.5.2.04<\/a><\/span><\/li>\n<\/ol>\n<p>\n<style type=\"text\/css\">a[data-mtli~=\"mtli_filesize1,10kB\"]:after {content:\" (1,10 kB)\"}<\/style><\/div>\r\n                    <\/div>\r\n                <\/div>[\/vc_column][\/vc_row]<\/p>\n<style type=\"text\/css\">a[data-mtli~=\"mtli_filesize1,10kB\"]:after {content:\" (1,10 kB)\"}<\/style>","protected":false},"excerpt":{"rendered":"<p>[vc_row][vc_column][\/vc_column][\/vc_row] [&#8230;]<\/p>\n<p><a class=\"btn btn-secondary understrap-read-more-link\" href=\"https:\/\/us.edu.pl\/instytut\/ip\/nauka\/publikacje-2\/artykuly-w-czasopismach\/publikacje-w-czasopismach-w-roku-2019\/\">Read More&#8230;<\/a><\/p>\n","protected":false},"author":159,"featured_media":0,"parent":879,"menu_order":0,"comment_status":"closed","ping_status":"closed","template":"","meta":{"_expiration-date-status":"saved","_expiration-date":0,"_expiration-date-type":"","_expiration-date-categories":[],"_expiration-date-options":[]},"acf":[],"_links":{"self":[{"href":"https:\/\/us.edu.pl\/instytut\/ip\/wp-json\/wp\/v2\/pages\/2010"}],"collection":[{"href":"https:\/\/us.edu.pl\/instytut\/ip\/wp-json\/wp\/v2\/pages"}],"about":[{"href":"https:\/\/us.edu.pl\/instytut\/ip\/wp-json\/wp\/v2\/types\/page"}],"author":[{"embeddable":true,"href":"https:\/\/us.edu.pl\/instytut\/ip\/wp-json\/wp\/v2\/users\/159"}],"replies":[{"embeddable":true,"href":"https:\/\/us.edu.pl\/instytut\/ip\/wp-json\/wp\/v2\/comments?post=2010"}],"version-history":[{"count":33,"href":"https:\/\/us.edu.pl\/instytut\/ip\/wp-json\/wp\/v2\/pages\/2010\/revisions"}],"predecessor-version":[{"id":2983,"href":"https:\/\/us.edu.pl\/instytut\/ip\/wp-json\/wp\/v2\/pages\/2010\/revisions\/2983"}],"up":[{"embeddable":true,"href":"https:\/\/us.edu.pl\/instytut\/ip\/wp-json\/wp\/v2\/pages\/879"}],"wp:attachment":[{"href":"https:\/\/us.edu.pl\/instytut\/ip\/wp-json\/wp\/v2\/media?parent=2010"}],"curies":[{"name":"wp","href":"https:\/\/api.w.org\/{rel}","templated":true}]}}