{"id":2041,"date":"2020-01-17T18:13:53","date_gmt":"2020-01-17T17:13:53","guid":{"rendered":"http:\/\/us.edu.pl\/instytut\/ip\/?page_id=2041"},"modified":"2020-06-17T21:15:03","modified_gmt":"2020-06-17T19:15:03","slug":"publikacje-w-czasopismach-naukowych-w-2018-roku","status":"publish","type":"page","link":"https:\/\/us.edu.pl\/instytut\/ip\/nauka\/publikacje-2\/artykuly-w-czasopismach\/publikacje-w-czasopismach-naukowych-w-2018-roku\/","title":{"rendered":"Publikacje w czasopismach naukowych w 2018 roku"},"content":{"rendered":"<p>[vc_row][vc_column]\r\n                <div class=\"text-modules\">\r\n                    <div class=\"container\">\r\n                        <h3 class=\"page-title text__title\">Publikacje w czasopismach naukowych w 2018 roku<\/h3>\r\n                        <div class=\"text-modules__content\"><\/p>\n<ol>\n<li><span style=\"font-size: 14pt\">Pilch, I., Baran, L., Bolek-Kochanowska, M., Bo\u017cek, M., Friedrich, W., Hyla, M., Sikora, J. (2018). Situational suppression use and social hierarchy in non-individualistic and hierarchic society: A replication study. <em>Journal of Research in Personality,<\/em> 74, 114-123. <a href=\"https:\/\/www.sciencedirect.com\/science\/article\/pii\/S0092656618300370\">DOI: 10.1016\/j.jrp.2018.04.005.<\/a> <strong>Impact Factor: 3.365<\/strong><\/span><\/li>\n<li><span style=\"font-size: 14pt\">G\u00f3rnik-Durose, M.E., Boro\u0144, K. (2018). Not materialistic, just neurotic. The mediating effect of neuroticism on the relationship between attitudes to material assets and well-being. <em>Personality and Individual Differences<\/em>, 123, 27-33. <a href=\"https:\/\/pdfs.semanticscholar.org\/9f26\/d7359fffa7e034144f436f09d8b8b32068d6.pdf\" class=\"mtli_attachment mtli_pdf\" class=\"mtli_attachment mtli_pdf\">DOI: 10.1016\/j.paid.2017.10.040.<\/a> <strong>Impact Factor: 2.419<\/strong><\/span><\/li>\n<li><span style=\"font-size: 14pt\">Charzy\u0144ska, E., Gruszczy\u0144ska, E., Heszen, I. (2018). Forgiveness and gratitude trajectories among persons undergoing alcohol addiction therapy. <i>Addiction Research &amp; Theory<\/i>, 26(4), 282-293. <a href=\"https:\/\/doi.org\/10.1080\/16066359.2018.1429595\">doi.org\/10.1080\/16066359.2018.1429595.<\/a>\u00a0<strong>Impact Factor: 2.319<\/strong><\/span><\/li>\n<li><span style=\"font-size: 14pt\">Zachurzok, A., Pasztak- Opi\u0142ka, A., Forys-Dworniczak, E., Drosdzol-Cop, A., Gawlik, A., Malecka-Tendera, E. (2018). Are Psychosocial Consequences of Obesity and Hyperandrogenism Present in Adolescent Girls with Polycystic Ovary Syndrome? <em>International Journal of Endocrinology<\/em>, vol. 2018, Article ID: 3269618, 10. <a href=\"https:\/\/www.hindawi.com\/journals\/ije\/2018\/3269618\/\">DOI: 10.1155\/2018\/3269618<\/a>. <strong>Impact Factor: 2.287<\/strong><\/span><\/li>\n<li><span style=\"font-size: 14pt\">Herman, S., Lisowska, G., Herman, J., Wojtyna, E., Misio\u0142ek, M. (2018). Genuine halitosis in patients with dental and laryngological etiologies of mouth odor: severity and role of oral hygiene behaviors. <em>European Journal of Oral Sciences<\/em>, 126, 101-109. <a href=\"http:\/\/onlinelibrary.wiley.com\/doi\/10.1111\/eos.12404\/full\">DOI: 10.1111\/eos.12404.<\/a> <strong>Impact Factor: 1.810<\/strong><\/span><\/li>\n<li><span style=\"font-size: 14pt\">Zachurzok, A., Pasztak-Opilka, A., Forys-Dworniczak, E., Drosdzol-Cop, A., Gawlik, A., Ma\u0142ecka-Tendera, E. (2018). Psychological gender features and social abilities in adolescent girls &#8211; influence of obesity and hyperandrogenism. <em>Hormone Research in Paediatrics<\/em>, 90, 1\/1 suppl, 563-564. <a href=\"https:\/\/abstracts.eurospe.org\/hrp\/0089\/hrp0089p2-p350\">DOI: 10.1159\/000492307<\/a>.<\/span><\/li>\n<li><span style=\"font-size: 14pt\">Zachurzok, A., Pasztak-Opilka, A., Malecka-Tendera, E. (2018) How do the obese children and their parent perceive family system functioning? <em>Annals of Nutrition and Metabolism, <\/em>73(4), 319-320, DOI: 10.1159\/000494676.<\/span><\/li>\n<li><span style=\"font-size: 14pt\">Paruzel-Czachura, M., Dobrowolska, M. (2018). Judgment of the morality of an individual responsible for a fatal workplace accident involving subordinates. <em>Medycyna Pracy,<\/em> 69(3), 261-267. <a href=\"https:\/\/doi.org\/10.13075\/mp.5893.00659\">DOI: https:\/\/doi.org\/10.13075\/mp.5893.00659.<\/a><\/span><\/li>\n<li><span style=\"font-size: 14pt\">Cugowski M. (2018) Diagnostic issues in cases of juvenile with substance abuse problem in forensic psychology field. <em>European Journal of Social Science Education and Research: De Gruyter<\/em>, <em>5<\/em>(3), 197-204. <a href=\"http:\/\/journals.euser.org\/files\/articles\/ejser_v5_i3\/Cugowski.pdf\" class=\"mtli_attachment mtli_pdf\" class=\"mtli_attachment mtli_pdf\">DOI: 10.26417\/ejser.v5i3.p197-204.<\/a><\/span><\/li>\n<li><span style=\"font-size: 14pt\">Chudzicka-Czupa\u0142a, A., Stasi\u0142a-Sieradzka, M., Dobrowolska, M., Ku\u0142akowska, A. (2018). Ocena obszar\u00f3w \u017cycia zawodowego funkcjonariuszy Stra\u017cy Granicznej a nasilenie stresu. <em>Medycyna Pracy, 69<\/em>(2), 199-210. <a href=\"http:\/\/medpr.imp.lodz.pl\/Ocena-obszarow-zycia-zawodowego-funkcjonariuszy-Strazy-Granicznej-a-nasilenie-stresu,79842,0,1.html\">DOI:10.13075\/mp.5893.00664.<\/a><\/span><\/li>\n<li><span style=\"font-size: 14pt\">Stasi\u0142a-Sieradzka, M., Chudzicka-Czupa\u0142a, A., Grabowski, D., Dobrowolska, M. (2018). Ocena \u015brodowiska pracy i poczucie zagro\u017cenia a nasilenie stresu w pracy wysokiego ryzyka \u2013 propozycja interwencji organizacyjnej. <em>Medycyna Pracy, <\/em>69(1), 45-58. <a href=\"http:\/\/medpr.imp.lodz.pl\/Ocena-srodowiska-pracy-i-poczucie-zagrozenia-a-nasilenie-stresu-w-pracy-wysokiego,76874,0,1.html\">DOI:10.13075\/mp.5893.00640.<\/a><\/span><\/li>\n<li><span style=\"font-size: 14pt\">Flakus, M. (2018). Wst\u0119pna charakterystyka psychometryczna polskiej adaptacji Skali Podatno\u015bci na Nud\u0119 (BPS). <em>Polskie Forum Psychologiczne<\/em>, 23(4), 783\u2013802. <a href=\"http:\/\/psjd.icm.edu.pl\/psjd\/element\/bwmeta1.element.psjd-714dd5a8-b06c-46d5-9951-23e331ce6860\">DOI: 10.14656\/PFP20180408.<\/a><\/span><\/li>\n<li><span style=\"font-size: 14pt\">So\u0142tysik, M., Flakus, M., Lubecka, B., Pudlo, R. (2018). Aktualny stan bada\u0144 nad zaburzeniami psychicznymi u wspinaczy wysokog\u00f3rskich. <em>Psychiatria i Psychologia Kliniczna<\/em><strong>,<\/strong> 18(2), 200-207. <a href=\"http:\/\/www.psychiatria.com.pl\/index.php\/wydawnictwa\/2018-vol-18-no-2\/aktualny-stan-badan-nad-zaburzeniami-psychicznymi-u-wspinaczy-wysokogorskich?aid=746\">DOI: 10.15557\/PiPK.2018.0024.<\/a><\/span><\/li>\n<li><span style=\"font-size: 14pt\">Friedrich, W. (2018). Oskar\u017cony jako podmiot bada\u0144 psychologicznych w procesie karnym &#8211; aspekty prawne i psychologiczne. <em>Przegl\u0105d S\u0105dowy<\/em>, 4\/2018.<\/span><\/li>\n<li><span style=\"font-size: 14pt\">Ilska, M., Przyby\u0142a-Basista, H., Cnota, w., Ilski, A. (2018). Aktywno\u015b\u0107 i satysfakcja seksualna kobiet w ci\u0105\u017cy prawid\u0142owej oraz wysokiego ryzyka. <em>Ginekologia i Po\u0142o\u017cnictwo \u2013 Medical Project<\/em>, 2(48), 34-41.<\/span><\/li>\n<li><span style=\"font-size: 14pt\">Ilska, M., Przyby\u0142a-Basista, H., Cnota, w., Ilski, A. (2018). Sexual activity and sexual satisfaction of womenin low-risk and high-risk pregnancy. <em>Ginekologia i Po\u0142o\u017cnictwo \u2013 Medical Project<\/em>, 2(48), 9-17.<\/span><\/li>\n<li><span style=\"font-size: 14pt\">K\u00f3zka, A., Przyby\u0142a-Basista, H., (2018). Perceived stress, ego-resiliency, and relational resources as predictors of psychological well-being in parents of children with Down syndrome. <em>Health Psychology Report<\/em>, 6(1), 50-59. <a href=\"https:\/\/www.termedia.pl\/Perceived-stress-ego-resiliency-and-relational-resources-as-predictors-of-psychological-well-being-in-parents-of-children-with-Down-syndrome,74,30930,0,1.html\">DOI: 10.5114\/hpr.2018.71212.<\/a><\/span><\/li>\n<li><span style=\"font-size: 14pt\">Kocur, D., Mandal, E. (2018). The need for power, need for influence, sense of power, and directiveness in female and male superiors and subordinates. <em>Current Issues in Personality Psychology<\/em>, 6(1), 47\u201356. DOI: <a href=\"https:\/\/doi.org\/10.5114\/cipp.2018.72200\">https:\/\/doi.org\/10.5114\/cipp.2018.72200.<\/a><\/span><\/li>\n<li><span style=\"font-size: 14pt\">Ko\u0142odziej-Zaleska, A., Przyby\u0142a-Basista, H. (2018). Przekonania os\u00f3b rozwiedzionych o szansach powodzenia ma\u0142\u017ce\u0144stwa i rodziny zrekonstruowanej. <em>Zeszyty Naukowe Politechniki \u015al\u0105skiej: Organizacja i Zarz\u0105dzanie<\/em>, 123, 235. <a href=\"https:\/\/www.polsl.pl\/Wydzialy\/ROZ\/ZN\/Documents\/zeszyt%20123\/Ko%C5%82odziej-Zaleska,%20Przyby%C5%82a-Basista.pdf\" class=\"mtli_attachment mtli_pdf\" class=\"mtli_attachment mtli_pdf\"><strong>Full text<\/strong><\/a><\/span><\/li>\n<li><span style=\"font-size: 14pt\">Przyby\u0142a-Basista, H., Ko\u0142odziej-Zaleska, A. (2018). Fascynacja dzieci Internetem a rodzicielski monitoring ich aktywno\u015bci <em>Zeszyty Naukowe Politechniki \u015al\u0105skiej: Organizacja i Zarz\u0105dzanie<\/em>, 123, 443-460. <a href=\"https:\/\/rebus.us.edu.pl\/bitstream\/20.500.12128\/7770\/1\/Przybyla_Basista_Fascynacja_dzieci_internetem.pdf\" class=\"mtli_attachment mtli_pdf\" class=\"mtli_attachment mtli_pdf\"><strong>Full text<\/strong><\/a><\/span><\/li>\n<li><span style=\"font-size: 14pt\">Ilska, M., Ko\u0142odziej-Zaleska, A. (2018). Dobrostan hedonistyczny i eudajmonistyczny w sytuacjach kryzys\u00f3w normatywnych nienormatywnych. <em>Zeszyty Naukowe Politechniki \u015al\u0105skiej: Organizacja i Zarz\u0105dzanie<\/em>, 123, 155-184. <a href=\"https:\/\/www.polsl.pl\/Wydzialy\/ROZ\/ZN\/Documents\/zeszyt%20123\/Ilska,%20Ko%C5%82odziej-%20Zaleska.pdf\" class=\"mtli_attachment mtli_pdf\" class=\"mtli_attachment mtli_pdf\"><strong>Full text<\/strong><\/a><\/span><\/li>\n<li><span style=\"font-size: 14pt\">Ko\u0142odziej-Zaleska, A., Przyby\u0142a-Basista, H. (2018). Dobrostan psychiczny i jego pomiar za pomoc\u0105 polskiej wersji \u201eOksfordzkiego Kwestionariusza Szcz\u0119\u015bcia\u201d. <em>Czasopismo Psychologiczne<\/em>, 24(1), 87-97. <a href=\"http:\/\/czasopismopsychologiczne.pl\/files\/articles\/2018-24-dobrostan-psychiczny-i-jego-pomiar-za-pomoc-polskiej-wersji-oksfordzkiego-kwestionariusza-szczcia.pdf\" class=\"mtli_attachment mtli_pdf\" data-mtli=\"mtli_filesize322,29kB\" class=\"mtli_attachment mtli_pdf\" data-mtli=\"mtli_filesize322,29kB\"><strong>Full text<\/strong><\/a><\/span><\/li>\n<li><span style=\"font-size: 14pt\">Ko\u0142odziej-Zaleska, A., Przyby\u0142a-Basista, H. (2018). \u201eEgo-resiliency\u201d jako zas\u00f3b osobisty \u2013 narz\u0119dzie pomiaru i jego w badaniach interdyscyplinarnych. <em>Czasopismo Psychologiczne<\/em>, 24(1), 159-170. <a href=\"http:\/\/www.czasopismopsychologiczne.pl\/files\/articles\/2018-24-egoresiliency-jako-zasb-osobisty-narzdzie-pomiaru-i-jego-wykorzystanie-w-badaniach-interdyscyplinarnych.pdf\" class=\"mtli_attachment mtli_pdf\" data-mtli=\"mtli_filesize305,54kB\" class=\"mtli_attachment mtli_pdf\" data-mtli=\"mtli_filesize305,54kB\"><strong>Full text<\/strong><\/a><\/span><\/li>\n<li><span style=\"font-size: 14pt\">Rode, D., Rode, M. (2018). Risk factors in committing domestic violence in light of gender psychology. <em>Current Issues in Personality Psychology<\/em>, 6(2), 143\u2013153. DOI: <a href=\"https:\/\/doi.org\/10.5114\/cipp.2018.72262\">https:\/\/doi.org\/10.5114\/cipp.2018.72262.<\/a><\/span><\/li>\n<li><span style=\"font-size: 14pt\">Rode, D., Rode, M. (2018). The relationship between self-esteem, sense of self-efficacy and level of illness acceptance, and healthful behaviours in patients with long-term illnesses (type II diabetes, Hashimoto\u2019s disease).<em> Health Psychology Report<\/em>, 6(2), 158\u2013170. DOI: <a href=\"https:\/\/doi.org\/10.5114\/hpr.2018.71635\">https:\/\/doi.org\/10.5114\/hpr.2018.71635.<\/a><\/span><\/li>\n<li><span style=\"font-size: 14pt\">Mandal, E., Latusek, A. (2018). Love attitudes, psychological femininity and masculinity, Machiavellianism, narcissism, and emotional intelligence of rejectors in close relationships. <em>Current Issues in Personality Psychology<\/em>, 188-199. DOI: <a href=\"https:\/\/doi.org\/10.5114\/cipp.2018.75647\">https:\/\/doi.org\/10.5114\/cipp.2018.75647.<\/a><\/span><\/li>\n<li><span style=\"font-size: 14pt\">Kocur, D., Mandal, E. (2018). The need for power, need for influence, sense of power, and directiveness in female and male superiors and subordinates. <em>Current Issues in Personality Psychology<\/em>, 6(1), 47-56. <a href=\"https:\/\/www.termedia.pl\/The-need-for-power-need-for-influence-sense-of-power-and-directiveness-in-female-and-male-superiors-and-subordinates,75,31280,0,1.html\">DOI: 10.5114\/cipp.2018.72200.<\/a><\/span><\/li>\n<li><span style=\"font-size: 14pt\">Moro\u0144, M., Doktor, A., Glinka, K. (2018). Relational aggressiveness in adolescence: Relations with emotional awareness and self-control. <em>Social Psychological Bulletin<\/em> 13(4), e28302. <a href=\"https:\/\/rebus.us.edu.pl\/bitstream\/20.500.12128\/7651\/1\/Moron_Relational_aggressiveness_in_adolescence.pdf\" class=\"mtli_attachment mtli_pdf\" class=\"mtli_attachment mtli_pdf\">DOI: 10.32872\/spb.v13i4.28302.<\/a><\/span><\/li>\n<li><span style=\"font-size: 14pt\">Moro\u0144, M. (2018). Perceived emotional intelligence and life satisfaction: The mediating role of the positivity ratio. <em>Current Issues in Personality Psychology<\/em>, 6(3), 212-223. <a href=\"https:\/\/www.termedia.pl\/Perceived-emotional-intelligence-and-life-satisfaction-the-mediating-role-of-the-positivity-ratio,75,32758,0,1.html\">DOI: 10.5114\/cipp.2018.75650.<\/a><\/span><\/li>\n<li><span style=\"font-size: 14pt\">Paruzel-Czachura, M., Dobrowolska, M. (2018). Co? Kto? Komu? \u2013 Kierunki bada\u0144 we wsp\u00f3\u0142czesnej psychologii ocen moralnych. <em>Czasopismo Psychologiczne \u2013 Psychological Journal<\/em>, 1, 69-78. <a href=\"http:\/\/www.czasopismopsychologiczne.pl\/artykul\/co-kto-komu-kierunki-bada-we-wspczesnej-psychologii-ocen-moralnych,423\">DOI: 10.14691\/CPPJ.24.1.69.<\/a><\/span><\/li>\n<li><span style=\"font-size: 14pt\">Pasztak-Opi\u0142ka, A., Sikora, J., Zachurzok, A. (2018). Systemowe uwarunkowania zachowa\u0144 \u017cywieniowych w rodzinie dziecka z oty\u0142o\u015bci\u0105. <em>Przegl\u0105d Psychologiczny<\/em>, 61(4), 491-505. <a href=\"https:\/\/www.kul.pl\/files\/714\/4.61.2018_art.2.pdf\" class=\"mtli_attachment mtli_pdf\" class=\"mtli_attachment mtli_pdf\"><strong>Full text<\/strong><\/a><\/span><\/li>\n<li><span style=\"font-size: 14pt\">Dobrowolska, M., Stasi\u0142a-Sieradzka, M. (2018). Czynniki indywidualne i \u015brodowiskowe a postawy wobec pracy m\u0142odzie\u017cy z grupy NEET. <em>Czasopismo Psychologiczne \u2013 Psychological Journal, <\/em>24(1), 179-187. DOI:10.14691\/CPPJ.24.1.179. <a href=\"http:\/\/www.czasopismopsychologiczne.pl\/files\/articles\/2018-24-czynniki-indywidualne-i-rodowiskowe-a-postawy-wobec-pracy-modziey-z-grupy-neet.pdf\" class=\"mtli_attachment mtli_pdf\" data-mtli=\"mtli_filesize273,34kB\" class=\"mtli_attachment mtli_pdf\" data-mtli=\"mtli_filesize273,34kB\"><strong>Full text<\/strong><\/a><\/span><\/li>\n<li><span style=\"font-size: 14pt\">Rode, M., Rode, D., Krawczyk, A. (2018). Indywidualne i sytuacyjne korelaty depresji u os\u00f3b odbywaj\u0105cych kar\u0119 pozbawienia wolno\u015bci. <i>Czasopismo Psychologiczne &#8211; Pychological Journal<\/i>, 24(1). <a href=\"http:\/\/www.czasopismopsychologiczne.pl\/artykul\/indywidualne-i-sytuacyjne-korelaty-depresji-u-osb-odbywajcych-kar-pozbawienia-wolnoci,439\">DOI: 10.14691\/CPPJ.24.1.22.<\/a><\/span><\/li>\n<li><span style=\"font-size: 14pt\">Pasztak-Opi\u0142ka, A., Sikora, J., Zachurzok, A. (2018) Systemic determinants of eating behaviour in a family with an obese child. <em>Review of Psychology<\/em>, 61(4), 507-521. <a href=\"https:\/\/www.kul.pl\/files\/714\/4.61.2018_art.2.eng.pdf\" class=\"mtli_attachment mtli_pdf\" class=\"mtli_attachment mtli_pdf\"><strong>Full text<\/strong><\/a><\/span><\/li>\n<li><span style=\"font-size: 14pt\">Moro\u0144, M., Glinka, K., Doktor, A. (2018). Acknowledging feelings to enhance prosociality: Emotional awareness and prosocial behaviors in adolescence. <em>The New Educational Review<\/em>, 51, 269-280. <a href=\"https:\/\/rebus.us.edu.pl\/handle\/20.500.12128\/8376\">DOI: 10.15804\/tner.2018.51.1.22.<\/a><\/span><\/li>\n<li><span style=\"font-size: 14pt\">Piekacz, A., Trepka-Starosta, J. (2018). Znaczenie wi\u0119zi w kontek\u015bcie rozwoju biopsychospo\u0142ecznego cz\u0142owieka. <em>Zeszyty Naukowe Politechniki \u015al\u0105skiej<\/em>, 123, 371-378. DOI: 10.29119\/1641-3466.2018.123.26. <a href=\"https:\/\/www.polsl.pl\/Wydzialy\/ROZ\/ZN\/Documents\/Poprawki\/Piekacz,%20Trepka-Starosta.pdf\" class=\"mtli_attachment mtli_pdf\" class=\"mtli_attachment mtli_pdf\"><strong>Full text<\/strong><\/a><\/span><\/li>\n<li><span style=\"font-size: 14pt\">Kucharewicz, J. (2018) Wybrane zasoby indywidualne i relacyjne jako wyznaczniki satysfakcji z ma\u0142\u017ce\u0144stwa os\u00f3b bezp\u0142odnych. <em>Zeszyty Naukowe Politechniki \u015al\u0105skiej<\/em>, 132, 381-392. <a href=\"https:\/\/www.polsl.pl\/Wydzialy\/ROZ\/ZN\/Documents\/Zeszyt132\/Kucharewicz.pdf\" class=\"mtli_attachment mtli_pdf\" class=\"mtli_attachment mtli_pdf\"><strong>Full text<\/strong><\/a><\/span><\/li>\n<li><span style=\"font-size: 14pt\">Pasztak-Opi\u0142ka, A., Zachurzok, A., Ma\u0142ecka-Tendera, E. (2018). Family system characteristics from the obese child and parent perspective \u2013 the pilot study. <em>Nutrition, Obesity &amp; Metabolic Surgery,<\/em> 5(1), 29-34. DOI: <a href=\"https:\/\/doi.org\/10.5114\/noms.2018.78924\">https:\/\/doi.org\/10.5114\/noms.2018.78924.<\/a><\/span><\/li>\n<\/ol>\n<p>\n<style type=\"text\/css\">a[data-mtli~=\"mtli_filesize322,29kB\"]:after {content:\" (322,29 kB)\"}a[data-mtli~=\"mtli_filesize305,54kB\"]:after {content:\" (305,54 kB)\"}a[data-mtli~=\"mtli_filesize273,34kB\"]:after {content:\" (273,34 kB)\"}<\/style><\/div>\r\n                    <\/div>\r\n                <\/div>[\/vc_column][\/vc_row]<\/p>\n<style type=\"text\/css\">a[data-mtli~=\"mtli_filesize322,29kB\"]:after {content:\" (322,29 kB)\"}a[data-mtli~=\"mtli_filesize305,54kB\"]:after {content:\" (305,54 kB)\"}a[data-mtli~=\"mtli_filesize273,34kB\"]:after {content:\" (273,34 kB)\"}<\/style>","protected":false},"excerpt":{"rendered":"<p>[vc_row][vc_column][\/vc_column][\/vc_row] [&#8230;]<\/p>\n<p><a class=\"btn btn-secondary understrap-read-more-link\" href=\"https:\/\/us.edu.pl\/instytut\/ip\/nauka\/publikacje-2\/artykuly-w-czasopismach\/publikacje-w-czasopismach-naukowych-w-2018-roku\/\">Read More&#8230;<\/a><\/p>\n","protected":false},"author":159,"featured_media":0,"parent":879,"menu_order":0,"comment_status":"closed","ping_status":"closed","template":"","meta":{"_expiration-date-status":"saved","_expiration-date":0,"_expiration-date-type":"","_expiration-date-categories":[],"_expiration-date-options":[]},"acf":[],"_links":{"self":[{"href":"https:\/\/us.edu.pl\/instytut\/ip\/wp-json\/wp\/v2\/pages\/2041"}],"collection":[{"href":"https:\/\/us.edu.pl\/instytut\/ip\/wp-json\/wp\/v2\/pages"}],"about":[{"href":"https:\/\/us.edu.pl\/instytut\/ip\/wp-json\/wp\/v2\/types\/page"}],"author":[{"embeddable":true,"href":"https:\/\/us.edu.pl\/instytut\/ip\/wp-json\/wp\/v2\/users\/159"}],"replies":[{"embeddable":true,"href":"https:\/\/us.edu.pl\/instytut\/ip\/wp-json\/wp\/v2\/comments?post=2041"}],"version-history":[{"count":7,"href":"https:\/\/us.edu.pl\/instytut\/ip\/wp-json\/wp\/v2\/pages\/2041\/revisions"}],"predecessor-version":[{"id":2509,"href":"https:\/\/us.edu.pl\/instytut\/ip\/wp-json\/wp\/v2\/pages\/2041\/revisions\/2509"}],"up":[{"embeddable":true,"href":"https:\/\/us.edu.pl\/instytut\/ip\/wp-json\/wp\/v2\/pages\/879"}],"wp:attachment":[{"href":"https:\/\/us.edu.pl\/instytut\/ip\/wp-json\/wp\/v2\/media?parent=2041"}],"curies":[{"name":"wp","href":"https:\/\/api.w.org\/{rel}","templated":true}]}}