{"id":207,"date":"2019-12-01T15:32:11","date_gmt":"2019-12-01T14:32:11","guid":{"rendered":"http:\/\/us.edu.pl\/instytut\/ip\/?page_id=207"},"modified":"2025-10-22T09:48:02","modified_gmt":"2025-10-22T07:48:02","slug":"troche-historii","status":"publish","type":"page","link":"https:\/\/us.edu.pl\/instytut\/ip\/przykladowa-strona\/instytut\/troche-historii\/","title":{"rendered":"o instytucie"},"content":{"rendered":"<p>[vc_row][vc_column]\r\n                <div class=\"text-modules\">\r\n                    <div class=\"container\">\r\n                        <h3 class=\"page-title text__title\">O Instytucie Psychologii s\u0142\u00f3w kilka...<\/h3>\r\n                        <div class=\"text-modules__content\"><\/p>\n<p style=\"text-align: justify;\"><span style=\"font-size: 14pt;\"><strong>Instytut Psychologii<\/strong> znajduje si\u0119 w strukturze Wydzia\u0142u Nauk Spo\u0142ecznych.\u00a0<\/span><\/p>\n<p style=\"text-align: justify;\"><span style=\"font-size: 14pt;\"> Instytut zatrudnia<strong> 33 osoby<\/strong> na stanowiskach badawczo-dydaktycznych: <\/span><\/p>\n<ul>\n<li style=\"text-align: justify;\"><span style=\"font-size: 14pt;\">dw\u00f3ch profesor\u00f3w zwyczajnych, <\/span><\/li>\n<li style=\"text-align: justify;\"><span style=\"font-size: 14pt;\">sze\u015bciu doktor\u00f3w habilitowanych, <\/span><\/li>\n<li style=\"text-align: justify;\"><span style=\"font-size: 14pt;\">osiemnastu doktor\u00f3w, w tym siedmiu na stanowisku profesora uczelni,<\/span><\/li>\n<li style=\"text-align: justify;\"><span style=\"font-size: 14pt;\">siedmiu magistr\u00f3w. <\/span><\/li>\n<\/ul>\n<p style=\"text-align: justify;\"><span style=\"font-size: 14pt;\">Atutem Instytutu jest m\u0142ody i ambitny zesp\u00f3\u0142 \u2013 w roku 2018 trzynastu pracownik\u00f3w Instytutu uzyska\u0142o stopie\u0144 doktora, a dziewi\u0119\u0107 rozpraw doktorskich otrzyma\u0142o wyr\u00f3\u017cnienia. Znacz\u0105c\u0105 cz\u0119\u015b\u0107 kadry stanowi\u0105 badacze-praktycy \u2013 psychoterapeuci, psychologowie zdrowia i psychologowie pracy, st\u0105d prowadzone s\u0105 zar\u00f3wno badania podstawowe, jak i stosowane.\u00a0 <\/span><\/p>\n<p style=\"text-align: justify;\"><span style=\"font-size: 14pt;\">Pr\u00f3cz bada\u0144 umiejscowionych w klasycznych nurtach badawczych (takich jak psychologia og\u00f3lna, organizacji, ekonomiczna, zdrowia, spo\u0142eczna, kliniczna, s\u0105dowa) prowadzone s\u0105 badania\u00a0 z zakresu cyberpsychologii, psychologii rodziny, psychologii prokreacyjnej, psychologii muzyki, psychologii moralno\u015bci, psychologii ewolucyjnej, psychologii przetrwania oraz psychoseksuologii.<\/span><\/p>\n<p style=\"text-align: justify;\"><span style=\"font-size: 14pt;\"> Pracownicy Instytutu Psychologii wsp\u00f3\u0142pracuj\u0105 z badaczami z uniwersytet\u00f3w polskich, europejskich i ameryka\u0144skich, co skutkuje szybkim\u00a0 wzrostem liczby publikacji w renomowanych czasopismach zagranicznych. <\/span><\/p>\n<p style=\"text-align: justify;\"><span style=\"font-size: 14pt;\">Pracownicy realizuj\u0105 tak\u017ce granty (naukowe i dydaktyczne) NCN i NCBR. W badaniach wykorzystywane jest laboratorium, umo\u017cliwaj\u0105ce prowadzenie bada\u0144 eksperymentalnych oraz longitudinalnych metod\u0105 experience sampling.<\/span><\/p>\n<p style=\"text-align: justify;\"><span style=\"font-size: 14pt;\"><a href=\"https:\/\/opus.us.edu.pl\/info\/domain\/USLf693c7a6035b495cb0e120fe0dec957d\/Profil%2Bdyscypliny%2Bnauki%2B%25E2%2580%2593%2BPsychologia%2B%25E2%2580%2593%2BUniwersytet%2B%25C5%259Al%25C4%2585ski?tab=main&amp;lang=pl\"><strong>Portal OPUS.U\u015a &#8211; Profil dyscypliny Nauki Psychologia<\/strong><\/a><\/span><\/p>\n<p>&nbsp;<\/p>\n<p style=\"text-align: justify;\"><span style=\"font-size: 14pt;\"><strong>Troch\u0119 historii:<\/strong><\/span><\/p>\n<p style=\"text-align: justify;\"><span style=\"font-size: 14pt;\"><span class=\"beigebold\">8.06.1968<\/span> &#8211; Rozporz\u0105dzeniem Rady Ministr\u00f3w utworzony zostaje, z po\u0142\u0105czenia Wy\u017cszej Szko\u0142y Pedagogicznej i Filii Uniwersytetu Jagiello\u0144skiego w Katowicach, Uniwersytet \u015al\u0105ski. Funkcj\u0119 Rektora nowo powsta\u0142ej uczelni obejmuje prof. Kazimierz Popio\u0142ek. Struktur\u0119 Uniwersytetu \u015al\u0105skiego tworz\u0105 w\u00f3wczas cztery wydzia\u0142y: Wydzia\u0142 Humanistyczny, Wydzia\u0142 Matematyki, Fizyki i Chemii, Wydzia\u0142 Prawa i Administracji oraz Wydzia\u0142 Techniczny.<\/span><\/p>\n<p style=\"text-align: justify;\"><span style=\"font-size: 14pt;\"><span class=\"beigebold\">26.06.1969<\/span> &#8211; W ramach Wydzia\u0142u Humanistycznego powstaje Instytut Pedagogiki i Psychologii.<\/span><\/p>\n<p style=\"text-align: justify;\"><span style=\"font-size: 14pt;\"><span class=\"beigebold\">16.08.1973<\/span> &#8211; Instytut Pedagogiki i Psychologii zostaje wcielony w sk\u0142ad nowego wydzia\u0142u utworzonego na Uniwersytecie \u015al\u0105skim &#8211; Wydzia\u0142u Nauk Spo\u0142ecznych.<\/span><\/p>\n<p style=\"text-align: justify;\"><span style=\"font-size: 14pt;\"><span class=\"beigebold\">29.07.1974<\/span> &#8211; Dotychczasowy Instytut Pedagogiki i Psychologii dzieli si\u0119 na dwa niezale\u017cne instytuty: Instytut Pedagogiki i Instytut Psychologii.<\/span><\/p>\n<p style=\"text-align: justify;\"><span style=\"font-size: 14pt;\"><span class=\"beigebold\">30.09. 1976<\/span> &#8211; Zarz\u0105dzeniem Ministra Nauki, Szkolnictwa Wy\u017cszego i Techniki powstaje kolejny, \u00f3smy wydzia\u0142 Uniwersytetu \u015al\u0105skiego &#8211; Wydzia\u0142 Pedagogiki i Psychologii. Dziekanem nowego wydzia\u0142u zostaje doc.dr Henryk G\u0105sior, a siedzib\u0105 dawny budynek szko\u0142y, mieszcz\u0105cy si\u0119 przy ulicy Tyszki 53 (obecnie Gra\u017cy\u0144skiego 53) w Katowicach.<\/span><\/p>\n<p style=\"text-align: justify;\"><span style=\"font-size: 14pt;\"><span class=\"beigebold\">1978<\/span> &#8211; Wydzia\u0142 Pedagogiki i Psychologii uzyskuje prawo nadawania tytu\u0142u doktora nauk humanistycznych.<\/span><\/p>\n<p style=\"text-align: justify;\"><span style=\"font-size: 14pt;\"><span class=\"beigebold\">1981-1993<\/span> &#8211; Zmianie ulega dotychczasowa struktura Wydzia\u0142u PiPs. Likwidacji ulegaj\u0105 instytuty, a w ich miejsce utworzone zostaj\u0105 katedry.<\/span><\/p>\n<p style=\"text-align: justify;\"><span style=\"font-size: 14pt;\"><span class=\"beigebold\">1995-1996<\/span> &#8211; Kolejna zmiana struktury Wydzia\u0142u. Przywraca si\u0119 istnienie instytut\u00f3w, w ramach kt\u00f3rych funkcjonuj\u0105 istniej\u0105ce katedry.<\/span><\/p>\n<p style=\"text-align: justify;\"><span style=\"font-size: 14pt;\">1 pa\u017adziernika 2018 wchodzi w \u017cycie Nowa\u00a0ustawa <em>Prawo o szkolnictwie wy\u017cszym i nauce. <\/em>Instytut Psychologii staje si\u0119 cz\u0119\u015bci\u0105 Wydzia\u0142u Nauk Spo\u0142ecznych. <\/span><\/p>\n<p style=\"text-align: justify;\"><span style=\"font-size: 14pt;\">Wi\u0119cej informacji na stronie: <a href=\"https:\/\/www.zmiany.us.edu.pl\/\">https:\/\/www.zmiany.us.edu.pl\/<\/a><\/span><\/p>\n<p>\n<\/div>\r\n                    <\/div>\r\n                <\/div>[\/vc_column][\/vc_row]<\/p>","protected":false},"excerpt":{"rendered":"<p>[vc_row][vc_column][\/vc_column][\/vc_row] [&#8230;]<\/p>\n<p><a class=\"btn btn-secondary understrap-read-more-link\" href=\"https:\/\/us.edu.pl\/instytut\/ip\/przykladowa-strona\/instytut\/troche-historii\/\">Read More&#8230;<\/a><\/p>\n","protected":false},"author":159,"featured_media":0,"parent":544,"menu_order":0,"comment_status":"closed","ping_status":"closed","template":"","meta":{"_expiration-date-status":"","_expiration-date":0,"_expiration-date-type":"","_expiration-date-categories":[],"_expiration-date-options":[]},"acf":[],"_links":{"self":[{"href":"https:\/\/us.edu.pl\/instytut\/ip\/wp-json\/wp\/v2\/pages\/207"}],"collection":[{"href":"https:\/\/us.edu.pl\/instytut\/ip\/wp-json\/wp\/v2\/pages"}],"about":[{"href":"https:\/\/us.edu.pl\/instytut\/ip\/wp-json\/wp\/v2\/types\/page"}],"author":[{"embeddable":true,"href":"https:\/\/us.edu.pl\/instytut\/ip\/wp-json\/wp\/v2\/users\/159"}],"replies":[{"embeddable":true,"href":"https:\/\/us.edu.pl\/instytut\/ip\/wp-json\/wp\/v2\/comments?post=207"}],"version-history":[{"count":10,"href":"https:\/\/us.edu.pl\/instytut\/ip\/wp-json\/wp\/v2\/pages\/207\/revisions"}],"predecessor-version":[{"id":10938,"href":"https:\/\/us.edu.pl\/instytut\/ip\/wp-json\/wp\/v2\/pages\/207\/revisions\/10938"}],"up":[{"embeddable":true,"href":"https:\/\/us.edu.pl\/instytut\/ip\/wp-json\/wp\/v2\/pages\/544"}],"wp:attachment":[{"href":"https:\/\/us.edu.pl\/instytut\/ip\/wp-json\/wp\/v2\/media?parent=207"}],"curies":[{"name":"wp","href":"https:\/\/api.w.org\/{rel}","templated":true}]}}