{"id":239,"date":"2019-12-01T16:42:55","date_gmt":"2019-12-01T15:42:55","guid":{"rendered":"http:\/\/us.edu.pl\/instytut\/ip\/?page_id=239"},"modified":"2026-03-14T14:09:35","modified_gmt":"2026-03-14T13:09:35","slug":"badania-z-obszaru-psychologii-prokreacji","status":"publish","type":"page","link":"https:\/\/us.edu.pl\/instytut\/ip\/nauka\/zespoly-badawcze\/projekty-naukowe-2\/badania-z-obszaru-psychologii-prokreacji\/","title":{"rendered":"Badania z obszaru psychologii prokreacji"},"content":{"rendered":"<p>[vc_row][vc_column]\r\n\r\n            <div class=\"blocks\" style=\"text-align: \">\r\n               <div class=\"container\">\r\n                  \r\n                  <div class=\"row m-0 blocks_3\">\r\n                  \r\n                     <a href=\"https:\/\/us.edu.pl\/instytut\/ip\/wybrane-korelaty-zespolu-stresu-pourazowego-u-kobiet-po-porodzie\/\" class=\"thumbnail blocks__item\" style=\"background-image: url(https:\/\/us.edu.pl\/instytut\/ip\/wp-content\/uploads\/sites\/33\/Prepare-Lab\/alexander-grey-ZTSiID1W7-o-unsplash-1024x683.jpg)\">\r\n                        <span>wi\u0119cej<\/span>\r\n                        <div class=\"blocks__bottom\">\r\n                        <div class=\"blocks__title\">Wybrane korelaty zespo\u0142u stresu pourazowego u kobiet po porodzie<\/div>\r\n                        <div class=\"blocks__subtitle\">mgr Natalia Morawiec, dr hab. Michalina Ilska<\/div>\r\n                        <\/div>\r\n                     <\/a>\r\n                  \r\n                     <a href=\"https:\/\/us.edu.pl\/instytut\/ip\/nauka\/zespoly-badawcze\/projekty-naukowe-2\/pregnancy-parenthoodlab-prepare-lab\/aktualne-projekty-prepare-lab\/profile-psychologiczne-matek-niemowlat-jaki-jest-zwiazek-z-macierzynska-pewnoscia-siebie-i-zmiennymi-okoloporodowymi\/\" class=\"thumbnail blocks__item\" style=\"background-image: url(https:\/\/us.edu.pl\/instytut\/ip\/wp-content\/uploads\/sites\/33\/zdjecia\/dakota-corbin-PmNjS6b3XP4-unsplash-1024x683.jpg)\">\r\n                        <span>wi\u0119cej<\/span>\r\n                        <div class=\"blocks__bottom\">\r\n                        <div class=\"blocks__title\">Profile psychologiczne matek niemowl\u0105t: jaki jest zwi\u0105zek z macierzy\u0144sk\u0105 pewno\u015bci\u0105 siebie i zmiennymi oko\u0142oporodowymi<\/div>\r\n                        \r\n                        <\/div>\r\n                     <\/a>\r\n                  \r\n                     <a href=\"https:\/\/us.edu.pl\/instytut\/ip\/nauka\/zespoly-badawcze\/projekty-naukowe-2\/pregnancy-parenthoodlab-prepare-lab\/aktualne-projekty-prepare-lab\/zaburzenia-snu-w-ciazy-wplyw-na-zdrowie-psychiczne-matki-i-niemowlecia-sonnomamma\/\" class=\"thumbnail blocks__item\" style=\"background-image: url(https:\/\/us.edu.pl\/instytut\/ip\/wp-content\/uploads\/sites\/33\/Bez-kategorii\/pexels-yan-krukov-7156591-1024x683.jpg)\">\r\n                        <span>wi\u0119cej<\/span>\r\n                        <div class=\"blocks__bottom\">\r\n                        <div class=\"blocks__title\">Zaburzenia snu w ci\u0105\u017cy: wp\u0142yw na zdrowie psychiczne matki i niemowl\u0119cia<\/div>\r\n                        <div class=\"blocks__subtitle\">Projekt finansowany w ramach NCN - Konkurs Miniatura 6<\/div>\r\n                        <\/div>\r\n                     <\/a>\r\n                  \r\n                     <a href=\"https:\/\/us.edu.pl\/instytut\/ip\/nauka\/zespoly-badawcze\/projekty-naukowe-2\/pregnancy-parenthoodlab-prepare-lab\/aktualne-projekty-prepare-lab\/rola-filmu-informacyjnego-w-redukowaniu-leku-przed-cieciem-cesarskim-u-kobiet-w-okresie-okoloporodowym\/\" class=\"thumbnail blocks__item\" style=\"background-image: url(https:\/\/us.edu.pl\/instytut\/ip\/wp-content\/uploads\/sites\/33\/2019\/12\/jonathan-borba-GI3swpuZWRY-unsplash.jpg)\">\r\n                        <span>wi\u0119cej<\/span>\r\n                        <div class=\"blocks__bottom\">\r\n                        <div class=\"blocks__title\">Rola filmu informacyjnego w redukowaniu l\u0119ku przed ci\u0119ciem cesarskim u kobiet w okresie oko\u0142oporodowym<\/div>\r\n                        <div class=\"blocks__subtitle\">Projekt finansowany w ramach NCN - Konkurs Miniatura 6<\/div>\r\n                        <\/div>\r\n                     <\/a>\r\n                  \r\n                     <a href=\"https:\/\/us.edu.pl\/instytut\/ip\/2024\/05\/14\/jakosc-zycia-kobiet-ciezarnych-po-wielokrotnych-cieciach\/\" class=\"thumbnail blocks__item\" style=\"background-image: url(https:\/\/us.edu.pl\/instytut\/ip\/wp-content\/uploads\/sites\/33\/Bez-kategorii\/jonathan-borba-DilsWmfEoxQ-unsplash.jpg)\">\r\n                        <span>wi\u0119cej<\/span>\r\n                        <div class=\"blocks__bottom\">\r\n                        <div class=\"blocks__title\">Jako\u015b\u0107 \u017cycia kobiet ci\u0119\u017carnych po wielokrotnych ci\u0119ciach<\/div>\r\n                        \r\n                        <\/div>\r\n                     <\/a>\r\n                  \r\n                     <a href=\"https:\/\/us.edu.pl\/instytut\/ip\/2024\/05\/14\/i-cope-project-international\/\" class=\"thumbnail blocks__item\" style=\"background-image: url(https:\/\/us.edu.pl\/instytut\/ip\/wp-content\/uploads\/sites\/33\/zdjecia\/COPE-cover-picture.jpg)\">\r\n                        <span>wi\u0119cej<\/span>\r\n                        <div class=\"blocks__bottom\">\r\n                        <div class=\"blocks__title\">I Cope Project \u2013 International<\/div>\r\n                        \r\n                        <\/div>\r\n                     <\/a>\r\n                  \r\n                     <a href=\"https:\/\/us.edu.pl\/instytut\/ip\/2024\/05\/14\/i-cope-project-doswiadczenia-ciezarnych-w-trakcie-pandemii-codiv-19\/\" class=\"thumbnail blocks__item\" style=\"background-image: url(https:\/\/us.edu.pl\/instytut\/ip\/wp-content\/uploads\/sites\/33\/zdjecia\/PNMS-COVID-Advertisment-just-women-2.png)\">\r\n                        <span>wi\u0119cej<\/span>\r\n                        <div class=\"blocks__bottom\">\r\n                        <div class=\"blocks__title\">I Cope Project \u2013 Do\u015bwiadczenia ci\u0119\u017carnych w trakcie pandemii CODIV-19<\/div>\r\n                        <div class=\"blocks__subtitle\">Badania na populacji polskiej<\/div>\r\n                        <\/div>\r\n                     <\/a>\r\n                  \r\n                     <a href=\"https:\/\/us.edu.pl\/instytut\/ip\/2024\/05\/14\/6432\/\" class=\"thumbnail blocks__item\" style=\"background-image: url(https:\/\/us.edu.pl\/instytut\/ip\/wp-content\/uploads\/sites\/33\/Nieprzypisane\/sharon-mccutcheon-iaHr12PVQg-unsplash.jpg)\">\r\n                        <span>wi\u0119cej<\/span>\r\n                        <div class=\"blocks__bottom\">\r\n                        <div class=\"blocks__title\">Factors associated with fear of childbirth among Polish pregnant women<\/div>\r\n                        \r\n                        <\/div>\r\n                     <\/a>\r\n                  \r\n                     <a href=\"https:\/\/us.edu.pl\/instytut\/ip\/2024\/05\/14\/severity-of-early-symptoms-of-postpartum-depression-and-assessment-of-pain-in-women-in-the-early-puerperium-following-vaginal-delivery-and-caesarean-section\/\" class=\"thumbnail blocks__item\" style=\"background-image: url(https:\/\/us.edu.pl\/instytut\/ip\/wp-content\/uploads\/sites\/33\/2019\/12\/jonathan-borba-GI3swpuZWRY-unsplash.jpg)\">\r\n                        <span>wi\u0119cej<\/span>\r\n                        <div class=\"blocks__bottom\">\r\n                        <div class=\"blocks__title\">Severity of early symptoms of postpartum depression and assessment of pain in women in the early puerperium following vaginal delivery and caesarean section<\/div>\r\n                        \r\n                        <\/div>\r\n                     <\/a><\/div>     \r\n               <\/div>\r\n            <\/div>[\/vc_column][\/vc_row]<\/p>","protected":false},"excerpt":{"rendered":"<p>[vc_row][vc_column][\/vc_column][\/vc_row] [&#8230;]<\/p>\n<p><a class=\"btn btn-secondary understrap-read-more-link\" href=\"https:\/\/us.edu.pl\/instytut\/ip\/nauka\/zespoly-badawcze\/projekty-naukowe-2\/badania-z-obszaru-psychologii-prokreacji\/\">Read More&#8230;<\/a><\/p>\n","protected":false},"author":159,"featured_media":0,"parent":3207,"menu_order":0,"comment_status":"closed","ping_status":"closed","template":"","meta":{"_expiration-date-status":"","_expiration-date":0,"_expiration-date-type":"","_expiration-date-categories":[],"_expiration-date-options":[]},"acf":[],"_links":{"self":[{"href":"https:\/\/us.edu.pl\/instytut\/ip\/wp-json\/wp\/v2\/pages\/239"}],"collection":[{"href":"https:\/\/us.edu.pl\/instytut\/ip\/wp-json\/wp\/v2\/pages"}],"about":[{"href":"https:\/\/us.edu.pl\/instytut\/ip\/wp-json\/wp\/v2\/types\/page"}],"author":[{"embeddable":true,"href":"https:\/\/us.edu.pl\/instytut\/ip\/wp-json\/wp\/v2\/users\/159"}],"replies":[{"embeddable":true,"href":"https:\/\/us.edu.pl\/instytut\/ip\/wp-json\/wp\/v2\/comments?post=239"}],"version-history":[{"count":11,"href":"https:\/\/us.edu.pl\/instytut\/ip\/wp-json\/wp\/v2\/pages\/239\/revisions"}],"predecessor-version":[{"id":11274,"href":"https:\/\/us.edu.pl\/instytut\/ip\/wp-json\/wp\/v2\/pages\/239\/revisions\/11274"}],"up":[{"embeddable":true,"href":"https:\/\/us.edu.pl\/instytut\/ip\/wp-json\/wp\/v2\/pages\/3207"}],"wp:attachment":[{"href":"https:\/\/us.edu.pl\/instytut\/ip\/wp-json\/wp\/v2\/media?parent=239"}],"curies":[{"name":"wp","href":"https:\/\/api.w.org\/{rel}","templated":true}]}}