{"id":3275,"date":"2021-03-24T07:25:22","date_gmt":"2021-03-24T06:25:22","guid":{"rendered":"https:\/\/us.edu.pl\/instytut\/ip\/?page_id=3275"},"modified":"2021-03-24T08:03:28","modified_gmt":"2021-03-24T07:03:28","slug":"przystosowanie-par-romantycznych-w-czasie-pandemii-covid-19-rola-wrazliwosci-osobowosciowej-i-odczuwanego-stresu-parterow","status":"publish","type":"page","link":"https:\/\/us.edu.pl\/instytut\/ip\/nauka\/zespoly-badawcze\/projekty-naukowe-2\/przystosowanie-par-romantycznych-w-czasie-pandemii-covid-19-rola-wrazliwosci-osobowosciowej-i-odczuwanego-stresu-parterow\/","title":{"rendered":"Przystosowanie par romantycznych w czasie pandemii COVID-19: Rola wra\u017cliwo\u015bci osobowo\u015bciowej i odczuwanego stresu parter\u00f3w"},"content":{"rendered":"<p>[vc_row][vc_column][\/vc_column][\/vc_row]<\/p>","protected":false},"excerpt":{"rendered":"<p>[vc_row][vc_column][\/vc_column][\/vc_row] [&#8230;]<\/p>\n<p><a class=\"btn btn-secondary understrap-read-more-link\" href=\"https:\/\/us.edu.pl\/instytut\/ip\/nauka\/zespoly-badawcze\/projekty-naukowe-2\/przystosowanie-par-romantycznych-w-czasie-pandemii-covid-19-rola-wrazliwosci-osobowosciowej-i-odczuwanego-stresu-parterow\/\">Read More&#8230;<\/a><\/p>\n","protected":false},"author":6627,"featured_media":0,"parent":3207,"menu_order":0,"comment_status":"closed","ping_status":"closed","template":"page-templates\/page-with-bookmarks.php","meta":{"_expiration-date-status":"saved","_expiration-date":0,"_expiration-date-type":"","_expiration-date-categories":[],"_expiration-date-options":[]},"acf":[],"_links":{"self":[{"href":"https:\/\/us.edu.pl\/instytut\/ip\/wp-json\/wp\/v2\/pages\/3275"}],"collection":[{"href":"https:\/\/us.edu.pl\/instytut\/ip\/wp-json\/wp\/v2\/pages"}],"about":[{"href":"https:\/\/us.edu.pl\/instytut\/ip\/wp-json\/wp\/v2\/types\/page"}],"author":[{"embeddable":true,"href":"https:\/\/us.edu.pl\/instytut\/ip\/wp-json\/wp\/v2\/users\/6627"}],"replies":[{"embeddable":true,"href":"https:\/\/us.edu.pl\/instytut\/ip\/wp-json\/wp\/v2\/comments?post=3275"}],"version-history":[{"count":6,"href":"https:\/\/us.edu.pl\/instytut\/ip\/wp-json\/wp\/v2\/pages\/3275\/revisions"}],"predecessor-version":[{"id":3284,"href":"https:\/\/us.edu.pl\/instytut\/ip\/wp-json\/wp\/v2\/pages\/3275\/revisions\/3284"}],"up":[{"embeddable":true,"href":"https:\/\/us.edu.pl\/instytut\/ip\/wp-json\/wp\/v2\/pages\/3207"}],"wp:attachment":[{"href":"https:\/\/us.edu.pl\/instytut\/ip\/wp-json\/wp\/v2\/media?parent=3275"}],"curies":[{"name":"wp","href":"https:\/\/api.w.org\/{rel}","templated":true}]}}