{"id":4057,"date":"2021-11-29T09:42:47","date_gmt":"2021-11-29T08:42:47","guid":{"rendered":"https:\/\/us.edu.pl\/instytut\/ip\/?page_id=4057"},"modified":"2023-01-21T13:40:14","modified_gmt":"2023-01-21T12:40:14","slug":"publikacje-2022","status":"publish","type":"page","link":"https:\/\/us.edu.pl\/instytut\/ip\/nauka\/publikacje-2\/artykuly-w-czasopismach\/publikacje-2022\/","title":{"rendered":"Publikacje 2022"},"content":{"rendered":"<p>[vc_row][vc_column]\r\n                <div class=\"text-modules\">\r\n                    <div class=\"container\">\r\n                        \r\n                        <div class=\"text-modules__content\"><\/p>\n<ol>\n<li><span style=\"font-size: 14pt;\">Van Bavel, J. J., Cichocka, A., Capraro, V., Sj\u00e5stad, H., (&#8230;) <strong>Paruzel-Czachura, M. <\/strong>&amp; Conway, J. (2022). National identity predicts public health support during a global pandemic: Results from 67 nations. <i>Nature Communications<\/i>. <a href=\"https:\/\/doi.org\/10.1038\/s41467-021-27668-9\">https:\/\/doi.org\/10.1038\/s41467-021-27668-9 <\/a><strong>Impact Factor: 14.919\/<span class=\"aCOpRe\">MEiN<\/span>: 200p.<\/strong><\/span><\/li>\n<li><span style=\"font-size: 14pt;\">Delios, A., Clemente, E. G., Wu, T., Tan, H., Wang, Y., Gordon, M., &#8230; &amp; Uhlmann, E. L. (2022). Examining the generalizability of research findings from archival data. <em>Proceedings of the National Academy of Science<\/em>s, 119(30), e2120377119. <strong>Impact Factor: 12.<\/strong><strong>779 \/ <\/strong><strong>MEiN: <\/strong><strong>200 p.<\/strong><\/span><\/li>\n<li><span style=\"font-size: 14pt;\">Legate, N., Ngyuen, T. V., Weinstein, N., Moller, A., Legault, L., Vally, Z., <strong>Paruzel-Czachura, M.<\/strong>&#8230; &amp; Ogbonnaya, C. E. (2022). A global experiment on motivating social distancing during the COVID-19 pandemic. <em>Proceedings of the National Academy of Sciences<\/em>, <em>119<\/em>(22). <a href=\"https:\/\/doi.org\/10.1073\/pnas.2111091119\">https:\/\/doi.org\/10.1073\/pnas.2111091119<\/a> <strong>Impact Factor: 11.205; MEiN: 200p.<\/strong><\/span><\/li>\n<li><span style=\"font-size: 14pt;\">Strzebonska, K., <strong>Blukacz, M.,<\/strong> Wasylewski, M.T., <i>et al.<\/i> Risk and benefit for umbrella trials in oncology: a systematic review and meta-analysis. <i>BMC Med<\/i> <b>20<\/b>, 219 (2022). https:\/\/doi.org\/10.1186\/s12916-022-02420-2 <strong>Impact Factor: 11.150; MEiN: 200p.<\/strong><\/span><\/li>\n<\/ol>\n<p>&nbsp;<\/p>\n<ol>\n<li style=\"text-align: justify;\"><span style=\"font-size: 14pt;\">Maples-Keller, J. L., Yasinski, C., <strong>Stojek, M<\/strong>., Ravi, M., Watkins, L. E., Patton, S. C., &#8230; &amp; Rothbaum, B. O. (2022). The relations between C-reactive protein and trauma exposure, PTSD and depression symptoms, and PTSD psychotherapy treatment response in treatment seeking veterans and service members. <i>Brain, Behavior, and Immunity,<\/i> 101, 84-92. <a href=\"https:\/\/doi.org\/10.1016\/j.bbi.2021.12.025\">https:\/\/doi.org\/10.1016\/j.bbi.2021.12.025 <\/a><strong>Impact Factor: 19.227; MEiN: 140p.<\/strong><\/span><\/li>\n<li style=\"text-align: justify;\"><span style=\"font-size: 14pt;\">Wnuk, M., &amp; <strong>Charzy\u0144ska, E.<\/strong> (2022). Involvement in Sexaholics Anonymous and life satisfaction: The mediating role of meaning in life and hope, <em>Journal of Behavioral Addictions<\/em> (published online ahead of print 2022).<a href=\"https:\/\/doi.org\/10.1556\/2006.2022.00024\">https:\/\/doi.org\/10.1556\/2006.2022.00024<\/a> <strong>Impact Factor: 6.756; MEiN: 140p.<\/strong><\/span><\/li>\n<li style=\"text-align: justify;\"><span style=\"font-size: 14pt;\"><strong>Charzy\u0144ska, E.,<\/strong>\u00a0Brytek-Matera, A., &amp; Atroszko, P. A. (2022). The Modified Yale Food Addiction Scale May Be Simplified and Diagnostically Improved: The Same Prevalence but Different Severity and Risk Factors of Food Addiction among Female and Male Students.\u00a0<i>Nutrients<\/i>,\u00a0<i>14<\/i>(19), 4041.\u00a0<a href=\"https:\/\/doi.org\/10.3390\/nu14194041\">https:\/\/doi.org\/10.3390\/nu14194041\u00a0<\/a><strong>Impact Factor: 6.706; MEiN: 140p.<\/strong><\/span><\/li>\n<li style=\"text-align: justify;\"><span style=\"font-size: 14pt;\">Lobel, M., Preis, H., Mahaffey, B., Schaal, N. K., Yirmiya, K., Atzil, S., Reuveni, I., Balestrieri, M., Penengo, C., Colli, C., Garzitto, M., Driul, L.,\u00a0<strong>Ilska, M., Brandt-Salmeri, A., Ko\u0142odziej-Zaleska, A.<\/strong>, Caparros-Gonzalez, R. A., Castro, R. A., la Marca-Ghaemmaghami, P., &amp; Meyerhoff, H. (2022). Common model of stress, anxiety, and depressive symptoms in pregnant women from seven high-income western countries at the COVID-19 pandemic onset.\u00a0<em>Social Science &amp; Medicine<\/em>, 115499.\u00a0<a href=\"https:\/\/doi.org\/10.1016\/J.SOCSCIMED.2022.115499\">https:\/\/doi.org\/10.1016\/J.SOCSCIMED.2022.115499\u00a0<\/a><strong>Impact Factor: 5.379; MEiN: 140p.<\/strong><\/span><\/li>\n<li><span style=\"font-size: 14pt;\">Rauch, S. A., Steimle, L. N., Li, J., Black, K., Nylocks, K. M., Patton, S. C., &#8230; &amp; Rothbaum, B. O. (2022). Frequency and correlates of suicidal ideation and behaviors in treatment-seeking Post-9\/11 Veterans. <em>Journal of psychiatric research<\/em>, 155, 559-566. Impact Factor: 5.250 \/ 140 p.<\/span><\/li>\n<li style=\"text-align: justify;\"><span style=\"font-size: 14pt;\"><strong>Ilska, M., Ko\u0142odziej-Zaleska, A.<\/strong>, Bana\u015b-Fiebrich, E., <strong>Brandt-Salmeri, A.<\/strong>, Janowska-Tyc, E., \u0141yszczarz, A., Rzewiczok, J., Piela, B., Cnota, W. (2022). Health-Related Quality-of-Life among Pregnant Women after First, Second, and Multiple Cesarean Sections in the Perinatal Period: A Short-Term Longitudinal Study. <em>International Journal of Environmental Research and Public Health<\/em>; 19(24):16747. <a href=\"https:\/\/doi.org\/10.3390\/ijerph192416747%20\" target=\"_blank\" rel=\"noopener noreferrer\">https:\/\/doi.org\/10.3390\/ijerph192416747<\/a> <strong>Impact Factor: 4.614; MEiN: 140p.<\/strong><\/span><\/li>\n<li><span style=\"font-size: 14pt;\"><strong>Pyszkowska, A., &amp; Stojek, M. M.<\/strong> (2022). Early Maladaptive Schemas and Self-Stigma in People with Physical Disabilities: The Role of Self-Compassion and Psychological Flexibility. <em>International Journal of Environmental Research and Public Health<\/em>, 19(17), 10854. <strong>Impact Factor: 4.614 \/ <\/strong><strong>MEiN: <\/strong><strong>140 p.<\/strong><\/span><\/li>\n<li><span style=\"font-size: 14pt;\">Znajmiecka, M., Roszko-W\u00f3jtowicz, E., &amp; <strong>Stasi\u0142a-Sieradzka, M.<\/strong> (2022). In search of differences in the perception of safety climate by employees of an international manufacturing company. <em>International Journal of Environmental Research and Public Health<\/em>, 19(22), 14980. <strong>Impact Factor: 4.614 \/ <\/strong><strong>MEiN: <\/strong><strong>140 p.<\/strong><\/span><\/li>\n<li><span style=\"font-size: 14pt;\">Kowalski, G., &amp; <strong>\u015alebarska, K. (<\/strong>2022). Remote Working and Work Effectiveness: A Leader Perspective. <em>International Journal of Environmental Research and Public Health<\/em>, 19(22), 15326. <strong>Impact Factor: 4.614 \/ <\/strong><strong>MEiN: <\/strong><strong>140 p.<\/strong><\/span><\/li>\n<li style=\"text-align: justify;\"><span style=\"font-size: 14pt;\"><strong>Ilska, M., Brandt-Salmeri, A., Ko\u0142odziej-Zaleska,<\/strong> A.Preis, H., Rehbein, E., &amp; Lobel, M. (2022).<i><\/i>\u00a0Anxiety among pregnant women during the first wave of the COVID-19 pandemic in Poland. <i>Scientific Reports,<\/i> 12, 8445. <a href=\"https:\/\/doi.org\/10.1038\/s41598-022-12275-5\">https:\/\/doi.org\/10.1038\/s41598-022-12275-5<\/a> <strong>Impact Factor: 4.379; MEiN: 140p.<\/strong><\/span><\/li>\n<li style=\"text-align: justify;\"><span style=\"font-size: 14pt;\">Bia\u0142ek, M., Domurat, A., <strong>Paruzel-Czachura, M.,<\/strong> &amp; Muda, R. (2022). Limits of the foreign language effect: intertemporal choice. <em>Thinking &amp; Reasoning<\/em>, <em>28<\/em>(1), 97-124. <a href=\"https:\/\/doi.org\/10.1080\/13546783.2021.1934899\">https:\/\/doi.org\/10.1080\/13546783.2021.1934899<\/a> <strong>Impact Factor: 3.537; MEiN: 140p.<\/strong><\/span><\/li>\n<li style=\"text-align: justify;\"><span style=\"font-size: 14pt;\"><strong>Paliga, M.<\/strong> (2022). Human-cobot interaction fluency and cobot operators\u2019 job performance. The mediating role of work engagement: A survey. <i>Robotics and Autonomous Systems<\/i>, 104191. <a href=\"https:\/\/doi.org\/10.1016\/j.robot.2022.104191\">https:\/\/doi.org\/10.1016\/j.robot.2022.104191 <\/a><strong>Impact Factor: 3.700; MEiN: 140p.<\/strong><\/span><\/li>\n<li style=\"text-align: justify;\"><span style=\"font-size: 14pt;\"><strong>Paruzel-Czachura, M.,<\/strong> &amp; Bia\u0142ek, M. (2022). Penitence congruity effect: even murderers are seen as less immoral when expressing guilt and deontological beliefs. <em>Psychology, Crime &amp; Law<\/em>, 1-23. <u><a href=\"https:\/\/doi.org\/10.1080\/1068316X.2022.2077944\">https:\/\/doi.org\/10.1080\/1068316X.2022.2077944<\/a><\/u> <strong>Impact Factor: 2.019; MEiN: 140p.<\/strong><\/span><\/li>\n<li><span style=\"font-size: 14pt;\">St\u0119pie\u0144-Lampa, N. M., Grzywna, P. \u0141., &amp;\u00a0<strong>Turska, E.<\/strong> (2022). Attitudes towards faith among inhabitants of Poland and Hungary: moderating role of age, education and place of residence. <em>European Journal of Science and Theology<\/em>, 18, 93\u2013110. <strong>MEiN: 140<\/strong><\/span><\/li>\n<\/ol>\n<p>&nbsp;<\/p>\n<ol>\n<li style=\"text-align: justify;\"><span style=\"font-size: 14pt;\">Przyby\u0142a-Basista, H., <strong>Buszman, K. <\/strong>Flakus, M. (2022). An examination of the factor structure of the Goldfarb Fear of Fat Scale in clinical and non-clinical samples of Polish women. <em>Body Image<\/em>, 40, 58-66. <a href=\"https:\/\/doi.org\/10.1016\/j.bodyim.2021.11.003\">https:\/\/doi.org\/10.1016\/j.bodyim.2021.11.003<\/a> <strong>Impact Factor: 6.406; MEiN: 100p.<\/strong><\/span><\/li>\n<li style=\"text-align: justify;\"><span style=\"font-size: 14pt;\">Jach, \u0141.,\u00a0 Kubicius, D., Jonason, P.K. (2022). Do they fit together like the Joker and Harley Quinn?\u201d: Joking, laughing, humor styles, and dyadic adjustment among people in long-term romantic relationships. <em>Personality and Individual Differences<\/em>, 199, <a href=\"https:\/\/doi.org\/10.1016\/j.paid.2022.111859\">https:\/\/doi.org\/10.1016\/j.paid.2022.111859 <\/a><strong>IF: 3,95\/<span class=\"aCOpRe\">MEiN<\/span>: 100p.<\/strong><\/span><\/li>\n<li style=\"text-align: justify;\"><span style=\"font-size: 14pt;\"><strong>Kocur, D.<\/strong>, Flakus, M., Fopka-Kowalczyk, M. (2022). Validity and reliability of the Polish version of the Self-Compassion Scale and its correlates. <em>PLoS ONE,<\/em> 17(5), e0267637. https:\/\/doi.org\/10.1371\/journal.pone.0267637 <strong>Impact Factor: 3.240; MEiN: 100p.<\/strong><\/span><\/li>\n<li style=\"text-align: justify;\"><span style=\"font-size: 14pt;\"><strong>Paliga, M., Ko\u017cusznik, B., Pollak, A., &amp; Sanecka, E.<\/strong> (2022). The relationships of psychological capital and influence regulation with job satisfaction and job performance, <em>PLoS ONE<\/em>, 17(8), e0272412. <a href=\"https:\/\/doi.org\/10.1371\/journal.pone.0272412\">https:\/\/doi.org\/10.1371\/journal.pone.0272412<\/a>.\u00a0<strong>Impact Factor: 3.240; <span class=\"aCOpRe\">MEiN<\/span>: 100p.<\/strong><\/span><\/li>\n<li style=\"text-align: justify;\"><span style=\"font-size: 14pt;\">Turska-Kawa, A., &amp; <strong>Pilch, I.<\/strong> (2022). Political beliefs and the acceptance of the SARS-CoV-2 pandemic restrictions. The case of Poland. <em>PLoS ONE<\/em>, <em>17<\/em>(3), e0264502. <a href=\"https:\/\/doi.org\/10.1371\/journal.pone.0264502\">https:\/\/doi.org\/10.1371\/journal.pone.0264502 <\/a><strong>Impact Factor: 3.240; <span class=\"aCOpRe\">MEiN<\/span>: 100p.<\/strong><\/span><\/li>\n<li style=\"text-align: justify;\"><span style=\"font-size: 14pt;\"><strong>Turska, E.<\/strong>, St\u0119pie\u0144-Lampa, N. M., &amp; Grzywna, P. \u0141. (2022). Experience of COVID-19 disease and fear of the SARS-CoV-2 virus among Polish students. PeerJ, 10, 1\u201317. https:\/\/doi.org\/10.7717\/peerj.14356 <strong>Impact Factor: 3.061; <span class=\"aCOpRe\">MEiN<\/span>: 100p.<\/strong><\/span><\/li>\n<li style=\"text-align: justify;\"><span style=\"font-size: 14pt;\"><strong>Pilch, I., Lipka, J.,<\/strong> &amp; Gnielczyk, J. (2022). When your beloved is a psychopath. Psychopathic traits and social status of men and women&#8217;s relationship and sexual satisfaction. <em>Personality and Individual Differences<\/em>, 184, 111175.<a href=\"https:\/\/doi.org\/10.1016\/j.paid.2021.111175\">https:\/\/doi.org\/10.1016\/j.paid.2021.111175<\/a> <strong>Impact Factor: 3.004; <span class=\"aCOpRe\">MNiSW<\/span>: 100p.<\/strong><\/span><\/li>\n<li style=\"text-align: justify;\"><span style=\"font-size: 14pt;\">Gierczyk, M., <strong>Charzy\u0144ska, E.<\/strong>, Dobosz, Hetma\u0144czyk, H., &amp; Jarosz, E. (2022) Subjective Well-Being of Primary and Secondary School Students During the COVID-19 Pandemic: A Latent Profile Analysis. <i>Child Ind Res<\/i> <a href=\"https:\/\/doi.org\/10.1007\/s12187-022-09952-2\">https:\/\/doi.org\/10.1007\/s12187-022-09952-2<\/a> <strong>Impact Factor: 2.420; MEiN: 100p.<\/strong><\/span><\/li>\n<li>\n<div id=\"2Cit\" class=\"col-md-11\"><span style=\"font-size: 14pt;\">Chudzicka-Czupa\u0142a, A., \u017bywio\u0142ek-Szeja, <strong>M., Paliga,<\/strong> M., Grabowski, D., Krauze, N. (2022). Remote and on-site work stress severity during the COVID-19 pandemic: comparison and selected conditions. <i>International Journal of Occupational Medicine and Environmental Health<\/i>. https:\/\/doi.org\/10.13075\/ijomeh.1896.02001 <strong>Impact Factor: 1.828; MEiN: 100p.<\/strong><\/span><\/div>\n<\/li>\n<li><span style=\"font-size: 14pt;\">Chudzicka-Czupa\u0142a, A., Grabowski, D., Czerw, A., &amp; <strong>Stasi\u0142a-Sieradzka, M<\/strong>. (2022). Assessment of worklife areas, trust in supervisor and interpersonal trust as conditions of severity of stress at work. <em>International Journal of Occupational Medicine and Environmental Health<\/em>, 35(6), 719-730. <strong>Impact Factor: 1.828 \/ <\/strong><strong>MEiN: <\/strong><strong>100 p.<\/strong><\/span><\/li>\n<li style=\"text-align: justify;\"><span style=\"font-size: 14pt;\"><strong>Friedrich, W.<\/strong> (2022). What Makes People Reoffend? Predictors of Reconviction\u2013A 2-year Longitudinal Study. <i>Deviant Behavior<\/i>, 1-17. <a href=\"https:\/\/doi.org\/10.1080\/01639625.2022.2095238\">https:\/\/doi.org\/10.1080\/01639625.2022.2095238<\/a> <strong>Impact Factor: 1.716; MEiN: 100p.<\/strong><\/span><\/li>\n<li style=\"text-align: justify;\"><span style=\"font-size: 14pt;\"><strong>Paruzel-Czachura, M.; Charzy\u0144ska, E.<\/strong> (2022). Investigating the Relationship between Centrality of Religiosity, Instrumental Harm, and Impartial Beneficence through the Lens of Moral Foundations. <em>Religions,<\/em>\u00a0<em>13<\/em>, 1215. https:\/\/doi.org\/10.3390\/rel13121215 <strong>MEiN: 100<\/strong><\/span><\/li>\n<li><span style=\"font-size: 14pt;\">Mu\u015b, A., <strong>Jakubowski, T.,<\/strong> Kijonka, J., &amp; Sarna, P. (2022). Where Ethnoregionalism and Nationalism Meet: A Struggle for Recognition and a Clash of Identities. <em>International Journal on Minority and Group Rights<\/em>, 1(aop), 1-28. <strong>MEiN: <\/strong><strong>100 p.<\/strong><\/span><\/li>\n<li><span style=\"font-size: 14pt;\"><strong>Kocur, D.<\/strong>, Flakus, M., &amp; Fopka-Kowalczyk, M. (2022). Skala Wsp\u00f3\u0142czucia dla Samego Siebie (SCS-PL). Przegl\u0105d Bada\u0144 Edukacyjnych (Educational Studies Review), (37). <strong>MEiN: <\/strong><strong>100 p.<\/strong><\/span><\/li>\n<li><span style=\"font-size: 14pt;\"><strong>Moro\u0144, M.<\/strong>, Biolik-Moro\u0144, M., &amp; Matuszewski, K. (2022). Scrupulosity in the Network of Obsessive-Compulsive Symptoms, Religious Struggles, and Self-Compassion: A Study in a Non-Clinical Sample. <em>Religions<\/em>, 13(10), 879. <strong>MEiN: <\/strong><strong>100 p.<\/strong><\/span><\/li>\n<li><span style=\"font-size: 14pt;\">Rode, D., <strong>Rode, M.,<\/strong> Kabzi\u0144ska, J., Habzda-Siwek, E., &amp; Niewiadomska, I. (2022). Psychological Expertising in Juvenile Delinquency Cases in Poland: Principles for Evaluation of Psychological Opinion. <em>Teka Komisji Prawniczej PAN Oddzia\u0142 w Lublinie<\/em>, 15(2), 257-273. <strong>MEiN: <\/strong><strong>100 p.<\/strong><\/span><\/li>\n<li><span style=\"font-size: 14pt;\"><strong>\u015alebarska, K. <\/strong>(2022). Ewangelia a zarz\u0105dzanie\u2013praca ludzka i jej psychospo\u0142eczny wymiar w \u015bwietle nauczania b\u0142. kard. Stefana Wyszy\u0144skiego. <em>Collectanea Theologica<\/em>, 92(2), 183-199. <strong>MEiN: <\/strong><strong>100 p.<\/strong><\/span><\/li>\n<\/ol>\n<p>&nbsp;<\/p>\n<ol>\n<li style=\"text-align: justify;\"><span style=\"font-size: 14pt;\">Bago, B., Kovacs, M., Protzko, J., Nagy, T., Kekecs, Z., Palfi, B., <strong>Paruzel-Czachura, M.,<\/strong> &#8230; &amp; Matibag, C. J. (2022). Situational factors shape moral judgements in the trolley dilemma in Eastern, Southern and Western countries in a culturally diverse sample. <em>Nature Human Behaviour<\/em>, 1-13. <strong>Impact Factor: 13.663; MEiN: 70p.<\/strong><\/span><\/li>\n<li><span style=\"font-size: 14pt;\">Zawadzka, A. M., Kasser, T., Niesiob\u0119dzka, M., Lewandowska-Walter, A., &amp; <strong>G\u00f3rnik-Durose, M. <\/strong>(2022). Environmental correlates of adolescent\u2019materialism: Interpersonal role models, media exposure, and family socio-economic status. <em>Journal of Child and Family Studies<\/em>, 31(5), 1427-1440. <strong>Impact Factor: 2.784 \/ <\/strong><strong>MEiN: <\/strong><strong>70 pkt<\/strong><\/span><\/li>\n<li><span style=\"font-size: 14pt;\"><strong>Sanecka, E.<\/strong> (2020). Psychopathy and procrastination: Triarchic conceptualization of psychopathy and its relations to active and passive procrastination. <em>Current Psychology<\/em>, 1-14. <strong>Impact Factor: 2.387 \/ <\/strong><strong>MEiN: <\/strong><strong>70 p.<\/strong><\/span><\/li>\n<li style=\"text-align: justify;\"><span style=\"font-size: 14pt;\">Puig-Perez, S., Cano-L\u00f3pez, I., Mart\u00ednez, P., Kozusznik, M. W., Alacreu-Crespo, A., Pulopulos, M. M., &#8230; <strong>Pollak , A. <\/strong>&amp; <strong>Ko\u017cusznik, B.<\/strong> (2022). Optimism as a protective factor against the psychological impact of COVID-19 pandemic through its effects on perceived stress and infection stress anticipation. <i>Current Psychology<\/i>, 1-15. <strong>Impact Factor: 2.387; MEiN: 70p.<\/strong><\/span><\/li>\n<li style=\"text-align: justify;\"><span style=\"font-size: 14pt;\">Gajda, A., <strong>Moro\u0144, M.<\/strong>, Kr\u00f3lik, M., Ma\u0142uch, M., &amp; Mraczek, M. (2022). The Dark Tetrad, cybervictimization, and cyberbullying: The role of moral disengagement. <em>Current Psychology<\/em>. Advanced online publication. <a href=\"https:\/\/doi.org\/10.1007\/s12144-022-03456-6\">https:\/\/doi.org\/10.1007\/s12144-022-03456-6<\/a> <strong>Impact Factor: 2.387; MEiN: 70p.<\/strong><\/span><\/li>\n<li style=\"text-align: justify;\"><span style=\"font-size: 14pt;\">Schneider, Z. &amp; <strong>Moro\u0144, M.<\/strong> (2022). Facial makeup and perceived likelihood of influence tactics use among women: A role of attractiveness attributed to faces with and without makeup. <em>Current Psychology<\/em>. Advanced online publication. <a href=\"https:\/\/doi.org\/10.1007\/s12144-022-03373-8\">https:\/\/doi.org\/10.1007\/s12144-022-03373-8<\/a> <strong>Impact Factor: 2.387; MEiN: 70p.<\/strong><\/span><\/li>\n<li style=\"text-align: justify;\"><span style=\"font-size: 14pt;\"><strong>Paruzel-Czachura, M.,<\/strong>\u00a0Sorokowska, A., Bianga, P.\u00a0<i>et al.<\/i>\u00a0A strong alcoholic drink does not influence self-assessments of the big five personality traits.\u00a0<i>Current Psychol<\/i>\u00a0(2022).\u00a0<a href=\"https:\/\/doi.org\/10.1007\/s12144-022-04015-9\">https:\/\/doi.org\/10.1007\/s12144-022-04015-9<\/a>\u00a0<strong>Impact Factor:\u00a02.387<\/strong>;\u00a0<strong>MEiN: 70p.<\/strong><\/span><\/li>\n<li><span style=\"font-size: 14pt;\">Bia\u0142ecka-Pikul, M., Bia\u0142ek, A., Kosno, M., St\u0119pie\u0144-Nycz, M., <strong>Blukacz, M.<\/strong>, &amp; Zubek, J. (2022). Early mindreading scale: From joint attention to false-belief understanding. <em>European Journal of Developmental Psychology<\/em>, 19(2), 301-318. <strong>Impact Factor: 1.807 \/ <\/strong><strong>MEiN: <\/strong><strong>70 p.<\/strong><\/span><\/li>\n<li style=\"text-align: justify;\"><span style=\"font-size: 14pt;\"><strong>Mandal, E.<\/strong>, &amp; Lip, M. (2022). Mindfulness, relationship quality, and conflict resolution strategies used by partners in close relationships. <em>Current Issues in Personality Psychology, <\/em>10(2), 135-146. <a href=\"https:\/\/doi.org\/10.5114\/cipp.2021.111981\" target=\"_blank\" rel=\"noopener noreferrer\">https:\/\/doi.org\/10.5114\/cipp.2021.111981 <\/a><strong>MEiN: 70p.<\/strong><\/span><\/li>\n<li style=\"text-align: justify;\"><span style=\"font-size: 14pt;\">Matuszewski, K., &amp; <strong>Moro\u0144, M.<\/strong> (2022). The HEXACO Model of Personality, Religiosity, and Trait Forgiveness. <em>Pastoral Psychology<\/em>. Advanced online publication. <a href=\"https:\/\/doi.org\/10.1007\/s11089-022-01006-2\">https:\/\/doi.org\/10.1007\/s11089-022-01006-2<\/a> <strong>MEiN: 70p.<\/strong><\/span><\/li>\n<li style=\"text-align: justify;\"><span style=\"font-size: 14pt;\"><strong>Moro\u0144, M.<\/strong> (2022). Basic Dimensions of Religiousness and Dispositional Forgiveness: The Mediating Role of Religiously Motivated Forgiveness. <i>Annals of Psychology<\/i>. <a href=\"https:\/\/doi.org\/10.18290\/rpsych2022.0001\">https:\/\/doi.org\/10.18290\/rpsych2022.0001 <\/a><strong>MEiN: 70p.<\/strong> <\/span><\/li>\n<li><span style=\"font-size: 14pt;\">Stefa\u0144ski, D., &amp; <strong>Jach, \u0141.<\/strong> (2022). What do people think about technological enhancements of human beings? An introductory study using the Technological Enhancements Questionnaire in the context of values, the scientistic worldview, and the accepted versions of humanism. <em>Current Issues in Personality Psychology<\/em>, 9(1). <strong>MEiN: <\/strong><strong>70 p.<\/strong><\/span><\/li>\n<li><span style=\"font-size: 14pt;\"><strong>Sitko-Dominik, M. M., &amp; Jakubowski, T. D.<\/strong> (2022). Traditional male role norms, social support, and symptoms of post-traumatic stress disorder among male polish police officers. <em>Journal of police and criminal psychology<\/em>, 37(2), 392-406. <strong>MEiN: <\/strong><strong>70 p.<\/strong><\/span><\/li>\n<li><span style=\"font-size: 14pt;\"><strong>Kocur, D. J.,<\/strong> Prusik, M., &amp; Konopka, K. (2022). Public and Private Romantic Display of Affection Scale: Development and Validation. <em>Polish Psychological Bulletin<\/em>, 152-170. <strong>MEiN: <\/strong><strong>70 p.<\/strong><\/span><\/li>\n<li><span style=\"font-size: 14pt;\">Pasek, M., Suchocka, L., &amp; <strong>Wojtyna, E.<\/strong> (2022). Exploring factors predicting women\u2019s participation in cancer prevention screening. Humanities and Social Sciences, 29(4), 53-66. <strong>MEiN: <\/strong><strong>70 p.<\/strong><\/span><\/li>\n<\/ol>\n<p><span style=\"font-size: 14pt;\"><strong>Rozdzia\u0142y w monografiach<\/strong><\/span><\/p>\n<ol>\n<li><span style=\"font-size: 14pt;\"><strong>Baran, L.,<\/strong> &amp; Jonason, P. K. (2022). Contract cheating and the Dark Triad traits. In Contract Cheating in Higher Education (pp. 123-137). Palgrave Macmillan, Cham.<\/span><\/li>\n<li><span style=\"font-size: 14pt;\">Bugdol, M., <strong>Pollak, A.,<\/strong> Romaniszyn-Kania, P., Bugdol, M. N., Jesionek, M., Badura, A., &#8230; &amp; Mitas, A. W. (2022). Improving the Process of Verifying Employee Potential During Preventive Work Examinations\u2013A Case Study. In International Conference on Information Technologies in Biomedicine (pp. 406-420). Springer, Cham.<\/span><\/li>\n<\/ol>\n<p>\n<\/div>\r\n                    <\/div>\r\n                <\/div>[\/vc_column][\/vc_row][vc_row][vc_column][vc_column_text][\/vc_column_text][\/vc_column][\/vc_row][vc_row][vc_column][vc_column_text][\/vc_column_text][\/vc_column][\/vc_row][vc_row][\/vc_row][vc_column][\/vc_column][vc_column_text]<\/p>\n<p>I am text block. Click edit button to change this text. Lorem ipsum dolor sit amet, consectetur adipiscing elit. Ut elit tellus, luctus nec ullamcorper mattis, pulvinar dapibus leo.<\/p>\n<p>[\/vc_column_text]<\/p>","protected":false},"excerpt":{"rendered":"<p>[vc_row][vc_column][\/vc_column][\/vc_row][vc_row][vc_column][vc_column_text][\/vc_column_text][\/vc_column][\/vc_row][vc_row][vc_column][vc_column_text][\/vc_column_text][\/vc_column][\/vc_row][vc_row][\/vc_row][vc_column][\/vc_column][vc_column_text] I am text block. Click edit button to change this text. Lorem ipsum dolor sit amet, consectetur adipiscing elit. Ut elit tellus, luctus nec ullamcorper mattis, pulvinar dapibus leo. [\/vc_column_text] [&#8230;]<\/p>\n<p><a class=\"btn btn-secondary understrap-read-more-link\" href=\"https:\/\/us.edu.pl\/instytut\/ip\/nauka\/publikacje-2\/artykuly-w-czasopismach\/publikacje-2022\/\">Read More&#8230;<\/a><\/p>\n","protected":false},"author":159,"featured_media":0,"parent":879,"menu_order":0,"comment_status":"closed","ping_status":"closed","template":"","meta":{"_expiration-date-status":"","_expiration-date":0,"_expiration-date-type":"","_expiration-date-categories":[],"_expiration-date-options":[]},"acf":[],"_links":{"self":[{"href":"https:\/\/us.edu.pl\/instytut\/ip\/wp-json\/wp\/v2\/pages\/4057"}],"collection":[{"href":"https:\/\/us.edu.pl\/instytut\/ip\/wp-json\/wp\/v2\/pages"}],"about":[{"href":"https:\/\/us.edu.pl\/instytut\/ip\/wp-json\/wp\/v2\/types\/page"}],"author":[{"embeddable":true,"href":"https:\/\/us.edu.pl\/instytut\/ip\/wp-json\/wp\/v2\/users\/159"}],"replies":[{"embeddable":true,"href":"https:\/\/us.edu.pl\/instytut\/ip\/wp-json\/wp\/v2\/comments?post=4057"}],"version-history":[{"count":11,"href":"https:\/\/us.edu.pl\/instytut\/ip\/wp-json\/wp\/v2\/pages\/4057\/revisions"}],"predecessor-version":[{"id":5154,"href":"https:\/\/us.edu.pl\/instytut\/ip\/wp-json\/wp\/v2\/pages\/4057\/revisions\/5154"}],"up":[{"embeddable":true,"href":"https:\/\/us.edu.pl\/instytut\/ip\/wp-json\/wp\/v2\/pages\/879"}],"wp:attachment":[{"href":"https:\/\/us.edu.pl\/instytut\/ip\/wp-json\/wp\/v2\/media?parent=4057"}],"curies":[{"name":"wp","href":"https:\/\/api.w.org\/{rel}","templated":true}]}}