{"id":4716,"date":"2022-10-09T13:11:59","date_gmt":"2022-10-09T11:11:59","guid":{"rendered":"https:\/\/us.edu.pl\/instytut\/ip\/?page_id=4716"},"modified":"2026-03-10T12:12:30","modified_gmt":"2026-03-10T11:12:30","slug":"alfabet-psychologiczny","status":"publish","type":"page","link":"https:\/\/us.edu.pl\/instytut\/ip\/wspolpraca\/widzialna-psychologia\/alfabet-psychologiczny\/","title":{"rendered":"Alfabet Psychologiczny"},"content":{"rendered":"<p>[vc_row][vc_column]\r\n\r\n            <div class=\"blocks\" style=\"text-align: center\">\r\n               <div class=\"container\">\r\n                  \r\n                  <div class=\"row m-0 blocks_3\">\r\n                  \r\n                     <a href=\"https:\/\/www.youtube.com\/watch?v=edzyCBTDqAg\" class=\"thumbnail blocks__item\" style=\"background-image: url(https:\/\/us.edu.pl\/instytut\/ip\/wp-content\/uploads\/sites\/33\/Bez-kategorii\/W-jak-wdziecznosc-1024x571.jpg)\">\r\n                        <span>wi\u0119cej<\/span>\r\n                        <div class=\"blocks__bottom\">\r\n                        <div class=\"blocks__title\">W jak... Wdzi\u0119czno\u015b\u0107<\/div>\r\n                        <div class=\"blocks__subtitle\">dr Dagna Kocur, prof. U\u015a<\/div>\r\n                        <\/div>\r\n                     <\/a>\r\n                  \r\n                     <a href=\"https:\/\/us.edu.pl\/instytut\/ip\/2026\/01\/19\/alfabet-psychologiczny-n-jak-niepelnosprawnosc-intelektualna-mgr-anna-jazlowska\/\" class=\"thumbnail blocks__item\" style=\"background-image: url(https:\/\/us.edu.pl\/instytut\/ip\/wp-content\/uploads\/sites\/33\/Bez-kategorii\/Alfabet-Psychologiczny-Niepelnosprawnosc-1024x578.jpg)\">\r\n                        <span>wi\u0119cej<\/span>\r\n                        <div class=\"blocks__bottom\">\r\n                        <div class=\"blocks__title\">N jak\u2026 Niepe\u0142nosprawno\u015b\u0107 intelektualna <\/div>\r\n                        <div class=\"blocks__subtitle\">mgr Anna Jaz\u0142owska<\/div>\r\n                        <\/div>\r\n                     <\/a>\r\n                  \r\n                     <a href=\"https:\/\/youtu.be\/4t9cBg75Ue8?feature=shared\" class=\"thumbnail blocks__item\" style=\"background-image: url(https:\/\/us.edu.pl\/instytut\/ip\/wp-content\/uploads\/sites\/33\/Bez-kategorii\/Alfabet-psychologiczny-1024x575.jpg)\">\r\n                        <span>wi\u0119cej<\/span>\r\n                        <div class=\"blocks__bottom\">\r\n                        <div class=\"blocks__title\">B jak\u2026 Borsboom<\/div>\r\n                        <div class=\"blocks__subtitle\">dr Marcin Moro\u0144<\/div>\r\n                        <\/div>\r\n                     <\/a>\r\n                  \r\n                     <a href=\"https:\/\/www.youtube.com\/watch?v=QCxEfhDa14g&list=PLlhOYvtSn-ftdyVbSi-HuadM7sqqYM-kz&index=6\" class=\"thumbnail blocks__item\" style=\"background-image: url(https:\/\/us.edu.pl\/instytut\/ip\/wp-content\/uploads\/sites\/33\/Bez-kategorii\/P...-jak-Pearls_Alfabet-Psychologiczny-1024x576.jpg)\">\r\n                        <span>wi\u0119cej<\/span>\r\n                        <div class=\"blocks__bottom\">\r\n                        <div class=\"blocks__title\">P jak\u2026 Pearls<\/div>\r\n                        <div class=\"blocks__subtitle\">dr Mariola Paruzel-Czachura, prof. U\u015a<\/div>\r\n                        <\/div>\r\n                     <\/a>\r\n                  \r\n                     <a href=\"https:\/\/www.youtube.com\/watch?v=IpnfDh0Bh6U&list=PLlhOYvtSn-ftdyVbSi-HuadM7sqqYM-kz&index=6\" class=\"thumbnail blocks__item\" style=\"background-image: url(https:\/\/us.edu.pl\/instytut\/ip\/wp-content\/uploads\/sites\/33\/2022\/10\/AP.png)\">\r\n                        <span>wi\u0119cej<\/span>\r\n                        <div class=\"blocks__bottom\">\r\n                        <div class=\"blocks__title\">B jak... Bilandzic <\/div>\r\n                        <div class=\"blocks__subtitle\">dr Agnieszka Skorupa<\/div>\r\n                        <\/div>\r\n                     <\/a>\r\n                  \r\n                     <a href=\"https:\/\/www.youtube.com\/watch?v=gN7d5Uks2rk&list=PLlhOYvtSn-ftdyVbSi-HuadM7sqqYM-kz&index=4\" class=\"thumbnail blocks__item\" style=\"background-image: url(https:\/\/us.edu.pl\/instytut\/ip\/wp-content\/uploads\/sites\/33\/zdjecia\/Alfabet-psychologiczny-MARCIN-MORON-1024x576.png)\">\r\n                        <span>wi\u0119cej<\/span>\r\n                        <div class=\"blocks__bottom\">\r\n                        <div class=\"blocks__title\">C jak... Cacioppo <\/div>\r\n                        <div class=\"blocks__subtitle\">dr Marcin Moro\u0144<\/div>\r\n                        <\/div>\r\n                     <\/a>\r\n                  \r\n                     <a href=\"https:\/\/www.youtube.com\/watch?v=hR25VrJ0QS8&list=PLlhOYvtSn-ftdyVbSi-HuadM7sqqYM-kz&index=5\" class=\"thumbnail blocks__item\" style=\"background-image: url(https:\/\/us.edu.pl\/instytut\/ip\/wp-content\/uploads\/sites\/33\/2022\/10\/AP.png)\">\r\n                        <span>wi\u0119cej<\/span>\r\n                        <div class=\"blocks__bottom\">\r\n                        <div class=\"blocks__title\">K jak... Kabat-Zinn <\/div>\r\n                        <div class=\"blocks__subtitle\">dr Dagna Kocur<\/div>\r\n                        <\/div>\r\n                     <\/a>\r\n                  \r\n                     <a href=\"https:\/\/www.youtube.com\/watch?v=3ZYruDeqfzs&list=PLlhOYvtSn-ftdyVbSi-HuadM7sqqYM-kz&index=2\" class=\"thumbnail blocks__item\" style=\"background-image: url(https:\/\/us.edu.pl\/instytut\/ip\/wp-content\/uploads\/sites\/33\/Widzialna-psychologia\/Alfabet-psychologiczny-OCo-Monika-Stojek-1024x576.png)\">\r\n                        <span>wi\u0119cej<\/span>\r\n                        <div class=\"blocks__bottom\">\r\n                        <div class=\"blocks__title\">L jak... Linehan <\/div>\r\n                        <div class=\"blocks__subtitle\">dr Monika Stojek, prof. U\u015a<\/div>\r\n                        <\/div>\r\n                     <\/a>\r\n                  \r\n                     <a href=\"https:\/\/www.youtube.com\/watch?v=XXI0Hqk3Dfc&list=PLlhOYvtSn-ftdyVbSi-HuadM7sqqYM-kz&index=9\" class=\"thumbnail blocks__item\" style=\"background-image: url(https:\/\/us.edu.pl\/instytut\/ip\/wp-content\/uploads\/sites\/33\/Bez-kategorii\/N...-jak-Neff_Alfabet-Psychologiczny-1-1024x576.jpg)\">\r\n                        <span>wi\u0119cej<\/span>\r\n                        <div class=\"blocks__bottom\">\r\n                        <div class=\"blocks__title\">N... jak Neff<\/div>\r\n                        <div class=\"blocks__subtitle\">dr Dagna Kocur, prof. U\u015a<\/div>\r\n                        <\/div>\r\n                     <\/a>\r\n                  \r\n                     <a href=\"https:\/\/us.edu.pl\/instytut\/ip\/2024\/11\/29\/alfabet-psychologiczny-s-jak-sandal-dr-agnieszka-skorupa\/\" class=\"thumbnail blocks__item\" style=\"background-image: url(https:\/\/us.edu.pl\/instytut\/ip\/wp-content\/uploads\/sites\/33\/Bez-kategorii\/S...-jak-Sandal_Alfabet-Psychologiczny-1-1024x576.jpg)\">\r\n                        <span>wi\u0119cej<\/span>\r\n                        <div class=\"blocks__bottom\">\r\n                        <div class=\"blocks__title\">S... jak Sandal<\/div>\r\n                        <div class=\"blocks__subtitle\">dr Agnieszka Skorupa<\/div>\r\n                        <\/div>\r\n                     <\/a>\r\n                  \r\n                     <a href=\"https:\/\/www.youtube.com\/watch?v=mKQEp-UMu_g&list=PLlhOYvtSn-ftdyVbSi-HuadM7sqqYM-kz&index=3\" class=\"thumbnail blocks__item\" style=\"background-image: url(https:\/\/us.edu.pl\/instytut\/ip\/wp-content\/uploads\/sites\/33\/Widzialna-psychologia\/Alfabet-psychologiczny-Lukasz-Jach1-1024x576.png)\">\r\n                        <span>wi\u0119cej<\/span>\r\n                        <div class=\"blocks__bottom\">\r\n                        <div class=\"blocks__title\">T jak... Thaler <\/div>\r\n                        <div class=\"blocks__subtitle\">dr \u0141ukasz Jach, prof. U\u015a<\/div>\r\n                        <\/div>\r\n                     <\/a>\r\n                  \r\n                     <a href=\"https:\/\/www.youtube.com\/watch?v=OEoonmYxkiM&list=PLlhOYvtSn-ftdyVbSi-HuadM7sqqYM-kz&index=8\" class=\"thumbnail blocks__item\" style=\"background-image: url(https:\/\/us.edu.pl\/instytut\/ip\/wp-content\/uploads\/sites\/33\/Widzialna-psychologia\/Alfabet-psychologiczny-Magdalena-Rode-1024x576.png)\">\r\n                        <span>wi\u0119cej<\/span>\r\n                        <div class=\"blocks__bottom\">\r\n                        <div class=\"blocks__title\"> W jak\u2026 Walters <\/div>\r\n                        <div class=\"blocks__subtitle\">dr Magdalena Rode<\/div>\r\n                        <\/div>\r\n                     <\/a><\/div>     \r\n               <\/div>\r\n            <\/div>[\/vc_column][\/vc_row]<\/p>","protected":false},"excerpt":{"rendered":"<p>[vc_row][vc_column][\/vc_column][\/vc_row] [&#8230;]<\/p>\n<p><a class=\"btn btn-secondary understrap-read-more-link\" href=\"https:\/\/us.edu.pl\/instytut\/ip\/wspolpraca\/widzialna-psychologia\/alfabet-psychologiczny\/\">Read More&#8230;<\/a><\/p>\n","protected":false},"author":159,"featured_media":0,"parent":4708,"menu_order":0,"comment_status":"closed","ping_status":"closed","template":"","meta":{"_expiration-date-status":"","_expiration-date":0,"_expiration-date-type":"","_expiration-date-categories":[],"_expiration-date-options":[]},"acf":[],"_links":{"self":[{"href":"https:\/\/us.edu.pl\/instytut\/ip\/wp-json\/wp\/v2\/pages\/4716"}],"collection":[{"href":"https:\/\/us.edu.pl\/instytut\/ip\/wp-json\/wp\/v2\/pages"}],"about":[{"href":"https:\/\/us.edu.pl\/instytut\/ip\/wp-json\/wp\/v2\/types\/page"}],"author":[{"embeddable":true,"href":"https:\/\/us.edu.pl\/instytut\/ip\/wp-json\/wp\/v2\/users\/159"}],"replies":[{"embeddable":true,"href":"https:\/\/us.edu.pl\/instytut\/ip\/wp-json\/wp\/v2\/comments?post=4716"}],"version-history":[{"count":11,"href":"https:\/\/us.edu.pl\/instytut\/ip\/wp-json\/wp\/v2\/pages\/4716\/revisions"}],"predecessor-version":[{"id":11267,"href":"https:\/\/us.edu.pl\/instytut\/ip\/wp-json\/wp\/v2\/pages\/4716\/revisions\/11267"}],"up":[{"embeddable":true,"href":"https:\/\/us.edu.pl\/instytut\/ip\/wp-json\/wp\/v2\/pages\/4708"}],"wp:attachment":[{"href":"https:\/\/us.edu.pl\/instytut\/ip\/wp-json\/wp\/v2\/media?parent=4716"}],"curies":[{"name":"wp","href":"https:\/\/api.w.org\/{rel}","templated":true}]}}