{"id":4721,"date":"2022-10-09T13:16:33","date_gmt":"2022-10-09T11:16:33","guid":{"rendered":"https:\/\/us.edu.pl\/instytut\/ip\/?page_id=4721"},"modified":"2024-12-13T18:24:01","modified_gmt":"2024-12-13T17:24:01","slug":"podcasty-psychologiczne","status":"publish","type":"page","link":"https:\/\/us.edu.pl\/instytut\/ip\/wspolpraca\/widzialna-psychologia\/podcasty-psychologiczne\/","title":{"rendered":"Podcasty psychologiczne"},"content":{"rendered":"<p>[vc_row][vc_column]\r\n\t\t\t\t<div class='container'>\r\n\t\t\t\t\t<div class='list-links list-links_'>\r\n\t\t\t\t\t\t  \r\n\t\t\t\t\t\t  <ul>\r\n\t\t\t\t\t\t\t\t<li><a href='https:\/\/open.spotify.com\/episode\/1y4MKA6gMtCSnx4VX3foOH?si=4MAxreI_TxODLBx-oZb0WQ&nd=1&dlsi=78e0776f33e04936'><h1>Rozmowa z dr Magdalen\u0105 Hyl\u0105 dotycz\u0105ca tematyki mindfulness<\/h1><\/a><\/li>\r\n\t\t\t\t\t\t\t\t<li><a href='https:\/\/open.spotify.com\/episode\/08r5Ei7R8QUtbGvNgL4pTK?si=m2YNjvG0R62e13j2LgRoOQ&nd=1&fbclid=IwAR1TzwwhDLSV0BcoSS2-bPQR-YIspDrp0_4UqVHvdE1vjwLZXpxBWfnWBxk'><h1>Rozmowa z dr Mariol\u0105 Paruzel-Czachur\u0105, prof. U\u015a na temat ludzkiej moralno\u015bci<\/h1><\/a><\/li>\r\n\t\t\t\t\t\t\t\t<li><a href='https:\/\/open.spotify.com\/episode\/0piXhJa2YGEFJ9umyX7Opo'><h1>Rozmowa z prof. Bogus\u0142awem Paw\u0142owskim na temat znaczenia podej\u015bcia ewolucyjnego w dzisiejszej nauce i podsumowanie konferencji PTNCE 2024<\/h1><\/a><\/li><\/ul>\r\n\t\t\t\t\t<\/div>\r\n\t\t\t\t<\/div>   \r\n\t\t\t\t\t[\/vc_column][\/vc_row]<\/p>","protected":false},"excerpt":{"rendered":"<p>[vc_row][vc_column][\/vc_column][\/vc_row] [&#8230;]<\/p>\n<p><a class=\"btn btn-secondary understrap-read-more-link\" href=\"https:\/\/us.edu.pl\/instytut\/ip\/wspolpraca\/widzialna-psychologia\/podcasty-psychologiczne\/\">Read More&#8230;<\/a><\/p>\n","protected":false},"author":159,"featured_media":0,"parent":4708,"menu_order":0,"comment_status":"closed","ping_status":"closed","template":"page-templates\/inner-page-with-bookmarks.php","meta":{"_expiration-date-status":"","_expiration-date":0,"_expiration-date-type":"","_expiration-date-categories":[],"_expiration-date-options":[]},"acf":[],"_links":{"self":[{"href":"https:\/\/us.edu.pl\/instytut\/ip\/wp-json\/wp\/v2\/pages\/4721"}],"collection":[{"href":"https:\/\/us.edu.pl\/instytut\/ip\/wp-json\/wp\/v2\/pages"}],"about":[{"href":"https:\/\/us.edu.pl\/instytut\/ip\/wp-json\/wp\/v2\/types\/page"}],"author":[{"embeddable":true,"href":"https:\/\/us.edu.pl\/instytut\/ip\/wp-json\/wp\/v2\/users\/159"}],"replies":[{"embeddable":true,"href":"https:\/\/us.edu.pl\/instytut\/ip\/wp-json\/wp\/v2\/comments?post=4721"}],"version-history":[{"count":6,"href":"https:\/\/us.edu.pl\/instytut\/ip\/wp-json\/wp\/v2\/pages\/4721\/revisions"}],"predecessor-version":[{"id":8497,"href":"https:\/\/us.edu.pl\/instytut\/ip\/wp-json\/wp\/v2\/pages\/4721\/revisions\/8497"}],"up":[{"embeddable":true,"href":"https:\/\/us.edu.pl\/instytut\/ip\/wp-json\/wp\/v2\/pages\/4708"}],"wp:attachment":[{"href":"https:\/\/us.edu.pl\/instytut\/ip\/wp-json\/wp\/v2\/media?parent=4721"}],"curies":[{"name":"wp","href":"https:\/\/api.w.org\/{rel}","templated":true}]}}