{"id":4879,"date":"2022-11-14T17:00:04","date_gmt":"2022-11-14T16:00:04","guid":{"rendered":"https:\/\/us.edu.pl\/instytut\/ip\/?page_id=4879"},"modified":"2026-03-14T14:13:38","modified_gmt":"2026-03-14T13:13:38","slug":"aktualne-projekty-prepare-lab","status":"publish","type":"page","link":"https:\/\/us.edu.pl\/instytut\/ip\/nauka\/zespoly-badawcze\/projekty-naukowe-2\/pregnancy-parenthoodlab-prepare-lab\/aktualne-projekty-prepare-lab\/","title":{"rendered":"Aktualne projekty PREPARE Lab"},"content":{"rendered":"<p>[vc_row][vc_column]\r\n\r\n            <div class=\"blocks\" style=\"text-align: \">\r\n               <div class=\"container\">\r\n                  <div class=\"page-title\">Badania z obszaru zdrowia psychicznego jednostki w okresie ci\u0105\u017cy, porodu i po\u0142ogu<\/div>\r\n                  <div class=\"row m-0 blocks_3\">\r\n                  \r\n                     <a href=\"https:\/\/us.edu.pl\/instytut\/ip\/nauka\/zespoly-badawcze\/projekty-naukowe-2\/pregnancy-parenthoodlab-prepare-lab\/aktualne-projekty-prepare-lab\/psychologiczne-uwarunkowania-leku-porodowego-u-kobiet-w-ciazy-wysokiego-ryzyka-rola-stresu-prenatalnego-przekonan-porodowych-i-regulacji-emocji\/\" class=\"thumbnail blocks__item\" style=\"background-image: url(https:\/\/us.edu.pl\/instytut\/ip\/wp-content\/uploads\/sites\/33\/Prepare-Lab\/jimmy-conover-R5yoJSYDDfI-unsplash-1024x683.jpg)\">\r\n                        <span>wi\u0119cej<\/span>\r\n                        <div class=\"blocks__bottom\">\r\n                        <div class=\"blocks__title\">Psychologiczne uwarunkowania l\u0119ku porodowego u kobiet w ci\u0105\u017cy wysokiego ryzyka: rola stresu prenatalnego, przekona\u0144 porodowych i regulacji emocji<\/div>\r\n                        \r\n                        <\/div>\r\n                     <\/a>\r\n                  \r\n                     <a href=\"https:\/\/us.edu.pl\/instytut\/ip\/nauka\/zespoly-badawcze\/projekty-naukowe-2\/pregnancy-parenthoodlab-prepare-lab\/aktualne-projekty-prepare-lab\/nawyki-zdrowotne-a-obraz-ciala-kobiet-w-ciazy\/\" class=\"thumbnail blocks__item\" style=\"background-image: url(https:\/\/us.edu.pl\/instytut\/ip\/wp-content\/uploads\/sites\/33\/Nieprzypisane\/camylla-battani-son4VHt4Ld0-unsplash.jpg)\">\r\n                        <span>wi\u0119cej<\/span>\r\n                        <div class=\"blocks__bottom\">\r\n                        <div class=\"blocks__title\">Nawyki zdrowotne a obraz cia\u0142a kobiet w ci\u0105\u017cy<\/div>\r\n                        \r\n                        <\/div>\r\n                     <\/a>\r\n                  \r\n                     <a href=\"https:\/\/us.edu.pl\/instytut\/ip\/lek-porodowy-wybrane-czynniki-ryzyka-i-czynniki-ochronne\/\" class=\"thumbnail blocks__item\" style=\"background-image: url(https:\/\/us.edu.pl\/instytut\/ip\/wp-content\/uploads\/sites\/33\/Prepare-Lab\/omurden-cengiz-G2iJF_aUws-unsplash-1024x683.jpg)\">\r\n                        <span>wi\u0119cej<\/span>\r\n                        <div class=\"blocks__bottom\">\r\n                        <div class=\"blocks__title\">L\u0119k porodowy \u2013 wybrane czynniki ryzyka i czynniki ochronne<\/div>\r\n                        \r\n                        <\/div>\r\n                     <\/a>\r\n                  \r\n                     <a href=\"https:\/\/us.edu.pl\/instytut\/ip\/korelaty-zaleznej-od-zdrowia-jakosci-zycia-kobiet-ciezarnych\/\" class=\"thumbnail blocks__item\" style=\"background-image: url(https:\/\/us.edu.pl\/instytut\/ip\/wp-content\/uploads\/sites\/33\/Prepare-Lab\/sergiu-valena-kS0PBh1LnBo-unsplash-1024x683.jpg)\">\r\n                        <span>wi\u0119cej<\/span>\r\n                        <div class=\"blocks__bottom\">\r\n                        <div class=\"blocks__title\">Korelaty zale\u017cnej od zdrowia jako\u015bci \u017cycia kobiet ci\u0119\u017carnych<\/div>\r\n                        \r\n                        <\/div>\r\n                     <\/a>\r\n                  \r\n                     <a href=\"https:\/\/us.edu.pl\/instytut\/ip\/2024\/05\/14\/wyznaczniki-rekonwalescencji-kobiet-po-porodzie\/\" class=\"thumbnail blocks__item\" style=\"background-image: url(https:\/\/us.edu.pl\/instytut\/ip\/wp-content\/uploads\/sites\/33\/Prepare-Lab\/stephen-andrews-GwgFPDXiSIs-unsplash-1024x682.jpg)\">\r\n                        <span>wi\u0119cej<\/span>\r\n                        <div class=\"blocks__bottom\">\r\n                        <div class=\"blocks__title\">Wyznaczniki rekonwalescencji kobiet po porodzie<\/div>\r\n                        \r\n                        <\/div>\r\n                     <\/a><\/div>     \r\n               <\/div>\r\n            <\/div>[\/vc_column][\/vc_row][vc_row][vc_column]<div class=\"container\"><div class=\"separator\" style=\"background-color: #EBEBEB\"><\/div><\/div>[\/vc_column][\/vc_row][vc_row][vc_column]\r\n\r\n            <div class=\"blocks\" style=\"text-align: \">\r\n               <div class=\"container\">\r\n                  <div class=\"page-title\">Badania z obszaru zdrowia psychicznego jednostki w okresie adaptacji do rodzicielstwa<\/div>\r\n                  <div class=\"row m-0 blocks_3\">\r\n                  \r\n                     <a href=\"https:\/\/us.edu.pl\/instytut\/ip\/zdrowie-psychiczne-niemowlat-adaptacja-narzedzi-pomiaru-identyfikacja-grup-ryzyka-oraz-zaleznosci-ze-stanem-psychicznym-rodzica\/\" class=\"thumbnail blocks__item\" style=\"background-image: url(https:\/\/us.edu.pl\/instytut\/ip\/wp-content\/uploads\/sites\/33\/zdjecia\/zach-lucero-fwjsBPbRm4g-unsplash-1024x683.jpg)\">\r\n                        <span>wi\u0119cej<\/span>\r\n                        <div class=\"blocks__bottom\">\r\n                        <div class=\"blocks__title\">Zdrowie psychiczne niemowl\u0105t: adaptacja narz\u0119dzi pomiaru, identyfikacja grup ryzyka oraz zale\u017cno\u015bci ze stanem psychicznym rodzica<\/div>\r\n                        <div class=\"blocks__subtitle\">Projekt finansowany w ramach NCN - konkurs Miniatura 8<\/div>\r\n                        <\/div>\r\n                     <\/a>\r\n                  \r\n                     <a href=\"https:\/\/us.edu.pl\/instytut\/ip\/nauka\/zespoly-badawcze\/projekty-naukowe-2\/pregnancy-parenthoodlab-prepare-lab\/aktualne-projekty-prepare-lab\/wypalenie-rodzicielskie-oraz-doswiadczanie-konfliktu-rol-zawodowych-i-rodzinnych\/\" class=\"thumbnail blocks__item\" style=\"background-image: url(https:\/\/us.edu.pl\/instytut\/ip\/wp-content\/uploads\/sites\/33\/Prepare-Lab\/danie-franco-tnxRFtXI9dI-unsplash-1024x700.jpg)\">\r\n                        <span>wi\u0119cej<\/span>\r\n                        <div class=\"blocks__bottom\">\r\n                        <div class=\"blocks__title\">Wypalenie rodzicielskie oraz do\u015bwiadczanie konfliktu r\u00f3l zawodowych i rodzinnych<\/div>\r\n                        \r\n                        <\/div>\r\n                     <\/a>\r\n                  \r\n                     <a href=\"https:\/\/us.edu.pl\/instytut\/ip\/nauka\/zespoly-badawcze\/projekty-naukowe-2\/pregnancy-parenthoodlab-prepare-lab\/aktualne-projekty-prepare-lab\/funkcjonowanie-w-roli-rodzica-w-kontekscie-doswiadczenia-parentyfikacji\/\" class=\"thumbnail blocks__item\" style=\"background-image: url(https:\/\/us.edu.pl\/instytut\/ip\/wp-content\/uploads\/sites\/33\/Bez-kategorii\/volodymyr-hryshchenko-NDDKWsrKufY-unsplash-1024x683.jpg)\">\r\n                        <span>wi\u0119cej<\/span>\r\n                        <div class=\"blocks__bottom\">\r\n                        <div class=\"blocks__title\">Funkcjonowanie w roli rodzica w kontek\u015bcie do\u015bwiadczenia parentyfikacji<\/div>\r\n                        \r\n                        <\/div>\r\n                     <\/a>\r\n                  \r\n                     <a href=\"https:\/\/us.edu.pl\/instytut\/ip\/6477-2\/\" class=\"thumbnail blocks__item\" style=\"background-image: url(https:\/\/us.edu.pl\/instytut\/ip\/wp-content\/uploads\/sites\/33\/Prepare-Lab\/oleg-sergeichik-MrsbKzRzflo-unsplash-1024x680.jpg)\">\r\n                        <span>wi\u0119cej<\/span>\r\n                        <div class=\"blocks__bottom\">\r\n                        <div class=\"blocks__title\">Znaczenie jako\u015bci snu i zdrowia psychicznego mam ma\u0142ych dzieci dla ich responsywno\u015bci<\/div>\r\n                        \r\n                        <\/div>\r\n                     <\/a>\r\n                  \r\n                     <a href=\"https:\/\/us.edu.pl\/instytut\/ip\/samotnosci-matek-malych-dzieci-a-wybrane-aspekty-zdrowia-psychicznego\/\" class=\"thumbnail blocks__item\" style=\"background-image: url(https:\/\/us.edu.pl\/instytut\/ip\/wp-content\/uploads\/sites\/33\/Prepare-Lab\/pawel-czerwinski-p7wf5nG8dr0-unsplash-1024x683.jpg)\">\r\n                        <span>wi\u0119cej<\/span>\r\n                        <div class=\"blocks__bottom\">\r\n                        <div class=\"blocks__title\">Samotno\u015b\u0107 matek ma\u0142ych dzieci a wybrane aspekty zdrowia psychicznego<\/div>\r\n                        \r\n                        <\/div>\r\n                     <\/a>\r\n                  \r\n                     <a href=\"https:\/\/us.edu.pl\/instytut\/ip\/nauka\/zespoly-badawcze\/projekty-naukowe-2\/pregnancy-parenthoodlab-prepare-lab\/aktualne-projekty-prepare-lab\/adaptacja-do-macierzynstwa-i-jej-korelaty\/\" class=\"thumbnail blocks__item\" style=\"background-image: url(https:\/\/us.edu.pl\/instytut\/ip\/wp-content\/uploads\/sites\/33\/zdjecia\/zach-lucero-fwjsBPbRm4g-unsplash-1024x683.jpg)\">\r\n                        <span>wi\u0119cej<\/span>\r\n                        <div class=\"blocks__bottom\">\r\n                        <div class=\"blocks__title\">Adaptacja do macierzy\u0144stwa i jej korelaty<\/div>\r\n                        \r\n                        <\/div>\r\n                     <\/a><\/div>     \r\n               <\/div>\r\n            <\/div>[\/vc_column][\/vc_row][vc_row][vc_column]<div class=\"container\"><div class=\"separator\" style=\"background-color: #EBEBEB\"><\/div><\/div>[\/vc_column][\/vc_row][vc_row][vc_column]\r\n\r\n            <div class=\"blocks\" style=\"text-align: \">\r\n               <div class=\"container\">\r\n                  <div class=\"page-title\">Badania z obszaru zdrowia psychicznego rodzic\u00f3w w kontek\u015bcie typowych i kryzysowych warunk\u00f3w rozwojowych<\/div>\r\n                  <div class=\"row m-0 blocks_3\">\r\n                  \r\n                     <a href=\"https:\/\/us.edu.pl\/instytut\/ip\/nauka\/zespoly-badawcze\/projekty-naukowe-2\/pregnancy-parenthoodlab-prepare-lab\/aktualne-projekty-prepare-lab\/doswiadczenie-samotnosci-rodzicow-dzieci-z-niepelnosprawnosciami\/\" class=\"thumbnail blocks__item\" style=\"background-image: url(https:\/\/us.edu.pl\/instytut\/ip\/wp-content\/uploads\/sites\/33\/Prepare-Lab\/national-cancer-institute-utozCMIkis8-unsplash-1024x683.jpg)\">\r\n                        <span>wi\u0119cej<\/span>\r\n                        <div class=\"blocks__bottom\">\r\n                        <div class=\"blocks__title\">Do\u015bwiadczenie samotno\u015bci rodzic\u00f3w dzieci z niepe\u0142nosprawno\u015bciami<\/div>\r\n                        \r\n                        <\/div>\r\n                     <\/a>\r\n                  \r\n                     <a href=\"https:\/\/us.edu.pl\/instytut\/ip\/nauka\/zespoly-badawcze\/projekty-naukowe-2\/pregnancy-parenthoodlab-prepare-lab\/aktualne-projekty-prepare-lab\/cienie-i-blaski-rodzicielstwa-czynniki-ryzyka-i-czynniki-ochronne-dla-pomyslnego-rodzicielstwa\/\" class=\"thumbnail blocks__item\" style=\"background-image: url(https:\/\/us.edu.pl\/instytut\/ip\/wp-content\/uploads\/sites\/33\/Prepare-Lab\/klara-kulikova-u900MIEsj6Y-unsplash-1024x683.jpg)\">\r\n                        <span>wi\u0119cej<\/span>\r\n                        <div class=\"blocks__bottom\">\r\n                        <div class=\"blocks__title\">Cienie i blaski rodzicielstwa - czynniki ryzyka i czynniki ochronne dla pomy\u015blnego rodzicielstwa<\/div>\r\n                        \r\n                        <\/div>\r\n                     <\/a>\r\n                  \r\n                     <a href=\"https:\/\/us.edu.pl\/instytut\/ip\/nauka\/zespoly-badawcze\/projekty-naukowe-2\/pregnancy-parenthoodlab-prepare-lab\/aktualne-projekty-prepare-lab\/rozwod-a-zasoby-osobiste-i-rodzicielskie-perspektywa-osob-doroslych\/\" class=\"thumbnail blocks__item\" style=\"background-image: url(https:\/\/us.edu.pl\/instytut\/ip\/wp-content\/uploads\/sites\/33\/Bez-kategorii\/kelly-sikkema-E8H76nY1v6Q-unsplash-1024x683.jpg)\">\r\n                        <span>wi\u0119cej<\/span>\r\n                        <div class=\"blocks__bottom\">\r\n                        <div class=\"blocks__title\">Rozw\u00f3d a zasoby osobiste i rodzicielskie- perspektywa os\u00f3b doros\u0142ych<\/div>\r\n                        \r\n                        <\/div>\r\n                     <\/a><\/div>     \r\n               <\/div>\r\n            <\/div>[\/vc_column][\/vc_row]<\/p>","protected":false},"excerpt":{"rendered":"<p>[vc_row][vc_column][\/vc_column][\/vc_row][vc_row][vc_column][\/vc_column][\/vc_row][vc_row][vc_column][\/vc_column][\/vc_row][vc_row][vc_column][\/vc_column][\/vc_row][vc_row][vc_column][\/vc_column][\/vc_row] [&#8230;]<\/p>\n<p><a class=\"btn btn-secondary understrap-read-more-link\" href=\"https:\/\/us.edu.pl\/instytut\/ip\/nauka\/zespoly-badawcze\/projekty-naukowe-2\/pregnancy-parenthoodlab-prepare-lab\/aktualne-projekty-prepare-lab\/\">Read More&#8230;<\/a><\/p>\n","protected":false},"author":159,"featured_media":0,"parent":4864,"menu_order":0,"comment_status":"closed","ping_status":"closed","template":"","meta":{"_expiration-date-status":"","_expiration-date":0,"_expiration-date-type":"","_expiration-date-categories":[],"_expiration-date-options":[]},"acf":[],"_links":{"self":[{"href":"https:\/\/us.edu.pl\/instytut\/ip\/wp-json\/wp\/v2\/pages\/4879"}],"collection":[{"href":"https:\/\/us.edu.pl\/instytut\/ip\/wp-json\/wp\/v2\/pages"}],"about":[{"href":"https:\/\/us.edu.pl\/instytut\/ip\/wp-json\/wp\/v2\/types\/page"}],"author":[{"embeddable":true,"href":"https:\/\/us.edu.pl\/instytut\/ip\/wp-json\/wp\/v2\/users\/159"}],"replies":[{"embeddable":true,"href":"https:\/\/us.edu.pl\/instytut\/ip\/wp-json\/wp\/v2\/comments?post=4879"}],"version-history":[{"count":10,"href":"https:\/\/us.edu.pl\/instytut\/ip\/wp-json\/wp\/v2\/pages\/4879\/revisions"}],"predecessor-version":[{"id":11277,"href":"https:\/\/us.edu.pl\/instytut\/ip\/wp-json\/wp\/v2\/pages\/4879\/revisions\/11277"}],"up":[{"embeddable":true,"href":"https:\/\/us.edu.pl\/instytut\/ip\/wp-json\/wp\/v2\/pages\/4864"}],"wp:attachment":[{"href":"https:\/\/us.edu.pl\/instytut\/ip\/wp-json\/wp\/v2\/media?parent=4879"}],"curies":[{"name":"wp","href":"https:\/\/api.w.org\/{rel}","templated":true}]}}