{"id":6350,"date":"2024-04-16T16:26:27","date_gmt":"2024-04-16T14:26:27","guid":{"rendered":"https:\/\/us.edu.pl\/instytut\/ip\/?page_id=6350"},"modified":"2025-03-31T17:59:36","modified_gmt":"2025-03-31T15:59:36","slug":"profile-psychologiczne-matek-niemowlat-jaki-jest-zwiazek-z-macierzynska-pewnoscia-siebie-i-zmiennymi-okoloporodowymi","status":"publish","type":"page","link":"https:\/\/us.edu.pl\/instytut\/ip\/nauka\/zespoly-badawcze\/projekty-naukowe-2\/pregnancy-parenthoodlab-prepare-lab\/aktualne-projekty-prepare-lab\/profile-psychologiczne-matek-niemowlat-jaki-jest-zwiazek-z-macierzynska-pewnoscia-siebie-i-zmiennymi-okoloporodowymi\/","title":{"rendered":"Profile psychologiczne matek niemowl\u0105t: jaki jest zwi\u0105zek z macierzy\u0144sk\u0105 pewno\u015bci\u0105 siebie i zmiennymi oko\u0142oporodowymi"},"content":{"rendered":"<p>[vc_row][vc_column]\r\n                <div class=\"text-modules \">\r\n                    <div class=\"container\">\r\n                         \r\n                        <div class=\"row m-0\">\r\n                            <div class=\"text-modules__content\">\r\n                                <\/p>\n<p style=\"text-align: justify;\"><span style=\"font-size: 14pt;\"><strong>Tytu\u0142:<\/strong> Profile psychologiczne matek niemowl\u0105t: jaki jest zwi\u0105zek z macierzy\u0144sk\u0105 pewno\u015bci\u0105 siebie i zmiennymi oko\u0142oporodowymi<\/span><\/p>\n<p style=\"text-align: justify;\"><span style=\"font-size: 14pt;\"><strong>Czas realizacji badania:<\/strong> 2020-2024<\/span><\/p>\n<p style=\"text-align: justify;\"><span style=\"font-size: 14pt;\"><strong>Realizacja projektu:<\/strong> dr Michalina Ilska, dr Anna Ko\u0142odziej-Zaleska, dr Anna Brandt-Salmeri<\/span><\/p>\n<p style=\"text-align: justify;\"><span style=\"font-size: 14pt;\"><strong>Kontakt: <\/strong>michalina.ilska@us.edu.pl<\/span><\/p>\n<p style=\"text-align: justify;\"><span style=\"font-size: 14pt;\"><strong>Kr\u00f3tki opis projektu:\u00a0<\/strong><\/span><\/p>\n<p style=\"text-align: justify;\"><span style=\"font-size: 14pt;\">Macierzy\u0144ska pewno\u015b\u0107 siebie definiowana jest jako subiektywna ocena przez matk\u0119 w\u0142asnych mo\u017cliwo\u015bci zaopiekowania si\u0119 dzieckiem i zrozumienia jego potrzeb. Mo\u017ce by\u0107\u00a0 wyznacznikiem jako\u015bci macierzy\u0144stwa i \u2013 jak wskazuj\u0105 badania \u2013 jest wa\u017cna dla pozytywnego przystosowania si\u0119 do rodzicielstwa i budowania relacji matka-dziecko.<\/span><\/p>\n<p style=\"text-align: justify;\"><span style=\"font-size: 14pt;\">G\u0142\u00f3wnym celem prezentowanego badania b\u0119dzie pr\u00f3ba stworzenia typologii matek na podstawie macierzy\u0144skiej pewno\u015bci siebie oraz objaw\u00f3w depresyjnych i l\u0119kowych, a tak\u017ce weryfikacja r\u00f3\u017cni\u0107 pomi\u0119dzy wyr\u00f3\u017cnionymi typami w obszarze: satysfakcji z porodu, do\u015bwiadczanego stresu, zachowa\u0144 prozdrowotnych oraz aspekt\u00f3w oko\u0142oporodowych, rodzicielskich i otrzymywanego wsparcia.<\/span><\/p>\n<p style=\"text-align: justify;\"><span style=\"font-size: 14pt;\"><strong>Publikacja:<\/strong><\/span><\/p>\n<p style=\"text-align: justify;\"><span style=\"font-size: 14pt;\"><strong>Ilska, M., Ko\u0142odziej-Zaleska, A., &amp; Brandt-Salmeri, A.\u00a0<\/strong>(2025). Adaptive and maladaptive profiles in mothers of infants\u2013a cross-sectional study on the meaning of self-confidence and mental health.\u00a0<i>Midwifery<\/i>, 143, 104320.\u00a0<a href=\"https:\/\/doi.org\/10.1016\/j.midw.2025.104320\">https:\/\/doi.org\/10.1016\/j.midw.2025.104320<\/a><\/span><\/p>\n<div class=\"mt-3\"><\/div>\r\n                            <\/div>\r\n                            \r\n                            <div class=\"text-modules__img\"><img src=\"https:\/\/us.edu.pl\/instytut\/ip\/wp-content\/uploads\/sites\/33\/zdjecia\/dakota-corbin-PmNjS6b3XP4-unsplash-scaled.jpg\" alt=\"img\"><\/div>\r\n                        <\/div>\r\n                    <\/div>\r\n                <\/div>[\/vc_column][\/vc_row]<\/p>","protected":false},"excerpt":{"rendered":"<p>[vc_row][vc_column][\/vc_column][\/vc_row] [&#8230;]<\/p>\n<p><a class=\"btn btn-secondary understrap-read-more-link\" href=\"https:\/\/us.edu.pl\/instytut\/ip\/nauka\/zespoly-badawcze\/projekty-naukowe-2\/pregnancy-parenthoodlab-prepare-lab\/aktualne-projekty-prepare-lab\/profile-psychologiczne-matek-niemowlat-jaki-jest-zwiazek-z-macierzynska-pewnoscia-siebie-i-zmiennymi-okoloporodowymi\/\">Read More&#8230;<\/a><\/p>\n","protected":false},"author":159,"featured_media":0,"parent":4879,"menu_order":0,"comment_status":"closed","ping_status":"closed","template":"","meta":{"_expiration-date-status":"","_expiration-date":0,"_expiration-date-type":"","_expiration-date-categories":[],"_expiration-date-options":[]},"acf":[],"_links":{"self":[{"href":"https:\/\/us.edu.pl\/instytut\/ip\/wp-json\/wp\/v2\/pages\/6350"}],"collection":[{"href":"https:\/\/us.edu.pl\/instytut\/ip\/wp-json\/wp\/v2\/pages"}],"about":[{"href":"https:\/\/us.edu.pl\/instytut\/ip\/wp-json\/wp\/v2\/types\/page"}],"author":[{"embeddable":true,"href":"https:\/\/us.edu.pl\/instytut\/ip\/wp-json\/wp\/v2\/users\/159"}],"replies":[{"embeddable":true,"href":"https:\/\/us.edu.pl\/instytut\/ip\/wp-json\/wp\/v2\/comments?post=6350"}],"version-history":[{"count":4,"href":"https:\/\/us.edu.pl\/instytut\/ip\/wp-json\/wp\/v2\/pages\/6350\/revisions"}],"predecessor-version":[{"id":9263,"href":"https:\/\/us.edu.pl\/instytut\/ip\/wp-json\/wp\/v2\/pages\/6350\/revisions\/9263"}],"up":[{"embeddable":true,"href":"https:\/\/us.edu.pl\/instytut\/ip\/wp-json\/wp\/v2\/pages\/4879"}],"wp:attachment":[{"href":"https:\/\/us.edu.pl\/instytut\/ip\/wp-json\/wp\/v2\/media?parent=6350"}],"curies":[{"name":"wp","href":"https:\/\/api.w.org\/{rel}","templated":true}]}}