{"id":6359,"date":"2024-04-25T16:58:54","date_gmt":"2024-04-25T14:58:54","guid":{"rendered":"https:\/\/us.edu.pl\/instytut\/ip\/?page_id=6359"},"modified":"2025-02-17T15:05:56","modified_gmt":"2025-02-17T14:05:56","slug":"filmowe-spotkania-z-psychologia","status":"publish","type":"page","link":"https:\/\/us.edu.pl\/instytut\/ip\/wspolpraca\/widzialna-psychologia\/filmowe-spotkania-z-psychologia\/","title":{"rendered":"Filmowe spotkania z psychologi\u0105"},"content":{"rendered":"<p>[vc_row][vc_column]\r\n                <div class=\"text-modules \">\r\n                    <div class=\"container\">\r\n                         \r\n                        <div class=\"row m-0\">\r\n                            <div class=\"text-modules__content\">\r\n                                <\/p>\n<p style=\"text-align: justify;\"><span style=\"font-weight: 400; font-size: 14pt;\">Filmowe spotkania z psychologi\u0105 to cykl spotka\u0144 \u0142\u0105cz\u0105cych pokaz filmowy z komentarzem psychologicznym i rozmow\u0105 po filmie, w kt\u00f3rej ka\u017cdy mo\u017ce dzieli\u0107 si\u0119 swoimi wra\u017ceniami. Dyskusja rodzi kolejne pytania, a odpowiedzi staramy si\u0119 szuka\u0107 tak\u017ce w wiedzy psychologicznej dzi\u0119ki udzia\u0142owi zaproszonych psycholo\u017cek i psycholog\u00f3w.\u00a0<\/span><\/p>\n<p style=\"text-align: justify;\"><span style=\"font-weight: 400; font-size: 14pt;\">Wydarzenia odbywaj\u0105 si\u0119 w cenionym przez kinoman\u00f3w katowickim kinie studyjnym \u015awiatowid (ul. 3 Maja 7). Jest to instytucja kultury Samorz\u0105du Wojew\u00f3dztwa \u015al\u0105skiego. Dzi\u0119ki wsp\u00f3\u0142pracy z Kinem \u015awiatowid mo\u017cemy wykorzystywa\u0107 kolejn\u0105 okazj\u0119 do popularyzacji wiedzy psychologicznej i zdrowia psychicznego w\u015br\u00f3d szerokiego grona odbiorc\u00f3w.\u00a0<\/span><\/p>\n<p style=\"text-align: justify;\"><span style=\"font-weight: 400; font-size: 14pt;\">Zapowiedzi spotka\u0144 publikowane s\u0105 w mediach spo\u0142eczno\u015bciowych, na stronach Kina i Uczelni (jako wydarzenie, w dziale student oraz na stronie Wydzia\u0142u). Koordynatorem projektu jest dr Micha\u0142 Brol, prof. U\u015a, psycholog z Wydzia\u0142u Nauk Spo\u0142ecznych U\u015a.<\/span><\/p>\n<p style=\"text-align: justify;\"><span style=\"font-size: 14pt;\"><span style=\"font-weight: 400;\">Wsp\u00f3\u0142praca z kinem \u015awiatowid to tak\u017ce zaanga\u017cowanie pracowniczek i pracownik\u00f3w prowadz\u0105cych zaj\u0119cia na kierunku psychologia U\u015a w wydarzeniach specjalnych, takich jak najwi\u0119kszy festiwal film\u00f3w dokumentalnych w Polsce &#8211; Millennium Docs Against Gravity. W 2023 roku wiedz\u0105 psychologiczn\u0105 podczas Festiwalu dzielili si\u0119 dr \u0141ukasz Jach, prof. U\u015a oraz mgr Agnieszka Wiszniewicz: <\/span><a href=\"https:\/\/us.edu.pl\/student\/komunikaty\/millennium-docs-against-gravity-z-udzialem-pracownikow-us\/\"><span style=\"font-weight: 400;\">https:\/\/us.edu.pl\/student\/komunikaty\/millennium-docs-against-gravity-z-udzialem-pracownikow-us\/<\/span><\/a><span style=\"font-weight: 400;\"> Natomiast w 2024 roku komentarz psychologiczny podczas wydarzenia przedstawi\u0142a dr Agnieszka Skorupa: <\/span><a href=\"https:\/\/us.edu.pl\/event\/21-festiwal-millennium-docs-against-gravity-z-udzialem-pracownikow-us\/\"><span style=\"font-weight: 400;\">https:\/\/us.edu.pl\/event\/21-festiwal-millennium-docs-against-gravity-z-udzialem-pracownikow-us\/<\/span><\/a><span style=\"font-weight: 400;\">\u00a0<\/span><\/span><\/p>\n<div class=\"mt-3\"><\/div>\r\n                            <\/div>\r\n                            \r\n                            <div class=\"text-modules__img\"><img src=\"https:\/\/us.edu.pl\/instytut\/ip\/wp-content\/uploads\/sites\/33\/film\/denise-jans-OaVJQZ-nFD0-unsplash-scaled.jpg\" alt=\"img\"><\/div>\r\n                        <\/div>\r\n                    <\/div>\r\n                <\/div>[\/vc_column][\/vc_row][vc_row][vc_column]\n                <div class=\"article-loop loop-section \">\n                <div class=\"container \">\n                    <div class=\"article-loop-top loop-section-top\">\n                        <h2 class=\"section-title\">Filmowe spotkania z psychologi\u0105<\/h2>\n                    \n                        <div class=\"article-loop-top_right loop-section-top__right\">    <a href = \"\" class=\"link-button\" > Wszystko<\/a><\/div>\n                    <\/div><div class=\"article-loop-main article-loop-main_big-and-smalls\">\n                        <article class=\"article-loop-post article-loop-post_big\">\r\n                <a href=\"https:\/\/us.edu.pl\/instytut\/ip\/2026\/03\/17\/filmowe-spotkania-z-psychologia-pokaz-filmu-chronologia-wody-polaczony-z-dyskusja\/\" class=\"article-loop-post__thumbnail thumbnail\"\r\n                   style=\"background-image: url(https:\/\/us.edu.pl\/instytut\/ip\/wp-content\/uploads\/sites\/33\/Bez-kategorii\/Post-819x1024.png)\">\r\n                    <span>wi\u0119cej<\/span>\r\n                <\/a>\r\n\r\n                <div class=\"article-loop-post__content\">\r\n                    <h3 class=\"article-loop-post__title\">\r\n                        <a href=\"https:\/\/us.edu.pl\/instytut\/ip\/2026\/03\/17\/filmowe-spotkania-z-psychologia-pokaz-filmu-chronologia-wody-polaczony-z-dyskusja\/\">Filmowe spotkania z psychologi\u0105 &#8211; pokaz filmu &#8222;Chronologia wody&#8221; po\u0142\u0105czony z dyskusj\u0105<\/a>\r\n                    <\/h3>\r\n                    <div class=\"article-loop-post__categories\" >\r\n                        <a href=\"https:\/\/us.edu.pl\/instytut\/ip\/category\/psychologiczne-spotkania-z-filmem\/\">Filmowe spotkania z psychologi\u0105<\/a><a href=\"https:\/\/us.edu.pl\/instytut\/ip\/category\/ogloszenia\/\">Og\u0142oszenia<\/a><a href=\"https:\/\/us.edu.pl\/instytut\/ip\/category\/wydarzenia\/\">Wydarzenia<\/a>\r\n                    <\/div>\r\n                    <div class=\"article-loop-post__first_paragraph\" >\r\n                        \r\nW poniedzia\u0142ek 13 kwietnia 2026 o godz. 17:30 w kinie studyjnym \u015awiatowid (ul. 3 Maja 7, Katowice) odb\u0119dzie si\u0119 pokaz filmu \"Chronologia wody\" (USA, Francja, \u0141otwa, 2025, 128 min). Wydarzenie organizowane jest w ramach cyklu \"Filmowe spotkania z psychologi\u0105\".\r\nW centrum filmu znajduje si\u0119 kobiece...\r\n                    <\/div>\r\n                <\/div >\r\n            <\/article > <div><article class=\"article-loop-post \">\r\n                <a href=\"https:\/\/us.edu.pl\/instytut\/ip\/2026\/03\/05\/filmowe-spotkania-z-psychologia-pokaz-filmu-wartosc-sentymentalna-polaczony-z-dyskusja\/\" class=\"article-loop-post__thumbnail thumbnail\"\r\n                   style=\"background-image: url(https:\/\/us.edu.pl\/instytut\/ip\/wp-content\/uploads\/sites\/33\/film\/geoffrey-moffett-TFRezw7pQwI-unsplash-300x198.jpg)\">\r\n                    <span>wi\u0119cej<\/span>\r\n                <\/a>\r\n\r\n                <div class=\"article-loop-post__content\">\r\n                    <h3 class=\"article-loop-post__title\">\r\n                        <a href=\"https:\/\/us.edu.pl\/instytut\/ip\/2026\/03\/05\/filmowe-spotkania-z-psychologia-pokaz-filmu-wartosc-sentymentalna-polaczony-z-dyskusja\/\">Filmowe spotkania z psychologi\u0105 \u2013 pokaz filmu \u201eWarto\u015b\u0107 sentymentalna\u201d po\u0142\u0105czony z dyskusj\u0105<\/a>\r\n                    <\/h3>\r\n                    <div class=\"article-loop-post__categories\" >\r\n                        <a href=\"https:\/\/us.edu.pl\/instytut\/ip\/category\/psychologiczne-spotkania-z-filmem\/\">Filmowe spotkania z psychologi\u0105<\/a><a href=\"https:\/\/us.edu.pl\/instytut\/ip\/category\/ogloszenia\/\">Og\u0142oszenia<\/a><a href=\"https:\/\/us.edu.pl\/instytut\/ip\/category\/wydarzenia\/\">Wydarzenia<\/a>\r\n                    <\/div>\r\n                    <div class=\"article-loop-post__first_paragraph\" hidden>\r\n                        <span style=\"font-size: 14pt;\">We wtorek 17 marca 2026 o godz. 17:30 w kinie studyjnym \u015awiatowid (ul. 3 Maja 7, Katowice) odb\u0119dzie si\u0119 pokaz filmu \u201eWarto\u015b\u0107 sentymentalna\u201d (Norwegia, Niemcy, Dania, Francja, Szwecja, 2025, 135 min). Wydarzenie organizowane jest w ramach cyklu \u201eFilmowe spotkania z psychologi\u0105\u201d.<\/span>\r\n                    <\/div>\r\n                <\/div >\r\n            <\/article > <article class=\"article-loop-post \">\r\n                <a href=\"https:\/\/us.edu.pl\/instytut\/ip\/2026\/02\/23\/filmowe-spotkania-z-psychologia-pokaz-filmu-to-byl-zwykly-przypadek-polaczony-z-dyskusja\/\" class=\"article-loop-post__thumbnail thumbnail\"\r\n                   style=\"background-image: url(https:\/\/us.edu.pl\/instytut\/ip\/wp-content\/uploads\/sites\/33\/film\/noom-peerapong-2uwFEAGUm6E-unsplash-300x200.jpg)\">\r\n                    <span>wi\u0119cej<\/span>\r\n                <\/a>\r\n\r\n                <div class=\"article-loop-post__content\">\r\n                    <h3 class=\"article-loop-post__title\">\r\n                        <a href=\"https:\/\/us.edu.pl\/instytut\/ip\/2026\/02\/23\/filmowe-spotkania-z-psychologia-pokaz-filmu-to-byl-zwykly-przypadek-polaczony-z-dyskusja\/\">Filmowe spotkania z psychologi\u0105 &#8211; pokaz filmu &#8222;To by\u0142 zwyk\u0142y przypadek&#8221; po\u0142\u0105czony z dyskusj\u0105<\/a>\r\n                    <\/h3>\r\n                    <div class=\"article-loop-post__categories\" >\r\n                        <a href=\"https:\/\/us.edu.pl\/instytut\/ip\/category\/psychologiczne-spotkania-z-filmem\/\">Filmowe spotkania z psychologi\u0105<\/a><a href=\"https:\/\/us.edu.pl\/instytut\/ip\/category\/ogloszenia\/\">Og\u0142oszenia<\/a><a href=\"https:\/\/us.edu.pl\/instytut\/ip\/category\/wydarzenia\/\">Wydarzenia<\/a>\r\n                    <\/div>\r\n                    <div class=\"article-loop-post__first_paragraph\" hidden>\r\n                        <span style=\"font-size: 14pt;\">We wtorek 10 marca 2026 o godz. 17:30 w kinie studyjnym \u015awiatowid (ul. 3 Maja 7, Katowice) odb\u0119dzie si\u0119 pokaz filmu \"To by\u0142 zwyk\u0142y przypadek\" (Iran, Francja, Luksemburg, 2025, 102 min). Wydarzenie organizowane jest w ramach cyklu \"Filmowe spotkania z psychologi\u0105\".<\/span>\r\n                    <\/div>\r\n                <\/div >\r\n            <\/article > <\/div>\n                    <\/div><div class=\"article-loop-main article-loop-main_smalls\"><article class=\"article-loop-post \">\r\n                <a href=\"https:\/\/us.edu.pl\/instytut\/ip\/2026\/02\/17\/filmowe-spotkania-z-psychologia-pokaz-filmu-dobry-chlopiec-polaczony-z-dyskusja\/\" class=\"article-loop-post__thumbnail thumbnail\"\r\n                   style=\"background-image: url(https:\/\/us.edu.pl\/instytut\/ip\/wp-content\/uploads\/sites\/33\/film\/kilyan-sockalingum-nW1n9eNHOsc-unsplash-300x199.jpg)\">\r\n                    <span>wi\u0119cej<\/span>\r\n                <\/a>\r\n\r\n                <div class=\"article-loop-post__content\">\r\n                    <h3 class=\"article-loop-post__title\">\r\n                        <a href=\"https:\/\/us.edu.pl\/instytut\/ip\/2026\/02\/17\/filmowe-spotkania-z-psychologia-pokaz-filmu-dobry-chlopiec-polaczony-z-dyskusja\/\">Filmowe spotkania z psychologi\u0105 &#8211; pokaz filmu &#8222;Dobry ch\u0142opiec&#8221; po\u0142\u0105czony z dyskusj\u0105<\/a>\r\n                    <\/h3>\r\n                    <div class=\"article-loop-post__categories\" >\r\n                        <a href=\"https:\/\/us.edu.pl\/instytut\/ip\/category\/psychologiczne-spotkania-z-filmem\/\">Filmowe spotkania z psychologi\u0105<\/a><a href=\"https:\/\/us.edu.pl\/instytut\/ip\/category\/ogloszenia\/\">Og\u0142oszenia<\/a><a href=\"https:\/\/us.edu.pl\/instytut\/ip\/category\/wydarzenia\/\">Wydarzenia<\/a>\r\n                    <\/div>\r\n                    <div class=\"article-loop-post__first_paragraph\" hidden>\r\n                        <span style=\"font-size: 14pt;\">W \u015brod\u0119 4 marca 2026 o godz. 17:30 w kinie studyjnym \u015awiatowid (ul. 3 Maja 7, Katowice) odb\u0119dzie si\u0119 pokaz filmu \"Dobry ch\u0142opiec\" (Polska, Wielka Brytania, 2025, 110 min). Wydarzenie organizowane jest w ramach cyklu \"Filmowe spotkania z psychologi\u0105\".<\/span>\r\n                    <\/div>\r\n                <\/div >\r\n            <\/article > <article class=\"article-loop-post \">\r\n                <a href=\"https:\/\/us.edu.pl\/instytut\/ip\/2026\/02\/16\/filmowe-spotkania-z-psychologia-pokaz-filmu-donnie-darko-polaczony-z-dyskusja\/\" class=\"article-loop-post__thumbnail thumbnail\"\r\n                   style=\"background-image: url(https:\/\/us.edu.pl\/instytut\/ip\/wp-content\/uploads\/sites\/33\/film\/krists-luhaers-AtPWnYNDJnM-unsplash-300x200.jpg)\">\r\n                    <span>wi\u0119cej<\/span>\r\n                <\/a>\r\n\r\n                <div class=\"article-loop-post__content\">\r\n                    <h3 class=\"article-loop-post__title\">\r\n                        <a href=\"https:\/\/us.edu.pl\/instytut\/ip\/2026\/02\/16\/filmowe-spotkania-z-psychologia-pokaz-filmu-donnie-darko-polaczony-z-dyskusja\/\">Filmowe spotkania z psychologi\u0105 &#8211; pokaz filmu &#8222;Donnie Darko&#8221; po\u0142\u0105czony z dyskusj\u0105<\/a>\r\n                    <\/h3>\r\n                    <div class=\"article-loop-post__categories\" >\r\n                        <a href=\"https:\/\/us.edu.pl\/instytut\/ip\/category\/psychologiczne-spotkania-z-filmem\/\">Filmowe spotkania z psychologi\u0105<\/a><a href=\"https:\/\/us.edu.pl\/instytut\/ip\/category\/ogloszenia\/\">Og\u0142oszenia<\/a><a href=\"https:\/\/us.edu.pl\/instytut\/ip\/category\/wydarzenia\/\">Wydarzenia<\/a>\r\n                    <\/div>\r\n                    <div class=\"article-loop-post__first_paragraph\" hidden>\r\n                        <span style=\"font-size: 14pt;\">W \u015brod\u0119 25 lutego 2026 o godz. 17:30 w kinie studyjnym \u015awiatowid (ul. 3 Maja 7, Katowice) odb\u0119dzie si\u0119 pokaz filmu \"Donnie Darko\" (Kanada, USA, Wielka Brytania, 2001, 117min). Wydarzenie organizowane jest w ramach cyklu \"Filmowe spotkania z psychologi\u0105\".<\/span>\r\n                    <\/div>\r\n                <\/div >\r\n            <\/article > <article class=\"article-loop-post \">\r\n                <a href=\"https:\/\/us.edu.pl\/instytut\/ip\/2025\/12\/12\/filmowe-spotkania-z-psychologia-pokaz-filmu-dzwieki-milosci-polaczony-z-dyskusja\/\" class=\"article-loop-post__thumbnail thumbnail\"\r\n                   style=\"background-image: url(https:\/\/us.edu.pl\/instytut\/ip\/wp-content\/uploads\/sites\/33\/Bez-kategorii\/fszp_plansza_DZWIEKI_MILOSCI-300x169.png)\">\r\n                    <span>wi\u0119cej<\/span>\r\n                <\/a>\r\n\r\n                <div class=\"article-loop-post__content\">\r\n                    <h3 class=\"article-loop-post__title\">\r\n                        <a href=\"https:\/\/us.edu.pl\/instytut\/ip\/2025\/12\/12\/filmowe-spotkania-z-psychologia-pokaz-filmu-dzwieki-milosci-polaczony-z-dyskusja\/\">Filmowe spotkania z psychologi\u0105 &#8211; pokaz filmu &#8222;D\u017awi\u0119ki mi\u0142o\u015bci&#8221; po\u0142\u0105czony z dyskusj\u0105<\/a>\r\n                    <\/h3>\r\n                    <div class=\"article-loop-post__categories\" >\r\n                        <a href=\"https:\/\/us.edu.pl\/instytut\/ip\/category\/psychologiczne-spotkania-z-filmem\/\">Filmowe spotkania z psychologi\u0105<\/a><a href=\"https:\/\/us.edu.pl\/instytut\/ip\/category\/ogloszenia\/\">Og\u0142oszenia<\/a><a href=\"https:\/\/us.edu.pl\/instytut\/ip\/category\/wydarzenia\/\">Wydarzenia<\/a>\r\n                    <\/div>\r\n                    <div class=\"article-loop-post__first_paragraph\" hidden>\r\n                        <span style=\"font-size: 14pt;\">W czwartek 8 stycznia 2026 o godz. 17:30 w kinie studyjnym \u015awiatowid (ul. 3 Maja 7, Katowice) odb\u0119dzie si\u0119 pokaz filmu \"D\u017awi\u0119ki mi\u0142o\u015bci\" (Hiszpania, 2025; 99\u00a0min). Wydarzenie organizowane jest w ramach cyklu \"Filmowe spotkania z psychologi\u0105\".\u00a0<\/span>\r\n                    <\/div>\r\n                <\/div >\r\n            <\/article > <\/div>\n                <div class=\"article-loop-main article-loop-main_big-posts-responsive\" data-home-url=\"https:\/\/us.edu.pl\/instytut\/ip\">\n                        <a href = \"#\" data-slide = \"prev\" class=\"arrow\" >\n                            <em class=\"ci ci-arrow-left\" ><\/em >\n                            <span class=\"d-none\" > arrow<\/span >\n                        <\/a>\n    \n                        <a href = \"#\" data-slide = \"next\" class=\"arrow\" >\n                            <em class=\"ci ci-arrow-right\" ><\/em >\n                            <span class=\"d-none\" > arrow<\/span >\n                        <\/a>\n                        <div class=\"row items\" >\n                            \r\n            <div class=\"vc_column_container vc_col-sm-4\">\r\n                <a href=\"https:\/\/us.edu.pl\/instytut\/ip\/2026\/03\/17\/filmowe-spotkania-z-psychologia-pokaz-filmu-chronologia-wody-polaczony-z-dyskusja\/\" class=\"article-loop-post__thumbnail thumbnail\"\r\n                    style=\"background-image: url(https:\/\/us.edu.pl\/instytut\/ip\/wp-content\/uploads\/sites\/33\/Bez-kategorii\/Post-240x300.png)\">\r\n                    <span>wi\u0119cej<\/span>\r\n                <\/a>\r\n\r\n                <div class=\"article-loop-post__content\">\r\n                    <h3 class=\"article-loop-post__title\">\r\n                        <a href=\"https:\/\/us.edu.pl\/instytut\/ip\/2026\/03\/17\/filmowe-spotkania-z-psychologia-pokaz-filmu-chronologia-wody-polaczony-z-dyskusja\/\">Filmowe spotkania z psychologi\u0105 &#8211; pokaz filmu &#8222;Chronologia wody&#8221; po\u0142\u0105czony z dyskusj\u0105<\/a>\r\n                    <\/h3>\r\n            \r\n                    <div class=\"article-loop-post__categories\">\r\n                        <a href=\"https:\/\/us.edu.pl\/instytut\/ip\/category\/psychologiczne-spotkania-z-filmem\/\">Filmowe spotkania z psychologi\u0105<\/a><a href=\"https:\/\/us.edu.pl\/instytut\/ip\/category\/ogloszenia\/\">Og\u0142oszenia<\/a><a href=\"https:\/\/us.edu.pl\/instytut\/ip\/category\/wydarzenia\/\">Wydarzenia<\/a>\r\n                    <\/div>    \r\n                <\/div>\r\n            <\/div>\r\n        \r\n            <div class=\"vc_column_container vc_col-sm-4\">\r\n                <a href=\"https:\/\/us.edu.pl\/instytut\/ip\/2026\/03\/05\/filmowe-spotkania-z-psychologia-pokaz-filmu-wartosc-sentymentalna-polaczony-z-dyskusja\/\" class=\"article-loop-post__thumbnail thumbnail\"\r\n                    style=\"background-image: url(https:\/\/us.edu.pl\/instytut\/ip\/wp-content\/uploads\/sites\/33\/film\/geoffrey-moffett-TFRezw7pQwI-unsplash-300x198.jpg)\">\r\n                    <span>wi\u0119cej<\/span>\r\n                <\/a>\r\n\r\n                <div class=\"article-loop-post__content\">\r\n                    <h3 class=\"article-loop-post__title\">\r\n                        <a href=\"https:\/\/us.edu.pl\/instytut\/ip\/2026\/03\/05\/filmowe-spotkania-z-psychologia-pokaz-filmu-wartosc-sentymentalna-polaczony-z-dyskusja\/\">Filmowe spotkania z psychologi\u0105 \u2013 pokaz filmu \u201eWarto\u015b\u0107 sentymentalna\u201d po\u0142\u0105czony z dyskusj\u0105<\/a>\r\n                    <\/h3>\r\n            \r\n                    <div class=\"article-loop-post__categories\">\r\n                        <a href=\"https:\/\/us.edu.pl\/instytut\/ip\/category\/psychologiczne-spotkania-z-filmem\/\">Filmowe spotkania z psychologi\u0105<\/a><a href=\"https:\/\/us.edu.pl\/instytut\/ip\/category\/ogloszenia\/\">Og\u0142oszenia<\/a><a href=\"https:\/\/us.edu.pl\/instytut\/ip\/category\/wydarzenia\/\">Wydarzenia<\/a>\r\n                    <\/div>    \r\n                <\/div>\r\n            <\/div>\r\n        \r\n            <div class=\"vc_column_container vc_col-sm-4\">\r\n                <a href=\"https:\/\/us.edu.pl\/instytut\/ip\/2026\/02\/23\/filmowe-spotkania-z-psychologia-pokaz-filmu-to-byl-zwykly-przypadek-polaczony-z-dyskusja\/\" class=\"article-loop-post__thumbnail thumbnail\"\r\n                    style=\"background-image: url(https:\/\/us.edu.pl\/instytut\/ip\/wp-content\/uploads\/sites\/33\/film\/noom-peerapong-2uwFEAGUm6E-unsplash-300x200.jpg)\">\r\n                    <span>wi\u0119cej<\/span>\r\n                <\/a>\r\n\r\n                <div class=\"article-loop-post__content\">\r\n                    <h3 class=\"article-loop-post__title\">\r\n                        <a href=\"https:\/\/us.edu.pl\/instytut\/ip\/2026\/02\/23\/filmowe-spotkania-z-psychologia-pokaz-filmu-to-byl-zwykly-przypadek-polaczony-z-dyskusja\/\">Filmowe spotkania z psychologi\u0105 &#8211; pokaz filmu &#8222;To by\u0142 zwyk\u0142y przypadek&#8221; po\u0142\u0105czony z dyskusj\u0105<\/a>\r\n                    <\/h3>\r\n            \r\n                    <div class=\"article-loop-post__categories\">\r\n                        <a href=\"https:\/\/us.edu.pl\/instytut\/ip\/category\/psychologiczne-spotkania-z-filmem\/\">Filmowe spotkania z psychologi\u0105<\/a><a href=\"https:\/\/us.edu.pl\/instytut\/ip\/category\/ogloszenia\/\">Og\u0142oszenia<\/a><a href=\"https:\/\/us.edu.pl\/instytut\/ip\/category\/wydarzenia\/\">Wydarzenia<\/a>\r\n                    <\/div>    \r\n                <\/div>\r\n            <\/div>\r\n        \n                        <\/div>\n                    <\/div><\/div ><\/div > [\/vc_column][\/vc_row][vc_row][vc_column]\r\n                <div class=\"text-modules\">\r\n                    <div class=\"container\">\r\n                        <h3 class=\"page-title text__title\">Dotychczasowe \u201cFilmowe spotkania z psychologi\u0105\u201d:<\/h3>\r\n                        <div class=\"text-modules__content\"><\/div>\r\n                    <\/div>\r\n                <\/div>[\/vc_column][\/vc_row]<\/p>","protected":false},"excerpt":{"rendered":"<p>[vc_row][vc_column][\/vc_column][\/vc_row][vc_row][vc_column][\/vc_column][\/vc_row][vc_row][vc_column][\/vc_column][\/vc_row] [&#8230;]<\/p>\n<p><a class=\"btn btn-secondary understrap-read-more-link\" href=\"https:\/\/us.edu.pl\/instytut\/ip\/2026\/02\/23\/filmowe-spotkania-z-psychologia-pokaz-filmu-to-byl-zwykly-przypadek-polaczony-z-dyskusja\/\">Read More&#8230;<\/a><\/p>\n","protected":false},"author":159,"featured_media":0,"parent":4708,"menu_order":0,"comment_status":"closed","ping_status":"closed","template":"page-templates\/page-with-bookmarks.php","meta":{"_expiration-date-status":"","_expiration-date":0,"_expiration-date-type":"","_expiration-date-categories":[],"_expiration-date-options":[]},"acf":[],"_links":{"self":[{"href":"https:\/\/us.edu.pl\/instytut\/ip\/wp-json\/wp\/v2\/pages\/6359"}],"collection":[{"href":"https:\/\/us.edu.pl\/instytut\/ip\/wp-json\/wp\/v2\/pages"}],"about":[{"href":"https:\/\/us.edu.pl\/instytut\/ip\/wp-json\/wp\/v2\/types\/page"}],"author":[{"embeddable":true,"href":"https:\/\/us.edu.pl\/instytut\/ip\/wp-json\/wp\/v2\/users\/159"}],"replies":[{"embeddable":true,"href":"https:\/\/us.edu.pl\/instytut\/ip\/wp-json\/wp\/v2\/comments?post=6359"}],"version-history":[{"count":10,"href":"https:\/\/us.edu.pl\/instytut\/ip\/wp-json\/wp\/v2\/pages\/6359\/revisions"}],"predecessor-version":[{"id":8983,"href":"https:\/\/us.edu.pl\/instytut\/ip\/wp-json\/wp\/v2\/pages\/6359\/revisions\/8983"}],"up":[{"embeddable":true,"href":"https:\/\/us.edu.pl\/instytut\/ip\/wp-json\/wp\/v2\/pages\/4708"}],"wp:attachment":[{"href":"https:\/\/us.edu.pl\/instytut\/ip\/wp-json\/wp\/v2\/media?parent=6359"}],"curies":[{"name":"wp","href":"https:\/\/api.w.org\/{rel}","templated":true}]}}