{"id":6496,"date":"2024-06-04T16:45:36","date_gmt":"2024-06-04T14:45:36","guid":{"rendered":"https:\/\/us.edu.pl\/instytut\/ip\/?page_id=6496"},"modified":"2024-06-04T16:53:16","modified_gmt":"2024-06-04T14:53:16","slug":"funkcjonowanie-w-roli-rodzica-w-kontekscie-doswiadczenia-parentyfikacji","status":"publish","type":"page","link":"https:\/\/us.edu.pl\/instytut\/ip\/nauka\/zespoly-badawcze\/projekty-naukowe-2\/pregnancy-parenthoodlab-prepare-lab\/aktualne-projekty-prepare-lab\/funkcjonowanie-w-roli-rodzica-w-kontekscie-doswiadczenia-parentyfikacji\/","title":{"rendered":"Funkcjonowanie w roli rodzica w kontek\u015bcie do\u015bwiadczenia parentyfikacji"},"content":{"rendered":"<p>[vc_row][vc_column]\r\n                <div class=\"text-modules \">\r\n                    <div class=\"container\">\r\n                         \r\n                        <div class=\"row m-0\">\r\n                            <div class=\"text-modules__content\">\r\n                                <\/p>\n<p style=\"text-align: justify;\"><span style=\"font-size: 14pt;\"><strong>Tytu\u0142:<\/strong> Funkcjonowanie w roli rodzica w kontek\u015bcie do\u015bwiadczenia parentyfikacji<\/span><\/p>\n<p style=\"text-align: justify;\"><span style=\"font-size: 14pt;\"><strong>Czas realizacji badania:<\/strong>\u00a02024-2025<\/span><\/p>\n<p style=\"text-align: justify;\"><span style=\"font-size: 14pt;\"><strong>Realizacja projektu:<\/strong> Natalia\u00a0Ziaja<\/span><\/p>\n<p style=\"text-align: justify;\"><span style=\"font-size: 14pt;\"><strong>Nadz\u00f3r merytoryczny:<\/strong>\u00a0dr Anna Ko\u0142odziej-Zaleska<\/span><\/p>\n<p style=\"text-align: justify;\"><span style=\"font-size: 14pt;\"><strong>Kr\u00f3tki opis badania:<\/strong> Parentyfikacja to zjawisko, w kt\u00f3rym rodzic rezygnuje cz\u0119\u015bciowo lub ca\u0142kowicie z w\u0142adzy rodzicielskiej i przekazuje j\u0105 swoim dzieciom. Ludzie do\u015bwiadczaj\u0105 jej w r\u00f3\u017cnym stopniu, a to do\u015bwiadczenie mo\u017ce mie\u0107 zar\u00f3wno pozytywne, jak i negatywne skutki. Celem badania jest por\u00f3wnanie os\u00f3b, kt\u00f3re do\u015bwiadczy\u0142y parentyfikacji w dzieci\u0144stwie z osobami, kt\u00f3re jej nie do\u015bwiadczy\u0142y w zakresie funkcjonowania w roli rodzica oraz sprawdzenie czy funkcjonowanie to r\u00f3\u017cni si\u0119 w zale\u017cno\u015bci od postrzeganego wsparcia.<\/span><\/p>\n<p style=\"text-align: justify;\"><span style=\"font-size: 14pt;\"><strong>Kontakt: <\/strong>nziaja@us.edu.pl<\/span><\/p>\n<div class=\"mt-3\"><\/div>\r\n                            <\/div>\r\n                            \r\n                            <div class=\"text-modules__img\"><img src=\"https:\/\/us.edu.pl\/instytut\/ip\/wp-content\/uploads\/sites\/33\/Bez-kategorii\/volodymyr-hryshchenko-NDDKWsrKufY-unsplash-scaled.jpg\" alt=\"img\"><\/div>\r\n                        <\/div>\r\n                    <\/div>\r\n                <\/div>[\/vc_column][\/vc_row]<\/p>","protected":false},"excerpt":{"rendered":"<p>[vc_row][vc_column][\/vc_column][\/vc_row] [&#8230;]<\/p>\n<p><a class=\"btn btn-secondary understrap-read-more-link\" href=\"https:\/\/us.edu.pl\/instytut\/ip\/nauka\/zespoly-badawcze\/projekty-naukowe-2\/pregnancy-parenthoodlab-prepare-lab\/aktualne-projekty-prepare-lab\/funkcjonowanie-w-roli-rodzica-w-kontekscie-doswiadczenia-parentyfikacji\/\">Read More&#8230;<\/a><\/p>\n","protected":false},"author":159,"featured_media":0,"parent":4879,"menu_order":0,"comment_status":"closed","ping_status":"closed","template":"","meta":{"_expiration-date-status":"","_expiration-date":0,"_expiration-date-type":"","_expiration-date-categories":[],"_expiration-date-options":[]},"acf":[],"_links":{"self":[{"href":"https:\/\/us.edu.pl\/instytut\/ip\/wp-json\/wp\/v2\/pages\/6496"}],"collection":[{"href":"https:\/\/us.edu.pl\/instytut\/ip\/wp-json\/wp\/v2\/pages"}],"about":[{"href":"https:\/\/us.edu.pl\/instytut\/ip\/wp-json\/wp\/v2\/types\/page"}],"author":[{"embeddable":true,"href":"https:\/\/us.edu.pl\/instytut\/ip\/wp-json\/wp\/v2\/users\/159"}],"replies":[{"embeddable":true,"href":"https:\/\/us.edu.pl\/instytut\/ip\/wp-json\/wp\/v2\/comments?post=6496"}],"version-history":[{"count":2,"href":"https:\/\/us.edu.pl\/instytut\/ip\/wp-json\/wp\/v2\/pages\/6496\/revisions"}],"predecessor-version":[{"id":6502,"href":"https:\/\/us.edu.pl\/instytut\/ip\/wp-json\/wp\/v2\/pages\/6496\/revisions\/6502"}],"up":[{"embeddable":true,"href":"https:\/\/us.edu.pl\/instytut\/ip\/wp-json\/wp\/v2\/pages\/4879"}],"wp:attachment":[{"href":"https:\/\/us.edu.pl\/instytut\/ip\/wp-json\/wp\/v2\/media?parent=6496"}],"curies":[{"name":"wp","href":"https:\/\/api.w.org\/{rel}","templated":true}]}}