{"id":6514,"date":"2024-06-04T19:21:38","date_gmt":"2024-06-04T17:21:38","guid":{"rendered":"https:\/\/us.edu.pl\/instytut\/ip\/?page_id=6514"},"modified":"2025-06-08T17:23:54","modified_gmt":"2025-06-08T15:23:54","slug":"wspolpraca-prepare-lab","status":"publish","type":"page","link":"https:\/\/us.edu.pl\/instytut\/ip\/nauka\/zespoly-badawcze\/projekty-naukowe-2\/pregnancy-parenthoodlab-prepare-lab\/wspolpraca-prepare-lab\/","title":{"rendered":"Wsp\u00f3\u0142praca Prepare Lab"},"content":{"rendered":"<p>[vc_row][vc_column]\r\n                <div class=\"text-modules \">\r\n                    <div class=\"container\">\r\n                        <h3 class=\"section-title section-title_border-bottom\">Cz\u0142onkowie Prepare Lab wsp\u00f3\u0142pracuj\u0105 z o\u015brodkami naukowymi w Polsce i na \u015awiecie, w tym:<\/h3> \r\n                        <div class=\"row m-0\">\r\n                            <div class=\"text-modules__content\">\r\n                                <span style=\"font-size: 14pt;\">1\/Od 2015 roku sta\u0142a wsp\u00f3\u0142praca naukowa z Klinik\u0105 Perinatologii, Ginekologii i Po\u0142o\u017cnictwa \u015al\u0105skiego Uniwersytetu Medycznego, wsp\u00f3\u0142praca z prof. dr hab. Wojciechem Cnot\u0105 i jego zespo\u0142em. Obszar badawczy dotyczy zdrowia psychicznego kobiet w okresie oko\u0142oporodowym.<\/span><\/p>\n<p><span style=\"font-size: 14pt;\">2\/ 2020-2024r. wsp\u00f3\u0142praca mi\u0119dzynarodowa z\u00a0 prof. Marci Lobel (The Stony Brook University, USA) w ramach projektu I COPE (\u201eDo\u015bwiadczenia ci\u0119\u017carnych w trakcie pandemii COVID-19). Dziewi\u0119\u0107 o\u015brodk\u00f3w naukowych z Niemiec, Szwajcarii, W\u0142och, Hiszpanii, Polski, USA, Izraela.<\/span><\/p>\n<p><span style=\"font-size: 14pt;\">3\/ od 2022 roku wsp\u00f3\u0142praca z Prof. Luigi Grassi (Universit\u00e0 di Ferrara, W\u0142ochy) w ramach projektu SONNOMAMMA (\u201eZaburzenia snu matki w okresie ci\u0105\u017cy i pierwszego roku po narodzinach dziecka i ich wp\u0142yw na sen i rozw\u00f3j dziecka\u201d).<\/span><\/p>\n<p><span style=\"font-size: 14pt;\">4\/Od 2020 roku sta\u0142a wsp\u00f3\u0142praca naukowa z Klinik\u0105 Transplantacji Szpiku i Onkohematologii, Narodowego Instytutu Onkologii w Gliwicach &#8211; obszar badawczy dotyczy psychologicznego funkcjonowania pacjent\u00f3w onkologicznych, wsp\u00f3\u0142praca z dr n.med. Mart\u0105 Pawe\u0142czak-Szastok <\/span><\/p>\n<p><span style=\"font-size: 14pt;\">5\/ od 2023 roku wsp\u00f3\u0142praca naukowa mi\u0119dzynarodowa w ramach akcji COST &#8211; TREASURE (CA22114 &#8211; <em>Maternal Perinatal Stress and Adverse Outcomes in the Offspring: Maximising infants\u00b4development<\/em>). Jest to mi\u0119dzynarodowa sie\u0107 badawcza zrzeszaj\u0105ca naukowc\u00f3w, praktyk\u00f3w, klinicyst\u00f3w z ca\u0142ego \u015bwiata (g\u0142\u00f3wnie z kraj\u00f3w europejskich) zajmuj\u0105ca si\u0119 zdrowiem psychicznym ci\u0119\u017carnych i jego wp\u0142ywem na rozw\u00f3j noworodka. <a href=\"https:\/\/www.treasurecost.eu\/\">TREASURE (treasurecost.eu)<\/a><\/span><\/p>\n<p><span style=\"font-size: 14pt;\">6\/ od 2025 roku wsp\u00f3\u0142praca naukowa z Uniwersytetem Gda\u0144skim (Instytut Psychologii), Gda\u0144skim Uniwersytetem Medycznym (Zak\u0142ad Bada\u0144 nad Jako\u015bci\u0105 \u017bycia), Centrum Medycznym Kszta\u0142cenia Podyplomowego w Warszawie (Zak\u0142ad Po\u0142o\u017cnictwa). Obszar badawczy dotyczy zdrowia psychicznego w okresie oko\u0142oporodowym w ci\u0105\u017cach wysokiego ryzyka.<\/span> \r\n                                <div class=\"mt-3\"><\/div>\r\n                            <\/div>\r\n                            \r\n                            <div class=\"text-modules__img\"><img src=\"https:\/\/us.edu.pl\/instytut\/ip\/wp-content\/uploads\/sites\/33\/zdjecia\/perry-grone-lbLgFFlADrY-unsplash.jpg\" alt=\"img\"><\/div>\r\n                        <\/div>\r\n                    <\/div>\r\n                <\/div>[\/vc_column][\/vc_row]<\/p>","protected":false},"excerpt":{"rendered":"<p>[vc_row][vc_column][\/vc_column][\/vc_row] [&#8230;]<\/p>\n<p><a class=\"btn btn-secondary understrap-read-more-link\" href=\"https:\/\/us.edu.pl\/instytut\/ip\/nauka\/zespoly-badawcze\/projekty-naukowe-2\/pregnancy-parenthoodlab-prepare-lab\/wspolpraca-prepare-lab\/\">Read More&#8230;<\/a><\/p>\n","protected":false},"author":159,"featured_media":0,"parent":4864,"menu_order":0,"comment_status":"closed","ping_status":"closed","template":"","meta":{"_expiration-date-status":"","_expiration-date":0,"_expiration-date-type":"","_expiration-date-categories":[],"_expiration-date-options":[]},"acf":[],"_links":{"self":[{"href":"https:\/\/us.edu.pl\/instytut\/ip\/wp-json\/wp\/v2\/pages\/6514"}],"collection":[{"href":"https:\/\/us.edu.pl\/instytut\/ip\/wp-json\/wp\/v2\/pages"}],"about":[{"href":"https:\/\/us.edu.pl\/instytut\/ip\/wp-json\/wp\/v2\/types\/page"}],"author":[{"embeddable":true,"href":"https:\/\/us.edu.pl\/instytut\/ip\/wp-json\/wp\/v2\/users\/159"}],"replies":[{"embeddable":true,"href":"https:\/\/us.edu.pl\/instytut\/ip\/wp-json\/wp\/v2\/comments?post=6514"}],"version-history":[{"count":5,"href":"https:\/\/us.edu.pl\/instytut\/ip\/wp-json\/wp\/v2\/pages\/6514\/revisions"}],"predecessor-version":[{"id":10300,"href":"https:\/\/us.edu.pl\/instytut\/ip\/wp-json\/wp\/v2\/pages\/6514\/revisions\/10300"}],"up":[{"embeddable":true,"href":"https:\/\/us.edu.pl\/instytut\/ip\/wp-json\/wp\/v2\/pages\/4864"}],"wp:attachment":[{"href":"https:\/\/us.edu.pl\/instytut\/ip\/wp-json\/wp\/v2\/media?parent=6514"}],"curies":[{"name":"wp","href":"https:\/\/api.w.org\/{rel}","templated":true}]}}