{"id":6607,"date":"2024-06-20T17:25:33","date_gmt":"2024-06-20T15:25:33","guid":{"rendered":"https:\/\/us.edu.pl\/instytut\/ip\/?page_id=6607"},"modified":"2024-06-24T17:16:59","modified_gmt":"2024-06-24T15:16:59","slug":"igra-zespol-interdyscyplinarny-badania-agresji","status":"publish","type":"page","link":"https:\/\/us.edu.pl\/instytut\/ip\/nauka\/zespoly-badawcze\/projekty-naukowe-2\/igra-zespol-interdyscyplinarny-badania-agresji\/","title":{"rendered":"IGRA &#8211; Zesp\u00f3\u0142 Interdyscyplinarny Badania Agresji"},"content":{"rendered":"<p>[vc_row][vc_column]\r\n                <div class=\"text-modules \">\r\n                    <div class=\"container\">\r\n                        <h3 class=\"section-title section-title_border-bottom\">IGRA - Zesp\u00f3\u0142 Interdyscyplinarny Badania Agresji<\/h3> \r\n                        <div class=\"row m-0\">\r\n                            <div class=\"text-modules__content\">\r\n                                <\/p>\n<p style=\"text-align: justify;\"><span style=\"font-size: 14pt;\">Zesp\u00f3\u0142 Interdyscyplinarny do Badania Agresji \u0142\u0105czy psycholog\u00f3w, socjolog\u00f3w i pedagog\u00f3w, kt\u00f3rzy w swoich badaniach zajmuj\u0105 si\u0119 zagadnieniami agresji w\u015br\u00f3d os\u00f3b doros\u0142ych. Badamy jawne i niejawne formy agresji. Interesuj\u0105 nas zw\u0142aszcza te aspekty agresywnego zachowania, kt\u00f3re s\u0105 najbardziej rozpowszechnione, co oznacza, \u017ce mog\u0105 dotyka\u0107 wielu os\u00f3b.<\/span><\/p>\n<p style=\"text-align: justify;\"><span style=\"font-size: 14pt;\">Nasza misj\u0105 jest lepsze identyfikowanie zar\u00f3wno samej agresji (poprzez wzrost spo\u0142ecznej \u015bwiadomo\u015bci na temat tego co jest agresj\u0105), jak i jej uwarunkowa\u0144 oraz konsekwencji. Koncentrujemy si\u0119 na uwarunkowaniach spo\u0142ecznych, ale i indywidualnych. Tworzymy narz\u0119dzia i procedury pomiary agresji oraz stosujemy techniki wielowymiarowej analizy danych i dynamicznego modelowania, by zrozumie\u0107 temporalne, intrapsychiczne i interpersonalne aspekty agresji.<\/span><\/p>\n<div class=\"mt-3\"><\/div>\r\n                            <\/div>\r\n                            \r\n                            \r\n                        <\/div>\r\n                    <\/div>\r\n                <\/div>[\/vc_column][\/vc_row][vc_row][vc_column]\r\n\r\n            <div class=\"blocks\" style=\"text-align: \">\r\n               <div class=\"container\">\r\n                  \r\n                  <div class=\"row m-0 blocks_4\">\r\n                  \r\n                     <a href=\"https:\/\/us.edu.pl\/instytut\/ip\/nauka\/zespoly-badawcze\/projekty-naukowe-2\/igra-zespol-interdyscyplinarny-badania-agresji\/nasz-zespol\/\" class=\"thumbnail blocks__item\" style=\"background-image: url(https:\/\/us.edu.pl\/instytut\/ip\/wp-content\/uploads\/sites\/33\/Bez-kategorii\/Team_kafelek_IGRA.jpg)\">\r\n                        <span>wi\u0119cej<\/span>\r\n                        <div class=\"blocks__bottom\">\r\n                        <div class=\"blocks__title\">Zesp\u00f3\u0142<\/div>\r\n                        \r\n                        <\/div>\r\n                     <\/a>\r\n                  \r\n                     <a href=\"https:\/\/us.edu.pl\/instytut\/ip\/nauka\/zespoly-badawcze\/projekty-naukowe-2\/igra-zespol-interdyscyplinarny-badania-agresji\/aktualne-projekty-igra\/\" class=\"thumbnail blocks__item\" style=\"background-image: url(https:\/\/us.edu.pl\/instytut\/ip\/wp-content\/uploads\/sites\/33\/zdjecia\/shane-rounce-DNkoNXQti3c-unsplash-678x1024.jpg)\">\r\n                        <span>wi\u0119cej<\/span>\r\n                        <div class=\"blocks__bottom\">\r\n                        <div class=\"blocks__title\">Aktualne projekty IGRA<\/div>\r\n                        \r\n                        <\/div>\r\n                     <\/a>\r\n                  \r\n                     <a href=\"https:\/\/us.edu.pl\/instytut\/ip\/nauka\/zespoly-badawcze\/projekty-naukowe-2\/igra-zespol-interdyscyplinarny-badania-agresji\/nasze-publikacje\/\" class=\"thumbnail blocks__item\" style=\"background-image: url(https:\/\/us.edu.pl\/instytut\/ip\/wp-content\/uploads\/sites\/33\/zdjecia\/absolutvision-bSlHKWxxXak-unsplash.jpg)\">\r\n                        <span>wi\u0119cej<\/span>\r\n                        <div class=\"blocks__bottom\">\r\n                        <div class=\"blocks__title\">Nasze publikacje<\/div>\r\n                        \r\n                        <\/div>\r\n                     <\/a>\r\n                  \r\n                     <a href=\"\" class=\"thumbnail blocks__item\" style=\"background-image: url()\">\r\n                        <span>wi\u0119cej<\/span>\r\n                        <div class=\"blocks__bottom\">\r\n                        <div class=\"blocks__title\">Wsp\u00f3\u0142praca IGRA<\/div>\r\n                        \r\n                        <\/div>\r\n                     <\/a>\r\n                  \r\n                     <a href=\"https:\/\/us.edu.pl\/instytut\/ip\/nauka\/zespoly-badawcze\/projekty-naukowe-2\/igra-zespol-interdyscyplinarny-badania-agresji\/metody\/\" class=\"thumbnail blocks__item\" style=\"background-image: url(https:\/\/us.edu.pl\/instytut\/ip\/wp-content\/uploads\/sites\/33\/Bez-kategorii\/Methods_kafelek_IGRA.jpg)\">\r\n                        <span>wi\u0119cej<\/span>\r\n                        <div class=\"blocks__bottom\">\r\n                        <div class=\"blocks__title\">Metody<\/div>\r\n                        \r\n                        <\/div>\r\n                     <\/a><\/div>     \r\n               <\/div>\r\n            <\/div>[\/vc_column][\/vc_row][vc_row][vc_column]\n\t\t\t\t<input type=\"hidden\" name=\"promoted_only\" value=\"\">\n\t\t\t\t<input type=\"hidden\" name=\"order\" value=\"ASC\">\n\t\t\t\t<input type=\"hidden\" name=\"order_by\" value=\"post_date\">\n\n\t\t\t\t<div class=\"article-loop loop-section article-loop_tall color-blue\" style=\"background: \">\n\t\t\t\t\t <div class=\"container \">\n\t\t\t\t\t \t<div class=\"col-12 article-loop-gutter-left\">\n\t\t\t\t\t\t  <div class=\"article-loop-top loop-section-top\">\n\t\t\t\t\t\t\t\t<h2 class=\"section-title\">Aktualno\u015bci IGRA<\/h2><div class=\"article-loop-top_right loop-section-top__right\" >\n\t\t\t\t\t\t\t\t\t <select name=\"sort\" title = \"filter by category\"\n\t\t\t\t\t\t\t\t\t\t  class=\"article-loop-sort\" >\n\t\t\t\t\t\t\t\t\t\t  <option value = \"\" selected disabled > filtrowanie wed\u0142ug kategorii<\/option>\n\t\t\t\t\t\t\t\t\t\t  <option value = \"33-35\" > Wszystko<\/option> <option data-link='https:\/\/us.edu.pl\/instytut\/ip\/category\/igra\/' value='33-35'>IGRA<\/option><\/select>    <a href = \"https:\/\/us.edu.pl\/instytut\/ip\/wszystko?title=Aktualno%C5%9Bci+IGRA&order=ASC&order_by=post_date&categories%5B0%5D=33-35\" class=\"link-button \" > Wszystko<\/a><\/div>  \n\t\t\t\t\t\t  <\/div>\n\t\t\t\t\t\t  <div class=\"article-loop-main carousel\" data-home-url=\"https:\/\/us.edu.pl\/instytut\/ip\" >\n\t\t\t\t\t\t\t\t<a href = \"#\" data-slide = \"prev\" title=\"przesu\u0144 pasek Aktualno\u015bci IGRAw lewo\" class=\"arrow\" >\n\t\t\t\t\t\t\t\t\t <em class=\"ci ci-arrow-left\" ><\/em >\n\t\t\t\t\t\t\t\t\t <span class=\"d-none\" > arrow<\/span >\n\t\t\t\t\t\t\t\t<\/a>\n\t \n\t\t\t\t\t\t\t\t<a href = \"#\" data-slide = \"next\" title=\"przesu\u0144 pasek Aktualno\u015bci IGRA w prawo\" class=\"arrow\" >\n\t\t\t\t\t\t\t\t\t <em class=\"ci ci-arrow-right\" ><\/em >\n\t\t\t\t\t\t\t\t\t <span class=\"d-none\" > arrow<\/span >\n\t\t\t\t\t\t\t\t<\/a>\n\t\t\t\t\t\t\t\t<div class=\"row items\" >\n\t\t\t\t\t\t\t\t\t \r\n            <article class=\"article-loop-post carousel-slide\">\r\n                <a href=\"https:\/\/us.edu.pl\/instytut\/ip\/2024\/06\/24\/dyskryminacja-w-szkole-perspektywa-uczniow-i-nauczycieli\/\" class=\"article-loop-post__thumbnail thumbnail\"\r\n                    style=\"background-image: url(https:\/\/us.edu.pl\/instytut\/ip\/wp-content\/uploads\/sites\/33\/zdjecia\/olia-gozha-J4kK8b9Fgj8-unsplash-300x199.jpg)\">\r\n                    <span>wi\u0119cej<\/span>\r\n                <\/a>\r\n\r\n                <div class=\"article-loop-post__content\">\r\n                    <h3 class=\"article-loop-post__title\">\r\n                        <a href=\"https:\/\/us.edu.pl\/instytut\/ip\/2024\/06\/24\/dyskryminacja-w-szkole-perspektywa-uczniow-i-nauczycieli\/\">Dyskryminacja w szkole &#8211; perspektywa uczni\u00f3w i nauczycieli<\/a>\r\n                    <\/h3>\r\n            \r\n                    <div class=\"article-loop-post__categories\">\r\n                        <a href=\"https:\/\/us.edu.pl\/instytut\/ip\/category\/igra\/\">IGRA<\/a>\r\n                    <\/div>    \r\n                <\/div>\r\n            <\/article>\r\n        \r\n            <article class=\"article-loop-post carousel-slide\">\r\n                <a href=\"https:\/\/us.edu.pl\/instytut\/ip\/2024\/06\/24\/seminarium-naukowe-wspolczesne-oblicza-agresji\/\" class=\"article-loop-post__thumbnail thumbnail\"\r\n                    style=\"background-image: url(https:\/\/us.edu.pl\/instytut\/ip\/wp-content\/uploads\/sites\/33\/zdjecia\/austin-distel-wawEfYdpkag-unsplash-1-300x225.jpg)\">\r\n                    <span>wi\u0119cej<\/span>\r\n                <\/a>\r\n\r\n                <div class=\"article-loop-post__content\">\r\n                    <h3 class=\"article-loop-post__title\">\r\n                        <a href=\"https:\/\/us.edu.pl\/instytut\/ip\/2024\/06\/24\/seminarium-naukowe-wspolczesne-oblicza-agresji\/\">Seminarium Naukowe &#8222;Wsp\u00f3\u0142czesne oblicza agresji&#8221;<\/a>\r\n                    <\/h3>\r\n            \r\n                    <div class=\"article-loop-post__categories\">\r\n                        <a href=\"https:\/\/us.edu.pl\/instytut\/ip\/category\/igra\/\">IGRA<\/a><a href=\"https:\/\/us.edu.pl\/instytut\/ip\/category\/ogloszenia\/\">Og\u0142oszenia<\/a><a href=\"https:\/\/us.edu.pl\/instytut\/ip\/category\/wydarzenia\/\">Wydarzenia<\/a>\r\n                    <\/div>    \r\n                <\/div>\r\n            <\/article>\r\n        \r\n            <article class=\"article-loop-post carousel-slide\">\r\n                <a href=\"https:\/\/us.edu.pl\/instytut\/ip\/2024\/07\/03\/publikacja-w-personality-and-individual-differences\/\" class=\"article-loop-post__thumbnail thumbnail\"\r\n                    style=\"background-image: url(https:\/\/us.edu.pl\/instytut\/ip\/wp-content\/uploads\/sites\/33\/IGRA\/sebastiaan-stam-RChZT-JlI9g-unsplash-300x200.jpg)\">\r\n                    <span>wi\u0119cej<\/span>\r\n                <\/a>\r\n\r\n                <div class=\"article-loop-post__content\">\r\n                    <h3 class=\"article-loop-post__title\">\r\n                        <a href=\"https:\/\/us.edu.pl\/instytut\/ip\/2024\/07\/03\/publikacja-w-personality-and-individual-differences\/\">Publikacja w Personality and Individual Differences<\/a>\r\n                    <\/h3>\r\n            \r\n                    <div class=\"article-loop-post__categories\">\r\n                        <a href=\"https:\/\/us.edu.pl\/instytut\/ip\/category\/igra\/\">IGRA<\/a><a href=\"https:\/\/us.edu.pl\/instytut\/ip\/category\/nasze-sukcesy\/\">Nasze sukcesy<\/a><a href=\"https:\/\/us.edu.pl\/instytut\/ip\/category\/wiadomosci\/\">Wiadomo\u015bci<\/a>\r\n                    <\/div>    \r\n                <\/div>\r\n            <\/article>\r\n        \r\n            <article class=\"article-loop-post carousel-slide\">\r\n                <a href=\"https:\/\/us.edu.pl\/instytut\/ip\/2025\/04\/28\/mikroseminarium-psychopatologiczne-czy-zaburzenia-osobowosci-maja-wspolny-rdzen-8-maja-br-od-10-0-do-12-30\/\" class=\"article-loop-post__thumbnail thumbnail\"\r\n                    style=\"background-image: url(https:\/\/us.edu.pl\/instytut\/ip\/wp-content\/uploads\/sites\/33\/Bez-kategorii\/IGRA_Mikroseminarium-1-1-300x172.png)\">\r\n                    <span>wi\u0119cej<\/span>\r\n                <\/a>\r\n\r\n                <div class=\"article-loop-post__content\">\r\n                    <h3 class=\"article-loop-post__title\">\r\n                        <a href=\"https:\/\/us.edu.pl\/instytut\/ip\/2025\/04\/28\/mikroseminarium-psychopatologiczne-czy-zaburzenia-osobowosci-maja-wspolny-rdzen-8-maja-br-od-10-0-do-12-30\/\">Mikroseminarium psychopatologiczne &#8222;Czy zaburzenia osobowo\u015bci maj\u0105 wsp\u00f3lny rdze\u0144?&#8221;, 8 maja br. od 10.00 do 12.30<\/a>\r\n                    <\/h3>\r\n            \r\n                    <div class=\"article-loop-post__categories\">\r\n                        <a href=\"https:\/\/us.edu.pl\/instytut\/ip\/category\/igra\/\">IGRA<\/a><a href=\"https:\/\/us.edu.pl\/instytut\/ip\/category\/wydarzenia\/\">Wydarzenia<\/a>\r\n                    <\/div>    \r\n                <\/div>\r\n            <\/article>\r\n        \r\n            <article class=\"article-loop-post carousel-slide\">\r\n                <a href=\"https:\/\/us.edu.pl\/instytut\/ip\/2025\/10\/02\/naukowcy-i-naukowczynie-instytutu-psychologii-na-vi-konferencji-psychologii-klinicznej-w-gdansku\/\" class=\"article-loop-post__thumbnail thumbnail\"\r\n                    style=\"background-image: url(https:\/\/us.edu.pl\/instytut\/ip\/wp-content\/uploads\/sites\/33\/zdjecia\/hansjorg-keller-p7av1ZhKGBQ-unsplash-300x225.jpg)\">\r\n                    <span>wi\u0119cej<\/span>\r\n                <\/a>\r\n\r\n                <div class=\"article-loop-post__content\">\r\n                    <h3 class=\"article-loop-post__title\">\r\n                        <a href=\"https:\/\/us.edu.pl\/instytut\/ip\/2025\/10\/02\/naukowcy-i-naukowczynie-instytutu-psychologii-na-vi-konferencji-psychologii-klinicznej-w-gdansku\/\">Naukowcy i Naukowczynie Instytutu Psychologii na VI Konferencji Psychologii Klinicznej w Gda\u0144sku<\/a>\r\n                    <\/h3>\r\n            \r\n                    <div class=\"article-loop-post__categories\">\r\n                        <a href=\"https:\/\/us.edu.pl\/instytut\/ip\/category\/aktualnosci\/\">Aktualno\u015bci<\/a><a href=\"https:\/\/us.edu.pl\/instytut\/ip\/category\/igra\/\">IGRA<\/a><a href=\"https:\/\/us.edu.pl\/instytut\/ip\/category\/prepare-lab\/\">Prepare Lab<\/a>\r\n                    <\/div>    \r\n                <\/div>\r\n            <\/article>\r\n        \r\n            <article class=\"article-loop-post carousel-slide\">\r\n                <a href=\"https:\/\/us.edu.pl\/instytut\/ip\/2025\/11\/18\/artykul-w-journal-of-rational-emotive-and-cognitive-behavior-therapy\/\" class=\"article-loop-post__thumbnail thumbnail\"\r\n                    style=\"background-image: url(https:\/\/us.edu.pl\/instytut\/ip\/wp-content\/uploads\/sites\/33\/Prepare-Lab\/danie-franco-tnxRFtXI9dI-unsplash-300x205.jpg)\">\r\n                    <span>wi\u0119cej<\/span>\r\n                <\/a>\r\n\r\n                <div class=\"article-loop-post__content\">\r\n                    <h3 class=\"article-loop-post__title\">\r\n                        <a href=\"https:\/\/us.edu.pl\/instytut\/ip\/2025\/11\/18\/artykul-w-journal-of-rational-emotive-and-cognitive-behavior-therapy\/\">Artyku\u0142 w Journal of Rational-Emotive and Cognitive-Behavior Therapy<\/a>\r\n                    <\/h3>\r\n            \r\n                    <div class=\"article-loop-post__categories\">\r\n                        <a href=\"https:\/\/us.edu.pl\/instytut\/ip\/category\/igra\/\">IGRA<\/a><a href=\"https:\/\/us.edu.pl\/instytut\/ip\/category\/nasze-sukcesy\/\">Nasze sukcesy<\/a><a href=\"https:\/\/us.edu.pl\/instytut\/ip\/category\/wiadomosci\/\">Wiadomo\u015bci<\/a>\r\n                    <\/div>    \r\n                <\/div>\r\n            <\/article>\r\n        \n\t\t\t\t\t\t\t\t<\/div>\n\t\t\t\t\t\t  <\/div>\n\t\t\t\t\t <\/div>\n\t\t\t\t\t <\/div>\n\t\t\t\t<\/div>[\/vc_column][\/vc_row]<\/p>","protected":false},"excerpt":{"rendered":"<p>[vc_row][vc_column][\/vc_column][\/vc_row][vc_row][vc_column][\/vc_column][\/vc_row][vc_row][vc_column][\/vc_column][\/vc_row] [&#8230;]<\/p>\n<p><a class=\"btn btn-secondary understrap-read-more-link\" href=\"https:\/\/us.edu.pl\/instytut\/ip\/2025\/11\/18\/artykul-w-journal-of-rational-emotive-and-cognitive-behavior-therapy\/\">Read More&#8230;<\/a><\/p>\n","protected":false},"author":159,"featured_media":0,"parent":3207,"menu_order":0,"comment_status":"closed","ping_status":"closed","template":"","meta":{"_expiration-date-status":"","_expiration-date":0,"_expiration-date-type":"","_expiration-date-categories":[],"_expiration-date-options":[]},"acf":[],"_links":{"self":[{"href":"https:\/\/us.edu.pl\/instytut\/ip\/wp-json\/wp\/v2\/pages\/6607"}],"collection":[{"href":"https:\/\/us.edu.pl\/instytut\/ip\/wp-json\/wp\/v2\/pages"}],"about":[{"href":"https:\/\/us.edu.pl\/instytut\/ip\/wp-json\/wp\/v2\/types\/page"}],"author":[{"embeddable":true,"href":"https:\/\/us.edu.pl\/instytut\/ip\/wp-json\/wp\/v2\/users\/159"}],"replies":[{"embeddable":true,"href":"https:\/\/us.edu.pl\/instytut\/ip\/wp-json\/wp\/v2\/comments?post=6607"}],"version-history":[{"count":10,"href":"https:\/\/us.edu.pl\/instytut\/ip\/wp-json\/wp\/v2\/pages\/6607\/revisions"}],"predecessor-version":[{"id":6653,"href":"https:\/\/us.edu.pl\/instytut\/ip\/wp-json\/wp\/v2\/pages\/6607\/revisions\/6653"}],"up":[{"embeddable":true,"href":"https:\/\/us.edu.pl\/instytut\/ip\/wp-json\/wp\/v2\/pages\/3207"}],"wp:attachment":[{"href":"https:\/\/us.edu.pl\/instytut\/ip\/wp-json\/wp\/v2\/media?parent=6607"}],"curies":[{"name":"wp","href":"https:\/\/api.w.org\/{rel}","templated":true}]}}