{"id":6629,"date":"2024-06-20T19:05:52","date_gmt":"2024-06-20T17:05:52","guid":{"rendered":"https:\/\/us.edu.pl\/instytut\/ip\/?page_id=6629"},"modified":"2024-06-25T18:29:56","modified_gmt":"2024-06-25T16:29:56","slug":"nasz-zespol","status":"publish","type":"page","link":"https:\/\/us.edu.pl\/instytut\/ip\/nauka\/zespoly-badawcze\/projekty-naukowe-2\/igra-zespol-interdyscyplinarny-badania-agresji\/nasz-zespol\/","title":{"rendered":"Nasz zesp\u00f3\u0142"},"content":{"rendered":"<p>[vc_row][vc_column]\r\n                <div class=\"text-modules reverse\">\r\n                    <div class=\"container\">\r\n                        <h3 class=\"section-title section-title_border-bottom\">dr Dagmara Dobosz<\/h3> \r\n                        <div class=\"row m-0\">\r\n                            <div class=\"text-modules__content\">\r\n                                <\/p>\n<p style=\"text-align: justify;\"><span style=\"font-size: 14pt;\">Dagmara Dobosz- doktor nauk spo\u0142ecznych w dyscyplinie pedagogika. Pracuje w\u00a0 Instytucie Pedagogiki\u00a0Uniwersytetu \u015al\u0105skiego w Katowicach.\u00a0Autorka kilkudziesi\u0119ciu publikacji naukowych. Jej zainteresowania badawcze oscyluj\u0105 wok\u00f3\u0142 zagadnie\u0144 problematyki p\u0142ci spo\u0142eczno-kulturowej, seksualno\u015bci cz\u0142owieka, seksualizacji kultury oraz dobrostanu dzieci i m\u0142odzie\u017cy.<\/span><\/p>\n<p style=\"text-align: justify;\"><span style=\"font-size: 14pt;\">Jarosz, E., Dobosz, D. M., Hetma\u0144czyk, H. H., Jurczyk, M. B., &amp; Bo\u017cek, M. A. (2023). <em>Dyskryminacja w szkole: perspektywa uczni\u00f3w i nauczycieli<\/em>. Wydawnictwo Gnome.<\/span><\/p>\n<div class=\"mt-3\"><\/div>\r\n                            <\/div>\r\n                            \r\n                            <div class=\"text-modules__img\"><img src=\"https:\/\/us.edu.pl\/instytut\/ip\/wp-content\/uploads\/sites\/33\/Bez-kategorii\/Obraz1.jpg\" alt=\"img\"><\/div>\r\n                        <\/div>\r\n                    <\/div>\r\n                <\/div>[\/vc_column][\/vc_row][vc_row][vc_column]\r\n                <div class=\"text-modules reverse\">\r\n                    <div class=\"container\">\r\n                        <h3 class=\"section-title section-title_border-bottom\">dr Marcin Jurczyk<\/h3> \r\n                        <div class=\"row m-0\">\r\n                            <div class=\"text-modules__content\">\r\n                                <\/p>\n<p style=\"text-align: justify;\"><span style=\"font-size: 14pt;\">Marcin Jurczyk &#8211; doktor w dziedzinie nauk spo\u0142ecznych w dyscyplinie naukowej pedagogika, adiunkt w Instytucie Pedagogiki Uniwersytetu \u015al\u0105skiego w Katowicach. Autor kilkunastu publikacji naukowych z zakresu penitencjarystyki i resocjalizacji. G\u0142\u00f3wne zainteresowania badawcze dotycz\u0105 wychowania, terapii i opieki os\u00f3b niedostosowanych spo\u0142ecznie, agresywno\u015bci m\u0142odzie\u017cy, diagnozy resocjalizacyjnej, teorii napi\u0119cia oraz patologii spo\u0142ecznych.<\/span><\/p>\n<p style=\"text-align: justify;\"><span style=\"font-size: 14pt;\">e-mail:\u00a0<a href=\"mailto:marcin.jurczyk@us.edu.pl\">marcin.jurczyk@us.edu.pl<\/a><\/span><br \/>\n<span style=\"font-size: 14pt;\">ORCID ID:\u00a0<a href=\"https:\/\/orcid.org\/0000-0003-0099-4730\">https:\/\/orcid.org\/0000-0003-0099-4730<\/a><\/span><br \/>\n<span style=\"font-size: 14pt;\">ResearchGate:\u00a0<a href=\"https:\/\/www.researchgate.net\/profile\/Marcin_Jurczyk\/publications\">https:\/\/www.researchgate.net\/profile\/Marcin_Jurczyk\/publications<\/a><\/span><br \/>\n<span style=\"font-size: 14pt;\">Academia:\u00a0<a href=\"https:\/\/silesian.academia.edu\/MarcinJurczykPhD\">https:\/\/silesian.academia.edu\/MarcinJurczykPhD<\/a><\/span><\/p>\n<p style=\"text-align: justify;\"><span style=\"font-size: 14pt;\">Web of Science Researcher ID: AFI-4901-2022<\/span><\/p>\n<div class=\"mt-3\"><\/div>\r\n                            <\/div>\r\n                            \r\n                            <div class=\"text-modules__img\"><img src=\"https:\/\/us.edu.pl\/instytut\/ip\/wp-content\/uploads\/sites\/33\/Bez-kategorii\/Obraz2-244x300.png\" alt=\"img\"><\/div>\r\n                        <\/div>\r\n                    <\/div>\r\n                <\/div>[\/vc_column][\/vc_row][vc_row][vc_column]\r\n                <div class=\"text-modules reverse\">\r\n                    <div class=\"container\">\r\n                        <h3 class=\"section-title section-title_border-bottom\">dr Marcin Moro\u0144<\/h3> \r\n                        <div class=\"row m-0\">\r\n                            <div class=\"text-modules__content\">\r\n                                <\/p>\n<p style=\"text-align: justify;\"><span style=\"font-size: 14pt;\">Jestem adiunktem na Uniwersytecie \u015al\u0105skim w Katowicach. Doktorat obroni\u0142em w Uniwersytecie \u015al\u0105skim na podstawie pracy \u201eWra\u017cliwo\u015b\u0107 na wzmocnienia a reagowanie na krzywdy w bliskich zwi\u0105zkach romantycznych\u201d (2018). Kszta\u0142ci\u0142em si\u0119 podyplomowo w naukach o rodzinie (2017), seksuologii klinicznej (2020-2022), za\u015b aktualnie jestem w trakcie kursu psychoterapii integratywnej. Zrealizowa\u0142em sta\u017ce podoktorskie na Uniwersytecie w Padwie (2023), Uniwersytecie Po\u0142udniowej Danii (2023-2024) i Uniwersytecie Opolskim (2024). Jestem Dyrektorem ds. naukowych Uniwersyteckiego Centrum Kreatywnego Obywatelstwa. Moje aktualne badania koncentruj\u0105 si\u0119 na agresji relacyjnej os\u00f3b doros\u0142ych. Jestem zainteresowany spo\u0142eczno-klinicznym podej\u015bciem w badaniach agresji relacyjnej, radzenia sobie z chorob\u0105 oraz religijno\u015bci.<\/span><\/p>\n<div class=\"mt-3\"><\/div>\r\n                            <\/div>\r\n                            \r\n                            <div class=\"text-modules__img\"><img src=\"https:\/\/us.edu.pl\/instytut\/ip\/wp-content\/uploads\/sites\/33\/Nieprzypisane\/Moron_2105-003.jpg\" alt=\"img\"><\/div>\r\n                        <\/div>\r\n                    <\/div>\r\n                <\/div>[\/vc_column][\/vc_row][vc_row][vc_column]\r\n                <div class=\"text-modules reverse\">\r\n                    <div class=\"container\">\r\n                        <h3 class=\"section-title section-title_border-bottom\">Karolina Juras<\/h3> \r\n                        <div class=\"row m-0\">\r\n                            <div class=\"text-modules__content\">\r\n                                <\/p>\n<p style=\"text-align: justify;\"><span style=\"font-size: 14pt;\">Karolina Juras &#8211; studentka psychologii na Uniwersytecie <\/span><span style=\"font-size: 14pt;\">\u015al\u0105skim w Katowicach, uczestniczka programu <\/span><span style=\"font-size: 14pt;\">tutoringowego \u201eMistrzowie Dydaktyki\u201d (2021-2022). <\/span><span style=\"font-size: 14pt;\">Prelegentka podczas 7. \u015al\u0105skiego Festiwalu Nauki oraz II <\/span><span style=\"font-size: 14pt;\">Og\u00f3lnopolskiej Psychoseksuologicznej Studenckiej <\/span><span style=\"font-size: 14pt;\">Konferencji \u201eSekstant\u201d. Cz\u0142onkini Studenckiego Ko\u0142a <\/span><span style=\"font-size: 14pt;\">Naukowego Seksuologii.<\/span><\/p>\n<div class=\"mt-3\"><\/div>\r\n                            <\/div>\r\n                            \r\n                            <div class=\"text-modules__img\"><img src=\"https:\/\/us.edu.pl\/instytut\/ip\/wp-content\/uploads\/sites\/33\/Bez-kategorii\/MicrosoftTeams-image-300x300.jpg\" alt=\"img\"><\/div>\r\n                        <\/div>\r\n                    <\/div>\r\n                <\/div>[\/vc_column][\/vc_row][vc_row][vc_column]\r\n                <div class=\"text-modules reverse\">\r\n                    <div class=\"container\">\r\n                        <h3 class=\"section-title section-title_border-bottom\">Janusz Pach<\/h3> \r\n                        <div class=\"row m-0\">\r\n                            <div class=\"text-modules__content\">\r\n                                <\/p>\n<p style=\"text-align: justify;\"><span style=\"font-size: 14pt;\">Janusz Pach- student psychologii na Uniwersytecie \u015al\u0105skim w Katowicach. Koordynator danych w misji Plant Melody, LunAres oraz Jordan Space Research Initiative. Asystent w badaniu sprawdzaj\u0105cym stosunek ludzi do nowych technologii oraz ich opinii zwi\u0105zanych z autobusami autonomicznymi firmy Blees. Zaanga\u017cowany w aktywno\u015b\u0107 projektu organizowanego w ramach sekcji badawczej Studenckiego Ko\u0142a Naukowego Psychoterapii i Treningu Psychologicznego zwi\u0105zanego z zaburzeniami przetwarzania wzrokowego u chorych na chorob\u0119 Alzheimera.<\/span><\/p>\n<div class=\"mt-3\"><\/div>\r\n                            <\/div>\r\n                            \r\n                            <div class=\"text-modules__img\"><img src=\"https:\/\/us.edu.pl\/instytut\/ip\/wp-content\/uploads\/sites\/33\/Bez-kategorii\/JP-246x300.jpg\" alt=\"img\"><\/div>\r\n                        <\/div>\r\n                    <\/div>\r\n                <\/div>[\/vc_column][\/vc_row][vc_row][vc_column]\r\n                <div class=\"text-modules reverse\">\r\n                    <div class=\"container\">\r\n                        <h3 class=\"section-title section-title_border-bottom\">Mateusz Mendrok<\/h3> \r\n                        <div class=\"row m-0\">\r\n                            <div class=\"text-modules__content\">\r\n                                <\/p>\n<p style=\"text-align: justify;\"><span style=\"font-size: 14pt;\">Mateusz Mendrok: Jestem studentem psychologii na Uniwersytecie \u015al\u0105skim w Katowicach. Aktywnie dzia\u0142am w sekcji badawczej Studenckiego Ko\u0142a Naukowego Psychoterapii i Treningu Psychologicznego, gdzie bior\u0119 udzia\u0142 w kilku projektach badawczych. W roku akademickim 2023\/24 pe\u0142ni\u0142em funkcj\u0119 Koordynatora Danych Misji Plant Melody, LunAres oraz Jordan Space Research Initiative, a tak\u017ce pracowa\u0142em jako badacz-eksperymentator w zespole badawczym VT-flow. W tym samym roku mia\u0142em r\u00f3wnie\u017c przyjemno\u015b\u0107 wyst\u0105pi\u0107 jako prelegent podczas IV Og\u00f3lnopolskiej Konferencji M\u0142odych Naukowc\u00f3w \u201ePsychor\u00f3\u017cno\u015bci\u201d. Moje zainteresowania obejmuj\u0105 medytacj\u0119 oraz psychologi\u0119 spo\u0142eczn\u0105 i kliniczn\u0105.<\/span><\/p>\n<div class=\"mt-3\"><\/div>\r\n                            <\/div>\r\n                            \r\n                            <div class=\"text-modules__img\"><img src=\"https:\/\/us.edu.pl\/instytut\/ip\/wp-content\/uploads\/sites\/33\/Bez-kategorii\/Obraz3.png\" alt=\"img\"><\/div>\r\n                        <\/div>\r\n                    <\/div>\r\n                <\/div>[\/vc_column][\/vc_row][vc_row][vc_column]\r\n                <div class=\"text-modules reverse\">\r\n                    <div class=\"container\">\r\n                        <h3 class=\"section-title section-title_border-bottom\">dr Agata Olszanecka-Marmola<\/h3> \r\n                        <div class=\"row m-0\">\r\n                            <div class=\"text-modules__content\">\r\n                                <\/p>\n<p style=\"text-align: justify;\"><span class=\"ui-provider a b c d e f g h i j k l m n o p q r s t u v w x y z ab ac ae af ag ah ai aj ak\" dir=\"ltr\" style=\"font-size: 14pt;\">Agata Olszanecka-Marmola \u2013 politolog, socjolog, doktor nauk spo\u0142ecznych w dyscyplinie nauki o polityce i administracji. Dyrektor Uniwersyteckiego Centrum Kreatywnego Obywatelstwa. Autorka publikacji z zakresu komunikowania politycznego, zachowa\u0144 wyborczych i psychologii polityki.\u00a0<\/span><\/p>\n<div class=\"mt-3\"><\/div>\r\n                            <\/div>\r\n                            \r\n                            <div class=\"text-modules__img\"><img src=\"https:\/\/us.edu.pl\/instytut\/ip\/wp-content\/uploads\/sites\/33\/IGRA\/Agata-Olszanecka-Marmola-200x300.jpg\" alt=\"img\"><\/div>\r\n                        <\/div>\r\n                    <\/div>\r\n                <\/div>[\/vc_column][\/vc_row][vc_row][vc_column]\r\n                <div class=\"text-modules reverse\">\r\n                    <div class=\"container\">\r\n                        <h3 class=\"section-title section-title_border-bottom\">dr Magdalena Rode<\/h3> \r\n                        <div class=\"row m-0\">\r\n                            <div class=\"text-modules__content\">\r\n                                <span style=\"font-size: 14pt;\">Magdalena Rode: psycholog, adiunkt w Instytucie Psychologii Uniwersytetu \u015al\u0105skiego. Tematy badawcze powi\u0105zane s\u0105 mi\u0119dzy innymi z (1) wyja\u015bnianiem mechanizm\u00f3w kryminogenezy nieletnich w zakresie funkcjonowania poznawczego i temperamentalnego, (2) mechanizmami przemocy w bliskich relacjach, (3) poznawcz\u0105 gotowo\u015bci\u0105 do zdrady oraz (4) standaryzacj\u0105 procesu diagnostycznego w sprawach nieletnich. Wykonawca i kierownik grant\u00f3w badawczych NCN. Wieloletni bieg\u0142y s\u0105dowy, by\u0142y specjalista w zakresie psychologii przy SO w Katowicach, wsp\u00f3\u0142pracuje z oddzia\u0142em og\u00f3lnopsychiatrycznym. Aktualnie w procesie kszta\u0142cenia psychoterapeutycznego.\u00a0\u00a0\u00a0\u00a0\u00a0 \u00a0\u00a0\u00a0\u00a0<\/span> \r\n                                <div class=\"mt-3\"><\/div>\r\n                            <\/div>\r\n                            \r\n                            <div class=\"text-modules__img\"><img src=\"https:\/\/us.edu.pl\/instytut\/ip\/wp-content\/uploads\/sites\/33\/IGRA\/DSC6348-kopia-224x300.jpg\" alt=\"img\"><\/div>\r\n                        <\/div>\r\n                    <\/div>\r\n                <\/div>[\/vc_column][\/vc_row][vc_row][vc_column]\r\n                <div class=\"text-modules reverse\">\r\n                    <div class=\"container\">\r\n                        <h3 class=\"section-title section-title_border-bottom\">Dr Monica Marsee - Iowa State University, USA:<\/h3> <h3 class=\"subtitle text-modules__subtitle\">Polska adaptacja Peer Conflict Scale<\/h3>\r\n                        <div class=\"row m-0\">\r\n                            <div class=\"text-modules__content\">\r\n                                <\/p>\n<p>&nbsp;<\/p>\n<div class=\"mt-3\"><\/div>\r\n                            <\/div>\r\n                            \r\n                            <div class=\"text-modules__img\"><img src=\"https:\/\/us.edu.pl\/instytut\/ip\/wp-content\/uploads\/sites\/33\/Nieprzypisane\/konferencje_granat-300x271.png\" alt=\"img\"><\/div>\r\n                        <\/div>\r\n                    <\/div>\r\n                <\/div>[\/vc_column][\/vc_row][vc_row][vc_column]\r\n                <div class=\"text-modules reverse\">\r\n                    <div class=\"container\">\r\n                        <h3 class=\"section-title section-title_border-bottom\">Dr Paula Vagos - University of Coimbra, Portugal:<\/h3> <h3 class=\"subtitle text-modules__subtitle\">Polska adaptacja Peer Conflict Scale<\/h3>\r\n                        <div class=\"row m-0\">\r\n                            <div class=\"text-modules__content\">\r\n                                 \r\n                                <div class=\"mt-3\"><\/div>\r\n                            <\/div>\r\n                            \r\n                            <div class=\"text-modules__img\"><img src=\"https:\/\/us.edu.pl\/instytut\/ip\/wp-content\/uploads\/sites\/33\/Nieprzypisane\/konferencje_granat-300x271.png\" alt=\"img\"><\/div>\r\n                        <\/div>\r\n                    <\/div>\r\n                <\/div>[\/vc_column][\/vc_row]<\/p>","protected":false},"excerpt":{"rendered":"<p>[vc_row][vc_column][\/vc_column][\/vc_row][vc_row][vc_column][\/vc_column][\/vc_row][vc_row][vc_column][\/vc_column][\/vc_row][vc_row][vc_column][\/vc_column][\/vc_row][vc_row][vc_column][\/vc_column][\/vc_row][vc_row][vc_column][\/vc_column][\/vc_row][vc_row][vc_column][\/vc_column][\/vc_row][vc_row][vc_column][\/vc_column][\/vc_row][vc_row][vc_column][\/vc_column][\/vc_row][vc_row][vc_column][\/vc_column][\/vc_row] [&#8230;]<\/p>\n<p><a class=\"btn btn-secondary understrap-read-more-link\" href=\"https:\/\/us.edu.pl\/instytut\/ip\/nauka\/zespoly-badawcze\/projekty-naukowe-2\/igra-zespol-interdyscyplinarny-badania-agresji\/nasz-zespol\/\">Read More&#8230;<\/a><\/p>\n","protected":false},"author":159,"featured_media":0,"parent":6607,"menu_order":0,"comment_status":"closed","ping_status":"closed","template":"","meta":{"_expiration-date-status":"","_expiration-date":0,"_expiration-date-type":"","_expiration-date-categories":[],"_expiration-date-options":[]},"acf":[],"_links":{"self":[{"href":"https:\/\/us.edu.pl\/instytut\/ip\/wp-json\/wp\/v2\/pages\/6629"}],"collection":[{"href":"https:\/\/us.edu.pl\/instytut\/ip\/wp-json\/wp\/v2\/pages"}],"about":[{"href":"https:\/\/us.edu.pl\/instytut\/ip\/wp-json\/wp\/v2\/types\/page"}],"author":[{"embeddable":true,"href":"https:\/\/us.edu.pl\/instytut\/ip\/wp-json\/wp\/v2\/users\/159"}],"replies":[{"embeddable":true,"href":"https:\/\/us.edu.pl\/instytut\/ip\/wp-json\/wp\/v2\/comments?post=6629"}],"version-history":[{"count":6,"href":"https:\/\/us.edu.pl\/instytut\/ip\/wp-json\/wp\/v2\/pages\/6629\/revisions"}],"predecessor-version":[{"id":6666,"href":"https:\/\/us.edu.pl\/instytut\/ip\/wp-json\/wp\/v2\/pages\/6629\/revisions\/6666"}],"up":[{"embeddable":true,"href":"https:\/\/us.edu.pl\/instytut\/ip\/wp-json\/wp\/v2\/pages\/6607"}],"wp:attachment":[{"href":"https:\/\/us.edu.pl\/instytut\/ip\/wp-json\/wp\/v2\/media?parent=6629"}],"curies":[{"name":"wp","href":"https:\/\/api.w.org\/{rel}","templated":true}]}}