{"id":6647,"date":"2024-06-24T17:08:19","date_gmt":"2024-06-24T15:08:19","guid":{"rendered":"https:\/\/us.edu.pl\/instytut\/ip\/?page_id=6647"},"modified":"2024-06-24T17:08:19","modified_gmt":"2024-06-24T15:08:19","slug":"aktualne-projekty-igra","status":"publish","type":"page","link":"https:\/\/us.edu.pl\/instytut\/ip\/nauka\/zespoly-badawcze\/projekty-naukowe-2\/igra-zespol-interdyscyplinarny-badania-agresji\/aktualne-projekty-igra\/","title":{"rendered":"Aktualne projekty IGRA"},"content":{"rendered":"<p>[vc_row][vc_column]\r\n                <div class=\"text-modules\">\r\n                    <div class=\"container\">\r\n                        \r\n                        <div class=\"text-modules__content\"><\/p>\n<ol>\n<li style=\"text-align: justify;\"><span style=\"font-size: 14pt;\">Agresja relacyjna w ko\u0142owych modelach osobowo\u015bci<\/span><\/li>\n<li style=\"text-align: justify;\"><span style=\"font-size: 14pt;\">Agresja relacyjna i og\u00f3lny czynnik psychopatologii osobowo\u015bci<\/span><\/li>\n<li style=\"text-align: justify;\"><span style=\"font-size: 14pt;\">Pomiar proaktywnej i reaktywnej agresji relacyjnej u os\u00f3b doros\u0142ych: Rozw\u00f3j narz\u0119dzi kwestionariuszowych i opartych na epizodach<\/span><\/li>\n<\/ol>\n<p>\n<\/div>\r\n                    <\/div>\r\n                <\/div>[\/vc_column][\/vc_row]<\/p>","protected":false},"excerpt":{"rendered":"<p>[vc_row][vc_column][\/vc_column][\/vc_row] [&#8230;]<\/p>\n<p><a class=\"btn btn-secondary understrap-read-more-link\" href=\"https:\/\/us.edu.pl\/instytut\/ip\/nauka\/zespoly-badawcze\/projekty-naukowe-2\/igra-zespol-interdyscyplinarny-badania-agresji\/aktualne-projekty-igra\/\">Read More&#8230;<\/a><\/p>\n","protected":false},"author":159,"featured_media":0,"parent":6607,"menu_order":0,"comment_status":"closed","ping_status":"closed","template":"","meta":{"_expiration-date-status":"","_expiration-date":0,"_expiration-date-type":"","_expiration-date-categories":[],"_expiration-date-options":[]},"acf":[],"_links":{"self":[{"href":"https:\/\/us.edu.pl\/instytut\/ip\/wp-json\/wp\/v2\/pages\/6647"}],"collection":[{"href":"https:\/\/us.edu.pl\/instytut\/ip\/wp-json\/wp\/v2\/pages"}],"about":[{"href":"https:\/\/us.edu.pl\/instytut\/ip\/wp-json\/wp\/v2\/types\/page"}],"author":[{"embeddable":true,"href":"https:\/\/us.edu.pl\/instytut\/ip\/wp-json\/wp\/v2\/users\/159"}],"replies":[{"embeddable":true,"href":"https:\/\/us.edu.pl\/instytut\/ip\/wp-json\/wp\/v2\/comments?post=6647"}],"version-history":[{"count":1,"href":"https:\/\/us.edu.pl\/instytut\/ip\/wp-json\/wp\/v2\/pages\/6647\/revisions"}],"predecessor-version":[{"id":6648,"href":"https:\/\/us.edu.pl\/instytut\/ip\/wp-json\/wp\/v2\/pages\/6647\/revisions\/6648"}],"up":[{"embeddable":true,"href":"https:\/\/us.edu.pl\/instytut\/ip\/wp-json\/wp\/v2\/pages\/6607"}],"wp:attachment":[{"href":"https:\/\/us.edu.pl\/instytut\/ip\/wp-json\/wp\/v2\/media?parent=6647"}],"curies":[{"name":"wp","href":"https:\/\/api.w.org\/{rel}","templated":true}]}}