{"id":6878,"date":"2024-08-14T13:50:26","date_gmt":"2024-08-14T11:50:26","guid":{"rendered":"https:\/\/us.edu.pl\/instytut\/ip\/?page_id=6878"},"modified":"2024-08-14T13:50:26","modified_gmt":"2024-08-14T11:50:26","slug":"lek-porodowy-wybrane-czynniki-ryzyka-i-czynniki-ochronne","status":"publish","type":"page","link":"https:\/\/us.edu.pl\/instytut\/ip\/lek-porodowy-wybrane-czynniki-ryzyka-i-czynniki-ochronne\/","title":{"rendered":"L\u0119k porodowy \u2013 wybrane czynniki ryzyka i czynniki ochronne"},"content":{"rendered":"<p>[vc_row][vc_column]\r\n                <div class=\"text-modules \">\r\n                    <div class=\"container\">\r\n                         \r\n                        <div class=\"row m-0\">\r\n                            <div class=\"text-modules__content\">\r\n                                <\/p>\n<div style=\"text-align: justify;\"><span style=\"font-size: 14pt;\"><strong>Tytu\u0142: <\/strong>L\u0119k porodowy \u2013 wybrane czynniki ryzyka i czynniki ochronne<\/span><\/div>\n<div style=\"text-align: justify;\"><\/div>\n<div style=\"text-align: justify;\"><span style=\"font-size: 14pt;\"><strong>Czas realizacji badania:<\/strong>\u00a02024r. \u2013 2025r.<\/span><\/div>\n<div style=\"text-align: justify;\"><\/div>\n<div style=\"text-align: justify;\"><span style=\"font-size: 14pt;\"><strong>Realizacja projektu:<\/strong> Patrycja Czauderna<\/span><\/div>\n<div style=\"text-align: justify;\"><\/div>\n<div style=\"text-align: justify;\"><span style=\"font-size: 14pt;\"><strong>Nadz\u00f3r merytoryczny:\u00a0<\/strong>dr Michalina Ilska<\/span><\/div>\n<div style=\"text-align: justify;\"><\/div>\n<div style=\"text-align: justify;\"><span style=\"font-size: 14pt;\"><strong>Kontakt: <\/strong>patrycja.czauderna00@gmail.com<\/span><\/div>\n<p style=\"text-align: justify;\"><span style=\"font-size: 14pt;\"><strong>Cel projektu: <\/strong>Celem badania jest ocena zwi\u0105zku l\u0119ku porodowego z czynnikami ryzyka \u2013 przemoc\u0105 po\u0142o\u017cnicz\u0105, dystresem prenatalnym oraz czynnikiem chroni\u0105cym \u2013 ego-resiliency.<\/span><\/p>\n<div class=\"mt-3\"><\/div>\r\n                            <\/div>\r\n                            \r\n                            <div class=\"text-modules__img\"><img src=\"https:\/\/us.edu.pl\/instytut\/ip\/wp-content\/uploads\/sites\/33\/Prepare-Lab\/omurden-cengiz-G2iJF_aUws-unsplash-scaled.jpg\" alt=\"img\"><\/div>\r\n                        <\/div>\r\n                    <\/div>\r\n                <\/div>[\/vc_column][\/vc_row]<\/p>","protected":false},"excerpt":{"rendered":"<p>[vc_row][vc_column][\/vc_column][\/vc_row] [&#8230;]<\/p>\n<p><a class=\"btn btn-secondary understrap-read-more-link\" href=\"https:\/\/us.edu.pl\/instytut\/ip\/lek-porodowy-wybrane-czynniki-ryzyka-i-czynniki-ochronne\/\">Read More&#8230;<\/a><\/p>\n","protected":false},"author":159,"featured_media":0,"parent":0,"menu_order":0,"comment_status":"closed","ping_status":"closed","template":"","meta":{"_expiration-date-status":"","_expiration-date":0,"_expiration-date-type":"","_expiration-date-categories":[],"_expiration-date-options":[]},"acf":[],"_links":{"self":[{"href":"https:\/\/us.edu.pl\/instytut\/ip\/wp-json\/wp\/v2\/pages\/6878"}],"collection":[{"href":"https:\/\/us.edu.pl\/instytut\/ip\/wp-json\/wp\/v2\/pages"}],"about":[{"href":"https:\/\/us.edu.pl\/instytut\/ip\/wp-json\/wp\/v2\/types\/page"}],"author":[{"embeddable":true,"href":"https:\/\/us.edu.pl\/instytut\/ip\/wp-json\/wp\/v2\/users\/159"}],"replies":[{"embeddable":true,"href":"https:\/\/us.edu.pl\/instytut\/ip\/wp-json\/wp\/v2\/comments?post=6878"}],"version-history":[{"count":1,"href":"https:\/\/us.edu.pl\/instytut\/ip\/wp-json\/wp\/v2\/pages\/6878\/revisions"}],"predecessor-version":[{"id":6879,"href":"https:\/\/us.edu.pl\/instytut\/ip\/wp-json\/wp\/v2\/pages\/6878\/revisions\/6879"}],"wp:attachment":[{"href":"https:\/\/us.edu.pl\/instytut\/ip\/wp-json\/wp\/v2\/media?parent=6878"}],"curies":[{"name":"wp","href":"https:\/\/api.w.org\/{rel}","templated":true}]}}