{"id":7941,"date":"2024-11-04T20:01:30","date_gmt":"2024-11-04T19:01:30","guid":{"rendered":"https:\/\/us.edu.pl\/instytut\/ip\/?page_id=7941"},"modified":"2024-11-04T20:01:30","modified_gmt":"2024-11-04T19:01:30","slug":"astromentalhealth-zespol-ds-badan-z-psychologii-kosmicznej","status":"publish","type":"page","link":"https:\/\/us.edu.pl\/instytut\/ip\/nauka\/zespoly-badawcze\/projekty-naukowe-2\/astromentalhealth-zespol-ds-badan-z-psychologii-kosmicznej\/","title":{"rendered":"AstroMentalHealth \u2013 zesp\u00f3\u0142 ds. bada\u0144 z psychologii kosmicznej"},"content":{"rendered":"<p>[vc_row][vc_column]\r\n                <div class=\"text-modules \">\r\n                    <div class=\"container\">\r\n                        <h3 class=\"section-title section-title_border-bottom\">Idea zespo\u0142u<\/h3> \r\n                        <div class=\"row m-0\">\r\n                            <div class=\"text-modules__content\">\r\n                                <\/p>\n<p style=\"text-align: justify;\"><span style=\"font-weight: 400; font-size: 14pt;\">Stacje polarne, \u0142odzie podwodne, przestrze\u0144 kosmiczna, to tylko kilka przyk\u0142ad\u00f3w tak zwanych ekstremalnych \u015brodowisk, czyli kontekst\u00f3w \u017cycia i pracy, kt\u00f3re stawiaj\u0105 przed cz\u0142owiekiem ponadprzeci\u0119tne wyzwania. Chocia\u017c od czasu pierwszych wypraw i ekspedycji mo\u017cna obserwowa\u0107 niesamowity rozw\u00f3j technologii, kt\u00f3ra wspiera funkcjonowanie cz\u0142owieka w \u015brodowiskach ekstremalnych, jednak to, czego nie uda\u0142o si\u0119 jak dot\u0105d ca\u0142kowicie wyeliminowa\u0107, to wyzwania psychologiczne zwi\u0105zane z izolacj\u0105 spo\u0142eczn\u0105 i zamkni\u0119ciem na ma\u0142ej przestrzeni.<\/span><\/p>\n<p style=\"text-align: justify;\"><span style=\"font-weight: 400; font-size: 14pt;\">Interdyscyplinarny zesp\u00f3\u0142 naukowc\u00f3w pod kierownictwem dr Agnieszki Skorupy z Instytutu Psychologii Uniwersytetu \u015al\u0105skiego zdoby\u0142 zdoby\u0142 finansowanie projektu w ramach Kampanii Badawczej Europejskiej Agencji Kosmicznej: Call for Polish activities to fly on ISS na prowadzenie bada\u0144 w Mi\u0119dzynarodowej Stacji Kosmicznej oraz w analogowym habitacie kosmicznym Lunares, kt\u00f3rych celem jest sprawdzenie wp\u0142ywu izolacji kosmicznej na zdrowie psychiczne cz\u0142owieka.<\/span><\/p>\n<p style=\"text-align: justify;\"><span style=\"font-weight: 400; font-size: 14pt;\">Projekt AstroMentalHealth ma charakter eksploracyjny. Tworz\u0105c protok\u00f3\u0142 badawczy, kt\u00f3ry wieloaspektowo opisuje psychologiczne funkcjonowanie astronaut\u00f3w podczas misji kosmicznej, badania s\u0105 okazj\u0105 do monitoringu proces\u00f3w adaptacji psychologicznej cz\u0142owieka do kr\u00f3tkotrwa\u0142ych misji kosmicznych oraz identyfikacji indywidualnych cech potencjalnie kluczowych podczas selekcji i szkolenia przysz\u0142ych badaczy kosmosu. Projekt stanowi te\u017c pr\u00f3b\u0119 podj\u0119cia odpowiedzi na pytanie w jakim zakresie dane zbierane w analogowych habitatach kosmicznych dotycz\u0105ce indywidualnych predyspozycji astronaut\u00f3w, ich relacji ze \u015brodowiskiem naturalnym i technologicznym, realizacji zada\u0144 zawodowych i zmian w subiektywnych dobrostanie podczas misji, mog\u0105 podlega\u0107 generalizacji na zachowanie astronaut\u00f3w podczas misji kosmicznej.<\/span><\/p>\n<div class=\"mt-3\"><\/div>\r\n                            <\/div>\r\n                            \r\n                            <div class=\"text-modules__img\"><img src=\"https:\/\/us.edu.pl\/instytut\/ip\/wp-content\/uploads\/sites\/33\/ASTROMENTAL\/idea.jpg\" alt=\"img\"><\/div>\r\n                        <\/div>\r\n                    <\/div>\r\n                <\/div>[\/vc_column][\/vc_row]<\/p>","protected":false},"excerpt":{"rendered":"<p>[vc_row][vc_column][\/vc_column][\/vc_row] [&#8230;]<\/p>\n<p><a class=\"btn btn-secondary understrap-read-more-link\" href=\"https:\/\/us.edu.pl\/instytut\/ip\/nauka\/zespoly-badawcze\/projekty-naukowe-2\/astromentalhealth-zespol-ds-badan-z-psychologii-kosmicznej\/\">Read More&#8230;<\/a><\/p>\n","protected":false},"author":159,"featured_media":0,"parent":3207,"menu_order":0,"comment_status":"closed","ping_status":"closed","template":"page-templates\/page-with-bookmarks.php","meta":{"_expiration-date-status":"","_expiration-date":0,"_expiration-date-type":"","_expiration-date-categories":[],"_expiration-date-options":[]},"acf":[],"_links":{"self":[{"href":"https:\/\/us.edu.pl\/instytut\/ip\/wp-json\/wp\/v2\/pages\/7941"}],"collection":[{"href":"https:\/\/us.edu.pl\/instytut\/ip\/wp-json\/wp\/v2\/pages"}],"about":[{"href":"https:\/\/us.edu.pl\/instytut\/ip\/wp-json\/wp\/v2\/types\/page"}],"author":[{"embeddable":true,"href":"https:\/\/us.edu.pl\/instytut\/ip\/wp-json\/wp\/v2\/users\/159"}],"replies":[{"embeddable":true,"href":"https:\/\/us.edu.pl\/instytut\/ip\/wp-json\/wp\/v2\/comments?post=7941"}],"version-history":[{"count":1,"href":"https:\/\/us.edu.pl\/instytut\/ip\/wp-json\/wp\/v2\/pages\/7941\/revisions"}],"predecessor-version":[{"id":7953,"href":"https:\/\/us.edu.pl\/instytut\/ip\/wp-json\/wp\/v2\/pages\/7941\/revisions\/7953"}],"up":[{"embeddable":true,"href":"https:\/\/us.edu.pl\/instytut\/ip\/wp-json\/wp\/v2\/pages\/3207"}],"wp:attachment":[{"href":"https:\/\/us.edu.pl\/instytut\/ip\/wp-json\/wp\/v2\/media?parent=7941"}],"curies":[{"name":"wp","href":"https:\/\/api.w.org\/{rel}","templated":true}]}}