{"id":8226,"date":"2024-12-04T10:52:00","date_gmt":"2024-12-04T09:52:00","guid":{"rendered":"https:\/\/us.edu.pl\/instytut\/ip\/?page_id=8226"},"modified":"2025-02-18T11:44:11","modified_gmt":"2025-02-18T10:44:11","slug":"kompas-dla-rodzicow-wiedza-o-rozwoju-dziecka-i-rodziny-w-pytaniach-i-przyjaznych-odpowiedziach","status":"publish","type":"page","link":"https:\/\/us.edu.pl\/instytut\/ip\/nauka\/publikacje-2\/e-booki\/kompas-dla-rodzicow-wiedza-o-rozwoju-dziecka-i-rodziny-w-pytaniach-i-przyjaznych-odpowiedziach\/","title":{"rendered":"\u201cKompas dla rodzic\u00f3w. Wiedza o rozwoju dziecka i rodziny w pytaniach i przyjaznych odpowiedziach\u201d"},"content":{"rendered":"<p>[vc_row full_width=&#8221;stretch_row&#8221; gap=&#8221;25&#8243;][vc_column]\r\n                <div class=\"links-with-image-section\">\r\n                    <div class=\"container\">\r\n                        \r\n                        <div class=\"row\">\r\n                            <div class=\"col-xs-12 col-sm-12 col-md-4 image-block no-gutter\">\r\n                                \r\n                                <img src=\"https:\/\/us.edu.pl\/instytut\/ip\/wp-content\/uploads\/sites\/33\/Bez-kategorii\/cz\u2500O\u253cT\u2500c1_Kompas_zapowied\u253c\u2551-724x1024.png\" alt=\"\">\r\n                                \r\n                                \r\n                                \r\n                            <\/div>\r\n                            <div class=\"col-xs-12 col-sm-12 col-md-4 center-block no-gutter\">\r\n                                       <ul class='fa-ul'><\/ul>\r\n                                <br>\r\n                                \r\n                            <\/div>\r\n                            <div class=\"col-xs-12 col-sm-12 col-md-4 right-block\">\r\n                                <div class=\"right-block-content align-self-center\">\r\n                                    <div class=\"inner_block_content\">\r\n                                        <h3>Darmowy e-book ju\u017c dost\u0119pny!!<\/h3>      \r\n                                        <br\/><a class=\"link-button mtli_attachment mtli_pdf\" href=\"https:\/\/us.edu.pl\/instytut\/ip\/wp-content\/uploads\/sites\/33\/Bez-kategorii\/KOMPAS-dla-rodzicow_czesc1.pdf\" data-mtli=\"mtli_filesize7,04MB\"><span>Kompas dla rodzic\u00f3w. Cz\u0119\u015b\u0107 I: Na dobrej drodze...<\/span><\/a>      \r\n                                    <\/div>\r\n                                <\/div>\r\n                            <\/div>\r\n                        <\/div>\r\n                    <\/div>\r\n                <\/div>\r\n            [\/vc_column][\/vc_row][vc_row][vc_column]<div class=\"container\"><div class=\"separator\" style=\"background-color: #EBEBEB\"><\/div><\/div>[\/vc_column][\/vc_row][vc_row full_width=&#8221;stretch_row&#8221;][vc_column]\r\n                <div class=\"links-with-image-section\">\r\n                    <div class=\"container\">\r\n                        \r\n                        <div class=\"row\">\r\n                            <div class=\"col-xs-12 col-sm-12 col-md-4 image-block no-gutter\">\r\n                                \r\n                                <img src=\"https:\/\/us.edu.pl\/instytut\/ip\/wp-content\/uploads\/sites\/33\/Bez-kategorii\/cz\u2500O\u253cT\u2500c2_Kompas_zapowied\u253c\u2551-724x1024.png\" alt=\"\">\r\n                                \r\n                                \r\n                                \r\n                            <\/div>\r\n                            <div class=\"col-xs-12 col-sm-12 col-md-4 center-block no-gutter\">\r\n                                       <ul class='fa-ul'><\/ul>\r\n                                <br>\r\n                                \r\n                            <\/div>\r\n                            <div class=\"col-xs-12 col-sm-12 col-md-4 right-block\">\r\n                                <div class=\"right-block-content align-self-center\">\r\n                                    <div class=\"inner_block_content\">\r\n                                        <h3>Darmowy e-book ju\u017c dost\u0119pny!!<\/h3>      \r\n                                        <br\/><a class=\"link-button mtli_attachment mtli_pdf\" href=\"https:\/\/us.edu.pl\/instytut\/ip\/wp-content\/uploads\/sites\/33\/Bez-kategorii\/czesc-2_Kompas-dla-rodzicow.pdf\" data-mtli=\"mtli_filesize6,43MB\"><span>Kompas dla rodzic\u00f3w. Cz\u0119\u015b\u0107 2: Aby si\u0119 nie zgubi\u0107...<\/span><\/a>      \r\n                                    <\/div>\r\n                                <\/div>\r\n                            <\/div>\r\n                        <\/div>\r\n                    <\/div>\r\n                <\/div>\r\n            [\/vc_column][\/vc_row][vc_row][vc_column]<div class=\"container\"><div class=\"separator\" style=\"background-color: #EBEBEB\"><\/div><\/div>[\/vc_column][\/vc_row][vc_row full_width=&#8221;stretch_row&#8221;][vc_column]\r\n                <div class=\"links-with-image-section\">\r\n                    <div class=\"container\">\r\n                        \r\n                        <div class=\"row\">\r\n                            <div class=\"col-xs-12 col-sm-12 col-md-4 image-block no-gutter\">\r\n                                \r\n                                <img src=\"https:\/\/us.edu.pl\/instytut\/ip\/wp-content\/uploads\/sites\/33\/Bez-kategorii\/cz\u2500O\u253cT\u2500c3_Kompasa_zapowied\u253c\u2551-724x1024.png\" alt=\"\">\r\n                                \r\n                                \r\n                                \r\n                            <\/div>\r\n                            <div class=\"col-xs-12 col-sm-12 col-md-4 center-block no-gutter\">\r\n                                       <ul class='fa-ul'><\/ul>\r\n                                <br>\r\n                                \r\n                            <\/div>\r\n                            <div class=\"col-xs-12 col-sm-12 col-md-4 right-block\">\r\n                                <div class=\"right-block-content align-self-center\">\r\n                                    <div class=\"inner_block_content\">\r\n                                        <h3>Darmowy e-book ju\u017c dost\u0119pny!<\/h3>      \r\n                                        <br\/><a class=\"link-button mtli_attachment mtli_pdf\" href=\"https:\/\/us.edu.pl\/instytut\/ip\/wp-content\/uploads\/sites\/33\/Bez-kategorii\/kompas-dla-rodzicow.-czesc-3-gdy-trzeba-szukac-dobrej-drogi....pdf\" data-mtli=\"mtli_filesize5,76MB\"><span>Kompas dla rodzic\u00f3w. Cz\u0119\u015b\u0107 3: Gdy trzeba szuka\u0107 dobrej drogi...<\/span><\/a>      \r\n                                    <\/div>\r\n                                <\/div>\r\n                            <\/div>\r\n                        <\/div>\r\n                    <\/div>\r\n                <\/div>\r\n            [\/vc_column][\/vc_row][vc_row][vc_column]\r\n                <div class=\"text-modules reverse\">\r\n                    <div class=\"container\">\r\n                         \r\n                        <div class=\"row m-0\">\r\n                            <div class=\"text-modules__content\">\r\n                                <\/p>\n<p style=\"text-align: justify;\"><span style=\"font-size: 14pt;\">Powstanie i promocja <strong>3-cz\u0119\u015bciowego, darmowego e-booka<\/strong> zatytu\u0142owanego:<\/span><\/p>\n<p style=\"text-align: justify;\"><span style=\"font-size: 14pt;\"><strong>\u201cKompas dla rodzic\u00f3w. Wiedza o rozwoju dziecka i rodziny w pytaniach i przyjaznych odpowiedziach\u201d <\/strong><\/span><\/p>\n<p style=\"text-align: justify;\"><span style=\"font-size: 14pt;\">by\u0142o mo\u017cliwe dzi\u0119ki dw\u00f3m <strong>konkursom Europejskiego Miasta Nauki Katowice 2024<\/strong> (EMNK2024):<\/span><\/p>\n<p style=\"text-align: justify;\"><span style=\"font-size: 14pt;\">\u201ePopularyzacja nauki\u201d oraz<strong>\u00a0<\/strong><strong>\u201eWsp\u00f3\u0142my\u015blenie, wsp\u00f3\u0142dzia\u0142anie\u201d <em>dla mentorek i mentor\u00f3w zespo\u0142\u00f3w studenckich realizuj\u0105cych projekty naukowe, dydaktyczne, spo\u0142eczne oraz artystyczne<\/em>.<\/strong><\/span><\/p>\n<p style=\"text-align: justify;\"><span style=\"font-size: 14pt;\">Autorkami e-booka s\u0105 osoby \u017cywo zainteresowane tematyk\u0105 rodzicielstwa, dziecka oraz rodziny, a tak\u017ce miejscem, jakie zajmuje psychologia w tych obszarach. S\u0105 to magistrantki psychologii w Instytucie Psychologii Uniwersytetu \u015al\u0105skiego<strong>: Julia Pawe\u0142czak, Hanna B\u0142och, Natalia Morawiec, Klaudia Olszewska i Dominika Plewniak.<\/strong><\/span><\/p>\n<p style=\"text-align: justify;\"><span style=\"font-size: 14pt;\">Mentork\u0105 sprawuj\u0105c\u0105 opiek\u0119 nad zespo\u0142em jest <strong>dr Anna Ko\u0142odziej-Zaleska, prof. U\u015a<\/strong>.\u00a0<\/span><\/p>\n<p style=\"text-align: justify;\"><span style=\"font-size: 14pt;\">Pomys\u0142em zespo\u0142u by\u0142o stworzenie tre\u015bci i materia\u0142\u00f3w, kt\u00f3re <strong>maj\u0105 pom\u00f3c doros\u0142ym lepiej rozumie\u0107 siebie samych oraz swoje dzieci<\/strong>. Starano si\u0119 wypracowa\u0107 spos\u00f3b na: efektywne i jednocze\u015bnie efektowne, nowoczesne i jednocze\u015bnie mocno osadzone w nauce, <strong>popularyzowanie wiedzy<\/strong><strong> na temat psychologii rodziny<\/strong>.\u00a0<\/span><\/p>\n<p style=\"text-align: justify;\"><span style=\"font-size: 14pt;\">W \u201eKompasie dla rodzic\u00f3w\u201d zaprezentowano naukow\u0105, rzeteln\u0105 wiedz\u0119 w spos\u00f3b ciekawy, pomocny i inspiruj\u0105cy, <strong>w formie wa\u017cnych pyta\u0144 i przyjaznych odpowiedzi z pi\u0119knymi ilustracjami!<\/strong><strong>\u00a0<\/strong><\/span><\/p>\n<p style=\"text-align: justify;\"><span style=\"font-size: 14pt;\"><strong>Kompas dla rodzic\u00f3w, ale te\u017c dla profesjonalist\u00f3w pracuj\u0105cych z dzieckiem i rodzin\u0105 oraz student\u00f3w psychologii czy pedagogiki pokazuje, jak \u2013 bezpiecznie i nie gubi\u0105c celu \u2013 przej\u015b\u0107 przez kr\u0119te \u015bcie\u017cki rozwoju dzieci i \u017cycia rodzinnego.<\/strong><\/span><\/p>\n<p style=\"text-align: justify;\"><span style=\"font-size: 14pt;\"><strong>\u00a0<\/strong><\/span><\/p>\n<p style=\"text-align: justify;\"><span style=\"font-size: 14pt;\">Cz\u0119\u015bci pierwsza, druga i trzecia \u201eKompasu dla rodzic\u00f3w&#8221;: &#8222;Na dobrej drodze \u2026\u201d, &#8222;Aby si\u0119 nie zgubi\u0107&#8230;&#8221; i &#8222;Gdy trzeba szuka\u0107 dobrej drogi&#8230;&#8221;\u2013 ju\u017c do pobrania!<\/span><\/p>\n<div class=\"mt-3\"><\/div>\r\n                            <\/div>\r\n                            \r\n                            <div class=\"text-modules__img\"><img src=\"https:\/\/us.edu.pl\/instytut\/ip\/wp-content\/uploads\/sites\/33\/Bez-kategorii\/KOMAS_grafika_bezQR-1024x987.jpg\" alt=\"img\"><\/div>\r\n                        <\/div>\r\n                    <\/div>\r\n                <\/div>[\/vc_column][\/vc_row]<\/p>\n<style type=\"text\/css\">a[data-mtli~=\"mtli_filesize7,04MB\"]:after {content:\" (7,04 MB)\"}a[data-mtli~=\"mtli_filesize6,43MB\"]:after {content:\" (6,43 MB)\"}a[data-mtli~=\"mtli_filesize5,76MB\"]:after {content:\" (5,76 MB)\"}<\/style>","protected":false},"excerpt":{"rendered":"<p>[vc_row full_width=&#8221;stretch_row&#8221; gap=&#8221;25&#8243;][vc_column][\/vc_column][\/vc_row][vc_row][vc_column][\/vc_column][\/vc_row][vc_row full_width=&#8221;stretch_row&#8221;][vc_column][\/vc_column][\/vc_row][vc_row][vc_column][\/vc_column][\/vc_row][vc_row full_width=&#8221;stretch_row&#8221;][vc_column][\/vc_column][\/vc_row][vc_row][vc_column][\/vc_column][\/vc_row] [&#8230;]<\/p>\n<p><a class=\"btn btn-secondary understrap-read-more-link\" href=\"https:\/\/us.edu.pl\/instytut\/ip\/nauka\/publikacje-2\/e-booki\/kompas-dla-rodzicow-wiedza-o-rozwoju-dziecka-i-rodziny-w-pytaniach-i-przyjaznych-odpowiedziach\/\">Read More&#8230;<\/a><\/p>\n","protected":false},"author":159,"featured_media":0,"parent":8256,"menu_order":0,"comment_status":"closed","ping_status":"closed","template":"","meta":{"_expiration-date-status":"","_expiration-date":0,"_expiration-date-type":"","_expiration-date-categories":[],"_expiration-date-options":[]},"acf":[],"_links":{"self":[{"href":"https:\/\/us.edu.pl\/instytut\/ip\/wp-json\/wp\/v2\/pages\/8226"}],"collection":[{"href":"https:\/\/us.edu.pl\/instytut\/ip\/wp-json\/wp\/v2\/pages"}],"about":[{"href":"https:\/\/us.edu.pl\/instytut\/ip\/wp-json\/wp\/v2\/types\/page"}],"author":[{"embeddable":true,"href":"https:\/\/us.edu.pl\/instytut\/ip\/wp-json\/wp\/v2\/users\/159"}],"replies":[{"embeddable":true,"href":"https:\/\/us.edu.pl\/instytut\/ip\/wp-json\/wp\/v2\/comments?post=8226"}],"version-history":[{"count":10,"href":"https:\/\/us.edu.pl\/instytut\/ip\/wp-json\/wp\/v2\/pages\/8226\/revisions"}],"predecessor-version":[{"id":8994,"href":"https:\/\/us.edu.pl\/instytut\/ip\/wp-json\/wp\/v2\/pages\/8226\/revisions\/8994"}],"up":[{"embeddable":true,"href":"https:\/\/us.edu.pl\/instytut\/ip\/wp-json\/wp\/v2\/pages\/8256"}],"wp:attachment":[{"href":"https:\/\/us.edu.pl\/instytut\/ip\/wp-json\/wp\/v2\/media?parent=8226"}],"curies":[{"name":"wp","href":"https:\/\/api.w.org\/{rel}","templated":true}]}}