{"id":8526,"date":"2024-12-18T20:42:32","date_gmt":"2024-12-18T19:42:32","guid":{"rendered":"https:\/\/us.edu.pl\/instytut\/ip\/?page_id=8526"},"modified":"2025-02-21T17:21:07","modified_gmt":"2025-02-21T16:21:07","slug":"zdrowie-psychiczne-niemowlat-adaptacja-narzedzi-pomiaru-identyfikacja-grup-ryzyka-oraz-zaleznosci-ze-stanem-psychicznym-rodzica","status":"publish","type":"page","link":"https:\/\/us.edu.pl\/instytut\/ip\/zdrowie-psychiczne-niemowlat-adaptacja-narzedzi-pomiaru-identyfikacja-grup-ryzyka-oraz-zaleznosci-ze-stanem-psychicznym-rodzica\/","title":{"rendered":"Zdrowie psychiczne niemowl\u0105t: adaptacja narz\u0119dzi pomiaru, identyfikacja grup ryzyka oraz zale\u017cno\u015bci ze stanem psychicznym rodzica"},"content":{"rendered":"<p>[vc_row][vc_column]\r\n                <div class=\"text-modules \">\r\n                    <div class=\"container\">\r\n                         \r\n                        <div class=\"row m-0\">\r\n                            <div class=\"text-modules__content\">\r\n                                <\/p>\n<p style=\"text-align: justify;\"><span style=\"font-size: 14pt;\"><strong>Tytu\u0142<\/strong><strong>: <\/strong><strong>\u201eZdrowie psychiczne niemowl\u0105t: adaptacja narz\u0119dzi pomiaru, identyfikacja grup ryzyka oraz zale\u017cno\u015bci ze stanem psychicznym rodzica\u201d<\/strong><\/span><\/p>\n<p style=\"text-align: justify;\"><span style=\"font-size: 14pt;\"><strong>Kierownik Projektu: <\/strong>dr Anna Brandt-Salmeri<\/span><\/p>\n<p style=\"text-align: justify;\"><span style=\"font-size: 14pt;\"><strong>Kr\u00f3tki opis projektu:\u00a0<\/strong> Projekt bada\u0144 pilota\u017cowych stanowi inicjalny etap szerszego projektu badawczego, w kt\u00f3rym planowany jest proces normalizacji narz\u0119dzi oraz wdro\u017cenie wczesnej interwencji w obszarze zdrowia psychicznego najm\u0142odszych dzieci. Uzyskane wyniki bada\u0144 wst\u0119pnych pozwol\u0105 na ocen\u0119 w\u0142a\u015bciwo\u015bci psychometrycznych wybranych kwestionariuszy w warunkach polskich, dadz\u0105 orientacyjny obraz stanu zdrowia psychicznego niemowl\u0105t (wskazuj\u0105c orientacyjnie problematyczne obszary oraz ich korelaty) i pozwol\u0105 tym samym na wy\u0142onienie grup ryzyka, r\u00f3wnie\u017c w odniesieniu do zdrowia psychicznego rodzica.<\/span><\/p>\n<p style=\"text-align: justify;\"><span style=\"font-size: 14pt;\"><strong>\u00a0<\/strong><\/span><\/p>\n<p style=\"text-align: justify;\"><span style=\"font-size: 14pt;\"><strong>Cel badania: <\/strong>g\u0142\u00f3wnym celem jest adaptacja narz\u0119dzi <strong>pomiaru zdrowia psychicznego niemowl\u0105t<\/strong> do warunk\u00f3w polskich. Przeprowadzone badanie pozwoli na uzyskanie polskiej wersji metod przesiewowych, kt\u00f3re docelowo b\u0119d\u0105 mog\u0142y by\u0107 u\u017cywane przez pracownik\u00f3w ochrony zdrowia badaj\u0105cych dzieci do 1 roku \u017cycia. Badanie umo\u017cliwi r\u00f3wnie\u017c wy\u0142onienie niemowl\u0105t z grup ryzyka, kt\u00f3re wymagaj\u0105 wzmo\u017conej obserwacji klinicznej lub oddzia\u0142ywa\u0144 pomocowych. Uzyskane wyniki dostarcz\u0105 tak\u017ce wst\u0119pnych danych na temat wzajemnych zale\u017cno\u015bci mi\u0119dzy poziomem zdrowia psychicznego dziecka i rodzica.<\/span><\/p>\n<p style=\"text-align: justify;\"><span style=\"font-size: 14pt;\"><strong>Finansowanie:\u00a0<\/strong>Projekt jest finansowany ze \u015brodk\u00f3w Narodowego Centrum Nauki w ramach grantu MINIATURA-8 (Nr: <strong>PW-2403-401<\/strong>; Nr decyzji DEC-2024\/08\/X\/HS6\/01662)<\/span><\/p>\n<p style=\"text-align: justify;\"><strong><em><u><span style=\"font-size: 14pt;\">Je\u015bli jeste\u015b rodzicem dziecka w wieku 8-11 miesi\u0119cy i jeste\u015b zainteresowana\/y udzia\u0142em w badaniu, pobierz formularz \u201eInformacja dla os\u00f3b badanych\u201d, gdzie znajduj\u0105 si\u0119 wszystkie potrzebne informacje na temat badania oraz formularze zg\u00f3d.<\/span> <\/u><\/em><\/strong><\/p>\n<div class=\"mt-3\"><\/div>\r\n                            <\/div>\r\n                            \r\n                            <div class=\"text-modules__img\"><img src=\"https:\/\/us.edu.pl\/instytut\/ip\/wp-content\/uploads\/sites\/33\/zdjecia\/zach-lucero-fwjsBPbRm4g-unsplash.jpg\" alt=\"img\"><\/div>\r\n                        <\/div>\r\n                    <\/div>\r\n                <\/div>[\/vc_column][\/vc_row]<\/p>","protected":false},"excerpt":{"rendered":"<p>[vc_row][vc_column][\/vc_column][\/vc_row] [&#8230;]<\/p>\n<p><a class=\"btn btn-secondary understrap-read-more-link\" href=\"https:\/\/us.edu.pl\/instytut\/ip\/zdrowie-psychiczne-niemowlat-adaptacja-narzedzi-pomiaru-identyfikacja-grup-ryzyka-oraz-zaleznosci-ze-stanem-psychicznym-rodzica\/\">Read More&#8230;<\/a><\/p>\n","protected":false},"author":159,"featured_media":0,"parent":0,"menu_order":0,"comment_status":"closed","ping_status":"closed","template":"page-templates\/page-with-bookmarks.php","meta":{"_expiration-date-status":"","_expiration-date":0,"_expiration-date-type":"","_expiration-date-categories":[],"_expiration-date-options":[]},"acf":[],"_links":{"self":[{"href":"https:\/\/us.edu.pl\/instytut\/ip\/wp-json\/wp\/v2\/pages\/8526"}],"collection":[{"href":"https:\/\/us.edu.pl\/instytut\/ip\/wp-json\/wp\/v2\/pages"}],"about":[{"href":"https:\/\/us.edu.pl\/instytut\/ip\/wp-json\/wp\/v2\/types\/page"}],"author":[{"embeddable":true,"href":"https:\/\/us.edu.pl\/instytut\/ip\/wp-json\/wp\/v2\/users\/159"}],"replies":[{"embeddable":true,"href":"https:\/\/us.edu.pl\/instytut\/ip\/wp-json\/wp\/v2\/comments?post=8526"}],"version-history":[{"count":2,"href":"https:\/\/us.edu.pl\/instytut\/ip\/wp-json\/wp\/v2\/pages\/8526\/revisions"}],"predecessor-version":[{"id":9000,"href":"https:\/\/us.edu.pl\/instytut\/ip\/wp-json\/wp\/v2\/pages\/8526\/revisions\/9000"}],"wp:attachment":[{"href":"https:\/\/us.edu.pl\/instytut\/ip\/wp-json\/wp\/v2\/media?parent=8526"}],"curies":[{"name":"wp","href":"https:\/\/api.w.org\/{rel}","templated":true}]}}