{"id":1156,"date":"2020-10-31T14:56:52","date_gmt":"2020-10-31T13:56:52","guid":{"rendered":"https:\/\/us.edu.pl\/instytut\/ipe\/?page_id=1156"},"modified":"2021-02-13T13:22:36","modified_gmt":"2021-02-13T12:22:36","slug":"dr-hab-dorota-sieron","status":"publish","type":"page","link":"https:\/\/us.edu.pl\/instytut\/ipe\/en\/dr-hab-dorota-sieron\/","title":{"rendered":"Associate Professor Dorota Siero\u0144"},"content":{"rendered":"<p>[vc_row][vc_column]\r\n                <div class=\"text-modules \">\r\n                    <div class=\"container\">\r\n                         \r\n                        <div class=\"row m-0\">\r\n                            <div class=\"text-modules__content\">\r\n                                <\/p>\n<p><strong>Associate Professor Dorota Siero<\/strong><strong>\u0144<\/strong><\/p>\n<p>Position: Professor of the University<\/p>\n<p>Staff group: research-teaching staff<\/p>\n<p>Expertise: pedagogy<\/p>\n<p>Room: 126<\/p>\n<p>Phone:<\/p>\n<p>ORCID: <a href=\"https:\/\/orcid.org\/0000-0002-0707-7532\">0000-0002-0707-7532<\/a><\/p>\n<p>&nbsp;<\/p>\n<p><strong>Academic biography<\/strong><\/p>\n<p>&#8211; 2003 PhD in political sciences<\/p>\n<p>&#8211; 2015 Associate professor of cultural studies<\/p>\n<p>&#8211; 2016 Member of the Faculty Section of Publishing Policy<\/p>\n<p>&#8211; 2016 Head of Directory Section for Ensuring the Quality of Education in degree programs of socio-cultural animation and cultural education<\/p>\n<p>&#8211; 2016 Vice Director of the Institute of Educational Sciences in the matters of science and promotion<\/p>\n<p>&nbsp;<\/p>\n<p><strong>Research\u00a0 <\/strong><\/p>\n<p>&#8211; Cultural education, interdisciplinary reflection on biography development from the point of view of pedagogy, religion studies, and cultural sciences<\/p>\n<p>&#8211; Cultural anthropology and axiology<\/p>\n<p>&#8211; Private archives, personal documents literature, and interviews as resources for researching cultural education as a lifetime process<\/p>\n<p>&#8211; Biographical studies in contemporary and historical perspective<\/p>\n<p>&#8211; Attitudes in the face of life problems \u2013 personal dramas and social experiences as material for biographical studies in cultural education<\/p>\n<p><strong>\u00a0<\/strong><\/p>\n<p><strong>Main achievements, distinctions, awards<\/strong><\/p>\n<p>&#8211; 2016-2019 Realization of the research project 3aH 15016683, Narodowy Program Rozwoju Humanistyki, Ministry of Science and Higher Education<\/p>\n<p>&#8211; 2013 Nation-wide diagnosis of competence increase among cultural workers at Culture Centers ordered by the Ministry of Culture and National Inheritance within the program \u201cObserwatorium Kultury\u201d, nr 41768\/13.<\/p>\n<p>&#8211; 2011 Research grant \u201cHuman Resources for Culture for Education and Education for Culture\u201d ordered by the Ministry of Culture and National Inheritance. Applicant: Regionalne Obserwatorium Kultury w Katowicach. Program: Edukacja kulturalna i diagnoza kultury; Priority: Obserwatorium kultury (application from 21.11.2011).<\/p>\n<p>&nbsp;<\/p>\n<p><strong>Fellowships, study visits<\/strong><\/p>\n<p>&#8211; The \u201ePogranicze \u2013 sztuk, kultur, narod\u00f3w\u201d in Sejny Centre and Fundacja Pogranicze, Mi\u0119dzynarodowe Centrum Dialogu im. Czes\u0142aw Mi\u0142osza w Krasnogrudzie.<\/p>\n<p>&nbsp;<\/p>\n<p><strong>Membership in scientific and editorial boards<\/strong><\/p>\n<p>&#8211; Biografistyka Pedagogiczna<\/p>\n<div class=\"mt-3\"><\/div>\r\n                            <\/div>\r\n                            \r\n                            <div class=\"text-modules__img\"><img src=\"https:\/\/us.edu.pl\/instytut\/ipe\/wp-content\/uploads\/sites\/32\/Nieprzypisane\/ds-1.jpg\" alt=\"img\"><\/div>\r\n                        <\/div>\r\n                    <\/div>\r\n                <\/div>[\/vc_column][\/vc_row]<\/p>","protected":false},"excerpt":{"rendered":"<p>[vc_row][vc_column][\/vc_column][\/vc_row] [&#8230;]<\/p>\n<p><a class=\"btn btn-secondary understrap-read-more-link\" href=\"https:\/\/us.edu.pl\/instytut\/ipe\/en\/dr-hab-dorota-sieron\/\">Read More&#8230;<\/a><\/p>\n","protected":false},"author":2293,"featured_media":0,"parent":0,"menu_order":0,"comment_status":"closed","ping_status":"closed","template":"page-templates\/page-with-bookmarks.php","meta":{"_expiration-date-status":"saved","_expiration-date":0,"_expiration-date-type":"","_expiration-date-categories":[],"_expiration-date-options":[]},"acf":[],"_links":{"self":[{"href":"https:\/\/us.edu.pl\/instytut\/ipe\/en\/wp-json\/wp\/v2\/pages\/1156"}],"collection":[{"href":"https:\/\/us.edu.pl\/instytut\/ipe\/en\/wp-json\/wp\/v2\/pages"}],"about":[{"href":"https:\/\/us.edu.pl\/instytut\/ipe\/en\/wp-json\/wp\/v2\/types\/page"}],"author":[{"embeddable":true,"href":"https:\/\/us.edu.pl\/instytut\/ipe\/en\/wp-json\/wp\/v2\/users\/2293"}],"replies":[{"embeddable":true,"href":"https:\/\/us.edu.pl\/instytut\/ipe\/en\/wp-json\/wp\/v2\/comments?post=1156"}],"version-history":[{"count":3,"href":"https:\/\/us.edu.pl\/instytut\/ipe\/en\/wp-json\/wp\/v2\/pages\/1156\/revisions"}],"predecessor-version":[{"id":1304,"href":"https:\/\/us.edu.pl\/instytut\/ipe\/en\/wp-json\/wp\/v2\/pages\/1156\/revisions\/1304"}],"wp:attachment":[{"href":"https:\/\/us.edu.pl\/instytut\/ipe\/en\/wp-json\/wp\/v2\/media?parent=1156"}],"curies":[{"name":"wp","href":"https:\/\/api.w.org\/{rel}","templated":true}]}}