{"id":72,"date":"2019-10-25T14:58:11","date_gmt":"2019-10-25T12:58:11","guid":{"rendered":"http:\/\/us.edu.pl\/instytut\/ipe\/?page_id=72"},"modified":"2019-10-31T11:26:12","modified_gmt":"2019-10-31T10:26:12","slug":"mapa-strony","status":"publish","type":"page","link":"https:\/\/us.edu.pl\/instytut\/ipe\/en\/mapa-strony\/","title":{"rendered":"Sitemap"},"content":{"rendered":"<p>[vc_row][vc_column]\r\n                <div class=\"text-modules\">\r\n                    <div class=\"container\">\r\n                        \r\n                        <div class=\"text-modules__content\"><div class=\"wsp-container\"><h2 class=\"wsp-pages-title\">Pages<\/h2>\n<ul class=\"wsp-pages-list\">\n<li class=\"page_item page-item-1025\"><a href=\"https:\/\/us.edu.pl\/instytut\/ipe\/en\/dr-magdalena-belza-gajdzica\/\">(Polski) Dr Magdalena Be\u0142za-Gajdzica<\/a><\/li>\n<li class=\"page_item page-item-2\"><a href=\"https:\/\/us.edu.pl\/instytut\/ipe\/en\/\">Strona g\u0142\u00f3wna<\/a><\/li>\n<li class=\"page_item page-item-771\"><a href=\"https:\/\/us.edu.pl\/instytut\/ipe\/en\/dr-anastazja-sorkowicz\/\">(Polski) Dr Anastazja Sorkowicz<\/a><\/li>\n<li class=\"page_item page-item-775\"><a href=\"https:\/\/us.edu.pl\/instytut\/ipe\/en\/dr-bogumila-bobik\/\">(Polski) Dr Bogumi\u0142a Bobik<\/a><\/li>\n<li class=\"page_item page-item-777\"><a href=\"https:\/\/us.edu.pl\/instytut\/ipe\/en\/dr-hab-ewa-bielska\/\">(Polski) Dr hab. Ewa Bielska, prof. U\u015a<\/a><\/li>\n<li class=\"page_item page-item-780\"><a href=\"https:\/\/us.edu.pl\/instytut\/ipe\/en\/prof-dr-hab-alina-szczurek-boruta\/\">Professor Alina Szczurek-Boruta<\/a><\/li>\n<li class=\"page_item page-item-782\"><a href=\"https:\/\/us.edu.pl\/instytut\/ipe\/en\/dr-jan-basiaga\/\">(Polski) Dr Jan Basiaga<\/a><\/li>\n<li class=\"page_item page-item-1039\"><a href=\"https:\/\/us.edu.pl\/instytut\/ipe\/en\/dr-hewilia-hetmanczyk\/\">(Polski) Dr Hewilia Hetma\u0144czyk<\/a><\/li>\n<li class=\"page_item page-item-785\"><a href=\"https:\/\/us.edu.pl\/instytut\/ipe\/en\/dr-hab-anna-szafranska\/\">(Polski) Dr hab. Anna Szafra\u0144ska, prof. U\u015a<\/a><\/li>\n<li class=\"page_item page-item-789\"><a href=\"https:\/\/us.edu.pl\/instytut\/ipe\/en\/dr-hab-beata-oelszlaeger-kosturek\/\">(Polski) Dr hab. Beata Oelszlaeger-Kosturek, prof. U\u015a<\/a><\/li>\n<li class=\"page_item page-item-792\"><a href=\"https:\/\/us.edu.pl\/instytut\/ipe\/en\/dr-anida-szafranska\/\">(Polski) Dr Anida Szafra\u0144ska<\/a><\/li>\n<li class=\"page_item page-item-794\"><a href=\"https:\/\/us.edu.pl\/instytut\/ipe\/en\/dr-aleksandra-pyrzyk-kuta\/\">(Polski) Dr Aleksandra Pyrzyk-Kuta<\/a><\/li>\n<li class=\"page_item page-item-796\"><a href=\"https:\/\/us.edu.pl\/instytut\/ipe\/en\/dr-anna-trzcionka-wieczorek\/\">(Polski) Dr Anna Trzcionka-Wieczorek<\/a><\/li>\n<li class=\"page_item page-item-798\"><a href=\"https:\/\/us.edu.pl\/instytut\/ipe\/en\/prof-dr-hab-ewa-jarosz\/\">Professor Ewa Jarosz<\/a><\/li>\n<li class=\"page_item page-item-1057\"><a href=\"https:\/\/us.edu.pl\/instytut\/ipe\/en\/dr-hab-teresa-wilk\/\">(Polski) Prof. dr hab.  Teresa Wilk<\/a><\/li>\n<li class=\"page_item page-item-3106\"><a href=\"https:\/\/us.edu.pl\/instytut\/ipe\/en\/projekty-naukowe\/\">(Polski) Projekty naukowe<\/a><\/li>\n<li class=\"page_item page-item-803\"><a href=\"https:\/\/us.edu.pl\/instytut\/ipe\/en\/dr-danuta-kocurek\/\">(Polski) Dr Danuta Kocurek<\/a><\/li>\n<li class=\"page_item page-item-805\"><a href=\"https:\/\/us.edu.pl\/instytut\/ipe\/en\/dr-eugeniusz-szymik\/\">(Polski) Dr Eugeniusz Szymik<\/a><\/li>\n<li class=\"page_item page-item-551\"><a href=\"https:\/\/us.edu.pl\/instytut\/ipe\/en\/instytut\/\">Institute<\/a><\/li>\n<li class=\"page_item page-item-807\"><a href=\"https:\/\/us.edu.pl\/instytut\/ipe\/en\/dr-ewelina-kawiak\/\">(Polski) Dr Ewelina Kawiak<\/a><\/li>\n<li class=\"page_item page-item-809\"><a href=\"https:\/\/us.edu.pl\/instytut\/ipe\/en\/dr-monika-noszczyk-bernasiewicz\/\">(Polski) Dr Monika Noszczyk-Bernasiewicz<\/a><\/li>\n<li class=\"page_item page-item-1065\"><a href=\"https:\/\/us.edu.pl\/instytut\/ipe\/en\/dr-alina-dworak\/\">(Polski) Dr Alina Dworak<\/a><\/li>\n<li class=\"page_item page-item-555\"><a href=\"https:\/\/us.edu.pl\/instytut\/ipe\/en\/english-researchers-topcs\/\">Researchers &amp; topics<\/a><\/li>\n<li class=\"page_item page-item-811\"><a href=\"https:\/\/us.edu.pl\/instytut\/ipe\/en\/dr-monika-frania\/\">Dr Monika Frania<\/a><\/li>\n<li class=\"page_item page-item-3115\"><a href=\"https:\/\/us.edu.pl\/instytut\/ipe\/en\/foster-care-lab\/\">Foster Care Lab<\/a><\/li>\n<li class=\"page_item page-item-1068\"><a href=\"https:\/\/us.edu.pl\/instytut\/ipe\/en\/dr-agata-rzymelka-frackiewicz\/\">(Polski) Dr Agata Rzyme\u0142ka-Fr\u0105ckiewicz<\/a><\/li>\n<li class=\"page_item page-item-1324\"><a href=\"https:\/\/us.edu.pl\/instytut\/ipe\/en\/dr-mariola-kozubek\/\">(Polski) Dr Mariola T. Kozubek, prof. U\u015a<\/a><\/li>\n<li class=\"page_item page-item-557\"><a href=\"https:\/\/us.edu.pl\/instytut\/ipe\/en\/english-areas-of-research\/\">Areas of research<\/a><\/li>\n<li class=\"page_item page-item-822\"><a href=\"https:\/\/us.edu.pl\/instytut\/ipe\/en\/dr-renata-raszka\/\">(Polski) Dr Renata Raszka<\/a><\/li>\n<li class=\"page_item page-item-824\"><a href=\"https:\/\/us.edu.pl\/instytut\/ipe\/en\/dr-dagmara-dobosz\/\">(Polski) Dr Dagmara Dobosz<\/a><\/li>\n<li class=\"page_item page-item-826\"><a href=\"https:\/\/us.edu.pl\/instytut\/ipe\/en\/dr-anna-wojtas-rduch\/\">(Polski) Dr Anna Wojtas-Rduch<\/a><\/li>\n<li class=\"page_item page-item-828\"><a href=\"https:\/\/us.edu.pl\/instytut\/ipe\/en\/dr-kinga-konieczny-pizon\/\">(Polski) Dr Kinga Konieczny-Pizo\u0144<\/a><\/li>\n<li class=\"page_item page-item-830\"><a href=\"https:\/\/us.edu.pl\/instytut\/ipe\/en\/mgr-sebastian-mrozek\/\">(Polski) Mgr Sebastian Mr\u00f3zek<\/a><\/li>\n<li class=\"page_item page-item-833\"><a href=\"https:\/\/us.edu.pl\/instytut\/ipe\/en\/prof-dr-hristo-kyuchukov\/\">Professor Hristo Kyuchukov<\/a><\/li>\n<li class=\"page_item page-item-66\"><a href=\"https:\/\/us.edu.pl\/instytut\/ipe\/en\/wszystko\/\">All<\/a><\/li>\n<li class=\"page_item page-item-835\"><a href=\"https:\/\/us.edu.pl\/instytut\/ipe\/en\/prof-dr-hab-zenon-gajdzica\/\">Professor Zenon Gajdzica<\/a><\/li>\n<li class=\"page_item page-item-70\"><a href=\"https:\/\/us.edu.pl\/instytut\/ipe\/en\/kontakt\/\">Contact<\/a><\/li>\n<li class=\"page_item page-item-839\"><a href=\"https:\/\/us.edu.pl\/instytut\/ipe\/en\/dr-hab-alicja-zywczok-prof-us\/\">(Polski) Dr hab. Alicja \u017bywczok, prof. U\u015a<\/a><\/li>\n<li class=\"page_item page-item-72\"><a href=\"https:\/\/us.edu.pl\/instytut\/ipe\/en\/mapa-strony\/\">Sitemap<\/a><\/li>\n<li class=\"page_item page-item-841\"><a href=\"https:\/\/us.edu.pl\/instytut\/ipe\/en\/mgr-agnieszka-lewko\/\">(Polski) Mgr Agnieszka Lewko<\/a><\/li>\n<li class=\"page_item page-item-843\"><a href=\"https:\/\/us.edu.pl\/instytut\/ipe\/en\/dr-sabina-pawlik\/\">(Polski) Dr Sabina Pawlik<\/a><\/li>\n<li class=\"page_item page-item-845\"><a href=\"https:\/\/us.edu.pl\/instytut\/ipe\/en\/dr-hab-eugenia-smyrnova-trybulska-prof-us\/\">Professor Eugenia Smyrnova-Trybulska<\/a><\/li>\n<li class=\"page_item page-item-847\"><a href=\"https:\/\/us.edu.pl\/instytut\/ipe\/en\/dr-malgorzata-kitlinska-krol\/\">(Polski) Dr Ma\u0142gorzata Kitli\u0144ska-Kr\u00f3l<\/a><\/li>\n<li class=\"page_item page-item-853\"><a href=\"https:\/\/us.edu.pl\/instytut\/ipe\/en\/dr-edyta-charzynska\/\">(Polski) Dr Edyta Charzy\u0144ska<\/a><\/li>\n<li class=\"page_item page-item-598\"><a href=\"https:\/\/us.edu.pl\/instytut\/ipe\/en\/realizowane-tematy-badawcze\/\">(Polski) Realizowane tematy badawcze<\/a><\/li>\n<li class=\"page_item page-item-856\"><a href=\"https:\/\/us.edu.pl\/instytut\/ipe\/en\/dr-hab-edyta-widawska\/\">(Polski) Dr hab. Edyta Widawska, prof. U\u015a<\/a><\/li>\n<li class=\"page_item page-item-602\"><a href=\"https:\/\/us.edu.pl\/instytut\/ipe\/en\/indywidualne-badania\/\">(Polski) Indywidualne badania<\/a><\/li>\n<li class=\"page_item page-item-604\"><a href=\"https:\/\/us.edu.pl\/instytut\/ipe\/en\/zespolowe-badania\/\">(Polski) Zespo\u0142owe badania<\/a><\/li>\n<li class=\"page_item page-item-860\"><a href=\"https:\/\/us.edu.pl\/instytut\/ipe\/en\/dr-hab-malgorzata-zalewska-bujak\/\">Professor Ma\u0142gorzata Zalewska-Bujak<\/a><\/li>\n<li class=\"page_item page-item-863\"><a href=\"https:\/\/us.edu.pl\/instytut\/ipe\/en\/dr-hab-miroslaw-kisiel\/\">(Polski) Dr hab. Miros\u0142aw Kisiel, prof. U\u015a<\/a><\/li>\n<li class=\"page_item page-item-1632\"><a href=\"https:\/\/us.edu.pl\/instytut\/ipe\/en\/najwyzej-punktowane-monografie\/\">(Polski) Najwy\u017cej punktowane monografie<\/a><\/li>\n<li class=\"page_item page-item-867\"><a href=\"https:\/\/us.edu.pl\/instytut\/ipe\/en\/dr-iwona-samborska\/\">(Polski) Dr Iwona Samborska<\/a><\/li>\n<li class=\"page_item page-item-1123\"><a href=\"https:\/\/us.edu.pl\/instytut\/ipe\/en\/dr-joanna-skibska\/\">(Polski) Dr Joanna Skibska<\/a><\/li>\n<li class=\"page_item page-item-869\"><a href=\"https:\/\/us.edu.pl\/instytut\/ipe\/en\/dr-joanna-gozdz\/\">(Polski) Dr Joanna G\u00f3\u017ad\u017a<\/a><\/li>\n<li class=\"page_item page-item-871\"><a href=\"https:\/\/us.edu.pl\/instytut\/ipe\/en\/dr-hab-katarzyna-borzucka-sitkiewicz\/\">(Polski) Dr hab. Katarzyna Borzucka-Sitkiewicz<\/a><\/li>\n<li class=\"page_item page-item-1129\"><a href=\"https:\/\/us.edu.pl\/instytut\/ipe\/en\/dr-aleksandra-gancarz\/\">(Polski) Dr Aleksandra Gancarz<\/a><\/li>\n<li class=\"page_item page-item-877\"><a href=\"https:\/\/us.edu.pl\/instytut\/ipe\/en\/dr-irena-burczyk\/\">(Polski) Dr Irena Burczyk<\/a><\/li>\n<li class=\"page_item page-item-1133\"><a href=\"https:\/\/us.edu.pl\/instytut\/ipe\/en\/dr-marcin-jurczyk\/\">(Polski) Dr Marcin Jurczyk<\/a><\/li>\n<li class=\"page_item page-item-879\"><a href=\"https:\/\/us.edu.pl\/instytut\/ipe\/en\/dr-katarzyna-jas\/\">(Polski) dr Katarzyna Jas<\/a><\/li>\n<li class=\"page_item page-item-881\"><a href=\"https:\/\/us.edu.pl\/instytut\/ipe\/en\/dr-lukasz-kwadrans\/\">(Polski) dr \u0141ukasz Kwadrans<\/a><\/li>\n<li class=\"page_item page-item-1137\"><a href=\"https:\/\/us.edu.pl\/instytut\/ipe\/en\/dr-karolina-skop\/\">(Polski) Dr Karolina Skop<\/a><\/li>\n<li class=\"page_item page-item-884\"><a href=\"https:\/\/us.edu.pl\/instytut\/ipe\/en\/dr-lucie-zormanova\/\">(Polski) Dr Lucie Zormanova<\/a><\/li>\n<li class=\"page_item page-item-117\"><a href=\"https:\/\/us.edu.pl\/instytut\/ipe\/en\/historia\/\">About us<\/a><\/li>\n<li class=\"page_item page-item-374\"><a href=\"https:\/\/us.edu.pl\/instytut\/ipe\/en\/media-o-nas\/\">(Polski) Media o nas<\/a><\/li>\n<li class=\"page_item page-item-886\"><a href=\"https:\/\/us.edu.pl\/instytut\/ipe\/en\/dr-hab-urszula-szuscik\/\">(Polski) Prof. dr hab. Urszula Szu\u015bcik<\/a><\/li>\n<li class=\"page_item page-item-119\"><a href=\"https:\/\/us.edu.pl\/instytut\/ipe\/en\/wladze\/\">(Polski) W\u0142adze<\/a><\/li>\n<li class=\"page_item page-item-888\"><a href=\"https:\/\/us.edu.pl\/instytut\/ipe\/en\/dr-hab-ewelina-konieczna-prof-us\/\">(Polski) dr hab. Ewelina Konieczna, prof. U\u015a<\/a><\/li>\n<li class=\"page_item page-item-3192\"><a href=\"https:\/\/us.edu.pl\/instytut\/ipe\/en\/dr-hab-karina-leksy\/\">(Polski) Dr hab. Karina Leksy, prof. U\u015a<\/a><\/li>\n<li class=\"page_item page-item-121\"><a href=\"https:\/\/us.edu.pl\/instytut\/ipe\/en\/dyrekcja\/\">Directors<\/a><\/li>\n<li class=\"page_item page-item-890\"><a href=\"https:\/\/us.edu.pl\/instytut\/ipe\/en\/dr-hab-elzbieta-gornikowska-zwolak-prof-us\/\">(Polski) dr hab. El\u017cbieta G\u00f3rnikowska-Zwolak, prof. U\u015a<\/a><\/li>\n<li class=\"page_item page-item-123\"><a href=\"https:\/\/us.edu.pl\/instytut\/ipe\/en\/rada-instytutu\/\">Members of the Council<\/a><\/li>\n<li class=\"page_item page-item-892\"><a href=\"https:\/\/us.edu.pl\/instytut\/ipe\/en\/dr-natalia-stankowska\/\">(Polski) Dr Natalia Stankowska<\/a><\/li>\n<li class=\"page_item page-item-125\"><a href=\"https:\/\/us.edu.pl\/instytut\/ipe\/en\/zespoly-instytutu\/\">Institute teams<\/a><\/li>\n<li class=\"page_item page-item-127\"><a href=\"https:\/\/us.edu.pl\/instytut\/ipe\/en\/pracownicy-nauki\/\">(Polski) Pracownicy nauki<\/a><\/li>\n<li class=\"page_item page-item-129\"><a href=\"https:\/\/us.edu.pl\/instytut\/ipe\/en\/wspolpraca\/\">(Polski) Wsp\u00f3\u0142praca<\/a><\/li>\n<li class=\"page_item page-item-1156\"><a href=\"https:\/\/us.edu.pl\/instytut\/ipe\/en\/dr-hab-dorota-sieron\/\">Associate Professor Dorota Siero\u0144<\/a><\/li>\n<li class=\"page_item page-item-1160\"><a href=\"https:\/\/us.edu.pl\/instytut\/ipe\/en\/dr-hab-beata-mazepa-domagala\/\">(Polski) Dr hab. Beata Mazepa-Domaga\u0142a prof. U\u015a<\/a><\/li>\n<li class=\"page_item page-item-1164\"><a href=\"https:\/\/us.edu.pl\/instytut\/ipe\/en\/dr-mateusz-penczek\/\">(Polski) Dr Mateusz Penczek<\/a><\/li>\n<li class=\"page_item page-item-3212\"><a href=\"https:\/\/us.edu.pl\/instytut\/ipe\/en\/dr-grzegorz-glupczyk\/\">(Polski) Dr Grzegorz G\u0142upczyk<\/a><\/li>\n<li class=\"page_item page-item-1166\"><a href=\"https:\/\/us.edu.pl\/instytut\/ipe\/en\/mgr-katarzyna-maliszewska\/\">(Polski) Dr Katarzyna Maliszewska<\/a><\/li>\n<li class=\"page_item page-item-1168\"><a href=\"https:\/\/us.edu.pl\/instytut\/ipe\/en\/dr-hab-krzysztof-maliszewski\/\">Associate Professor Krzysztof Maliszewski<\/a><\/li>\n<li class=\"page_item page-item-913\"><a href=\"https:\/\/us.edu.pl\/instytut\/ipe\/en\/prof-dr-hab-ewa-syrek\/\">(Polski) Prof. dr hab. Ewa Syrek<\/a><\/li>\n<li class=\"page_item page-item-1170\"><a href=\"https:\/\/us.edu.pl\/instytut\/ipe\/en\/dr-iwona-tomas\/\">(Polski) Dr Iwona Tomas<\/a><\/li>\n<li class=\"page_item page-item-404\"><a href=\"https:\/\/us.edu.pl\/instytut\/ipe\/en\/tematy-badawcze\/\">(Polski) Zainteresowania badawcze<\/a><\/li>\n<li class=\"page_item page-item-406\"><a href=\"https:\/\/us.edu.pl\/instytut\/ipe\/en\/podzial-subwencji\/\">(Polski) Podzia\u0142 subwencji<\/a><\/li>\n<li class=\"page_item page-item-408\"><a href=\"https:\/\/us.edu.pl\/instytut\/ipe\/en\/wzory-wnioskow\/\">(Polski) Wzory wniosk\u00f3w<\/a><\/li>\n<li class=\"page_item page-item-924\"><a href=\"https:\/\/us.edu.pl\/instytut\/ipe\/en\/pracownicy\/\">(Polski) Pracownicy<\/a><\/li>\n<li class=\"page_item page-item-1181\"><a href=\"https:\/\/us.edu.pl\/instytut\/ipe\/en\/dr-hab-alicja-galazka\/\">(Polski) Dr hab. Alicja Ga\u0142\u0105zka, prof. U\u015a<\/a><\/li>\n<li class=\"page_item page-item-1693\"><a href=\"https:\/\/us.edu.pl\/instytut\/ipe\/en\/dr-hab-marek-rembierz-prof-us\/\">(Polski) dr hab. Marek Rembierz, prof. U\u015a<\/a><\/li>\n<li class=\"page_item page-item-1185\"><a href=\"https:\/\/us.edu.pl\/instytut\/ipe\/en\/dr-natalia-ruman\/\">(Polski) Dr Natalia Ruman<\/a><\/li>\n<li class=\"page_item page-item-1187\"><a href=\"https:\/\/us.edu.pl\/instytut\/ipe\/en\/dr-patrycja-mlynek\/\">(Polski) Dr Patrycja M\u0142ynek<\/a><\/li>\n<li class=\"page_item page-item-681\"><a href=\"https:\/\/us.edu.pl\/instytut\/ipe\/en\/dr-hab-tomasz-huk-2\/\">Associate Professor Tomasz Huk<\/a><\/li>\n<li class=\"page_item page-item-170\"><a href=\"https:\/\/us.edu.pl\/instytut\/ipe\/en\/nowosci-wydawnicze\/\">(Polski) Nowo\u015bci wydawnicze<\/a><\/li>\n<li class=\"page_item page-item-944\"><a href=\"https:\/\/us.edu.pl\/instytut\/ipe\/en\/prof-dr-hab-anna-nowak\/\">Professor Anna Nowak<\/a><\/li>\n<li class=\"page_item page-item-2225\"><a href=\"https:\/\/us.edu.pl\/instytut\/ipe\/en\/the-new-educational-review\/\">(Polski) The New Educational Review<\/a><\/li>\n<li class=\"page_item page-item-2228\"><a href=\"https:\/\/us.edu.pl\/instytut\/ipe\/en\/edukacja-miedzykulturowa\/\">(Polski) Edukacja Mi\u0119dzykulturowa<\/a><\/li>\n<li class=\"page_item page-item-1719\"><a href=\"https:\/\/us.edu.pl\/instytut\/ipe\/en\/kola-naukowe\/\">(Polski) Ko\u0142a naukowe<\/a><\/li>\n<li class=\"page_item page-item-2231\"><a href=\"https:\/\/us.edu.pl\/instytut\/ipe\/en\/chowanna\/\">(Polski) Chowanna<\/a><\/li>\n<li class=\"page_item page-item-2234\"><a href=\"https:\/\/us.edu.pl\/instytut\/ipe\/en\/international-journal-of-research-in-e-learning\/\">(Polski) International Journal of Research in E-learning<\/a><\/li>\n<li class=\"page_item page-item-958\"><a href=\"https:\/\/us.edu.pl\/instytut\/ipe\/en\/dr-magdalena-christ\/\">(Polski) Dr Magdalena Christ<\/a><\/li>\n<li class=\"page_item page-item-1223\"><a href=\"https:\/\/us.edu.pl\/instytut\/ipe\/en\/dr-hab-urszula-klajmon-lech\/\">(Polski) dr hab. Urszula Klajmon-Lech, prof. U\u015a<\/a><\/li>\n<li class=\"page_item page-item-1228\"><a href=\"https:\/\/us.edu.pl\/instytut\/ipe\/en\/dr-hab-barbara-grabowska\/\">(Polski) dr hab. Barbara Grabowska, prof. U\u015a<\/a><\/li>\n<li class=\"page_item page-item-974\"><a href=\"https:\/\/us.edu.pl\/instytut\/ipe\/en\/dr-marta-niemiec\/\">(Polski) Dr Marta Niemiec<\/a><\/li>\n<li class=\"page_item page-item-1494\"><a href=\"https:\/\/us.edu.pl\/instytut\/ipe\/en\/badania-aplikacyjne\/\">(Polski) Badania aplikacyjne<\/a><\/li>\n<li class=\"page_item page-item-984\"><a href=\"https:\/\/us.edu.pl\/instytut\/ipe\/en\/dr-hab-violetta-rodek\/\">Associate Professor Violetta Rodek<\/a><\/li>\n<li class=\"page_item page-item-474\"><a href=\"https:\/\/us.edu.pl\/instytut\/ipe\/en\/indywidualni-badacze\/\">I<\/a><\/li>\n<li class=\"page_item page-item-987\"><a href=\"https:\/\/us.edu.pl\/instytut\/ipe\/en\/dr-edyta-m-nieduziak\/\">(Polski) Dr Edyta M. Nieduziak<\/a><\/li>\n<li class=\"page_item page-item-480\"><a href=\"https:\/\/us.edu.pl\/instytut\/ipe\/en\/informacje-z-posiedzen\/\">(Polski) Informacje z posiedze\u0144<\/a><\/li>\n<li class=\"page_item page-item-736\"><a href=\"https:\/\/us.edu.pl\/instytut\/ipe\/en\/prof-dr-hab-katarzyna-krason\/\">Professor Katarzyna Kraso\u0144<\/a><\/li>\n<li class=\"page_item page-item-992\"><a href=\"https:\/\/us.edu.pl\/instytut\/ipe\/en\/dr-elzbieta-marek\/\">(Polski) Dr El\u017cbieta Marek<\/a><\/li>\n<li class=\"page_item page-item-226\"><a href=\"https:\/\/us.edu.pl\/instytut\/ipe\/en\/uchwaly\/\">(Polski) Uchwa\u0142y<\/a><\/li>\n<li class=\"page_item page-item-228\"><a href=\"https:\/\/us.edu.pl\/instytut\/ipe\/en\/doktoraty\/\">(Polski) Doktoraty<\/a><\/li>\n<li class=\"page_item page-item-997\"><a href=\"https:\/\/us.edu.pl\/instytut\/ipe\/en\/prof-milon-potmesil\/\">Professor Milo\u0148 Potm\u011b\u0161il<\/a><\/li>\n<li class=\"page_item page-item-230\"><a href=\"https:\/\/us.edu.pl\/instytut\/ipe\/en\/habilitacje\/\">(Polski) Habilitacje<\/a><\/li>\n<li class=\"page_item page-item-742\"><a href=\"https:\/\/us.edu.pl\/instytut\/ipe\/en\/dr-marcin-gierczyk\/\">Dr Marcin Gierczyk<\/a><\/li>\n<li class=\"page_item page-item-1002\"><a href=\"https:\/\/us.edu.pl\/instytut\/ipe\/en\/dr-hab-irena-polewczyk-prof-us\/\">Professor Irena Polewczyk<\/a><\/li>\n<li class=\"page_item page-item-747\"><a href=\"https:\/\/us.edu.pl\/instytut\/ipe\/en\/prof-dr-hab-ewa-wysocka\/\">Professor Ewa Wysocka<\/a><\/li>\n<li class=\"page_item page-item-753\"><a href=\"https:\/\/us.edu.pl\/instytut\/ipe\/en\/prof-maciej-bernasiewicz\/\">Professor Maciej Bernasiewicz<\/a><\/li>\n<li class=\"page_item page-item-2035\"><a href=\"https:\/\/us.edu.pl\/instytut\/ipe\/en\/prof-dr-hab-ewa-ogrodzka-mazur\/\">(Polski) Prof. dr hab. Ewa Ogrodzka-Mazur<\/a><\/li>\n<li class=\"page_item page-item-756\"><a href=\"https:\/\/us.edu.pl\/instytut\/ipe\/en\/dr-tomasz-kopczynski\/\">(Polski) Dr Tomasz Kopczy\u0144ski, prof U\u015a<\/a><\/li>\n<li class=\"page_item page-item-1012\"><a href=\"https:\/\/us.edu.pl\/instytut\/ipe\/en\/mgr-sylwia-ryszawy\/\">(Polski) Mgr Sylwia Ryszawy<\/a><\/li>\n<li class=\"page_item page-item-758\"><a href=\"https:\/\/us.edu.pl\/instytut\/ipe\/en\/dr-wojciech-kruszelnicki\/\">Dr Wojciech Kruszelnicki<\/a><\/li>\n<li class=\"page_item page-item-761\"><a href=\"https:\/\/us.edu.pl\/instytut\/ipe\/en\/dr-katarzyna-kowalczewska-grabowska\/\">(Polski) Dr Katarzyna Kowalczewska-Grabowska<\/a><\/li>\n<li class=\"page_item page-item-765\"><a href=\"https:\/\/us.edu.pl\/instytut\/ipe\/en\/mgr-katarzyna-front-dziurkowska\/\">(Polski) Mgr Katarzyna Front-Dziurkowska<\/a><\/li>\n<li class=\"page_item page-item-767\"><a href=\"https:\/\/us.edu.pl\/instytut\/ipe\/en\/dr-lukasz-michalski\/\">(Polski) Dr \u0141ukasz Michalski<\/a><\/li>\n<\/ul>\n<\/div>\n<\/div>\r\n                    <\/div>\r\n                <\/div>[\/vc_column][\/vc_row]<\/p>\n","protected":false},"excerpt":{"rendered":"<p>[vc_row][vc_column][\/vc_column][\/vc_row] [&#8230;]<\/p>\n<p><a class=\"btn btn-secondary understrap-read-more-link\" href=\"https:\/\/us.edu.pl\/instytut\/ipe\/en\/mapa-strony\/\">Read More&#8230;<\/a><\/p>\n","protected":false},"author":29,"featured_media":0,"parent":0,"menu_order":0,"comment_status":"closed","ping_status":"closed","template":"page-templates\/sitemap-template.php","meta":{"_expiration-date-status":"saved","_expiration-date":0,"_expiration-date-type":"","_expiration-date-categories":[],"_expiration-date-options":[]},"acf":[],"_links":{"self":[{"href":"https:\/\/us.edu.pl\/instytut\/ipe\/en\/wp-json\/wp\/v2\/pages\/72"}],"collection":[{"href":"https:\/\/us.edu.pl\/instytut\/ipe\/en\/wp-json\/wp\/v2\/pages"}],"about":[{"href":"https:\/\/us.edu.pl\/instytut\/ipe\/en\/wp-json\/wp\/v2\/types\/page"}],"author":[{"embeddable":true,"href":"https:\/\/us.edu.pl\/instytut\/ipe\/en\/wp-json\/wp\/v2\/users\/29"}],"replies":[{"embeddable":true,"href":"https:\/\/us.edu.pl\/instytut\/ipe\/en\/wp-json\/wp\/v2\/comments?post=72"}],"version-history":[{"count":3,"href":"https:\/\/us.edu.pl\/instytut\/ipe\/en\/wp-json\/wp\/v2\/pages\/72\/revisions"}],"predecessor-version":[{"id":92,"href":"https:\/\/us.edu.pl\/instytut\/ipe\/en\/wp-json\/wp\/v2\/pages\/72\/revisions\/92"}],"wp:attachment":[{"href":"https:\/\/us.edu.pl\/instytut\/ipe\/en\/wp-json\/wp\/v2\/media?parent=72"}],"curies":[{"name":"wp","href":"https:\/\/api.w.org\/{rel}","templated":true}]}}