{"id":835,"date":"2020-08-21T21:37:08","date_gmt":"2020-08-21T19:37:08","guid":{"rendered":"https:\/\/us.edu.pl\/instytut\/ipe\/?page_id=835"},"modified":"2021-02-23T12:22:24","modified_gmt":"2021-02-23T11:22:24","slug":"prof-dr-hab-zenon-gajdzica","status":"publish","type":"page","link":"https:\/\/us.edu.pl\/instytut\/ipe\/en\/prof-dr-hab-zenon-gajdzica\/","title":{"rendered":"Professor Zenon Gajdzica"},"content":{"rendered":"<p>[vc_row][vc_column]\r\n                <div class=\"text-modules \">\r\n                    <div class=\"container\">\r\n                         \r\n                        <div class=\"row m-0\">\r\n                            <div class=\"text-modules__content\">\r\n                                Position: professor<\/p>\n<p>Staff group: research-teaching staff<\/p>\n<p>Expertise: pedagogy<\/p>\n<p>Room: 133<\/p>\n<p>e-mail: zenon.gajdzica@us.edu.pl<\/p>\n<p>ORCID:\u00a0<a href=\"https:\/\/orcid.org\/0000-0002-6329-411X\">0000-0002-6329-411X<\/a><\/p>\n<p>&nbsp;<\/p>\n<p><strong>Academic biography<\/strong><\/p>\n<p>&#8211; 2001 PhD in pedagogy<\/p>\n<p>&#8211; 2008 Associate professor of social sciences<\/p>\n<p>&#8211; 2014 Professor of social sciences<\/p>\n<p><strong>\u00a0<\/strong><\/p>\n<p><strong>Participation in research projects<\/strong><\/p>\n<p>&#8211; Through practice to profession: Program of Pedagogical Practice at \u201cHumanitas\u201d College, Ministry of National Education, POKL III Priority: High Quality System of Education, Action 3.3: Improvement of the Quality of Education, Sub-activity 3.3.2: Effective System of Educating and Improving Teachers (2010-2011). Function: Head researcher in qualitative studies<\/p>\n<p>&#8211; \u201cInstitutions and organizations to improve the development and socialization of disabled individuals in Cieszyn and Karwin districts\u201d (instituce a organizace podporuj\u00edc\u00ed v\u00fdvoj a socializaci ment\u00e1ln\u011b posti\u017een\u00fdch osob na \u00fazem\u00ed t\u011b\u0161\u00ednsk\u00e9ho a karvinsk\u00e9ho okresu). University of Silesia in Katowice \u2013 leading parner. Silesian Diacony. Project realized as part of the Microprojects Fund of Euroregion Cieszyn Silesia &#8211;\u00a0 T\u011b\u0161\u00ednsk\u00e9 Slezsko, Operational Program of Cross-border Cooperation between Czech Republic and Poland, 2007-2013. Function: research team member<\/p>\n<p>&#8211; Disabled person \u2013 my neighbor. Non-institutional Support of Disabled People. University of Silesia in Katowice \u2013 Silesian University in Opava. Project financed by UE as part of European Regional Development Fund, Operational Program of Cross-border Cooperation between Czech Republic and Poland, 2007-2013 and state budget. Function: head researcher. Realization: 2012<\/p>\n<p><strong>2013<\/strong><\/p>\n<p>&#8211; Education and counseling for social work and integration workers in Silesian Voivodship. Financed by PO KL, Regional Center of Social Policy, Katowice 2013. Activity: providing expert opinion and substantive assumptions for postgraduate diploma studies in assisting disabled people<\/p>\n<p>&#8211; Coordination for active integration. Financed by PO KL. Regional Center of Social Policy, Katowice 2013. Activity: leader of the task team for disability acting as part of Section for the Actualization of the Regional Strategy of Social Policy. Financed by UE as part of Project I: employment and social integration. Activity 1.2: Systemic Support of the Institutions of Social Work and Integration within Operational Program Human Capital, 2007-2013.<\/p>\n<p>&#8211; Conference &#8220;Osoby niesamodzielne &#8211; potrzeby i bariery w zakresie opieki w wojew\u00f3dztwie \u015bl\u0105skim&#8221;. Function: expert<\/p>\n<p>&#8211; Through Practice to Knowledge. Project cofinanced by UE as part of European Social Fund. Priority III: High Quality of Educational System. Activity 3.3: Improving the Quality of Education. Sub-activity 3.3.2: An Effective System of Educating and Improving Teachers. Function: reader<\/p>\n<p><strong>2016<\/strong><\/p>\n<p>&#8211; Implementing the Convention on the Rights of Persons with Disabilities \u2013 A Common Cause. Project within Priority Axis II: Effective Public Policies for Job Market, Economy, and Education. Action 2.6: High Quality Policy for Social and Professional Inclusion of Disabled Persons. Operational Program Knowledge, Education, Development 2014-2020. Leading organization: Polish Forum of Disabled Persons. Function: expert<\/p>\n<p><strong>2019<\/strong><\/p>\n<p>Project: \u201cProfession \u2013 Teacher. Working Out and Implementing Programs of Teacher Education at the Faculty of Ethnology and Educational Sciences. Project co-financed by UE as part of European Social Fund, Operational Program Knowledge, Education, Development. Priority Axis III: Higher Education for Economy and Development. Action 3.1: Competence in Higher Education, agreement No. POWR 03.01.00-00-KN33\/18. Position: head researcher.<\/p>\n<p><strong>2020<\/strong><\/p>\n<p>Project: Set of Innovative Educational Aids for Pre-school and Early-school Children (POIR.01.01.01-00-0446\/19), realized as part of Operational Program Intelligent Development 2014-2020, action 1.1., sub-activity 1.1.1. Head researcher: Z.P.H. Pilch. Position: expert for BR work in pedagogy. Title of the project: Researching the Practice of Public Elementary Schools in Inclusive Education. Project ordered by the Ministry of National Education and realized between 1.05.2020 and 31.12.2020. Position: head researcher<\/p>\n<p>&nbsp;<\/p>\n<p><strong>Research<\/strong><\/p>\n<p>&#8211; Educational Inclusion of students with disabilities<\/p>\n<p>&#8211; education of students with special needs<\/p>\n<p>&#8211; social functioning of people with disabilities<\/p>\n<p>&#8211; theoretical grounds of special pedagogy<\/p>\n<p>&#8211; methodology of social sciences<\/p>\n<p><strong>\u00a0<\/strong><\/p>\n<p><strong>Main achievements, distinctions, awards<\/strong><\/p>\n<p>&#8211; Author of books:<\/p>\n<p>&#8211; Podr\u0119cznik w procesie kszta\u0142cenia uczni\u00f3w z lekkim upo\u015bledzeniem umys\u0142owym. U\u015a, Katowice 2002, ss. 128. ISBN: 83-226-1129-3<\/p>\n<p>&#8211; Uwarunkowania edukacji i rehabilitacji uczni\u00f3w o specjalnych potrzebach w rozwoju. AP, Krak\u00f3w 2006, ss. 204 (wsp\u00f3\u0142autor J. Wyczesany). ISBN 83-7271-393-6<\/p>\n<p>&#8211; Edukacyjne konteksty bezradno\u015bci spo\u0142ecznej os\u00f3b z lekkim upo\u015bledzeniem umys\u0142owym. U\u015a, Katowice 2007, ss. 380. ISBN: 978-83-226-1642-0<\/p>\n<p>&#8211; Sytuacje trudne w opinii nauczycieli klas integracyjnych. Impuls \u2013 U\u015a, Krak\u00f3w \u2013 Katowice 2011, ss. 229. SBN: 978-83-7587-630-7<\/p>\n<p>&#8211; Kategorie sukces\u00f3w w opiniach nauczycieli klas integracyjnych jako przyczynek poszukiwania koncepcji edukacji integracyjnej. Impuls \u2013 U\u015a, Krak\u00f3w \u2013 Katowice 2013, ss. 275. ISBN: 978-83-7850-443-6<\/p>\n<p>&#8211; Uczniowie i studenci z obszaru pogranicza wobec sytuacji os\u00f3b niepe\u0142nosprawnych w \u015brodowisku lokalnym \u2013 nastawienia i opinie. Stowarzyszenie Wsparcia Spo\u0142ecznego \u201cFeniks\u201d z siedzib\u0105 w Skoczowie, Cieszyn \u2013 Skocz\u00f3w 2013, ss. 148. ISBN: 978-83-937072-1-8<\/p>\n<p>&#8211; Special Education of Learners with Mental Retardation in the Czech Republic and Poland Stowarzyszenie Wsparcia Spo\u0142ecznego \u201cFeniks\u201d z siedzib\u0105 w Skoczowie, Cieszyn \u2013 Skocz\u00f3w 2013, ss. 156 (wsp\u00f3\u0142autor P. Franiok). ISBN: 978-83-937072-0-1<\/p>\n<p>&#8211; (Nie)\u0142atwe drogi wchodzenia w doros\u0142o\u015b\u0107 przez osoby z niepe\u0142nosprawno\u015bci\u0105. Wydawnictwo Arka, Cieszyn 2017, ss. 228 (wsp\u00f3\u0142autorzy M. Be\u0142za, D. Prysak). ISBN 978-83-934284-7-2<\/p>\n<p>&#8211; Ucze\u0144 z lekk\u0105 niepelnosprawno\u015bcia intelektualn\u0105 w szkole og\u00f3lnodost\u0119pnej. Nauczyciele o (nie)zmienianej sytuacji w kontek\u015bcie kultury szko\u0142y inkluzyjnej. Wydawnictwo Naukowe PWN, Warszawa 2020. ISBN 978-83-01-21194-3<\/p>\n<p><strong>\u00a0<\/strong><\/p>\n<p><strong>Study visits<\/strong><\/p>\n<p>&#8211; Special Education in Austria and Italy. Austria, Villach 2004.<\/p>\n<p>&#8211; Program Socrates Erasmus, Uniwersytet Ostravski, School of Special Pedagogy, May 9-15, 2006.<\/p>\n<p>&#8211; Educating children with special needs. The Scandinavian model. Helsingor, Denmark 2006.<\/p>\n<p>&#8211; Education in Belgium. Brussels, 2008.<\/p>\n<p>&#8211; Socrates Erasmus, Matej Bel University in <a href=\"https:\/\/en.wikipedia.org\/wiki\/Bansk%C3%A1_Bystrica\">Bansk\u00e1 Bystrica<\/a>. Faculty of Pedagogy April 12-16, 2010.<\/p>\n<p>&#8211; Program Socrates Erasmus, Uniwersytet in Trnava, Faculty of Philology, November 27 \u2013 December 1, 2011.<\/p>\n<p>&#8211; Program Socrates Erasmus, Jan Amos Komensk\u00fd University in Prague. March 30 \u2013 April 3, 2015.<\/p>\n<p><strong>\u00a0<\/strong><\/p>\n<p><strong>Membership in scientific and editorial boards<\/strong><\/p>\n<p>&#8211; Studia Etnologiczne i Antropologiczne<\/p>\n<p>&#8211; Nauczyciel i Szko\u0142a<\/p>\n<p>&#8211; Cieszy\u0144ski Almanach Pedagogiczny<\/p>\n<p>&#8211; Annales Universitatis Paedagogicae Cracoviensis<\/p>\n<p>&#8211; Studia Paedagogica<\/p>\n<p>&#8211; Rocznik Komisji Nauk Pedagogicznych PAN \u2013 Oddzia\u0142 w Krakowie<\/p>\n<p>&#8211; Zeszyty Naukowe Wy\u017cszej Szko\u0142y HUMANITAS. PEDAGOGIKA<\/p>\n<p>&#8211; Niepe\u0142nosprawno\u015b\u0107 i Rehabilitacja<\/p>\n<p>&#8211; IJREL<\/p>\n<p>&#8211; Chowanna<\/p>\n<p>&#8211; Kultura i Edukacja<\/p>\n<p>&#8211; Problemy Edukacji, Rehabilitacja i Socjalizacji Os\u00f3b Niepe\u0142nosprawnych &#8211; Head of Editorial Board<\/p>\n<div class=\"mt-3\"><\/div>\r\n                            <\/div>\r\n                            \r\n                            <div class=\"text-modules__img\"><img src=\"https:\/\/us.edu.pl\/instytut\/ipe\/wp-content\/uploads\/sites\/32\/Nieprzypisane\/Zenon-Gajdzica_DSC_5604_4-5-819x1024.jpg\" alt=\"img\"><\/div>\r\n                        <\/div>\r\n                    <\/div>\r\n                <\/div>[\/vc_column][\/vc_row]<\/p>","protected":false},"excerpt":{"rendered":"<p>[vc_row][vc_column][\/vc_column][\/vc_row] [&#8230;]<\/p>\n<p><a class=\"btn btn-secondary understrap-read-more-link\" href=\"https:\/\/us.edu.pl\/instytut\/ipe\/en\/prof-dr-hab-zenon-gajdzica\/\">Read More&#8230;<\/a><\/p>\n","protected":false},"author":201,"featured_media":0,"parent":0,"menu_order":0,"comment_status":"closed","ping_status":"closed","template":"page-templates\/page-with-bookmarks.php","meta":{"_expiration-date-status":"saved","_expiration-date":0,"_expiration-date-type":"","_expiration-date-categories":[],"_expiration-date-options":[]},"acf":[],"_links":{"self":[{"href":"https:\/\/us.edu.pl\/instytut\/ipe\/en\/wp-json\/wp\/v2\/pages\/835"}],"collection":[{"href":"https:\/\/us.edu.pl\/instytut\/ipe\/en\/wp-json\/wp\/v2\/pages"}],"about":[{"href":"https:\/\/us.edu.pl\/instytut\/ipe\/en\/wp-json\/wp\/v2\/types\/page"}],"author":[{"embeddable":true,"href":"https:\/\/us.edu.pl\/instytut\/ipe\/en\/wp-json\/wp\/v2\/users\/201"}],"replies":[{"embeddable":true,"href":"https:\/\/us.edu.pl\/instytut\/ipe\/en\/wp-json\/wp\/v2\/comments?post=835"}],"version-history":[{"count":9,"href":"https:\/\/us.edu.pl\/instytut\/ipe\/en\/wp-json\/wp\/v2\/pages\/835\/revisions"}],"predecessor-version":[{"id":1317,"href":"https:\/\/us.edu.pl\/instytut\/ipe\/en\/wp-json\/wp\/v2\/pages\/835\/revisions\/1317"}],"wp:attachment":[{"href":"https:\/\/us.edu.pl\/instytut\/ipe\/en\/wp-json\/wp\/v2\/media?parent=835"}],"curies":[{"name":"wp","href":"https:\/\/api.w.org\/{rel}","templated":true}]}}