{"id":860,"date":"2020-08-22T09:09:49","date_gmt":"2020-08-22T07:09:49","guid":{"rendered":"https:\/\/us.edu.pl\/instytut\/ipe\/?page_id=860"},"modified":"2021-03-07T15:33:27","modified_gmt":"2021-03-07T14:33:27","slug":"dr-hab-malgorzata-zalewska-bujak","status":"publish","type":"page","link":"https:\/\/us.edu.pl\/instytut\/ipe\/en\/dr-hab-malgorzata-zalewska-bujak\/","title":{"rendered":"Professor Ma\u0142gorzata Zalewska-Bujak"},"content":{"rendered":"<p>[vc_row][vc_column]\r\n                <div class=\"text-modules \">\r\n                    <div class=\"container\">\r\n                         \r\n                        <div class=\"row m-0\">\r\n                            <div class=\"text-modules__content\">\r\n                                Position: Associate professor<\/p>\n<p>Staff group: research-teaching staff<\/p>\n<p>Expertise: pedagogy<\/p>\n<p>e-mail: malgorzata.zalewska-bujak@us.edu.pl<\/p>\n<p>ORCID:\u00a0<a href=\"https:\/\/orcid.org\/0000-0002-3313-3438\">0000-0002-3313-3438<\/a><\/p>\n<p>&nbsp;<\/p>\n<p><strong>Academic biography<\/strong><\/p>\n<p>&#8211; 1997 Master of Arts in pedagogy, Faculty of Pedagogy and Arts, University of Silesia in Katowice<\/p>\n<p>&#8211; 2004 PhD in pedagogy, Faculty of Pedagogy and Arts, University of Silesia in Katowice<\/p>\n<p>&#8211; 2018 Associate professor of social sciences, Faculty of Educational Sciences, University of Lodz<\/p>\n<p>&nbsp;<\/p>\n<p><strong>Research<\/strong><\/p>\n<p>&#8211; Adult education<\/p>\n<p>&#8211; Teachers\u2019 participation in educational changes<\/p>\n<p>&#8211; Teacher-student communication<\/p>\n<p>&#8211;\u00a0 Social and cultural determinants of teachers\u2019 professional performance<\/p>\n<p>&#8211; upbringing and educational practice of teachers in early years education<\/p>\n<p><strong>\u00a0<\/strong><\/p>\n<p><strong>Main achievements, distinctions, awards<\/strong><\/p>\n<p>&#8211; Individual research project and its publication outcome: <em>Nauczyciel w polu szkolnym \u2013 w \u015bwietle teorii Pierre\u0315a Bourdieu i nauczycielskich narracji<\/em> (University of Silesia Press, 2017).<\/p>\n<p>&#8211; 2019 Rector\u2019s Second Degree Individual Award for scientific-research activity<\/p>\n<p>&#8211; 2019 Coordinator of a project: \u201eZaw\u00f3d nauczyciel &#8211; opracowanie i wdro\u017cenie program\u00f3w kszta\u0142cenia nauczycieli na Wydziale Etnologii i Nauk o Edukacji U\u015a\u201d (signature POWR.03.01.00-00-KN33\/18)<\/p>\n<p>&nbsp;<\/p>\n<p><strong>Fellowship and study visits<\/strong><\/p>\n<p>&#8211; November 19-23, 2012 \u2013 teaching fellowship at the University of Ostrava (Katedra preprim\u00e1rn\u00ed a prim\u00e1rn\u00ed pedagogiky), Lifelong learning Program, Erasmus<\/p>\n<p>&#8211; April 22-23, 2015 \u2013 Erasmus+ teaching fellowship at Matej Bel University in Ba\u0144ska Bystrica, Faculty of Pedagogy<\/p>\n<p>&#8211; April 10-14, 2019 \u2013 Erasmus+ study visit at the University of Ostrava<\/p>\n<p>&nbsp;<\/p>\n<p><strong>Membership in Scientific and Editorial Boards<\/strong><\/p>\n<p>&#8211; 2019 \u2013 Member of the Scientific Board of the Institute of Pedagogy, Faculty of Social Sciences, University of Silesia in Katowice \r\n                                <div class=\"mt-3\"><\/div>\r\n                            <\/div>\r\n                            \r\n                            \r\n                        <\/div>\r\n                    <\/div>\r\n                <\/div>[\/vc_column][\/vc_row]<\/p>","protected":false},"excerpt":{"rendered":"<p>[vc_row][vc_column][\/vc_column][\/vc_row] [&#8230;]<\/p>\n<p><a class=\"btn btn-secondary understrap-read-more-link\" href=\"https:\/\/us.edu.pl\/instytut\/ipe\/en\/dr-hab-malgorzata-zalewska-bujak\/\">Read More&#8230;<\/a><\/p>\n","protected":false},"author":2293,"featured_media":0,"parent":0,"menu_order":0,"comment_status":"closed","ping_status":"closed","template":"page-templates\/page-with-bookmarks.php","meta":{"_expiration-date-status":"saved","_expiration-date":0,"_expiration-date-type":"","_expiration-date-categories":[],"_expiration-date-options":[]},"acf":[],"_links":{"self":[{"href":"https:\/\/us.edu.pl\/instytut\/ipe\/en\/wp-json\/wp\/v2\/pages\/860"}],"collection":[{"href":"https:\/\/us.edu.pl\/instytut\/ipe\/en\/wp-json\/wp\/v2\/pages"}],"about":[{"href":"https:\/\/us.edu.pl\/instytut\/ipe\/en\/wp-json\/wp\/v2\/types\/page"}],"author":[{"embeddable":true,"href":"https:\/\/us.edu.pl\/instytut\/ipe\/en\/wp-json\/wp\/v2\/users\/2293"}],"replies":[{"embeddable":true,"href":"https:\/\/us.edu.pl\/instytut\/ipe\/en\/wp-json\/wp\/v2\/comments?post=860"}],"version-history":[{"count":3,"href":"https:\/\/us.edu.pl\/instytut\/ipe\/en\/wp-json\/wp\/v2\/pages\/860\/revisions"}],"predecessor-version":[{"id":1351,"href":"https:\/\/us.edu.pl\/instytut\/ipe\/en\/wp-json\/wp\/v2\/pages\/860\/revisions\/1351"}],"wp:attachment":[{"href":"https:\/\/us.edu.pl\/instytut\/ipe\/en\/wp-json\/wp\/v2\/media?parent=860"}],"curies":[{"name":"wp","href":"https:\/\/api.w.org\/{rel}","templated":true}]}}