{"id":890,"date":"2020-08-22T19:22:27","date_gmt":"2020-08-22T17:22:27","guid":{"rendered":"https:\/\/us.edu.pl\/instytut\/ipe\/?page_id=890"},"modified":"2020-09-23T13:38:17","modified_gmt":"2020-09-23T11:38:17","slug":"dr-hab-elzbieta-gornikowska-zwolak-prof-us","status":"publish","type":"page","link":"https:\/\/us.edu.pl\/instytut\/ipe\/en\/dr-hab-elzbieta-gornikowska-zwolak-prof-us\/","title":{"rendered":"(Polski) dr hab. El\u017cbieta G\u00f3rnikowska-Zwolak, prof. U\u015a"},"content":{"rendered":"<p class=\"qtranxs-available-languages-message qtranxs-available-languages-message-en\">Sorry, this entry is only available in <a href=\"https:\/\/us.edu.pl\/instytut\/ipe\/pl\/wp-json\/wp\/v2\/pages\/890\" class=\"qtranxs-available-language-link qtranxs-available-language-link-pl\" title=\"Polski\">Polish<\/a>.<\/p>","protected":false},"excerpt":{"rendered":"<p>Sorry, this entry is only available in Polish. [&#8230;]<\/p>\n<p><a class=\"btn btn-secondary understrap-read-more-link\" href=\"https:\/\/us.edu.pl\/instytut\/ipe\/en\/dr-hab-elzbieta-gornikowska-zwolak-prof-us\/\">Read More&#8230;<\/a><\/p>\n","protected":false},"author":201,"featured_media":0,"parent":0,"menu_order":0,"comment_status":"closed","ping_status":"closed","template":"page-templates\/page-with-bookmarks.php","meta":{"_expiration-date-status":"saved","_expiration-date":0,"_expiration-date-type":"","_expiration-date-categories":[],"_expiration-date-options":[]},"acf":[],"_links":{"self":[{"href":"https:\/\/us.edu.pl\/instytut\/ipe\/en\/wp-json\/wp\/v2\/pages\/890"}],"collection":[{"href":"https:\/\/us.edu.pl\/instytut\/ipe\/en\/wp-json\/wp\/v2\/pages"}],"about":[{"href":"https:\/\/us.edu.pl\/instytut\/ipe\/en\/wp-json\/wp\/v2\/types\/page"}],"author":[{"embeddable":true,"href":"https:\/\/us.edu.pl\/instytut\/ipe\/en\/wp-json\/wp\/v2\/users\/201"}],"replies":[{"embeddable":true,"href":"https:\/\/us.edu.pl\/instytut\/ipe\/en\/wp-json\/wp\/v2\/comments?post=890"}],"version-history":[{"count":3,"href":"https:\/\/us.edu.pl\/instytut\/ipe\/en\/wp-json\/wp\/v2\/pages\/890\/revisions"}],"predecessor-version":[{"id":1038,"href":"https:\/\/us.edu.pl\/instytut\/ipe\/en\/wp-json\/wp\/v2\/pages\/890\/revisions\/1038"}],"wp:attachment":[{"href":"https:\/\/us.edu.pl\/instytut\/ipe\/en\/wp-json\/wp\/v2\/media?parent=890"}],"curies":[{"name":"wp","href":"https:\/\/api.w.org\/{rel}","templated":true}]}}