{"id":984,"date":"2020-09-16T12:21:23","date_gmt":"2020-09-16T10:21:23","guid":{"rendered":"https:\/\/us.edu.pl\/instytut\/ipe\/?page_id=984"},"modified":"2021-02-13T13:19:41","modified_gmt":"2021-02-13T12:19:41","slug":"dr-hab-violetta-rodek","status":"publish","type":"page","link":"https:\/\/us.edu.pl\/instytut\/ipe\/en\/dr-hab-violetta-rodek\/","title":{"rendered":"Associate Professor Violetta Rodek"},"content":{"rendered":"<p>[vc_row][vc_column]\r\n                <div class=\"text-modules \">\r\n                    <div class=\"container\">\r\n                         \r\n                        <div class=\"row m-0\">\r\n                            <div class=\"text-modules__content\">\r\n                                <\/p>\n<p><strong>Associate Professor Violetta Rodek<\/strong><\/p>\n<p>Position: Professor of the University<\/p>\n<p>Staff group: research-teaching staff<\/p>\n<p>Expertise: Pedagogy<\/p>\n<p>Room:<\/p>\n<p>Phone:<\/p>\n<p>e-mail: <a href=\"mailto:violetta.rodek@us.edu.pl\">violetta.rodek@us.edu.pl<\/a><\/p>\n<p>ORCID: <a href=\"https:\/\/orcid.org\/0000-0002-2501-4092\">0000-0002-2501-4092 <\/a><\/p>\n<p>&nbsp;<\/p>\n<p><strong>Academic biography<\/strong><\/p>\n<p>&#8211; 1996 Master of Arts in pedagogy, major in early school education, University of Silesia in Katowice<\/p>\n<p>&#8211; 2001 PhD degree in pedagogy<\/p>\n<p>&#8211; 2017 Associate professor degree in social sciences (pedagogy)<\/p>\n<p>She is currently working on her individual research project \u201cPassion as the Highest Form of Making One\u2019s Biography \u2013 A Pedagogical Approach\u201d. She is also a member of the research team that works on the project \u201cThe Phenomenon of Courtesy Stigma in Light of Biographical Experiences of Families of Individuals at Risk of Social Exclusion\u201d<\/p>\n<p>&nbsp;<\/p>\n<p><strong>Research <\/strong><\/p>\n<p>&#8211; Self-education and the process of independent learning<\/p>\n<p>&#8211; Passion in human life \u2013 the pedagogical approach<\/p>\n<p>&#8211; mentoring and tutoring in education<\/p>\n<p>&#8211; cultural education<\/p>\n<p>&#8211; Courtesy stigma phenomenon \u2013 concequences for individual development<\/p>\n<p>&nbsp;<\/p>\n<p><strong>Main achievements, distinctions, and awards<\/strong><\/p>\n<p>&#8211; Author of three monographs, two books co-authored, more than thirty scientific articles published in journals and edited monographs<\/p>\n<p>&#8211; Preparation and realization of research projects of international and domestic character Visegrad Fund Cultivating and forming regional traditions by the Visegrad Group teachers (Zak\u0142ad Dydaktyki Og\u00f3lnej i Pedeutologii), \u201cBardzo m\u0142oda kultura\u201d (Narodowe Centrum Kultury, Regionalny Instytut Kultury w Katowicach)<\/p>\n<p>&#8211; Coordinator of the project ,,Klucz do uczenia si\u0119 &#8211; rozw\u00f3j umiej\u0119tno\u015bci zawodowych nauczycieli wychowania przedszkolnego i edukacji wczesnoszkolnej&#8221;, financed by the European Union as part of EFES program<\/p>\n<p>&#8211; Coordinator of the program \u201cTutoring for the Best Students of the University of Silesia\u201d, realized at the former Faculty of Pedagogy and Psychology in the course of pro-quality subsidy of MNiSW<\/p>\n<p>&#8211; Supervisor of two research projects realized by students in the course of the aforementioned program<\/p>\n<p><strong>\u00a0<\/strong><\/p>\n<p><strong>Fellowships, internships <\/strong><\/p>\n<p>&#8211; Uniwersitat der Bundeswehr w Monachium<\/p>\n<p>&#8211; Teaching fellowship at The John Paul II Pontificate\u2019s Center for Documentation and Research (Erasmus+ program)<\/p>\n<p>&nbsp;<\/p>\n<p><strong>Membership in scientific and editorial boards<\/strong><\/p>\n<p>&#8211; Member of the Scientific Board of the Institute of Pedagogy, Faculty of Social Sciences, University of Silesia in Katowice. Vice-director of the Institute of Pedagogy<\/p>\n<p>&#8211; Member of the Didactic Board, pedagogy, Faculty of Social Sciences, University of Silesia in Katowice<\/p>\n<div class=\"mt-3\"><\/div>\r\n                            <\/div>\r\n                            \r\n                            <div class=\"text-modules__img\"><img src=\"https:\/\/us.edu.pl\/instytut\/ipe\/wp-content\/uploads\/sites\/32\/Nieprzypisane\/Violetta-Rodek_DSC_3732-240x300-240x300-1.jpg\" alt=\"img\"><\/div>\r\n                        <\/div>\r\n                    <\/div>\r\n                <\/div>[\/vc_column][\/vc_row]<\/p>","protected":false},"excerpt":{"rendered":"<p>[vc_row][vc_column][\/vc_column][\/vc_row] [&#8230;]<\/p>\n<p><a class=\"btn btn-secondary understrap-read-more-link\" href=\"https:\/\/us.edu.pl\/instytut\/ipe\/en\/dr-hab-violetta-rodek\/\">Read More&#8230;<\/a><\/p>\n","protected":false},"author":2293,"featured_media":0,"parent":0,"menu_order":0,"comment_status":"closed","ping_status":"closed","template":"page-templates\/page-with-bookmarks.php","meta":{"_expiration-date-status":"saved","_expiration-date":0,"_expiration-date-type":"","_expiration-date-categories":[],"_expiration-date-options":[]},"acf":[],"_links":{"self":[{"href":"https:\/\/us.edu.pl\/instytut\/ipe\/en\/wp-json\/wp\/v2\/pages\/984"}],"collection":[{"href":"https:\/\/us.edu.pl\/instytut\/ipe\/en\/wp-json\/wp\/v2\/pages"}],"about":[{"href":"https:\/\/us.edu.pl\/instytut\/ipe\/en\/wp-json\/wp\/v2\/types\/page"}],"author":[{"embeddable":true,"href":"https:\/\/us.edu.pl\/instytut\/ipe\/en\/wp-json\/wp\/v2\/users\/2293"}],"replies":[{"embeddable":true,"href":"https:\/\/us.edu.pl\/instytut\/ipe\/en\/wp-json\/wp\/v2\/comments?post=984"}],"version-history":[{"count":5,"href":"https:\/\/us.edu.pl\/instytut\/ipe\/en\/wp-json\/wp\/v2\/pages\/984\/revisions"}],"predecessor-version":[{"id":1302,"href":"https:\/\/us.edu.pl\/instytut\/ipe\/en\/wp-json\/wp\/v2\/pages\/984\/revisions\/1302"}],"wp:attachment":[{"href":"https:\/\/us.edu.pl\/instytut\/ipe\/en\/wp-json\/wp\/v2\/media?parent=984"}],"curies":[{"name":"wp","href":"https:\/\/api.w.org\/{rel}","templated":true}]}}