{"id":1002,"date":"2020-09-17T11:01:19","date_gmt":"2020-09-17T09:01:19","guid":{"rendered":"https:\/\/us.edu.pl\/instytut\/ipe\/?page_id=1002"},"modified":"2021-02-13T13:20:55","modified_gmt":"2021-02-13T12:20:55","slug":"dr-hab-irena-polewczyk-prof-us","status":"publish","type":"page","link":"https:\/\/us.edu.pl\/instytut\/ipe\/dr-hab-irena-polewczyk-prof-us\/","title":{"rendered":"Dr hab. Irena Polewczyk prof. U\u015a"},"content":{"rendered":"<p>[vc_row][vc_column width=&#8221;1\/4&#8243;][vc_single_image image=&#8221;1078&#8243; img_size=&#8221;medium&#8221; style=&#8221;vc_box_shadow_3d&#8221;][\/vc_column][vc_column width=&#8221;3\/4&#8243; css=&#8221;.vc_custom_1597521185463{border-bottom-width: -30px !important;}&#8221;][vc_column_text]<\/p>\n<table style=\"width: 72.9397%\">\n<tbody>\n<tr>\n<td style=\"width: 24.6684%\"><span style=\"font-size: 12pt;font-family: tahoma, arial, helvetica, sans-serif\">Stanowisko:<\/span><\/p>\n<p><span style=\"font-size: 12pt;font-family: tahoma, arial, helvetica, sans-serif\">Grupa:<\/span><\/p>\n<p><span style=\"font-size: 12pt;font-family: tahoma, arial, helvetica, sans-serif\">Specjalno\u015b\u0107:<\/span><\/p>\n<p><span style=\"font-size: 12pt;font-family: tahoma, arial, helvetica, sans-serif\">Pok\u00f3j:<\/span><\/p>\n<p><span style=\"font-size: 12pt;font-family: tahoma, arial, helvetica, sans-serif\">Telefon:<\/span><\/p>\n<p><span style=\"font-size: 12pt;font-family: tahoma, arial, helvetica, sans-serif\">e-mail:<\/span><\/p>\n<p><span style=\"font-size: 12pt;font-family: tahoma, arial, helvetica, sans-serif\"><img class=\"size-full wp-image-275\" src=\"http:\/\/us.edu.pl\/instytut\/im\/wp-content\/uploads\/sites\/43\/Nieprzypisane\/ORCID.png\" alt=\"Logo ORCID\" width=\"71\" height=\"22\" \/><\/span><\/td>\n<td style=\"width: 78.7798%\"><span style=\"font-size: 12pt;font-family: tahoma, arial, helvetica, sans-serif\"><strong>Profesor<\/strong><\/span><\/p>\n<p><span style=\"font-size: 12pt;font-family: tahoma, arial, helvetica, sans-serif\"><strong>Pracownicy badawczo-dydaktyczni<\/strong><\/span><\/p>\n<p><span style=\"font-size: 12pt;font-family: tahoma, arial, helvetica, sans-serif\"><strong>Pedagogika<br \/>\n<\/strong><\/span><\/p>\n<p>&nbsp;<\/p>\n<p><span style=\"font-size: 12pt;font-family: tahoma, arial, helvetica, sans-serif\"><strong>brak<\/strong><\/span><\/p>\n<p><span style=\"font-size: 12pt;font-family: tahoma, arial, helvetica, sans-serif\"><strong>\u00a0irena.polewczyk@us.edu.pl<\/strong><\/span><\/p>\n<p><span style=\"font-size: 12pt;font-family: tahoma, arial, helvetica, sans-serif\"><strong><a href=\"https:\/\/orcid.org\/0000-0003-0764-0409\">0000-0003-0764-0409<\/a><\/strong><\/span><\/td>\n<\/tr>\n<\/tbody>\n<\/table>\n<p>[\/vc_column_text][\/vc_column][\/vc_row][vc_row][vc_column]\r\n\t\t\t\t<div class='container'>\r\n\t\t\t\t\t<div class='list-links list-links_blue'>\r\n\t\t\t\t\t\t  \r\n\t\t\t\t\t\t  <ul>\r\n\t\t\t\t\t\t\t\t<li><a href=''><p>Materia\u0142y dodatkowe<\/p><\/a><\/li><\/ul>\r\n\t\t\t\t\t<\/div>\r\n\t\t\t\t<\/div>   \r\n\t\t\t\t\t[\/vc_column][\/vc_row][vc_row][vc_column css=&#8221;.vc_custom_1597523042561{margin-bottom: -50px !important;}&#8221;]\r\n\t\t\t\t\t<div class='container'>\r\n\t\t\t\t\t\t<div class='sidebar_moduls sidebar_dropdown zakladki' style='background-color: #FFFFFF'>\r\n\t\t\t\t\t\t\t<h3 class='page-title'><\/h3>\r\n\t\t\t\t\t\t\t<p class='zakladki__desc'><\/p>\r\n\r\n\t\t\t\t\t\t\t<div class='bookmarks'>\r\n\t\t\t\t\t<div class=\"bookmark\">\r\n\t\t\t\t\t\t<div class=\"bookmark__title\">\r\n                            <h3>\r\n                                <span class=\"short\">Przebieg kariery naukowej<\/span>\r\n                                <span class=\"long\">Przebieg kariery naukowej<\/span>\r\n                            <\/h3>\r\n\t\t\t\t\t\t<\/div>\r\n\t\t\t\t\t\t\r\n\t\t\t\t\t\t<div class=\"bookmark__content-wrap\">\r\n\t\t\t\t\t\t\t<div class=\"bookmark__content\">\r\n\r\n\t\t\t\t\t\t\t\t\r\n\r\n\t\t\t\t\t\t\t\t<div class=\"bookmark_text\" style=\"font-size:20px;\">\r\n\t\t\t\t\t\t\t\t<li>1991 - uzyskanie tytu\u0142u magistra pedagogiki. Uniwersytet \u015al\u0105ski w Katowicach.\n<li>1995 \u2013 uko\u0144czenie studi\u00f3w podyplomowych z zakresu logopedii, Uniwersytet Warszawski.\n<li>2000  -  uzyskanie stopnia doktora nauk humanistycznych. Uniwersytet \u015al\u0105ski w Katowicach\n<li>2014 - uzyskanie stopnia doktora habilitowanego nauk spo\u0142ecznych. Uniwersytet \u015al\u0105ski w Katowicach\n\n<br>\n<br>\nUczestnictwo w Grantach (lata 2004 \u2013 2008) \n<br>\n<br>\n<br>1.\tUczestnictwo w Mi\u0119dzynarodowym Grancie \u2013 Projekt VEGA \u010d. 01\/0092 Diferenciacia ako prostriedok zefektivnowania pedagogickiej \u010dinnosti v \u0161kolnych zariadeniach. (stycze\u0144 2004) Grantowa uloha VEGA 01\/0092 \u2013 16: dr Irena Polewczyk \u2013 R\u00f3\u017cnicuj\u0105cy wp\u0142yw edukacji przedszkolnej na poziom rozwoju mowy dziecka 6 - letniego.\n<br>2.\tW grudniu 2005 roku  zako\u0144czy\u0142am prace w ramach projektu VEGA M\u0160 SR \u010d. 1\/0092\/03, temat: \u201eDiferenci\u00e1cia ako prostriedok zefekt\u00edvnenia pedagogickej \u010dinnosti v \u0161kolsk\u00fdch zariadeniach\u201d. Zagadnienie, kt\u00f3re opracowywa\u0142am w ramach projektu VEGA to: \u201eR\u00f3\u017cnicuj\u0105cy wp\u0142yw edukacji przedszkolnej na poziom rozwoju mowy\u201d. (wykonawca) \n<br>3.\tTemat projektu VEGA: Cesty k inkluzii. Vychodiska inkluzivnej pedagogiky a ich impementacia v pedagogickej praxi novodobych trendov edukacie. (Drogi integracji. Punkt wyj\u015bcia pedagogiki integracji i przeszkody w praktyce pedagogicznej wsp\u00f3\u0142czesnych trend\u00f3w edukacji)    nr projektu: VEGA  M\u0160 SR \u010d. 1\/3632\/06 \u2013 WYKONAWCA, Czas realizacji: 2006-2008; \n<br><br><br><br><br>\n\nProjekty badawcze \u2013 zbiorowe \n<br>\n<br>1.\tKierownik projektu: Prof. dr hab. Stanis\u0142aw Juszczyk, Osoby uczestnicz\u0105ce w projekcie: Dr Irena Polewczyk, tytu\u0142 projektu: Dziecko w \u015bwiecie wiedzy, komunikacji informacji\u201d (2005), \n<br>2.\tKierownik prof.. dr hab. Erich Petlak wraz z dr Ma\u0142gorzat\u0105 Mnich, dr hab. Miros\u0142awem Kisielem i dr Alina Budniak realizowa\u0142am temat bada\u0144 w\u0142asnych \u201eSpecyfika wychowania przedszkolnego i edukacji wczesnoszkolnej w Polsce i na S\u0142owacji \u2013 studium  por\u00f3wnawcze\u201d.(2007)\n<br>3.\tKierownik projektu: prof. dr hab. Peter Seidler  \u201eDiagnoza pedagogiczna, techniki terapeutyczne i programy indywidualne w pracy z dzieckiem przedszkolnym i wczesnoszkolnym\u201d (osoby uczestnicz\u0105ce, dr I.Polewczyk, dr M. Mnich) (2008)\n<br><br>\nZESPO\u0141Y BADAWCZE W LATACH 2015-2020<br>\n<br>\n<br>1.\tSt. Louis Kenneth O. , Department of Communication Sciences & Disorders at West Virginia University in the USA, Katarzyna W\u0119sierska, Wydzia\u0142 Filologiczny, Instytut J\u0119zyka Polskiego, Uniwersytet \u015al\u0105ski w Katowicach, Irena Polewczyk, Wydzia\u0142 Pedagogiki i Psychologii Uniwersytet \u015al\u0105ski w Katowicach \u2013 Temat projektu badawczego: Changing Attitudes Toward Stuttering Among Polish Teachers and University Students.\n<br>2.\tIrena Polewczyk, Wydzia\u0142 Pedagogiki i Psychologii, Uniwersytet \u015al\u0105ski w Katowicach, Miko\u0142aj Jarosz,  Concept Developer Education, Ecophon, Warszawa \u2013 Temat projektu badawczego: Influence of acoustic treatment of school rooms on changes in the functioning of students and teachers.\n<br><br>\n\nCz\u0142onkostwo w zespo\u0142ach badawczych<br><br>\nProjekty indywidualne, <br>\n<br>1.\tTYTU\u0141 PROJEKTU \u2013 R\u00f3\u017cnicuj\u0105cy wp\u0142yw edukacji przedszkolnej na poziom rozwoju mowy.(2005)\n<br>2.\tTYTU\u0141 PROJEKTU - S\u0142uch fonemowy i fonetyczny u dzieci w wieku przedszkolnym (2007)\n\n<br><br>\n\n<br>PROJEKTY BADAWCZE NCBR \n\n<br>Nr grantu: WND-POWR.03.05.00-00-z117\/17\n<br>Kierownik: dr hab. prof. U\u015a Micha\u0142 Baczy\u0144ski\n<br>Temat: Zintegrowany Program Rozwoju Uniwersytetu \u015al\u0105skiego w Katowicach\n<br>Rodzaj projektu\/Akronim:  Projekt wdro\u017ceniowy realizowany dzi\u0119ki dofinansowaniu z Narodowego Centrum Bada\u0144 i Rozwoju, O\u015b priorytetowa: III. Szkolnictwo wy\u017csze dla gospodarki i rozwoju, Dzia\u0142anie: 3.5 Kompleksowe programy szk\u00f3\u0142 wy\u017cszych\n<br>Czas realizacji: od 2018-10-01 do: 2022-09-30\n\n\n<br>\n<br>ZESPO\u0141Y EKSPERCKIE\n<br>2016 \u2013 2017 - cz\u0142onek  Zespo\u0142u Ekspert\u00f3w ds. ujednolicenia zasad diagnozy terapii w zaburzeniach przetwarzaniach s\u0142uchowego (APD), powo\u0142anego przez Fundacj\u0119 BONUM COMMUNE. Zesp\u00f3\u0142 Ekspert\u00f3w reprezentowany by\u0142 przez interdyscyplinarne grono specjalist\u00f3w z zakresu: foniatrii, audiologii, fizyki, psychoakustyki, pedagogiki, psychologii i logopedii.\n\nPrzyznana kwota na ca\u0142y projekt (wraz z kosztami po\u015brednimi): 13 029 558,52 z\u0142\nPrzyznana kwota na rok sprawozdawczy (wraz z kosztami po\u015brednimi): 857 806,40 z\u0142\nKwota wydatkowana w roku sprawozdawczym (wraz z kosztami po\u015brednimi):  \nRola: wykonawca rezultat\u00f3w intelektualnych (Irena Polewczyk)\n\n\r\n\t\t\t\t\t\t\t\t<br>\r\n\t\t\t\t\t\t\t\t\r\n\t\t\t\t\t\t\t\t<\/div>\r\n\t\t\t\t\t\t\t<\/div>\r\n\t\t\t\t\t\t<\/div>\r\n\t\t\t\t\t<\/div>\r\n\t\t\t\t\t<div class=\"bookmark\">\r\n\t\t\t\t\t\t<div class=\"bookmark__title\">\r\n                            <h3>\r\n                                <span class=\"short\">Zainteresowania badawcze<\/span>\r\n                                <span class=\"long\">Zainteresowania badawcze<\/span>\r\n                            <\/h3>\r\n\t\t\t\t\t\t<\/div>\r\n\t\t\t\t\t\t\r\n\t\t\t\t\t\t<div class=\"bookmark__content-wrap\">\r\n\t\t\t\t\t\t\t<div class=\"bookmark__content\">\r\n\r\n\t\t\t\t\t\t\t\t\r\n\r\n\t\t\t\t\t\t\t\t<div class=\"bookmark_text\" style=\"font-size:20px;\">\r\n\t\t\t\t\t\t\t\t<li>problematyka zaburze\u0144 mowy u dzieci, \n<li>stymulowanie rozwoju mowy u dzieci przedszkolnych \n<li>percepcja s\u0142uchowa \u2013 diagnoza, stymulowanie rozwoju, \n<li>zagadnienia ha\u0142asu w szkole \n<li>edukacja matematyczna ma\u0142ego dziecka \n\n\n\n\n\n\r\n\t\t\t\t\t\t\t\t<br>\r\n\t\t\t\t\t\t\t\t\r\n\t\t\t\t\t\t\t\t<\/div>\r\n\t\t\t\t\t\t\t<\/div>\r\n\t\t\t\t\t\t<\/div>\r\n\t\t\t\t\t<\/div>\r\n\t\t\t\t\t<div class=\"bookmark\">\r\n\t\t\t\t\t\t<div class=\"bookmark__title\">\r\n                            <h3>\r\n                                <span class=\"short\">Najwa\u017cniejsze osi\u0105gni\u0119cia naukowe, wyr\u00f3\u017cnienia i nagrody<\/span>\r\n                                <span class=\"long\">Najwa\u017cniejsze osi\u0105gni\u0119cia naukowe, wyr\u00f3\u017cnienia i nagrody<\/span>\r\n                            <\/h3>\r\n\t\t\t\t\t\t<\/div>\r\n\t\t\t\t\t\t\r\n\t\t\t\t\t\t<div class=\"bookmark__content-wrap\">\r\n\t\t\t\t\t\t\t<div class=\"bookmark__content\">\r\n\r\n\t\t\t\t\t\t\t\t\r\n\r\n\t\t\t\t\t\t\t\t<div class=\"bookmark_text\" style=\"font-size:20px;\">\r\n\t\t\t\t\t\t\t\t<li>2008 \u2013 nagroda Rektora U\u015a  - zespo\u0142owa II stopnia \u2013 za dzia\u0142alno\u015b\u0107 dydaktyczna.\n<li>2014 \u2013 nagroda Rektora U\u015a   - indywidualna III stopnia \u2013 za dzia\u0142alno\u015b\u0107 naukowo \u2013 badawcz\u0105\n<li>2019 - Nagroda \u015al\u0105skiego Oddzia\u0142u Polskiego Towarzystwa Logopedycznego Logopedia Silesiaca 2019 \u2013 za wieloletni\u0105, wybitn\u0105 dzia\u0142alno\u015b\u0107 na rzecz \u015brodowiska logopedycznego na \u015al\u0105sku.\n\n\r\n\t\t\t\t\t\t\t\t<br>\r\n\t\t\t\t\t\t\t\t\r\n\t\t\t\t\t\t\t\t<\/div>\r\n\t\t\t\t\t\t\t<\/div>\r\n\t\t\t\t\t\t<\/div>\r\n\t\t\t\t\t<\/div>\r\n\t\t\t\t\t<div class=\"bookmark\">\r\n\t\t\t\t\t\t<div class=\"bookmark__title\">\r\n                            <h3>\r\n                                <span class=\"short\">Sta\u017ce naukowe\/Wizyty studyjne<\/span>\r\n                                <span class=\"long\">Sta\u017ce naukowe\/Wizyty studyjne<\/span>\r\n                            <\/h3>\r\n\t\t\t\t\t\t<\/div>\r\n\t\t\t\t\t\t\r\n\t\t\t\t\t\t<div class=\"bookmark__content-wrap\">\r\n\t\t\t\t\t\t\t<div class=\"bookmark__content\">\r\n\r\n\t\t\t\t\t\t\t\t\r\n\r\n\t\t\t\t\t\t\t\t<div class=\"bookmark_text\" style=\"font-size:20px;\">\r\n\t\t\t\t\t\t\t\t<li>wyjazd dydaktyczny - sta\u017c na Uniwersytet Konstantina Filozofa w Nitrze (S\u0142owacja) \u2013 kwiecie\u0144 2005)\n\n<li>Wyjazd szkoleniowy do HAUTE ECOLE PROVINCIALE DE MONS\u2013BORINAGE\u2013CENTRE, Categorie pedagogique, Chemin du Champ de Mars, 15,7000 Mons w Belgii. \u2013 21.IV. \u2013 28.IV. 2009\n\n<li>Wyjazd dydaktyczny: KATHOLISCHE HOCHSCHULE NORDRHEIN-WESTFALEN K\u00d6LN, Niemcy, od 15. 06.2011 do 22.06.2011\n\r\n\t\t\t\t\t\t\t\t<br>\r\n\t\t\t\t\t\t\t\t\r\n\t\t\t\t\t\t\t\t<\/div>\r\n\t\t\t\t\t\t\t<\/div>\r\n\t\t\t\t\t\t<\/div>\r\n\t\t\t\t\t<\/div>\r\n\t\t\t\t\t<div class=\"bookmark\">\r\n\t\t\t\t\t\t<div class=\"bookmark__title\">\r\n                            <h3>\r\n                                <span class=\"short\">Cz\u0142onkostwo w radach naukowych i radach redakcyjnych <\/span>\r\n                                <span class=\"long\">Cz\u0142onkostwo w radach naukowych i radach redakcyjnych <\/span>\r\n                            <\/h3>\r\n\t\t\t\t\t\t<\/div>\r\n\t\t\t\t\t\t\r\n\t\t\t\t\t\t<div class=\"bookmark__content-wrap\">\r\n\t\t\t\t\t\t\t<div class=\"bookmark__content\">\r\n\r\n\t\t\t\t\t\t\t\t\r\n\r\n\t\t\t\t\t\t\t\t<div class=\"bookmark_text\" style=\"font-size:20px;\">\r\n\t\t\t\t\t\t\t\tRECENZENT W CZASOPISMACH\n<li>Logopaedica Lodziensia, Uniwersytet \u0141\u00f3dzki\n<li>Logopedia, UMCS, Lublin\n<li>The New Educational Review, Wydawnictwo A. Marsza\u0142ka\n\r\n\t\t\t\t\t\t\t\t<br>\r\n\t\t\t\t\t\t\t\t\r\n\t\t\t\t\t\t\t\t<\/div>\r\n\t\t\t\t\t\t\t<\/div>\r\n\t\t\t\t\t\t<\/div>\r\n\t\t\t\t\t<\/div><\/div>\r\n\t\t\t\t\t\t<\/div>\r\n\t\t\t\t\t <\/div>[\/vc_column][\/vc_row]<\/p>","protected":false},"excerpt":{"rendered":"<p>[vc_row][vc_column width=&#8221;1\/4&#8243;][vc_single_image image=&#8221;1078&#8243; img_size=&#8221;medium&#8221; style=&#8221;vc_box_shadow_3d&#8221;][\/vc_column][vc_column width=&#8221;3\/4&#8243; css=&#8221;.vc_custom_1597521185463{border-bottom-width: -30px !important;}&#8221;][vc_column_text] Stanowisko: Grupa: Specjalno\u015b\u0107: Pok\u00f3j: Telefon: e-mail: Profesor Pracownicy badawczo-dydaktyczni Pedagogika &nbsp; brak \u00a0irena.polewczyk@us.edu.pl 0000-0003-0764-0409 [\/vc_column_text][\/vc_column][\/vc_row][vc_row][vc_column][\/vc_column][\/vc_row][vc_row][vc_column css=&#8221;.vc_custom_1597523042561{margin-bottom: -50px !important;}&#8221;][\/vc_column][\/vc_row] [&#8230;]<\/p>\n<p><a class=\"btn btn-secondary understrap-read-more-link\" href=\"https:\/\/us.edu.pl\/instytut\/ipe\/dr-hab-irena-polewczyk-prof-us\/\">Read More&#8230;<\/a><\/p>\n","protected":false},"author":201,"featured_media":0,"parent":0,"menu_order":0,"comment_status":"closed","ping_status":"closed","template":"page-templates\/page-with-bookmarks.php","meta":{"_expiration-date-status":"saved","_expiration-date":0,"_expiration-date-type":"","_expiration-date-categories":[],"_expiration-date-options":[]},"acf":[],"_links":{"self":[{"href":"https:\/\/us.edu.pl\/instytut\/ipe\/wp-json\/wp\/v2\/pages\/1002"}],"collection":[{"href":"https:\/\/us.edu.pl\/instytut\/ipe\/wp-json\/wp\/v2\/pages"}],"about":[{"href":"https:\/\/us.edu.pl\/instytut\/ipe\/wp-json\/wp\/v2\/types\/page"}],"author":[{"embeddable":true,"href":"https:\/\/us.edu.pl\/instytut\/ipe\/wp-json\/wp\/v2\/users\/201"}],"replies":[{"embeddable":true,"href":"https:\/\/us.edu.pl\/instytut\/ipe\/wp-json\/wp\/v2\/comments?post=1002"}],"version-history":[{"count":5,"href":"https:\/\/us.edu.pl\/instytut\/ipe\/wp-json\/wp\/v2\/pages\/1002\/revisions"}],"predecessor-version":[{"id":1303,"href":"https:\/\/us.edu.pl\/instytut\/ipe\/wp-json\/wp\/v2\/pages\/1002\/revisions\/1303"}],"wp:attachment":[{"href":"https:\/\/us.edu.pl\/instytut\/ipe\/wp-json\/wp\/v2\/media?parent=1002"}],"curies":[{"name":"wp","href":"https:\/\/api.w.org\/{rel}","templated":true}]}}