{"id":1039,"date":"2020-09-23T13:49:59","date_gmt":"2020-09-23T11:49:59","guid":{"rendered":"https:\/\/us.edu.pl\/instytut\/ipe\/?page_id=1039"},"modified":"2020-09-23T14:17:14","modified_gmt":"2020-09-23T12:17:14","slug":"dr-hewilia-hetmanczyk","status":"publish","type":"page","link":"https:\/\/us.edu.pl\/instytut\/ipe\/dr-hewilia-hetmanczyk\/","title":{"rendered":"Dr Hewilia Hetma\u0144czyk"},"content":{"rendered":"<p>[vc_row][vc_column width=&#8221;1\/4&#8243;][vc_single_image image=&#8221;1040&#8243; img_size=&#8221;medium&#8221; style=&#8221;vc_box_shadow_3d&#8221;][\/vc_column][vc_column width=&#8221;3\/4&#8243; css=&#8221;.vc_custom_1597521185463{border-bottom-width: -30px !important;}&#8221;][vc_column_text]<\/p>\n<table style=\"width: 72.9397%\">\n<tbody>\n<tr>\n<td style=\"width: 24.6684%\"><span style=\"font-size: 12pt;font-family: tahoma, arial, helvetica, sans-serif\">Stanowisko:<\/span><\/p>\n<p><span style=\"font-size: 12pt;font-family: tahoma, arial, helvetica, sans-serif\">Grupa:<\/span><\/p>\n<p><span style=\"font-size: 12pt;font-family: tahoma, arial, helvetica, sans-serif\">Specjalno\u015b\u0107:<\/span><\/p>\n<p><span style=\"font-size: 12pt;font-family: tahoma, arial, helvetica, sans-serif\">Pok\u00f3j:<\/span><\/p>\n<p><span style=\"font-size: 12pt;font-family: tahoma, arial, helvetica, sans-serif\">Telefon:<\/span><\/p>\n<p><span style=\"font-size: 12pt;font-family: tahoma, arial, helvetica, sans-serif\">e-mail:<\/span><\/p>\n<p><span style=\"font-size: 12pt;font-family: tahoma, arial, helvetica, sans-serif\"><img class=\"size-full wp-image-275\" src=\"http:\/\/us.edu.pl\/instytut\/im\/wp-content\/uploads\/sites\/43\/Nieprzypisane\/ORCID.png\" alt=\"Logo ORCID\" width=\"71\" height=\"22\" \/><\/span><\/td>\n<td style=\"width: 78.7798%\"><span style=\"font-size: 12pt;font-family: tahoma, arial, helvetica, sans-serif\"><strong>Adiunkt<\/strong><\/span><\/p>\n<p><span style=\"font-size: 12pt;font-family: tahoma, arial, helvetica, sans-serif\"><strong>Pracownicy badawczo-dydaktyczni<\/strong><\/span><\/p>\n<p><span style=\"font-size: 12pt;font-family: tahoma, arial, helvetica, sans-serif\"><strong>Pedagogika<br \/>\n<\/strong><\/span><\/p>\n<p><span style=\"font-size: 12pt;font-family: tahoma, arial, helvetica, sans-serif\"><strong>\u00a0436<\/strong><\/span><\/p>\n<p><strong><span style=\"font-family: tahoma, arial, helvetica, sans-serif\">32 3599 707<\/span><\/strong><\/p>\n<p><strong><span style=\"font-family: tahoma, arial, helvetica, sans-serif;font-size: medium\">hewilia.hetmanczyk@us.edu.pl<\/span><br \/>\n<\/strong><\/p>\n<p><span style=\"font-size: 12pt;font-family: tahoma, arial, helvetica, sans-serif\"><strong><a href=\"https:\/\/orcid.org\/0000-0003-4362-0245\">0000-0003-4362-0245<\/a><\/strong><\/span><\/td>\n<\/tr>\n<\/tbody>\n<\/table>\n<p>[\/vc_column_text][\/vc_column][\/vc_row][vc_row][vc_column]\r\n\t\t\t\t<div class='container'>\r\n\t\t\t\t\t<div class='list-links list-links_blue'>\r\n\t\t\t\t\t\t  \r\n\t\t\t\t\t\t  <ul>\r\n\t\t\t\t\t\t\t\t<li><a href=''><p>Materia\u0142y dodatkowe<\/p><\/a><\/li><\/ul>\r\n\t\t\t\t\t<\/div>\r\n\t\t\t\t<\/div>   \r\n\t\t\t\t\t[\/vc_column][\/vc_row][vc_row][vc_column css=&#8221;.vc_custom_1597523042561{margin-bottom: -50px !important;}&#8221;]\r\n\t\t\t\t\t<div class='container'>\r\n\t\t\t\t\t\t<div class='sidebar_moduls sidebar_dropdown zakladki' style='background-color: #FFFFFF'>\r\n\t\t\t\t\t\t\t<h3 class='page-title'><\/h3>\r\n\t\t\t\t\t\t\t<p class='zakladki__desc'><\/p>\r\n\r\n\t\t\t\t\t\t\t<div class='bookmarks'>\r\n\t\t\t\t\t<div class=\"bookmark\">\r\n\t\t\t\t\t\t<div class=\"bookmark__title\">\r\n                            <h3>\r\n                                <span class=\"short\">Przebieg kariery naukowej<\/span>\r\n                                <span class=\"long\">Przebieg kariery naukowej<\/span>\r\n                            <\/h3>\r\n\t\t\t\t\t\t<\/div>\r\n\t\t\t\t\t\t\r\n\t\t\t\t\t\t<div class=\"bookmark__content-wrap\">\r\n\t\t\t\t\t\t\t<div class=\"bookmark__content\">\r\n\r\n\t\t\t\t\t\t\t\t\r\n\r\n\t\t\t\t\t\t\t\t<div class=\"bookmark_text\" style=\"font-size:20px;\">\r\n\t\t\t\t\t\t\t\t<li>2007 r. \u2013 uzyskanie tytu\u0142u magistra pedagogiki. Uniwersytet \u015al\u0105ski w Katowicach, Wydzia\u0142 Pedagogiki i Psychologii, specjalno\u015b\u0107 \u2013 zintegrowana edukacja wczesnoszkolna z wychowaniem przedszkolnym.\n<li>2011 r. \u2013 uzyskanie stopnia doktora nauk humanistycznych. Uniwersytet \u015al\u0105ski w Katowicach, Wydzia\u0142 Pedagogiki i Psychologii.\n<li>2015 r. \u2013 uko\u0144czone studia podyplomowe z zakresu Wczesne wspomaganie rozwoju, rewalidacja i terapia pedagogiczna dziecka ze specjalnymi potrzebami edukacyjnymi. \n<li>2018 r. \u2013 uko\u0144czone studia podyplomowe z zakresu Organizacja i zarz\u0105dzanie o\u015bwiat\u0105.\n<li>2018 r. \u2013 promotor pomocniczy w przewodzie doktorskim zako\u0144czonym uzyskaniem stopnia doktora.\n<li>dzia\u0142alno\u015b\u0107 statutowa \u2013 dotacja dla \u201em\u0142odych naukowc\u00f3w\u201d, projekty indywidualne: \u201eZaburzenia zachowania czynnikiem determinuj\u0105cym specjalne potrzeby edukacyjne uczni\u00f3w\u201d (2011); \u201eBezpiecze\u0144stwo dziecka w sieci \u2013 nowe wyzwania edukacyjne\u201d (2015); \u201ePost\u0119py w nauce a kompetencje spo\u0142eczne uczni\u00f3w w m\u0142odszym wieku szkolnym\u201d (2016).\n<br>\n<br>\nInna dzia\u0142alno\u015b\u0107 w zakresie realizacji projekt\u00f3w: \n<li>prowadzenie warsztat\u00f3w psychospo\u0142ecznych oraz dzia\u0142alno\u015bci badawczej w ramach Projektu POKL.07.02.01-24-255\/09 pt. \u201eUwierz w siebie\u201d wsp\u00f3\u0142finansowanego przez Uni\u0119 Europejsk\u0105 ze \u015brodk\u00f3w Europejskiego Funduszu Spo\u0142ecznego; s\u0119dzia kompetentny w ramach Projektu POKL.03.04.03-00-101\/13 pt. \u201eKompetentny doradca zawodowy \u2013 podnoszenie kwalifikacji zawodowych doradc\u00f3w zawodowych i nauczycieli\u201d wsp\u00f3\u0142finansowanego przez Uni\u0119 Europejsk\u0105 ze \u015brodk\u00f3w Europejskiego Funduszu Spo\u0142ecznego; prowadzenie warsztat\u00f3w oraz opracowanie materia\u0142\u00f3w do publikacji w ramach Projektu 6\/3.3.2\/POKL\/2009 pt. \u201ePraktyka czyni mistrza\u201d wsp\u00f3\u0142finansowanego przez Uni\u0119 Europejsk\u0105 ze \u015brodk\u00f3w Europejskiego Funduszu Spo\u0142ecznego; konsultacja i opieka merytoryczna \u201eProgramu dla szk\u00f3\u0142\u201d (zatwierdzonego przez Prezesa ARiMR) obowi\u0105zuj\u0105cego od dnia 11 wrze\u015bnia 2017 r., maj\u0105cego na celu promowanie w\u015br\u00f3d uczni\u00f3w (kl. I-V szko\u0142y podstawowej) zdrowej diety poprzez udost\u0119pnianie dzieciom owoc\u00f3w, warzyw i produkt\u00f3w mlecznych oraz dzia\u0142ania edukacyjne realizowane w szko\u0142ach; udzia\u0142 w projekcie \u201eProgram operacyjny Wiedza \u2013 Edukacja \u2013 Rozw\u00f3j\u201d (SL2014: Power.03.05.00-00-Z301\/18).\n<li>2020-2021 \u2013 cz\u0142onek zespo\u0142u w projekcie realizowanym przez partnera tureckiego we wsp\u00f3\u0142pracy z podmiotami z Polski, W\u0142och i \u0141otwy pt. \u201eInnovation and Transformation in Education\u201d w ramach Strategic Partnership Project in the Field of School Education under Erasmus+ Programme KA2: Cooperation for Innovation and Exchange of Good Practices.\n<li>2020 \u2013 cz\u0142onek zespo\u0142u tworzonego w ramach projektu \u201eEdukacja w sytuacji zagro\u017cenia pandemi\u0105 COVID 19 na terenie wybranych gmin wojew\u00f3dztwa \u015bl\u0105skiego. Perspektywa nauczycieli, rodzic\u00f3w i uczni\u00f3w\u201d, Instytut Pedagogiki WNS.\n\r\n\t\t\t\t\t\t\t\t<br>\r\n\t\t\t\t\t\t\t\t\r\n\t\t\t\t\t\t\t\t<\/div>\r\n\t\t\t\t\t\t\t<\/div>\r\n\t\t\t\t\t\t<\/div>\r\n\t\t\t\t\t<\/div>\r\n\t\t\t\t\t<div class=\"bookmark\">\r\n\t\t\t\t\t\t<div class=\"bookmark__title\">\r\n                            <h3>\r\n                                <span class=\"short\">Zainteresowania badawcze<\/span>\r\n                                <span class=\"long\">Zainteresowania badawcze<\/span>\r\n                            <\/h3>\r\n\t\t\t\t\t\t<\/div>\r\n\t\t\t\t\t\t\r\n\t\t\t\t\t\t<div class=\"bookmark__content-wrap\">\r\n\t\t\t\t\t\t\t<div class=\"bookmark__content\">\r\n\r\n\t\t\t\t\t\t\t\t\r\n\r\n\t\t\t\t\t\t\t\t<div class=\"bookmark_text\" style=\"font-size:20px;\">\r\n\t\t\t\t\t\t\t\tPedagogika wczesnoszkolna i przedszkolna ze szczeg\u00f3lnym uwzgl\u0119dnieniem zagadnie\u0144 zwi\u0105zanych z:\n<li>rozwojem spo\u0142eczno-emocjonalnym dzieci w wieku przedszkolnym\n<li>gotowo\u015bci\u0105 szkoln\u0105\n<li>tw\u00f3rczo\u015bci\u0105\n<li>zaburzeniami rozwojowymi\n<li>nowatorskimi rozwi\u0105zaniami metodycznymi w pracy z dzie\u0107mi\n<li>wsp\u00f3\u0142prac\u0105 \u015brodowiska przedszkolnego z rodzin\u0105 i \u015brodowiskiem lokalnym.\n\n\n\n\n\n\n\r\n\t\t\t\t\t\t\t\t<br>\r\n\t\t\t\t\t\t\t\t\r\n\t\t\t\t\t\t\t\t<\/div>\r\n\t\t\t\t\t\t\t<\/div>\r\n\t\t\t\t\t\t<\/div>\r\n\t\t\t\t\t<\/div>\r\n\t\t\t\t\t<div class=\"bookmark\">\r\n\t\t\t\t\t\t<div class=\"bookmark__title\">\r\n                            <h3>\r\n                                <span class=\"short\">Najwa\u017cniejsze osi\u0105gni\u0119cia naukowe, wyr\u00f3\u017cnienia i nagrody<\/span>\r\n                                <span class=\"long\">Najwa\u017cniejsze osi\u0105gni\u0119cia naukowe, wyr\u00f3\u017cnienia i nagrody<\/span>\r\n                            <\/h3>\r\n\t\t\t\t\t\t<\/div>\r\n\t\t\t\t\t\t\r\n\t\t\t\t\t\t<div class=\"bookmark__content-wrap\">\r\n\t\t\t\t\t\t\t<div class=\"bookmark__content\">\r\n\r\n\t\t\t\t\t\t\t\t\r\n\r\n\t\t\t\t\t\t\t\t<div class=\"bookmark_text\" style=\"font-size:20px;\">\r\n\t\t\t\t\t\t\t\t<li>liczne publikacje w czasopismach naukowych, wsp\u00f3\u0142autorstwo oraz redakcja monografii naukowych;\n<li>udzia\u0142 w wielu mi\u0119dzynarodowych oraz og\u00f3lnopolskich konferencjach naukowych wraz z prezentacj\u0105 wynik\u00f3w prowadzonych bada\u0144;\n<li>2012 r. \u2013 nagroda indywidualna JM Rektora Uniwersytetu \u015al\u0105skiego za najlepsz\u0105 rozpraw\u0119 doktorsk\u0105 pt. \u201eWykorzystanie Teorii Ogranicze\u0144 w procesie kszta\u0142towania kompetencji spo\u0142ecznych uczni\u00f3w w m\u0142odszym wieku szkolnym\u201d;\n<li>2015 r. \u2013 nagroda indywidualna JM Rektora Uniwersytetu \u015al\u0105skiego za dzia\u0142alno\u015b\u0107 organizacyjn\u0105; \n<li>2016 r. \u2013 nagroda indywidualna JM Rektora Uniwersytetu \u015al\u0105skiego za dzia\u0142alno\u015b\u0107 naukowo-badawcz\u0105;\n<li>2018 r. \u2013 Srebrna Odznaka za zas\u0142ugi dla Uniwersytetu \u015al\u0105skiego. \n\r\n\t\t\t\t\t\t\t\t<br>\r\n\t\t\t\t\t\t\t\t\r\n\t\t\t\t\t\t\t\t<\/div>\r\n\t\t\t\t\t\t\t<\/div>\r\n\t\t\t\t\t\t<\/div>\r\n\t\t\t\t\t<\/div>\r\n\t\t\t\t\t<div class=\"bookmark\">\r\n\t\t\t\t\t\t<div class=\"bookmark__title\">\r\n                            <h3>\r\n                                <span class=\"short\">Sta\u017ce naukowe\/Wizyty studyjne<\/span>\r\n                                <span class=\"long\">Sta\u017ce naukowe\/Wizyty studyjne<\/span>\r\n                            <\/h3>\r\n\t\t\t\t\t\t<\/div>\r\n\t\t\t\t\t\t\r\n\t\t\t\t\t\t<div class=\"bookmark__content-wrap\">\r\n\t\t\t\t\t\t\t<div class=\"bookmark__content\">\r\n\r\n\t\t\t\t\t\t\t\t\r\n\r\n\t\t\t\t\t\t\t\t<div class=\"bookmark_text\" style=\"font-size:20px;\">\r\n\t\t\t\t\t\t\t\t\r\n\t\t\t\t\t\t\t\t<br>\r\n\t\t\t\t\t\t\t\t\r\n\t\t\t\t\t\t\t\t<\/div>\r\n\t\t\t\t\t\t\t<\/div>\r\n\t\t\t\t\t\t<\/div>\r\n\t\t\t\t\t<\/div>\r\n\t\t\t\t\t<div class=\"bookmark\">\r\n\t\t\t\t\t\t<div class=\"bookmark__title\">\r\n                            <h3>\r\n                                <span class=\"short\">Cz\u0142onkostwo w radach naukowych i radach redakcyjnych <\/span>\r\n                                <span class=\"long\">Cz\u0142onkostwo w radach naukowych i radach redakcyjnych <\/span>\r\n                            <\/h3>\r\n\t\t\t\t\t\t<\/div>\r\n\t\t\t\t\t\t\r\n\t\t\t\t\t\t<div class=\"bookmark__content-wrap\">\r\n\t\t\t\t\t\t\t<div class=\"bookmark__content\">\r\n\r\n\t\t\t\t\t\t\t\t\r\n\r\n\t\t\t\t\t\t\t\t<div class=\"bookmark_text\" style=\"font-size:20px;\">\r\n\t\t\t\t\t\t\t\t<li>od 2018 r. \u2013 rzeczoznawca ds. podr\u0119cznik\u00f3w Ministerstwa Edukacji Narodowej.\r\n\t\t\t\t\t\t\t\t<br>\r\n\t\t\t\t\t\t\t\t\r\n\t\t\t\t\t\t\t\t<\/div>\r\n\t\t\t\t\t\t\t<\/div>\r\n\t\t\t\t\t\t<\/div>\r\n\t\t\t\t\t<\/div><\/div>\r\n\t\t\t\t\t\t<\/div>\r\n\t\t\t\t\t <\/div>[\/vc_column][\/vc_row]<\/p>","protected":false},"excerpt":{"rendered":"<p>[vc_row][vc_column width=&#8221;1\/4&#8243;][vc_single_image image=&#8221;1040&#8243; img_size=&#8221;medium&#8221; style=&#8221;vc_box_shadow_3d&#8221;][\/vc_column][vc_column width=&#8221;3\/4&#8243; css=&#8221;.vc_custom_1597521185463{border-bottom-width: -30px !important;}&#8221;][vc_column_text] Stanowisko: Grupa: Specjalno\u015b\u0107: Pok\u00f3j: Telefon: e-mail: Adiunkt Pracownicy badawczo-dydaktyczni Pedagogika \u00a0436 32 3599 707 hewilia.hetmanczyk@us.edu.pl 0000-0003-4362-0245 [\/vc_column_text][\/vc_column][\/vc_row][vc_row][vc_column][\/vc_column][\/vc_row][vc_row][vc_column css=&#8221;.vc_custom_1597523042561{margin-bottom: -50px !important;}&#8221;][\/vc_column][\/vc_row] [&#8230;]<\/p>\n<p><a class=\"btn btn-secondary understrap-read-more-link\" href=\"https:\/\/us.edu.pl\/instytut\/ipe\/dr-hewilia-hetmanczyk\/\">Read More&#8230;<\/a><\/p>\n","protected":false},"author":2293,"featured_media":0,"parent":0,"menu_order":0,"comment_status":"closed","ping_status":"closed","template":"page-templates\/page-with-bookmarks.php","meta":{"_expiration-date-status":"saved","_expiration-date":0,"_expiration-date-type":"","_expiration-date-categories":[],"_expiration-date-options":[]},"acf":[],"_links":{"self":[{"href":"https:\/\/us.edu.pl\/instytut\/ipe\/wp-json\/wp\/v2\/pages\/1039"}],"collection":[{"href":"https:\/\/us.edu.pl\/instytut\/ipe\/wp-json\/wp\/v2\/pages"}],"about":[{"href":"https:\/\/us.edu.pl\/instytut\/ipe\/wp-json\/wp\/v2\/types\/page"}],"author":[{"embeddable":true,"href":"https:\/\/us.edu.pl\/instytut\/ipe\/wp-json\/wp\/v2\/users\/2293"}],"replies":[{"embeddable":true,"href":"https:\/\/us.edu.pl\/instytut\/ipe\/wp-json\/wp\/v2\/comments?post=1039"}],"version-history":[{"count":3,"href":"https:\/\/us.edu.pl\/instytut\/ipe\/wp-json\/wp\/v2\/pages\/1039\/revisions"}],"predecessor-version":[{"id":1043,"href":"https:\/\/us.edu.pl\/instytut\/ipe\/wp-json\/wp\/v2\/pages\/1039\/revisions\/1043"}],"wp:attachment":[{"href":"https:\/\/us.edu.pl\/instytut\/ipe\/wp-json\/wp\/v2\/media?parent=1039"}],"curies":[{"name":"wp","href":"https:\/\/api.w.org\/{rel}","templated":true}]}}