{"id":1065,"date":"2020-09-30T18:05:37","date_gmt":"2020-09-30T16:05:37","guid":{"rendered":"https:\/\/us.edu.pl\/instytut\/ipe\/?page_id=1065"},"modified":"2020-09-30T18:08:59","modified_gmt":"2020-09-30T16:08:59","slug":"dr-alina-dworak","status":"publish","type":"page","link":"https:\/\/us.edu.pl\/instytut\/ipe\/dr-alina-dworak\/","title":{"rendered":"Dr Alina Dworak"},"content":{"rendered":"<p>[vc_row][vc_column width=&#8221;1\/4&#8243;][vc_single_image image=&#8221;737&#8243; img_size=&#8221;medium&#8221; style=&#8221;vc_box_shadow_3d&#8221;][\/vc_column][vc_column width=&#8221;3\/4&#8243; css=&#8221;.vc_custom_1597521185463{border-bottom-width: -30px !important;}&#8221;][vc_column_text]<\/p>\n<table style=\"width: 72.9397%\">\n<tbody>\n<tr>\n<td style=\"width: 24.6684%\"><span style=\"font-size: 12pt;font-family: tahoma, arial, helvetica, sans-serif\">Stanowisko:<\/span><\/p>\n<p><span style=\"font-size: 12pt;font-family: tahoma, arial, helvetica, sans-serif\">Grupa:<\/span><\/p>\n<p><span style=\"font-size: 12pt;font-family: tahoma, arial, helvetica, sans-serif\">Specjalno\u015b\u0107:<\/span><\/p>\n<p><span style=\"font-size: 12pt;font-family: tahoma, arial, helvetica, sans-serif\">Pok\u00f3j:<\/span><\/p>\n<p><span style=\"font-size: 12pt;font-family: tahoma, arial, helvetica, sans-serif\">Telefon:<\/span><\/p>\n<p><span style=\"font-size: 12pt;font-family: tahoma, arial, helvetica, sans-serif\">e-mail:<\/span><\/p>\n<p><span style=\"font-size: 12pt;font-family: tahoma, arial, helvetica, sans-serif\"><img class=\"size-full wp-image-275\" src=\"http:\/\/us.edu.pl\/instytut\/im\/wp-content\/uploads\/sites\/43\/Nieprzypisane\/ORCID.png\" alt=\"Logo ORCID\" width=\"71\" height=\"22\" \/><\/span><\/td>\n<td style=\"width: 78.7798%\"><span style=\"font-size: 12pt;font-family: tahoma, arial, helvetica, sans-serif\"><strong>Adiunkt<\/strong><\/span><\/p>\n<p><span style=\"font-size: 12pt;font-family: tahoma, arial, helvetica, sans-serif\"><strong>Pracownicy badawczo-dydaktyczni<\/strong><\/span><\/p>\n<p><span style=\"font-size: 12pt;font-family: tahoma, arial, helvetica, sans-serif\"><strong>Pedagogika<br \/>\n<\/strong><\/span><\/p>\n<p>&nbsp;<\/p>\n<p>&nbsp;<\/p>\n<p><span style=\"font-size: 12pt\"><strong><span style=\"font-family: tahoma, arial, helvetica, sans-serif\">alina.dworak@us.edu.pl<\/span><\/strong><\/span><\/p>\n<p><span style=\"font-size: 12pt;font-family: tahoma, arial, helvetica, sans-serif\"><strong><a href=\"https:\/\/orcid.org\/0000-0002-5909-8896\">0000-0002-5909-8896<\/a><\/strong><\/span><\/td>\n<\/tr>\n<\/tbody>\n<\/table>\n<p>[\/vc_column_text][\/vc_column][\/vc_row][vc_row][vc_column]\r\n\t\t\t\t<div class='container'>\r\n\t\t\t\t\t<div class='list-links list-links_blue'>\r\n\t\t\t\t\t\t  \r\n\t\t\t\t\t\t  <ul>\r\n\t\t\t\t\t\t\t\t<li><a href=''><p>Materia\u0142y dodatkowe<\/p><\/a><\/li><\/ul>\r\n\t\t\t\t\t<\/div>\r\n\t\t\t\t<\/div>   \r\n\t\t\t\t\t[\/vc_column][\/vc_row][vc_row][vc_column css=&#8221;.vc_custom_1597523042561{margin-bottom: -50px !important;}&#8221;]\r\n\t\t\t\t\t<div class='container'>\r\n\t\t\t\t\t\t<div class='sidebar_moduls sidebar_dropdown zakladki' style='background-color: #FFFFFF'>\r\n\t\t\t\t\t\t\t<h3 class='page-title'><\/h3>\r\n\t\t\t\t\t\t\t<p class='zakladki__desc'><\/p>\r\n\r\n\t\t\t\t\t\t\t<div class='bookmarks'>\r\n\t\t\t\t\t<div class=\"bookmark\">\r\n\t\t\t\t\t\t<div class=\"bookmark__title\">\r\n                            <h3>\r\n                                <span class=\"short\">Przebieg kariery naukowej<\/span>\r\n                                <span class=\"long\">Przebieg kariery naukowej<\/span>\r\n                            <\/h3>\r\n\t\t\t\t\t\t<\/div>\r\n\t\t\t\t\t\t\r\n\t\t\t\t\t\t<div class=\"bookmark__content-wrap\">\r\n\t\t\t\t\t\t\t<div class=\"bookmark__content\">\r\n\r\n\t\t\t\t\t\t\t\t\r\n\r\n\t\t\t\t\t\t\t\t<div class=\"bookmark_text\" style=\"font-size:20px;\">\r\n\t\t\t\t\t\t\t\t<li>1993 r. \u2013 tytu\u0142 magistra piel\u0119gniarstwa. \u015al\u0105ska Akademia  Medyczna Wydzia\u0142 Lekarski  Oddzia\u0142 Piel\u0119gniarski \n<li>2007 r. \u2013 stopie\u0144 doktora nauk humanistycznych w dyscyplinie  pedagogika. Uniwersytet \u015al\u0105ski wKatowicach \n\n\n\n\n\r\n\t\t\t\t\t\t\t\t<br>\r\n\t\t\t\t\t\t\t\t\r\n\t\t\t\t\t\t\t\t<\/div>\r\n\t\t\t\t\t\t\t<\/div>\r\n\t\t\t\t\t\t<\/div>\r\n\t\t\t\t\t<\/div>\r\n\t\t\t\t\t<div class=\"bookmark\">\r\n\t\t\t\t\t\t<div class=\"bookmark__title\">\r\n                            <h3>\r\n                                <span class=\"short\">Zainteresowania badawcze<\/span>\r\n                                <span class=\"long\">Zainteresowania badawcze<\/span>\r\n                            <\/h3>\r\n\t\t\t\t\t\t<\/div>\r\n\t\t\t\t\t\t\r\n\t\t\t\t\t\t<div class=\"bookmark__content-wrap\">\r\n\t\t\t\t\t\t\t<div class=\"bookmark__content\">\r\n\r\n\t\t\t\t\t\t\t\t\r\n\r\n\t\t\t\t\t\t\t\t<div class=\"bookmark_text\" style=\"font-size:20px;\">\r\n\t\t\t\t\t\t\t\t<li>kulturowe i spo\u0142eczno-\u015brodowiskowe uwarunkowania zdrowia i choroby \n<li>dziecko\/ucze\u0144 z chorob\u0105 przewlek\u0142\u0105 w rodzinie i w szkole\n<li>wsp\u00f3\u0142czesne zagro\u017cenia zdrowia i rozwoju \u2013 o potrzebie edukacji zdrowotnej w wybranych siedliskach \n<li>dzieci i m\u0142odzie\u017c w zglobalizowanym (konsumpcyjnym) XXI wieku \u2013potrzeba dzia\u0142a\u0144 profilaktycznych, kompensacyjnych i naprawczych\n\n\n\n\n\n\n\n\n\r\n\t\t\t\t\t\t\t\t<br>\r\n\t\t\t\t\t\t\t\t\r\n\t\t\t\t\t\t\t\t<\/div>\r\n\t\t\t\t\t\t\t<\/div>\r\n\t\t\t\t\t\t<\/div>\r\n\t\t\t\t\t<\/div>\r\n\t\t\t\t\t<div class=\"bookmark\">\r\n\t\t\t\t\t\t<div class=\"bookmark__title\">\r\n                            <h3>\r\n                                <span class=\"short\">Najwa\u017cniejsze osi\u0105gni\u0119cia naukowe, wyr\u00f3\u017cnienia i nagrody<\/span>\r\n                                <span class=\"long\">Najwa\u017cniejsze osi\u0105gni\u0119cia naukowe, wyr\u00f3\u017cnienia i nagrody<\/span>\r\n                            <\/h3>\r\n\t\t\t\t\t\t<\/div>\r\n\t\t\t\t\t\t\r\n\t\t\t\t\t\t<div class=\"bookmark__content-wrap\">\r\n\t\t\t\t\t\t\t<div class=\"bookmark__content\">\r\n\r\n\t\t\t\t\t\t\t\t\r\n\r\n\t\t\t\t\t\t\t\t<div class=\"bookmark_text\" style=\"font-size:20px;\">\r\n\t\t\t\t\t\t\t\t<li>autorka: 32 artyku\u0142\u00f3w opublikowanych w punktowanych czasopismach naukowych w j\u0119zyku polskim i angielskim; 2 monografii w j\u0119zyku polskim, 1 pracy pod redakcj\u0105 naukow\u0105 ( wsp\u00f3\u0142redakcja)\n<li>2015 r. Nagroda Zespo\u0142owa III stopnia\n<li>2015 r. Srebrna Odznaka za Zas\u0142ugi dla Uniwersytetu \u015al\u0105skiego\n\r\n\t\t\t\t\t\t\t\t<br>\r\n\t\t\t\t\t\t\t\t\r\n\t\t\t\t\t\t\t\t<\/div>\r\n\t\t\t\t\t\t\t<\/div>\r\n\t\t\t\t\t\t<\/div>\r\n\t\t\t\t\t<\/div>\r\n\t\t\t\t\t<div class=\"bookmark\">\r\n\t\t\t\t\t\t<div class=\"bookmark__title\">\r\n                            <h3>\r\n                                <span class=\"short\">Sta\u017ce naukowe\/Wizyty studyjne<\/span>\r\n                                <span class=\"long\">Sta\u017ce naukowe\/Wizyty studyjne<\/span>\r\n                            <\/h3>\r\n\t\t\t\t\t\t<\/div>\r\n\t\t\t\t\t\t\r\n\t\t\t\t\t\t<div class=\"bookmark__content-wrap\">\r\n\t\t\t\t\t\t\t<div class=\"bookmark__content\">\r\n\r\n\t\t\t\t\t\t\t\t\r\n\r\n\t\t\t\t\t\t\t\t<div class=\"bookmark_text\" style=\"font-size:20px;\">\r\n\t\t\t\t\t\t\t\t<li>2015 r. sta\u017c naukowy w Instytucie Nauk Pedagogicznych Wydzia\u0142u  Filozoficznego Uniwersytetu Masaryka w Brnie w Republice Czeskiej\n\r\n\t\t\t\t\t\t\t\t<br>\r\n\t\t\t\t\t\t\t\t\r\n\t\t\t\t\t\t\t\t<\/div>\r\n\t\t\t\t\t\t\t<\/div>\r\n\t\t\t\t\t\t<\/div>\r\n\t\t\t\t\t<\/div>\r\n\t\t\t\t\t<div class=\"bookmark\">\r\n\t\t\t\t\t\t<div class=\"bookmark__title\">\r\n                            <h3>\r\n                                <span class=\"short\">Cz\u0142onkostwo w radach naukowych i radach redakcyjnych <\/span>\r\n                                <span class=\"long\">Cz\u0142onkostwo w radach naukowych i radach redakcyjnych <\/span>\r\n                            <\/h3>\r\n\t\t\t\t\t\t<\/div>\r\n\t\t\t\t\t\t\r\n\t\t\t\t\t\t<div class=\"bookmark__content-wrap\">\r\n\t\t\t\t\t\t\t<div class=\"bookmark__content\">\r\n\r\n\t\t\t\t\t\t\t\t\r\n\r\n\t\t\t\t\t\t\t\t<div class=\"bookmark_text\" style=\"font-size:20px;\">\r\n\t\t\t\t\t\t\t\t\r\n\t\t\t\t\t\t\t\t<br>\r\n\t\t\t\t\t\t\t\t\r\n\t\t\t\t\t\t\t\t<\/div>\r\n\t\t\t\t\t\t\t<\/div>\r\n\t\t\t\t\t\t<\/div>\r\n\t\t\t\t\t<\/div><\/div>\r\n\t\t\t\t\t\t<\/div>\r\n\t\t\t\t\t <\/div>[\/vc_column][\/vc_row]<\/p>","protected":false},"excerpt":{"rendered":"<p>[vc_row][vc_column width=&#8221;1\/4&#8243;][vc_single_image image=&#8221;737&#8243; img_size=&#8221;medium&#8221; style=&#8221;vc_box_shadow_3d&#8221;][\/vc_column][vc_column width=&#8221;3\/4&#8243; css=&#8221;.vc_custom_1597521185463{border-bottom-width: -30px !important;}&#8221;][vc_column_text] Stanowisko: Grupa: Specjalno\u015b\u0107: Pok\u00f3j: Telefon: e-mail: Adiunkt Pracownicy badawczo-dydaktyczni Pedagogika &nbsp; &nbsp; alina.dworak@us.edu.pl 0000-0002-5909-8896 [\/vc_column_text][\/vc_column][\/vc_row][vc_row][vc_column][\/vc_column][\/vc_row][vc_row][vc_column css=&#8221;.vc_custom_1597523042561{margin-bottom: -50px !important;}&#8221;][\/vc_column][\/vc_row] [&#8230;]<\/p>\n<p><a class=\"btn btn-secondary understrap-read-more-link\" href=\"https:\/\/us.edu.pl\/instytut\/ipe\/dr-alina-dworak\/\">Read More&#8230;<\/a><\/p>\n","protected":false},"author":2293,"featured_media":0,"parent":0,"menu_order":0,"comment_status":"closed","ping_status":"closed","template":"page-templates\/page-with-bookmarks.php","meta":{"_expiration-date-status":"saved","_expiration-date":0,"_expiration-date-type":"","_expiration-date-categories":[],"_expiration-date-options":[]},"acf":[],"_links":{"self":[{"href":"https:\/\/us.edu.pl\/instytut\/ipe\/wp-json\/wp\/v2\/pages\/1065"}],"collection":[{"href":"https:\/\/us.edu.pl\/instytut\/ipe\/wp-json\/wp\/v2\/pages"}],"about":[{"href":"https:\/\/us.edu.pl\/instytut\/ipe\/wp-json\/wp\/v2\/types\/page"}],"author":[{"embeddable":true,"href":"https:\/\/us.edu.pl\/instytut\/ipe\/wp-json\/wp\/v2\/users\/2293"}],"replies":[{"embeddable":true,"href":"https:\/\/us.edu.pl\/instytut\/ipe\/wp-json\/wp\/v2\/comments?post=1065"}],"version-history":[{"count":2,"href":"https:\/\/us.edu.pl\/instytut\/ipe\/wp-json\/wp\/v2\/pages\/1065\/revisions"}],"predecessor-version":[{"id":1067,"href":"https:\/\/us.edu.pl\/instytut\/ipe\/wp-json\/wp\/v2\/pages\/1065\/revisions\/1067"}],"wp:attachment":[{"href":"https:\/\/us.edu.pl\/instytut\/ipe\/wp-json\/wp\/v2\/media?parent=1065"}],"curies":[{"name":"wp","href":"https:\/\/api.w.org\/{rel}","templated":true}]}}