{"id":1133,"date":"2020-10-24T17:15:35","date_gmt":"2020-10-24T15:15:35","guid":{"rendered":"https:\/\/us.edu.pl\/instytut\/ipe\/?page_id=1133"},"modified":"2020-10-24T17:20:49","modified_gmt":"2020-10-24T15:20:49","slug":"dr-marcin-jurczyk","status":"publish","type":"page","link":"https:\/\/us.edu.pl\/instytut\/ipe\/dr-marcin-jurczyk\/","title":{"rendered":"Dr Marcin Jurczyk"},"content":{"rendered":"<p>[vc_row][vc_column width=&#8221;1\/4&#8243;][vc_single_image image=&#8221;1134&#8243; img_size=&#8221;medium&#8221; style=&#8221;vc_box_shadow_3d&#8221;][\/vc_column][vc_column width=&#8221;3\/4&#8243; css=&#8221;.vc_custom_1597521185463{border-bottom-width: -30px !important;}&#8221;][vc_column_text]<\/p>\n<table style=\"width: 72.9397%\">\n<tbody>\n<tr>\n<td style=\"width: 24.6684%\"><span style=\"font-size: 12pt;font-family: tahoma, arial, helvetica, sans-serif\">Stanowisko:<\/span><\/p>\n<p><span style=\"font-size: 12pt;font-family: tahoma, arial, helvetica, sans-serif\">Grupa:<\/span><\/p>\n<p><span style=\"font-size: 12pt;font-family: tahoma, arial, helvetica, sans-serif\">Specjalno\u015b\u0107:<\/span><\/p>\n<p><span style=\"font-size: 12pt;font-family: tahoma, arial, helvetica, sans-serif\">Pok\u00f3j:<\/span><\/p>\n<p><span style=\"font-size: 12pt;font-family: tahoma, arial, helvetica, sans-serif\">Telefon:<\/span><\/p>\n<p><span style=\"font-size: 12pt;font-family: tahoma, arial, helvetica, sans-serif\">e-mail:<\/span><\/p>\n<p><span style=\"font-size: 12pt;font-family: tahoma, arial, helvetica, sans-serif\"><img class=\"size-full wp-image-275\" src=\"http:\/\/us.edu.pl\/instytut\/im\/wp-content\/uploads\/sites\/43\/Nieprzypisane\/ORCID.png\" alt=\"Logo ORCID\" width=\"71\" height=\"22\" \/><\/span><\/td>\n<td style=\"width: 78.7798%\"><span style=\"font-size: 12pt;font-family: tahoma, arial, helvetica, sans-serif\"><strong>Adiunkt<\/strong><\/span><\/p>\n<p><span style=\"font-size: 12pt;font-family: tahoma, arial, helvetica, sans-serif\"><strong>Pracownicy badawczo-dydaktyczni<\/strong><\/span><\/p>\n<p><span style=\"font-size: 12pt;font-family: tahoma, arial, helvetica, sans-serif\"><strong>Pedagogika<br \/>\n<\/strong><\/span><\/p>\n<p><strong><span style=\"font-family: tahoma, arial, helvetica, sans-serif;font-size: 12pt\">138<\/span><\/strong><\/p>\n<p>&nbsp;<\/p>\n<p><strong><span style=\"font-family: tahoma, arial, helvetica, sans-serif;font-size: medium\">marcin.jurczyk@us.edu.pl<\/span><\/strong><\/p>\n<p><span style=\"font-size: 12pt;font-family: tahoma, arial, helvetica, sans-serif\"><strong><a href=\"https:\/\/orcid.org\/0000-0003-0099-4730\">0000-0003-0099-4730<\/a><\/strong><\/span><\/td>\n<\/tr>\n<\/tbody>\n<\/table>\n<p>[\/vc_column_text][\/vc_column][\/vc_row][vc_row][vc_column]\r\n\t\t\t\t<div class='container'>\r\n\t\t\t\t\t<div class='list-links list-links_blue'>\r\n\t\t\t\t\t\t  \r\n\t\t\t\t\t\t  <ul>\r\n\t\t\t\t\t\t\t\t<li><a href=''><p>Materia\u0142y dodatkowe<\/p><\/a><\/li><\/ul>\r\n\t\t\t\t\t<\/div>\r\n\t\t\t\t<\/div>   \r\n\t\t\t\t\t[\/vc_column][\/vc_row][vc_row][vc_column css=&#8221;.vc_custom_1597523042561{margin-bottom: -50px !important;}&#8221;]\r\n\t\t\t\t\t<div class='container'>\r\n\t\t\t\t\t\t<div class='sidebar_moduls sidebar_dropdown zakladki' style='background-color: #FFFFFF'>\r\n\t\t\t\t\t\t\t<h3 class='page-title'><\/h3>\r\n\t\t\t\t\t\t\t<p class='zakladki__desc'><\/p>\r\n\r\n\t\t\t\t\t\t\t<div class='bookmarks'>\r\n\t\t\t\t\t<div class=\"bookmark\">\r\n\t\t\t\t\t\t<div class=\"bookmark__title\">\r\n                            <h3>\r\n                                <span class=\"short\">Przebieg kariery naukowej<\/span>\r\n                                <span class=\"long\">Przebieg kariery naukowej<\/span>\r\n                            <\/h3>\r\n\t\t\t\t\t\t<\/div>\r\n\t\t\t\t\t\t\r\n\t\t\t\t\t\t<div class=\"bookmark__content-wrap\">\r\n\t\t\t\t\t\t\t<div class=\"bookmark__content\">\r\n\r\n\t\t\t\t\t\t\t\t\r\n\r\n\t\t\t\t\t\t\t\t<div class=\"bookmark_text\" style=\"font-size:20px;\">\r\n\t\t\t\t\t\t\t\t<li>2019 r. Akademia Pedagogiki Specjalnej im. Marii Grzegorzewskiej w Warszawie, Wydzia\u0142 Nauk Pedagogicznych. Obrona rozprawy doktorskiej pt. Uwarunkowania zachowa\u0144 agresywnych adolescent\u00f3w naruszaj\u0105cych normy spo\u0142eczne w \u015bwietle teorii napi\u0119cia Roberta Agnew. Studium empiryczne z zakresu pedagogiki resocjalizacyjnej (promotor: Prof. UW dr hab. Danuta Lalak, Dyrektor Instytutu Profilaktyki Spo\u0142ecznej i Resocjalizacji UW; recenzenci: prof. zw. dr hab. Krystyna Marzec-Holka, UW; dr hab. Mariusz Sztuka, UJ). Uzyskany stopie\u0144 naukowy: doktor w dziedzinie nauk spo\u0142ecznych w dyscyplinie naukowej pedagogika.\n<li>2019 r. Wy\u017csza Szko\u0142a Nauk Pedagogicznych w Warszawie, Instytut Studi\u00f3w Podyplomowych, Studia podyplomowe: Zarz\u0105dzanie w o\u015bwiacie.\n<li>2016 r. Seminarium doktoranckie w Instytucie Nauk Spo\u0142ecznych Polskiego Uniwersytetu Na Obczy\u017anie w Londynie.\n<li>2008 r.  Uniwersytet Jagiello\u0144ski w Krakowie, Wydzia\u0142 Filozoficzny, Instytut Pedagogiki. Kierunek pedagogika o specjalno\u015bci resocjalizacja. Uzyskany tytu\u0142 zawodowy: magister pedagogiki o specjalno\u015bci resocjalizacja.\n<br>\n<br>\nCertyfikaty i dyplomy zawodowe: \n<li>Qualified Teacher Status (QTS), Department for Education UK, Teacher Reference Number: 1656258, England 2015.\n<li>NVQ 3: Diploma for Residential Childcare, National Vocational Qualifications, Child Care Company, England 2019.\n<li>SVQ 2: Diploma for Health and Social Care, Scottish Vocational Qualifications, Scotland 2011.\n<li>W latach 2019-2020 roku adiunkt w Zak\u0142adzie Psychologii Stosowanej Instytutu Nauk Spo\u0142ecznych Polskiego Uniwersytetu Na Obczy\u017anie w Londynie. W latach 2014-2018 asystent w tym\u017ce zak\u0142adzie. W latach 2019-2020 wychowawca w zak\u0142adzie resocjalizacyjnym dla nieletnich w Wielkiej Brytanii (Oakhill Secure Training Centre). Posiada do\u015bwiadczenie w pracy z m\u0142odzie\u017c\u0105 niedostosowan\u0105 spo\u0142ecznie oraz z dzie\u0107mi i doros\u0142ymi wykazuj\u0105cymi zaburzenia psychiczne. Uzyska\u0142 brytyjski status wykwalifikowanego nauczyciela przydzielony przez Ministerstwo Edukacji w Wielkiej Brytanii - Qualified Teacher Status (QTS Certificate). W ramach pracy kuratora spo\u0142ecznego wsp\u00f3\u0142pracowa\u0142 z Northamptonshire Youth Offending Service (2016-2019), w kt\u00f3rym jako cz\u0142onek dzia\u0142u opieki nad nieletnim i jego rodzin\u0105 zajmowa\u0142em si\u0119 sprawowaniem pieczy nad nieletnimi bezpo\u015brednio skierowanymi przez s\u0105d na okres pr\u00f3by. W latach 2017-2019 starszy wychowawca w domu dziecka w Wielkiej Brytanii. W latach 2008-2009 r. odby\u0142 przygotowanie zawodowe w Zak\u0142adzie Poprawczym i Schronisku dla Nieletnich w Zawierciu.\n<br>\n<br>\nZrealizowane projekty badawcze:\n<li>2020: Ocena nasilenia agresywno\u015bci i l\u0119ku w\u015br\u00f3d pracownik\u00f3w s\u0142u\u017cby wi\u0119ziennej w Wielkiej Brytanii (kierownik projektu)\n<li>2016: Formy oraz nasilenie nieprzystosowania spo\u0142ecznego w\u015br\u00f3d m\u0142odzie\u017cy (kierownik projektu)\n<li>2015: Uwarunkowania zachowa\u0144 naruszaj\u0105cych normy prawne i spo\u0142eczne w\u015br\u00f3d nieletnich oraz m\u0142odzie\u017cy ponadgimnazjalnej w \u015bwietle og\u00f3lnej teorii napi\u0119cia R. Agnew (kierownik projektu).\n<li>2015: Formy oraz nasilenie zachowa\u0144 agresywnych w\u015br\u00f3d nieletnich oraz uczni\u00f3w szk\u00f3\u0142 ponadgimnazjalnych (kierownik projektu)\n<li>2016: Formy oraz nasilenie zachowa\u0144 l\u0119kowych w\u015br\u00f3d m\u0142odzie\u017cy (kierownik projektu).\n<li>2015: Zjawisko wypalenia zawodowego w\u015br\u00f3d pracownik\u00f3w pomocy spo\u0142ecznej w Polsce i Wielkiej Brytanii (kierownik projektu).\n<li>2015: Poziom agresji i l\u0119ku w\u015br\u00f3d osadzonych recydywist\u00f3w oraz pierwszy raz karanych.\n<li>2015: Poziom l\u0119ku os\u00f3b bezrobotnych w Polsce i Wielkiej Brytanii.\n<li>2008: Aktywizuj\u0105ca i relaksuj\u0105ca rola muzyki a zachowania manifestowane przez nieletnie sprawczynie czyn\u00f3w karalnych.\n\r\n\t\t\t\t\t\t\t\t<br>\r\n\t\t\t\t\t\t\t\t\r\n\t\t\t\t\t\t\t\t<\/div>\r\n\t\t\t\t\t\t\t<\/div>\r\n\t\t\t\t\t\t<\/div>\r\n\t\t\t\t\t<\/div>\r\n\t\t\t\t\t<div class=\"bookmark\">\r\n\t\t\t\t\t\t<div class=\"bookmark__title\">\r\n                            <h3>\r\n                                <span class=\"short\">Zainteresowania badawcze<\/span>\r\n                                <span class=\"long\">Zainteresowania badawcze<\/span>\r\n                            <\/h3>\r\n\t\t\t\t\t\t<\/div>\r\n\t\t\t\t\t\t\r\n\t\t\t\t\t\t<div class=\"bookmark__content-wrap\">\r\n\t\t\t\t\t\t\t<div class=\"bookmark__content\">\r\n\r\n\t\t\t\t\t\t\t\t\r\n\r\n\t\t\t\t\t\t\t\t<div class=\"bookmark_text\" style=\"font-size:20px;\">\r\n\t\t\t\t\t\t\t\tPedagogika resocjalizacyjna, pedagogika penitencjarna, patologie spo\u0142eczne, przest\u0119pczo\u015b\u0107 nieletnich, diagnoza pedagogiczna\/resocjalizacyjna, agresywno\u015b\u0107 m\u0142odzie\u017cy, resocjalizacja na \u015bwiecie, organizacja i zarz\u0105dzanie plac\u00f3wkami resocjalizacyjnymi, penitencjarystyka, stres w etiologii zachowa\u0144 przest\u0119pczych, teorie napi\u0119cia.\r\n\t\t\t\t\t\t\t\t<br>\r\n\t\t\t\t\t\t\t\t\r\n\t\t\t\t\t\t\t\t<\/div>\r\n\t\t\t\t\t\t\t<\/div>\r\n\t\t\t\t\t\t<\/div>\r\n\t\t\t\t\t<\/div>\r\n\t\t\t\t\t<div class=\"bookmark\">\r\n\t\t\t\t\t\t<div class=\"bookmark__title\">\r\n                            <h3>\r\n                                <span class=\"short\">Najwa\u017cniejsze osi\u0105gni\u0119cia naukowe, wyr\u00f3\u017cnienia i nagrody<\/span>\r\n                                <span class=\"long\">Najwa\u017cniejsze osi\u0105gni\u0119cia naukowe, wyr\u00f3\u017cnienia i nagrody<\/span>\r\n                            <\/h3>\r\n\t\t\t\t\t\t<\/div>\r\n\t\t\t\t\t\t\r\n\t\t\t\t\t\t<div class=\"bookmark__content-wrap\">\r\n\t\t\t\t\t\t\t<div class=\"bookmark__content\">\r\n\r\n\t\t\t\t\t\t\t\t\r\n\r\n\t\t\t\t\t\t\t\t<div class=\"bookmark_text\" style=\"font-size:20px;\">\r\n\t\t\t\t\t\t\t\tAutor m.in. 28 artyku\u0142\u00f3w naukowych z zakresu resocjalizacji, 8 recenzji\n\r\n\t\t\t\t\t\t\t\t<br>\r\n\t\t\t\t\t\t\t\t\r\n\t\t\t\t\t\t\t\t<\/div>\r\n\t\t\t\t\t\t\t<\/div>\r\n\t\t\t\t\t\t<\/div>\r\n\t\t\t\t\t<\/div>\r\n\t\t\t\t\t<div class=\"bookmark\">\r\n\t\t\t\t\t\t<div class=\"bookmark__title\">\r\n                            <h3>\r\n                                <span class=\"short\">Sta\u017ce naukowe\/Wizyty studyjne<\/span>\r\n                                <span class=\"long\">Sta\u017ce naukowe\/Wizyty studyjne<\/span>\r\n                            <\/h3>\r\n\t\t\t\t\t\t<\/div>\r\n\t\t\t\t\t\t\r\n\t\t\t\t\t\t<div class=\"bookmark__content-wrap\">\r\n\t\t\t\t\t\t\t<div class=\"bookmark__content\">\r\n\r\n\t\t\t\t\t\t\t\t\r\n\r\n\t\t\t\t\t\t\t\t<div class=\"bookmark_text\" style=\"font-size:20px;\">\r\n\t\t\t\t\t\t\t\t<li>studenckie stypendium w ramach programu LLP - Erasmus w Instytucie Kszta\u0142cenia\nPedagogicznego w Cambrai (Francja) w 2007 roku;\n<li>sta\u017c w ramach programu LLP - Erasmus w Uniwersytecie Katolickim w Lille (Francja) w 2010 roku;\n<li>sta\u017c w ramach programu Erasmus+ w Uniwersytecie Palackiego w O\u0142omu\u0144cu (Republika Czeska) w 2019 roku.\n\r\n\t\t\t\t\t\t\t\t<br>\r\n\t\t\t\t\t\t\t\t\r\n\t\t\t\t\t\t\t\t<\/div>\r\n\t\t\t\t\t\t\t<\/div>\r\n\t\t\t\t\t\t<\/div>\r\n\t\t\t\t\t<\/div>\r\n\t\t\t\t\t<div class=\"bookmark\">\r\n\t\t\t\t\t\t<div class=\"bookmark__title\">\r\n                            <h3>\r\n                                <span class=\"short\">Cz\u0142onkostwo w radach naukowych i radach redakcyjnych <\/span>\r\n                                <span class=\"long\">Cz\u0142onkostwo w radach naukowych i radach redakcyjnych <\/span>\r\n                            <\/h3>\r\n\t\t\t\t\t\t<\/div>\r\n\t\t\t\t\t\t\r\n\t\t\t\t\t\t<div class=\"bookmark__content-wrap\">\r\n\t\t\t\t\t\t\t<div class=\"bookmark__content\">\r\n\r\n\t\t\t\t\t\t\t\t\r\n\r\n\t\t\t\t\t\t\t\t<div class=\"bookmark_text\" style=\"font-size:20px;\">\r\n\t\t\t\t\t\t\t\tCz\u0142onek rady redakcyjnej\n<li>American Journal of Psychiatry and Neuroscience\n<br>\n<br>\nCz\u0142onkostwo\n<li>International Society for Research on Aggression.\n<li>The International Corrections and Prisons Association\n<br>\n<br>\nRecenzent\n\n<li>Crime & Delinquency\n<li>African Educational Research Journal\n<li>Psychologia Wychowawcza\n\r\n\t\t\t\t\t\t\t\t<br>\r\n\t\t\t\t\t\t\t\t\r\n\t\t\t\t\t\t\t\t<\/div>\r\n\t\t\t\t\t\t\t<\/div>\r\n\t\t\t\t\t\t<\/div>\r\n\t\t\t\t\t<\/div><\/div>\r\n\t\t\t\t\t\t<\/div>\r\n\t\t\t\t\t <\/div>[\/vc_column][\/vc_row]<\/p>","protected":false},"excerpt":{"rendered":"<p>[vc_row][vc_column width=&#8221;1\/4&#8243;][vc_single_image image=&#8221;1134&#8243; img_size=&#8221;medium&#8221; style=&#8221;vc_box_shadow_3d&#8221;][\/vc_column][vc_column width=&#8221;3\/4&#8243; css=&#8221;.vc_custom_1597521185463{border-bottom-width: -30px !important;}&#8221;][vc_column_text] Stanowisko: Grupa: Specjalno\u015b\u0107: Pok\u00f3j: Telefon: e-mail: Adiunkt Pracownicy badawczo-dydaktyczni Pedagogika 138 &nbsp; marcin.jurczyk@us.edu.pl 0000-0003-0099-4730 [\/vc_column_text][\/vc_column][\/vc_row][vc_row][vc_column][\/vc_column][\/vc_row][vc_row][vc_column css=&#8221;.vc_custom_1597523042561{margin-bottom: -50px !important;}&#8221;][\/vc_column][\/vc_row] [&#8230;]<\/p>\n<p><a class=\"btn btn-secondary understrap-read-more-link\" href=\"https:\/\/us.edu.pl\/instytut\/ipe\/dr-marcin-jurczyk\/\">Read More&#8230;<\/a><\/p>\n","protected":false},"author":2293,"featured_media":0,"parent":0,"menu_order":0,"comment_status":"closed","ping_status":"closed","template":"page-templates\/page-with-bookmarks.php","meta":{"_expiration-date-status":"saved","_expiration-date":0,"_expiration-date-type":"","_expiration-date-categories":[],"_expiration-date-options":[]},"acf":[],"_links":{"self":[{"href":"https:\/\/us.edu.pl\/instytut\/ipe\/wp-json\/wp\/v2\/pages\/1133"}],"collection":[{"href":"https:\/\/us.edu.pl\/instytut\/ipe\/wp-json\/wp\/v2\/pages"}],"about":[{"href":"https:\/\/us.edu.pl\/instytut\/ipe\/wp-json\/wp\/v2\/types\/page"}],"author":[{"embeddable":true,"href":"https:\/\/us.edu.pl\/instytut\/ipe\/wp-json\/wp\/v2\/users\/2293"}],"replies":[{"embeddable":true,"href":"https:\/\/us.edu.pl\/instytut\/ipe\/wp-json\/wp\/v2\/comments?post=1133"}],"version-history":[{"count":2,"href":"https:\/\/us.edu.pl\/instytut\/ipe\/wp-json\/wp\/v2\/pages\/1133\/revisions"}],"predecessor-version":[{"id":1136,"href":"https:\/\/us.edu.pl\/instytut\/ipe\/wp-json\/wp\/v2\/pages\/1133\/revisions\/1136"}],"wp:attachment":[{"href":"https:\/\/us.edu.pl\/instytut\/ipe\/wp-json\/wp\/v2\/media?parent=1133"}],"curies":[{"name":"wp","href":"https:\/\/api.w.org\/{rel}","templated":true}]}}