{"id":1160,"date":"2020-10-31T15:11:43","date_gmt":"2020-10-31T14:11:43","guid":{"rendered":"https:\/\/us.edu.pl\/instytut\/ipe\/?page_id=1160"},"modified":"2020-10-31T15:14:02","modified_gmt":"2020-10-31T14:14:02","slug":"dr-hab-beata-mazepa-domagala","status":"publish","type":"page","link":"https:\/\/us.edu.pl\/instytut\/ipe\/dr-hab-beata-mazepa-domagala\/","title":{"rendered":"Dr hab. Beata Mazepa-Domaga\u0142a prof. U\u015a"},"content":{"rendered":"<p>[vc_row][vc_column width=&#8221;1\/4&#8243;][vc_single_image image=&#8221;1161&#8243; img_size=&#8221;medium&#8221; style=&#8221;vc_box_shadow_3d&#8221;][\/vc_column][vc_column width=&#8221;3\/4&#8243; css=&#8221;.vc_custom_1597521185463{border-bottom-width: -30px !important;}&#8221;][vc_column_text]<\/p>\n<table style=\"width: 72.9397%\">\n<tbody>\n<tr>\n<td style=\"width: 24.6684%\"><span style=\"font-size: 12pt;font-family: tahoma, arial, helvetica, sans-serif\">Stanowisko:<\/span><\/p>\n<p><span style=\"font-size: 12pt;font-family: tahoma, arial, helvetica, sans-serif\">Grupa:<\/span><\/p>\n<p><span style=\"font-size: 12pt;font-family: tahoma, arial, helvetica, sans-serif\">Specjalno\u015b\u0107:<\/span><\/p>\n<p><span style=\"font-size: 12pt;font-family: tahoma, arial, helvetica, sans-serif\">Pok\u00f3j:<\/span><\/p>\n<p><span style=\"font-size: 12pt;font-family: tahoma, arial, helvetica, sans-serif\">Telefon:<\/span><\/p>\n<p><span style=\"font-size: 12pt;font-family: tahoma, arial, helvetica, sans-serif\">e-mail:<\/span><\/p>\n<p><span style=\"font-size: 12pt;font-family: tahoma, arial, helvetica, sans-serif\"><img class=\"size-full wp-image-275\" src=\"http:\/\/us.edu.pl\/instytut\/im\/wp-content\/uploads\/sites\/43\/Nieprzypisane\/ORCID.png\" alt=\"Logo ORCID\" width=\"71\" height=\"22\" \/><\/span><\/td>\n<td style=\"width: 78.7798%\"><span style=\"font-size: 12pt;font-family: tahoma, arial, helvetica, sans-serif\"><strong>Profesor Uczelni<\/strong><\/span><\/p>\n<p><span style=\"font-size: 12pt;font-family: tahoma, arial, helvetica, sans-serif\"><strong>Pracownicy badawczo-dydaktyczni<\/strong><\/span><\/p>\n<p><span style=\"font-size: 12pt;font-family: tahoma, arial, helvetica, sans-serif\"><strong>Pedagogika<br \/>\n<\/strong><\/span><\/p>\n<p><strong><span style=\"font-family: tahoma, arial, helvetica, sans-serif;font-size: 12pt\">430<\/span><\/strong><\/p>\n<p>&nbsp;<\/p>\n<p><strong><span style=\"font-family: tahoma, arial, helvetica, sans-serif;font-size: medium\">beata.mazepa-domagala@us.edu.pl<\/span><\/strong><\/p>\n<p><span style=\"font-size: 12pt;font-family: tahoma, arial, helvetica, sans-serif\"><strong><a href=\"https:\/\/orcid.org\/0000-0002-9651-0640\">0000-0002-9651-0640<\/a><\/strong><\/span><\/td>\n<\/tr>\n<\/tbody>\n<\/table>\n<p>[\/vc_column_text][\/vc_column][\/vc_row][vc_row][vc_column]\r\n\t\t\t\t<div class='container'>\r\n\t\t\t\t\t<div class='list-links list-links_blue'>\r\n\t\t\t\t\t\t  \r\n\t\t\t\t\t\t  <ul>\r\n\t\t\t\t\t\t\t\t<li><a href=''><p>Materia\u0142y dodatkowe<\/p><\/a><\/li><\/ul>\r\n\t\t\t\t\t<\/div>\r\n\t\t\t\t<\/div>   \r\n\t\t\t\t\t[\/vc_column][\/vc_row][vc_row][vc_column css=&#8221;.vc_custom_1597523042561{margin-bottom: -50px !important;}&#8221;]\r\n\t\t\t\t\t<div class='container'>\r\n\t\t\t\t\t\t<div class='sidebar_moduls sidebar_dropdown zakladki' style='background-color: #FFFFFF'>\r\n\t\t\t\t\t\t\t<h3 class='page-title'><\/h3>\r\n\t\t\t\t\t\t\t<p class='zakladki__desc'><\/p>\r\n\r\n\t\t\t\t\t\t\t<div class='bookmarks'>\r\n\t\t\t\t\t<div class=\"bookmark\">\r\n\t\t\t\t\t\t<div class=\"bookmark__title\">\r\n                            <h3>\r\n                                <span class=\"short\">Przebieg kariery naukowej<\/span>\r\n                                <span class=\"long\">Przebieg kariery naukowej<\/span>\r\n                            <\/h3>\r\n\t\t\t\t\t\t<\/div>\r\n\t\t\t\t\t\t\r\n\t\t\t\t\t\t<div class=\"bookmark__content-wrap\">\r\n\t\t\t\t\t\t\t<div class=\"bookmark__content\">\r\n\r\n\t\t\t\t\t\t\t\t\r\n\r\n\t\t\t\t\t\t\t\t<div class=\"bookmark_text\" style=\"font-size:20px;\">\r\n\t\t\t\t\t\t\t\t<li>1988 \u2013 uzyskanie tytu\u0142u magistra nauczania pocz\u0105tkowego. Uniwersytet \u015al\u0105ski, Wydzia\u0142 Pedagogiki i Psychologii \n<li>1998 \u2013 uzyskanie stopnia doktora nauk humanistycznych. Uniwersytet \u015al\u0105ski, Wydzia\u0142 Pedagogiki i Psychologii \n<li>2011 \u2013 uzyskanie stopnia doktora habilitowanego nauk humanistycznych w zakresie pedagogiki. Uniwersytet \u015al\u0105ski, Wydzia\u0142 Pedagogiki i Psychologii\n<li>2019 \u2013 mianowanie na stanowisko profesora Uniwersytetu \u015al\u0105skiego\n<br>\n<br>\n<b>Projekty badawcze indywidualne:<\/b>\n<li>Tre\u015bci przekaz\u00f3w informacyjnych polskich czasopism og\u00f3lnopedagogicznych \nw okresie transformacji ustrojowej w latach 1989-1995. (2002)\n<li>Analiza jako\u015bci dzieci\u0119cych wytwor\u00f3w plastycznych w kierunku swobodnej ekspresji artystycznej. (2003)\n<li>Edukacja plastyczna dziecka \u2013 ekspresja i percepcja. Kreowanie warto\u015bci estetycznych i pozaestetycznych w procesie tw\u00f3rczym. (2004)\n<li>Sztuka w procesie edukacji dziecka w m\u0142odszym wieku szkolnym. Kompetencje artystyczne jako warunki odbioru i tworzenia wytwor\u00f3w sztuki. (2005)\n<li>Ilustracja w ksi\u0105\u017cce dla odbiorc\u00f3w w okresie przedczytelniczym - Studium projektowe. (2006)\n<li>Kompetencje wizualne dziecka. Percepcja obrazu w relacji intersemiotycznej \nz tekstem - prawid\u0142owo\u015bci dekodacji waloryzacji. (2007) \n<br>\n<br>\n<b>Projekty badawcze mi\u0119dzynarodowe:<\/b>\n<li>Projekt VEGA 1\/3632\/06: Drogi integracji. Etiologia pedagogiki integracyjnej i jej implementacja do praktyki pedagogicznej przy uwzgl\u0119dnieniu wsp\u00f3\u0142czesnych trend\u00f3w w edukacji. (Cesty k inkluzie Vychodiska inkluzivnej pedgogiky a ich impementacia v pedagogickej praxi novodobnych trendom edukacie) Kier. projektu: prof. dr hab. Peter Seidler, Constantine the Philosopher University, Nitra (S\u0142owacja). Projekt finansowany przez S\u0142owack\u0105 Akademi\u0119 Nauk oraz Ministerstwo Szkolnictwa Wy\u017cszego w S\u0142owacji.\n<br>\n<be>\n<b>Projekt naukowo-artystyczny:<\/b>\n<li>Utworzenie Centrum Ekspresji Dzieci\u0119cej przy Bibliotece \u015al\u0105skiej w Katowicach (2003)\n<li>Organizacja Og\u00f3lnopolskiego Festiwalu Ekspresji Dzieci\u0119cej i Og\u00f3lnopolskiej konferencji Naukowej nt. Sztuka i edukacja, edukacja przez sztuk\u0119 (Edycje 2003 - 2009).\n<br>\n<br>\n<b>Wa\u017cniejsze funkcje:<\/b>\n<li>Prodziekan ds. Studi\u00f3w Stacjonarnych Wydzia\u0142 Pedagogiki i Psychologii Uniwersytetu \u015al\u0105skiego w Katowicach - kadencja 2012-2016; 2016-2019\n<li>Cz\u0142onkini Senackiej Komisji Kszta\u0142cenia -kadencja 2012-2016; 2016-2019\n<li>Przewodnicz\u0105ca Wydzia\u0142owego Zespo\u0142u ds. opracowania program\u00f3w studi\u00f3w kier. Pedagogika; Pedagogika Przedszkolna i Wczesnoszkolna \n<li>Przewodnicz\u0105ca Wydzia\u0142owego Zespo\u0142u ds. dostosowania program\u00f3w studi\u00f3w do przepis\u00f3w ustawy z dnia 20 lipca 2018 r. Prawo o szkolnictwie wy\u017cszym i nauce (Dz. U. poz. 1668, z p\u00f3\u017an. zm.)\n<li>Cz\u0142onkini Uczelnianej Komisji Rekrutacyjnej w roku ak. 2015\/16; 2016\/17; 2017\/18;\n<li>Wiceprzewodnicz\u0105ca Uczelnianej Komisji Rekrutacyjnej w roku ak. 2018\/2019\n\n\r\n\t\t\t\t\t\t\t\t<br>\r\n\t\t\t\t\t\t\t\t\r\n\t\t\t\t\t\t\t\t<\/div>\r\n\t\t\t\t\t\t\t<\/div>\r\n\t\t\t\t\t\t<\/div>\r\n\t\t\t\t\t<\/div>\r\n\t\t\t\t\t<div class=\"bookmark\">\r\n\t\t\t\t\t\t<div class=\"bookmark__title\">\r\n                            <h3>\r\n                                <span class=\"short\">Zainteresowania badawcze<\/span>\r\n                                <span class=\"long\">Zainteresowania badawcze<\/span>\r\n                            <\/h3>\r\n\t\t\t\t\t\t<\/div>\r\n\t\t\t\t\t\t\r\n\t\t\t\t\t\t<div class=\"bookmark__content-wrap\">\r\n\t\t\t\t\t\t\t<div class=\"bookmark__content\">\r\n\r\n\t\t\t\t\t\t\t\t\r\n\r\n\t\t\t\t\t\t\t\t<div class=\"bookmark_text\" style=\"font-size:20px;\">\r\n\t\t\t\t\t\t\t\tZasadnicz\u0105 p\u0142aszczyzn\u0105 docieka\u0144 badawczych jest edukacja i wychowanie dziecka w m\u0142odszym wieku szkolnym. Dzia\u0142ania eksploracyjne obejmuj\u0105 problematyk\u0119 obcowania kilkulatka ze sztuk\u0105-plastyk\u0105, w wymiarze odbiorczym i tw\u00f3rczym (Edukacja plastyczna dziecka w m\u0142odszym wieku szkolnym; Aktywno\u015b\u0107 plastyczna ma\u0142ego dziecka; Sztuka i ekspresja dziecka; Dzieci\u0119ce preferencje recepcyjne przekaz\u00f3w wizualnych; Warto\u015bciowanie dzieci\u0119cych wytwor\u00f3w plastycznych)\r\n\t\t\t\t\t\t\t\t<br>\r\n\t\t\t\t\t\t\t\t\r\n\t\t\t\t\t\t\t\t<\/div>\r\n\t\t\t\t\t\t\t<\/div>\r\n\t\t\t\t\t\t<\/div>\r\n\t\t\t\t\t<\/div>\r\n\t\t\t\t\t<div class=\"bookmark\">\r\n\t\t\t\t\t\t<div class=\"bookmark__title\">\r\n                            <h3>\r\n                                <span class=\"short\">Najwa\u017cniejsze osi\u0105gni\u0119cia naukowe, wyr\u00f3\u017cnienia i nagrody<\/span>\r\n                                <span class=\"long\">Najwa\u017cniejsze osi\u0105gni\u0119cia naukowe, wyr\u00f3\u017cnienia i nagrody<\/span>\r\n                            <\/h3>\r\n\t\t\t\t\t\t<\/div>\r\n\t\t\t\t\t\t\r\n\t\t\t\t\t\t<div class=\"bookmark__content-wrap\">\r\n\t\t\t\t\t\t\t<div class=\"bookmark__content\">\r\n\r\n\t\t\t\t\t\t\t\t\r\n\r\n\t\t\t\t\t\t\t\t<div class=\"bookmark_text\" style=\"font-size:20px;\">\r\n\t\t\t\t\t\t\t\t<li>Autorka 45 publikacji naukowych, w tym 3 monografii oraz wsp\u00f3\u0142redaktorka 6 monografii zbiorowych\n<li>Srebrna Odznaka za zas\u0142ugi dla Uniwersytetu \u015al\u0105skiego (2015)\n<li>Nagroda Ministra Nauki i Szkolnictwa Wy\u017cszego za osi\u0105gni\u0119cia naukowe II stopnia (2012)\n<li>Nagroda im. Marii Weryho-Radziwi\u0142\u0142owicz za szczeg\u00f3lny wk\u0142ad w edukacj\u0119 przedszkoln\u0105 i wychowanie dzieci oraz wp\u0142yw na wszechstronny rozw\u00f3j dziecka, przyznawanej osobowo\u015bciom oraz instytucjom przez miesi\u0119cznik Bli\u017cej Przedszkola (2011)\n\r\n\t\t\t\t\t\t\t\t<br>\r\n\t\t\t\t\t\t\t\t\r\n\t\t\t\t\t\t\t\t<\/div>\r\n\t\t\t\t\t\t\t<\/div>\r\n\t\t\t\t\t\t<\/div>\r\n\t\t\t\t\t<\/div>\r\n\t\t\t\t\t<div class=\"bookmark\">\r\n\t\t\t\t\t\t<div class=\"bookmark__title\">\r\n                            <h3>\r\n                                <span class=\"short\">Sta\u017ce naukowe\/Wizyty studyjne<\/span>\r\n                                <span class=\"long\">Sta\u017ce naukowe\/Wizyty studyjne<\/span>\r\n                            <\/h3>\r\n\t\t\t\t\t\t<\/div>\r\n\t\t\t\t\t\t\r\n\t\t\t\t\t\t<div class=\"bookmark__content-wrap\">\r\n\t\t\t\t\t\t\t<div class=\"bookmark__content\">\r\n\r\n\t\t\t\t\t\t\t\t\r\n\r\n\t\t\t\t\t\t\t\t<div class=\"bookmark_text\" style=\"font-size:20px;\">\r\n\t\t\t\t\t\t\t\t\r\n\t\t\t\t\t\t\t\t<br>\r\n\t\t\t\t\t\t\t\t\r\n\t\t\t\t\t\t\t\t<\/div>\r\n\t\t\t\t\t\t\t<\/div>\r\n\t\t\t\t\t\t<\/div>\r\n\t\t\t\t\t<\/div>\r\n\t\t\t\t\t<div class=\"bookmark\">\r\n\t\t\t\t\t\t<div class=\"bookmark__title\">\r\n                            <h3>\r\n                                <span class=\"short\">Cz\u0142onkostwo w radach naukowych i radach redakcyjnych <\/span>\r\n                                <span class=\"long\">Cz\u0142onkostwo w radach naukowych i radach redakcyjnych <\/span>\r\n                            <\/h3>\r\n\t\t\t\t\t\t<\/div>\r\n\t\t\t\t\t\t\r\n\t\t\t\t\t\t<div class=\"bookmark__content-wrap\">\r\n\t\t\t\t\t\t\t<div class=\"bookmark__content\">\r\n\r\n\t\t\t\t\t\t\t\t\r\n\r\n\t\t\t\t\t\t\t\t<div class=\"bookmark_text\" style=\"font-size:20px;\">\r\n\t\t\t\t\t\t\t\tRecenzentka w periodykach  naukowych\n<li>Nauczyciel i Szko\u0142a\n<li>The New Educational Review, Wydawnictwo Adam Marsza\u0142ek\r\n\t\t\t\t\t\t\t\t<br>\r\n\t\t\t\t\t\t\t\t\r\n\t\t\t\t\t\t\t\t<\/div>\r\n\t\t\t\t\t\t\t<\/div>\r\n\t\t\t\t\t\t<\/div>\r\n\t\t\t\t\t<\/div><\/div>\r\n\t\t\t\t\t\t<\/div>\r\n\t\t\t\t\t <\/div>[\/vc_column][\/vc_row]<\/p>","protected":false},"excerpt":{"rendered":"<p>[vc_row][vc_column width=&#8221;1\/4&#8243;][vc_single_image image=&#8221;1161&#8243; img_size=&#8221;medium&#8221; style=&#8221;vc_box_shadow_3d&#8221;][\/vc_column][vc_column width=&#8221;3\/4&#8243; css=&#8221;.vc_custom_1597521185463{border-bottom-width: -30px !important;}&#8221;][vc_column_text] Stanowisko: Grupa: Specjalno\u015b\u0107: Pok\u00f3j: Telefon: e-mail: Profesor Uczelni Pracownicy badawczo-dydaktyczni Pedagogika 430 &nbsp; beata.mazepa-domagala@us.edu.pl 0000-0002-9651-0640 [\/vc_column_text][\/vc_column][\/vc_row][vc_row][vc_column][\/vc_column][\/vc_row][vc_row][vc_column css=&#8221;.vc_custom_1597523042561{margin-bottom: -50px !important;}&#8221;][\/vc_column][\/vc_row] [&#8230;]<\/p>\n<p><a class=\"btn btn-secondary understrap-read-more-link\" href=\"https:\/\/us.edu.pl\/instytut\/ipe\/dr-hab-beata-mazepa-domagala\/\">Read More&#8230;<\/a><\/p>\n","protected":false},"author":2293,"featured_media":0,"parent":0,"menu_order":0,"comment_status":"closed","ping_status":"closed","template":"page-templates\/page-with-bookmarks.php","meta":{"_expiration-date-status":"saved","_expiration-date":0,"_expiration-date-type":"","_expiration-date-categories":[],"_expiration-date-options":[]},"acf":[],"_links":{"self":[{"href":"https:\/\/us.edu.pl\/instytut\/ipe\/wp-json\/wp\/v2\/pages\/1160"}],"collection":[{"href":"https:\/\/us.edu.pl\/instytut\/ipe\/wp-json\/wp\/v2\/pages"}],"about":[{"href":"https:\/\/us.edu.pl\/instytut\/ipe\/wp-json\/wp\/v2\/types\/page"}],"author":[{"embeddable":true,"href":"https:\/\/us.edu.pl\/instytut\/ipe\/wp-json\/wp\/v2\/users\/2293"}],"replies":[{"embeddable":true,"href":"https:\/\/us.edu.pl\/instytut\/ipe\/wp-json\/wp\/v2\/comments?post=1160"}],"version-history":[{"count":2,"href":"https:\/\/us.edu.pl\/instytut\/ipe\/wp-json\/wp\/v2\/pages\/1160\/revisions"}],"predecessor-version":[{"id":1163,"href":"https:\/\/us.edu.pl\/instytut\/ipe\/wp-json\/wp\/v2\/pages\/1160\/revisions\/1163"}],"wp:attachment":[{"href":"https:\/\/us.edu.pl\/instytut\/ipe\/wp-json\/wp\/v2\/media?parent=1160"}],"curies":[{"name":"wp","href":"https:\/\/api.w.org\/{rel}","templated":true}]}}