{"id":1166,"date":"2020-10-31T15:30:54","date_gmt":"2020-10-31T14:30:54","guid":{"rendered":"https:\/\/us.edu.pl\/instytut\/ipe\/?page_id=1166"},"modified":"2022-12-15T22:24:29","modified_gmt":"2022-12-15T21:24:29","slug":"mgr-katarzyna-maliszewska","status":"publish","type":"page","link":"https:\/\/us.edu.pl\/instytut\/ipe\/mgr-katarzyna-maliszewska\/","title":{"rendered":"Dr Katarzyna Maliszewska"},"content":{"rendered":"<p>[vc_row][vc_column width=&#8221;1\/4&#8243;][vc_single_image image=&#8221;737&#8243; img_size=&#8221;medium&#8221; style=&#8221;vc_box_shadow_3d&#8221;][\/vc_column][vc_column width=&#8221;3\/4&#8243; css=&#8221;.vc_custom_1597521185463{border-bottom-width: -30px !important;}&#8221;][vc_column_text]<\/p>\n<table style=\"width: 72.9397%;\">\n<tbody>\n<tr>\n<td style=\"width: 24.6684%;\"><span style=\"font-size: 12pt; font-family: tahoma, arial, helvetica, sans-serif;\">Stanowisko:<\/span><\/p>\n<p><span style=\"font-size: 12pt; font-family: tahoma, arial, helvetica, sans-serif;\">Grupa:<\/span><\/p>\n<p><span style=\"font-size: 12pt; font-family: tahoma, arial, helvetica, sans-serif;\">Specjalno\u015b\u0107:<\/span><\/p>\n<p><span style=\"font-size: 12pt; font-family: tahoma, arial, helvetica, sans-serif;\">Pok\u00f3j:<\/span><\/p>\n<p><span style=\"font-size: 12pt; font-family: tahoma, arial, helvetica, sans-serif;\">Telefon:<\/span><\/p>\n<p><span style=\"font-size: 12pt; font-family: tahoma, arial, helvetica, sans-serif;\">e-mail:<\/span><\/p>\n<p><span style=\"font-size: 12pt; font-family: tahoma, arial, helvetica, sans-serif;\"><img class=\"size-full wp-image-275\" src=\"http:\/\/us.edu.pl\/instytut\/im\/wp-content\/uploads\/sites\/43\/Nieprzypisane\/ORCID.png\" alt=\"Logo ORCID\" width=\"71\" height=\"22\" \/><\/span><\/td>\n<td style=\"width: 78.7798%;\"><span style=\"font-size: 12pt; font-family: tahoma, arial, helvetica, sans-serif;\"><strong>Asystent<\/strong><\/span><\/p>\n<p><span style=\"font-size: 12pt; font-family: tahoma, arial, helvetica, sans-serif;\"><strong>Pracownicy badawczo-dydaktyczni<\/strong><\/span><\/p>\n<p><span style=\"font-size: 12pt; font-family: tahoma, arial, helvetica, sans-serif;\"><strong>Pedagogika<br \/>\n<\/strong><\/span><\/p>\n<p><span style=\"font-size: 12pt; font-family: tahoma, arial, helvetica, sans-serif;\"><strong>125<\/strong><\/span><\/p>\n<p>&nbsp;<\/p>\n<p><strong><span style=\"font-family: tahoma, arial, helvetica, sans-serif; font-size: medium;\">katarzyna.maliszewska@us.edu.pl<\/span><br \/>\n<\/strong><\/p>\n<p><span style=\"font-size: 12pt; font-family: tahoma, arial, helvetica, sans-serif;\"><strong><a href=\"https:\/\/orcid.org\/0000-0003-0636-8570\">0000-0003-0636-8570<\/a><\/strong><\/span><\/td>\n<\/tr>\n<\/tbody>\n<\/table>\n<p>[\/vc_column_text][\/vc_column][\/vc_row][vc_row][vc_column]\r\n\t\t\t\t<div class='container'>\r\n\t\t\t\t\t<div class='list-links list-links_blue'>\r\n\t\t\t\t\t\t  \r\n\t\t\t\t\t\t  <ul>\r\n\t\t\t\t\t\t\t\t<li><a href=''><p>Materia\u0142y dodatkowe<\/p><\/a><\/li><\/ul>\r\n\t\t\t\t\t<\/div>\r\n\t\t\t\t<\/div>   \r\n\t\t\t\t\t[\/vc_column][\/vc_row][vc_row][vc_column css=&#8221;.vc_custom_1597523042561{margin-bottom: -50px !important;}&#8221;]\r\n\t\t\t\t\t<div class='container'>\r\n\t\t\t\t\t\t<div class='sidebar_moduls sidebar_dropdown zakladki' style='background-color: #FFFFFF'>\r\n\t\t\t\t\t\t\t<h3 class='page-title'><\/h3>\r\n\t\t\t\t\t\t\t<p class='zakladki__desc'><\/p>\r\n\r\n\t\t\t\t\t\t\t<div class='bookmarks'>\r\n\t\t\t\t\t<div class=\"bookmark\">\r\n\t\t\t\t\t\t<div class=\"bookmark__title\">\r\n                            <h3>\r\n                                <span class=\"short\">Przebieg kariery naukowej<\/span>\r\n                                <span class=\"long\">Przebieg kariery naukowej<\/span>\r\n                            <\/h3>\r\n\t\t\t\t\t\t<\/div>\r\n\t\t\t\t\t\t\r\n\t\t\t\t\t\t<div class=\"bookmark__content-wrap\">\r\n\t\t\t\t\t\t\t<div class=\"bookmark__content\">\r\n\r\n\t\t\t\t\t\t\t\t\r\n\r\n\t\t\t\t\t\t\t\t<div class=\"bookmark_text\" style=\"font-size:20px;\">\r\n\t\t\t\t\t\t\t\t<li>2010 -  uko\u0144czenie Studium Terapii przez Sztuk\u0119 (Teatr Ludowy w Krakowie)\n<li>2013 - uzyskanie stopnia magistra pedagogiki: specjalno\u015b\u0107: pedagogika opieku\u0144czo-\t\t\t     wychowawcza (Uniwersytet \u015al\u0105ski w Katowicach)\n<li>2013 - uko\u0144czenie studi\u00f3w podyplomowych: wychowanie przedszkolne i terapia \t\t\t     pedagogiczna (Uniwersytet Opolski)\n<li>2017 - opiekun Studenckiego Ko\u0142a Teatralnego ImproTeatr\n\n\n\r\n\t\t\t\t\t\t\t\t<br>\r\n\t\t\t\t\t\t\t\t\r\n\t\t\t\t\t\t\t\t<\/div>\r\n\t\t\t\t\t\t\t<\/div>\r\n\t\t\t\t\t\t<\/div>\r\n\t\t\t\t\t<\/div>\r\n\t\t\t\t\t<div class=\"bookmark\">\r\n\t\t\t\t\t\t<div class=\"bookmark__title\">\r\n                            <h3>\r\n                                <span class=\"short\">Zainteresowania badawcze<\/span>\r\n                                <span class=\"long\">Zainteresowania badawcze<\/span>\r\n                            <\/h3>\r\n\t\t\t\t\t\t<\/div>\r\n\t\t\t\t\t\t\r\n\t\t\t\t\t\t<div class=\"bookmark__content-wrap\">\r\n\t\t\t\t\t\t\t<div class=\"bookmark__content\">\r\n\r\n\t\t\t\t\t\t\t\t\r\n\r\n\t\t\t\t\t\t\t\t<div class=\"bookmark_text\" style=\"font-size:20px;\">\r\n\t\t\t\t\t\t\t\t<li>wychowanie teatralne, teatraoterapia\n<li>edukacja i terapia przez sztuk\u0119\n<li>animacja spo\u0142eczno-kulturowa\n<li>pedagogika kultury\n<li>terapia pedagogiczna\n<li>edukacja doros\u0142ych\n\n\n\n\n\n\r\n\t\t\t\t\t\t\t\t<br>\r\n\t\t\t\t\t\t\t\t\r\n\t\t\t\t\t\t\t\t<\/div>\r\n\t\t\t\t\t\t\t<\/div>\r\n\t\t\t\t\t\t<\/div>\r\n\t\t\t\t\t<\/div>\r\n\t\t\t\t\t<div class=\"bookmark\">\r\n\t\t\t\t\t\t<div class=\"bookmark__title\">\r\n                            <h3>\r\n                                <span class=\"short\">Najwa\u017cniejsze osi\u0105gni\u0119cia naukowe, wyr\u00f3\u017cnienia i nagrody<\/span>\r\n                                <span class=\"long\">Najwa\u017cniejsze osi\u0105gni\u0119cia naukowe, wyr\u00f3\u017cnienia i nagrody<\/span>\r\n                            <\/h3>\r\n\t\t\t\t\t\t<\/div>\r\n\t\t\t\t\t\t\r\n\t\t\t\t\t\t<div class=\"bookmark__content-wrap\">\r\n\t\t\t\t\t\t\t<div class=\"bookmark__content\">\r\n\r\n\t\t\t\t\t\t\t\t\r\n\r\n\t\t\t\t\t\t\t\t<div class=\"bookmark_text\" style=\"font-size:20px;\">\r\n\t\t\t\t\t\t\t\t<li>publikacje artyku\u0142\u00f3w w czasopismach naukowych: \u201eRocznik Pedagogiczny\u201d, \u201eRocznik Andragogiczny\u201d, \u201eEdukacja Doros\u0142ych\u201d, \u201ePodstawy Edukacji\u201d oraz rozdzia\u0142\u00f3w monograficznych w pracach zbiorowych; wsp\u00f3\u0142redakcja publikacji Pu\u0142apki bada\u0144 nad edukacj\u0105, red. Katarzyna Maliszewska, \u0141ukasz Michalski, Toru\u0144 : Wydawnictwo Adam Marsza\u0142ek, 2020\n<li>nagroda specjalna za najlepsze wyst\u0105pienie naukowe przyznana przez prof. zw. dr hab. Eugeni\u0119 Potulick\u0105 w ramach XXVIII Letnia Szko\u0142a M\u0142odych Pedagog\u00f3w (Lublin-Sandomierz 2014)\n<li>II miejsce w og\u00f3lnopolskim konkursie na najlepsze wyst\u0105pienie naukowe w ramach XXVIII i XIX Letniej Szko\u0142y M\u0142odych Pedagog\u00f3w (Lublin-Sandomierz 2014, Warszawa-Pu\u0142tusk 2015)\n<li>pe\u0142nienie funkcji zast\u0119pcy Sekretarza XXX Jubileuszowej Letniej Szko\u0142y M\u0142odych Pedagog\u00f3w (Katowice-Wis\u0142a 2016)\n<li>liczne nagrody na  festiwalach i przegl\u0105dach teatralnych o zasi\u0119gu og\u00f3lnopolskim, wojew\u00f3dzkim i regionalnym (prowadzenie dzieci\u0119cego teatru szkolnego)\n<li>udzia\u0142 w projekcie badawczym (prowadzenie cyklu autorskich warsztat\u00f3w teatralnych: TEATRownia). NCBR Nr grantu POWR.03.01.00-IP.08-00-UMO\/17 (Kierownik: dr Ma\u0142gorzata \u0141\u0105czyk). Temat: My\u015bl odwrotnie i przewrotnie- kreacja i tw\u00f3rczo\u015b\u0107 w odkrywaniu siebie i \u015bwiata\n\r\n\t\t\t\t\t\t\t\t<br>\r\n\t\t\t\t\t\t\t\t\r\n\t\t\t\t\t\t\t\t<\/div>\r\n\t\t\t\t\t\t\t<\/div>\r\n\t\t\t\t\t\t<\/div>\r\n\t\t\t\t\t<\/div>\r\n\t\t\t\t\t<div class=\"bookmark\">\r\n\t\t\t\t\t\t<div class=\"bookmark__title\">\r\n                            <h3>\r\n                                <span class=\"short\">Sta\u017ce naukowe\/Wizyty studyjne<\/span>\r\n                                <span class=\"long\">Sta\u017ce naukowe\/Wizyty studyjne<\/span>\r\n                            <\/h3>\r\n\t\t\t\t\t\t<\/div>\r\n\t\t\t\t\t\t\r\n\t\t\t\t\t\t<div class=\"bookmark__content-wrap\">\r\n\t\t\t\t\t\t\t<div class=\"bookmark__content\">\r\n\r\n\t\t\t\t\t\t\t\t\r\n\r\n\t\t\t\t\t\t\t\t<div class=\"bookmark_text\" style=\"font-size:20px;\">\r\n\t\t\t\t\t\t\t\t\r\n\t\t\t\t\t\t\t\t<br>\r\n\t\t\t\t\t\t\t\t\r\n\t\t\t\t\t\t\t\t<\/div>\r\n\t\t\t\t\t\t\t<\/div>\r\n\t\t\t\t\t\t<\/div>\r\n\t\t\t\t\t<\/div>\r\n\t\t\t\t\t<div class=\"bookmark\">\r\n\t\t\t\t\t\t<div class=\"bookmark__title\">\r\n                            <h3>\r\n                                <span class=\"short\">Cz\u0142onkostwo w radach naukowych i radach redakcyjnych <\/span>\r\n                                <span class=\"long\">Cz\u0142onkostwo w radach naukowych i radach redakcyjnych <\/span>\r\n                            <\/h3>\r\n\t\t\t\t\t\t<\/div>\r\n\t\t\t\t\t\t\r\n\t\t\t\t\t\t<div class=\"bookmark__content-wrap\">\r\n\t\t\t\t\t\t\t<div class=\"bookmark__content\">\r\n\r\n\t\t\t\t\t\t\t\t\r\n\r\n\t\t\t\t\t\t\t\t<div class=\"bookmark_text\" style=\"font-size:20px;\">\r\n\t\t\t\t\t\t\t\t\r\n\t\t\t\t\t\t\t\t<br>\r\n\t\t\t\t\t\t\t\t\r\n\t\t\t\t\t\t\t\t<\/div>\r\n\t\t\t\t\t\t\t<\/div>\r\n\t\t\t\t\t\t<\/div>\r\n\t\t\t\t\t<\/div><\/div>\r\n\t\t\t\t\t\t<\/div>\r\n\t\t\t\t\t <\/div>[\/vc_column][\/vc_row]<\/p>","protected":false},"excerpt":{"rendered":"<p>[vc_row][vc_column width=&#8221;1\/4&#8243;][vc_single_image image=&#8221;737&#8243; img_size=&#8221;medium&#8221; style=&#8221;vc_box_shadow_3d&#8221;][\/vc_column][vc_column width=&#8221;3\/4&#8243; css=&#8221;.vc_custom_1597521185463{border-bottom-width: -30px !important;}&#8221;][vc_column_text] Stanowisko: Grupa: Specjalno\u015b\u0107: Pok\u00f3j: Telefon: e-mail: Asystent Pracownicy badawczo-dydaktyczni Pedagogika 125 &nbsp; katarzyna.maliszewska@us.edu.pl 0000-0003-0636-8570 [\/vc_column_text][\/vc_column][\/vc_row][vc_row][vc_column][\/vc_column][\/vc_row][vc_row][vc_column css=&#8221;.vc_custom_1597523042561{margin-bottom: -50px !important;}&#8221;][\/vc_column][\/vc_row] [&#8230;]<\/p>\n<p><a class=\"btn btn-secondary understrap-read-more-link\" href=\"https:\/\/us.edu.pl\/instytut\/ipe\/mgr-katarzyna-maliszewska\/\">Read More&#8230;<\/a><\/p>\n","protected":false},"author":2293,"featured_media":0,"parent":0,"menu_order":0,"comment_status":"closed","ping_status":"closed","template":"page-templates\/page-with-bookmarks.php","meta":{"_expiration-date-status":"","_expiration-date":0,"_expiration-date-type":"","_expiration-date-categories":[],"_expiration-date-options":[]},"acf":[],"_links":{"self":[{"href":"https:\/\/us.edu.pl\/instytut\/ipe\/wp-json\/wp\/v2\/pages\/1166"}],"collection":[{"href":"https:\/\/us.edu.pl\/instytut\/ipe\/wp-json\/wp\/v2\/pages"}],"about":[{"href":"https:\/\/us.edu.pl\/instytut\/ipe\/wp-json\/wp\/v2\/types\/page"}],"author":[{"embeddable":true,"href":"https:\/\/us.edu.pl\/instytut\/ipe\/wp-json\/wp\/v2\/users\/2293"}],"replies":[{"embeddable":true,"href":"https:\/\/us.edu.pl\/instytut\/ipe\/wp-json\/wp\/v2\/comments?post=1166"}],"version-history":[{"count":2,"href":"https:\/\/us.edu.pl\/instytut\/ipe\/wp-json\/wp\/v2\/pages\/1166\/revisions"}],"predecessor-version":[{"id":2110,"href":"https:\/\/us.edu.pl\/instytut\/ipe\/wp-json\/wp\/v2\/pages\/1166\/revisions\/2110"}],"wp:attachment":[{"href":"https:\/\/us.edu.pl\/instytut\/ipe\/wp-json\/wp\/v2\/media?parent=1166"}],"curies":[{"name":"wp","href":"https:\/\/api.w.org\/{rel}","templated":true}]}}