{"id":1185,"date":"2020-11-02T19:47:30","date_gmt":"2020-11-02T18:47:30","guid":{"rendered":"https:\/\/us.edu.pl\/instytut\/ipe\/?page_id=1185"},"modified":"2020-11-02T19:47:30","modified_gmt":"2020-11-02T18:47:30","slug":"dr-natalia-ruman","status":"publish","type":"page","link":"https:\/\/us.edu.pl\/instytut\/ipe\/dr-natalia-ruman\/","title":{"rendered":"Dr Natalia Ruman"},"content":{"rendered":"<p>[vc_row][vc_column width=&#8221;1\/4&#8243;][vc_single_image image=&#8221;737&#8243; img_size=&#8221;medium&#8221; style=&#8221;vc_box_shadow_3d&#8221;][\/vc_column][vc_column width=&#8221;3\/4&#8243; css=&#8221;.vc_custom_1597521185463{border-bottom-width: -30px !important;}&#8221;][vc_column_text]<\/p>\n<table style=\"width: 72.9397%\">\n<tbody>\n<tr>\n<td style=\"width: 24.6684%\"><span style=\"font-size: 12pt;font-family: tahoma, arial, helvetica, sans-serif\">Stanowisko:<\/span><\/p>\n<p><span style=\"font-size: 12pt;font-family: tahoma, arial, helvetica, sans-serif\">Grupa:<\/span><\/p>\n<p><span style=\"font-size: 12pt;font-family: tahoma, arial, helvetica, sans-serif\">Specjalno\u015b\u0107:<\/span><\/p>\n<p><span style=\"font-size: 12pt;font-family: tahoma, arial, helvetica, sans-serif\">Pok\u00f3j:<\/span><\/p>\n<p><span style=\"font-size: 12pt;font-family: tahoma, arial, helvetica, sans-serif\">Telefon:<\/span><\/p>\n<p><span style=\"font-size: 12pt;font-family: tahoma, arial, helvetica, sans-serif\">e-mail:<\/span><\/p>\n<p><span style=\"font-size: 12pt;font-family: tahoma, arial, helvetica, sans-serif\"><img class=\"size-full wp-image-275\" src=\"http:\/\/us.edu.pl\/instytut\/im\/wp-content\/uploads\/sites\/43\/Nieprzypisane\/ORCID.png\" alt=\"Logo ORCID\" width=\"71\" height=\"22\" \/><\/span><\/td>\n<td style=\"width: 78.7798%\"><span style=\"font-size: 12pt;font-family: tahoma, arial, helvetica, sans-serif\"><strong>Adiunkt<\/strong><\/span><\/p>\n<p><span style=\"font-size: 12pt;font-family: tahoma, arial, helvetica, sans-serif\"><strong>Pracownicy badawczo-dydaktyczni<\/strong><\/span><\/p>\n<p><span style=\"font-size: 12pt;font-family: tahoma, arial, helvetica, sans-serif\"><strong>Pedagogika<br \/>\n<\/strong><\/span><\/p>\n<p>&nbsp;<\/p>\n<p>&nbsp;<\/p>\n<p><strong><span style=\"font-family: tahoma, arial, helvetica, sans-serif;font-size: medium\">natalia.ruman@us.edu.pl<\/span><\/strong><\/p>\n<p><span style=\"font-size: 12pt;font-family: tahoma, arial, helvetica, sans-serif\"><strong><a href=\"https:\/\/orcid.org\/0000-0002-7127-7651\">0000-0002-7127-7651<\/a><\/strong><\/span><\/td>\n<\/tr>\n<\/tbody>\n<\/table>\n<p>[\/vc_column_text][\/vc_column][\/vc_row][vc_row][vc_column]\r\n\t\t\t\t<div class='container'>\r\n\t\t\t\t\t<div class='list-links list-links_blue'>\r\n\t\t\t\t\t\t  \r\n\t\t\t\t\t\t  <ul>\r\n\t\t\t\t\t\t\t\t<li><a href=''><p>Materia\u0142y dodatkowe<\/p><\/a><\/li><\/ul>\r\n\t\t\t\t\t<\/div>\r\n\t\t\t\t<\/div>   \r\n\t\t\t\t\t[\/vc_column][\/vc_row][vc_row][vc_column css=&#8221;.vc_custom_1597523042561{margin-bottom: -50px !important;}&#8221;]\r\n\t\t\t\t\t<div class='container'>\r\n\t\t\t\t\t\t<div class='sidebar_moduls sidebar_dropdown zakladki' style='background-color: #FFFFFF'>\r\n\t\t\t\t\t\t\t<h3 class='page-title'><\/h3>\r\n\t\t\t\t\t\t\t<p class='zakladki__desc'><\/p>\r\n\r\n\t\t\t\t\t\t\t<div class='bookmarks'>\r\n\t\t\t\t\t<div class=\"bookmark\">\r\n\t\t\t\t\t\t<div class=\"bookmark__title\">\r\n                            <h3>\r\n                                <span class=\"short\">Przebieg kariery naukowej<\/span>\r\n                                <span class=\"long\">Przebieg kariery naukowej<\/span>\r\n                            <\/h3>\r\n\t\t\t\t\t\t<\/div>\r\n\t\t\t\t\t\t\r\n\t\t\t\t\t\t<div class=\"bookmark__content-wrap\">\r\n\t\t\t\t\t\t\t<div class=\"bookmark__content\">\r\n\r\n\t\t\t\t\t\t\t\t\r\n\r\n\t\t\t\t\t\t\t\t<div class=\"bookmark_text\" style=\"font-size:20px;\">\r\n\t\t\t\t\t\t\t\t<li>2009 \u2013 magister  pedagogiki, Uniwersytet \u015al\u0105ski, Wydzia\u0142 Etnologii i Nauk o Edukacji w Cieszynie,    kierunek: pedagogika, specjalno\u015b\u0107: zintegrowana edukacja wczesnoszkolna i wychowanie przedszkolne, studia stacjonarne w latach 2005-2009 (\u0142\u0105czenie IV i V roku studi\u00f3w).\n<li>2010 \u2013 magister teologii, Uniwersytet \u015al\u0105ski, Wydzia\u0142 Teologiczny w Katowicach, kierunek: teologia, specjalno\u015b\u0107 nauczycielska, studia stacjonarne w latach 2005-2010.\nLicencjat kanoniczny \n<li>2012 \u2013 uzyskanie stopnia naukowego licentia in sacra theologia  zgodnie z Konstytucj\u0105 Apostolsk\u0105 Sapientia Christiana. Uniwersytet \u015al\u0105ski, Wydzia\u0142 Teologiczny w Katowicach.\n<li>2013 \u2013 uzyskanie stopnia naukowego doktor nauk spo\u0142ecznych w zakresie pedagogiki \u2013 Uniwersytet \u015al\u0105ski, Wydzia\u0142 Etnologii i Nauk o Edukacji w Cieszynie.\n<br>\n<br>\n<li>kurs doskonal\u0105cy nt. Kszta\u0142cenie i doskonalenie interdyscyplinarnych grup pracuj\u0105cych z m\u0142odzie\u017c\u0105 zagro\u017con\u0105 niedostosowaniem spo\u0142ecznym, demoralizacj\u0105 i przest\u0119pczo\u015bci\u0105 ze szczeg\u00f3lnym uwzgl\u0119dnieniem interwencji kryzysowej w rodzinie, zorganizowany przez MEN i Centrum Metodyczne Pomocy Psychologiczno-Pedagogicznej w Warszawie.\n<br>\n<br>\n<li> kurs doskonal\u0105cy nt. \u015amier\u0107 i \u017ca\u0142oba u ucznia \u2013 zasady dzia\u0142ania w szkole po \u015bmierci naturalnej, samob\u00f3jczej. Wspieranie ucznia w \u017ca\u0142obie. Zorganizowany przez Regionalny O\u015brodek Metodyczno-Edukacyjny Metis w Katowicach.\n<li>Studia Podyplomowe Edukacja i rehabilitacja os\u00f3b z niepe\u0142nosprawno\u015bci\u0105 - Oligofrenopedagogika;\n\n\n\r\n\t\t\t\t\t\t\t\t<br>\r\n\t\t\t\t\t\t\t\t\r\n\t\t\t\t\t\t\t\t<\/div>\r\n\t\t\t\t\t\t\t<\/div>\r\n\t\t\t\t\t\t<\/div>\r\n\t\t\t\t\t<\/div>\r\n\t\t\t\t\t<div class=\"bookmark\">\r\n\t\t\t\t\t\t<div class=\"bookmark__title\">\r\n                            <h3>\r\n                                <span class=\"short\">Zainteresowania badawcze<\/span>\r\n                                <span class=\"long\">Zainteresowania badawcze<\/span>\r\n                            <\/h3>\r\n\t\t\t\t\t\t<\/div>\r\n\t\t\t\t\t\t\r\n\t\t\t\t\t\t<div class=\"bookmark__content-wrap\">\r\n\t\t\t\t\t\t\t<div class=\"bookmark__content\">\r\n\r\n\t\t\t\t\t\t\t\t\r\n\r\n\t\t\t\t\t\t\t\t<div class=\"bookmark_text\" style=\"font-size:20px;\">\r\n\t\t\t\t\t\t\t\t<li>Edukacja ekologiczna i troska o ochron\u0119 \u015brodowiska w edukacji.\n<li>Zr\u00f3wnowa\u017cony rozw\u00f3j w edukacji.\n<li>Wsp\u00f3\u0142praca szko\u0142y z rodzicami uczni\u00f3w oraz innymi podmiotami \u015brodowiska lokalnego. \n<li>Tw\u00f3rczo\u015b\u0107 w kszta\u0142towaniu osobowo\u015bci ucznia.\n<li>Ucze\u0144 zdolny w szkole.\n<li>Edukacja tanatologiczna wsp\u00f3\u0142czesnym wyzwaniem dla szko\u0142y.\n<li>\u015amier\u0107 w ca\u0142o\u017cyciowym procesie uczenia si\u0119.\n<li>Rola duchowo\u015bci w edukacji.\n<li>Rozw\u00f3j duchowy jako swoista edukacja wn\u0119trza cz\u0142owieka.\n\r\n\t\t\t\t\t\t\t\t<br>\r\n\t\t\t\t\t\t\t\t\r\n\t\t\t\t\t\t\t\t<\/div>\r\n\t\t\t\t\t\t\t<\/div>\r\n\t\t\t\t\t\t<\/div>\r\n\t\t\t\t\t<\/div>\r\n\t\t\t\t\t<div class=\"bookmark\">\r\n\t\t\t\t\t\t<div class=\"bookmark__title\">\r\n                            <h3>\r\n                                <span class=\"short\">Najwa\u017cniejsze osi\u0105gni\u0119cia naukowe, wyr\u00f3\u017cnienia i nagrody<\/span>\r\n                                <span class=\"long\">Najwa\u017cniejsze osi\u0105gni\u0119cia naukowe, wyr\u00f3\u017cnienia i nagrody<\/span>\r\n                            <\/h3>\r\n\t\t\t\t\t\t<\/div>\r\n\t\t\t\t\t\t\r\n\t\t\t\t\t\t<div class=\"bookmark__content-wrap\">\r\n\t\t\t\t\t\t\t<div class=\"bookmark__content\">\r\n\r\n\t\t\t\t\t\t\t\t\r\n\r\n\t\t\t\t\t\t\t\t<div class=\"bookmark_text\" style=\"font-size:20px;\">\r\n\t\t\t\t\t\t\t\tAutorka kilkunastu autorskich publikacji, kilkudziesi\u0119ciu artyku\u0142\u00f3w naukowych w czasopismach i publikacjach pod redakcj\u0105.\n<br>\n<br>\n<li>2015 \u2013  LIST GRATULACYJNY - podzi\u0119kowanie Burmistrza Pszczyny Dariusza Skrobola za wielkie zaanga\u017cowanie i ogrom pracy w przygotowaniu cennych pozycji dotycz\u0105cych ziemi pszczy\u0144skiej.\n<li>2017 \u2013 CERTYFIKACJA Internationales Bildungsnetzwerk PILGRIM, nadana przez HR Mag. Heinrich Kribbel Pr\u00e4sident PILGRIM-International; HR Dr. Johann Hisch Direktor PILGRIM-International: NOMINACJA AMBASADORA PILGRIM W POLSCE: Der Vorstand ernennt dr Natalia Ruman wegen ihrer au\u03b2ergew\u04e7hnlichen p\u00e4dagogischen Leistung f\u0171r PILGRIM \u201e\u017byj\u0105c \u015awiadomie Budujesz Przysz\u0142o\u015b\u0107\u201d im Sinne $$ 2 u. 3 der Vereinsstatuten zur PILGRIM \u2013 Botschafterin. Siedziba Internationales Bildungsnetzwerk PILGRIM: \n1070 Wien, Kandlgasse 7\/28 VRZ 967414110 pilgrim.at\n\r\n\t\t\t\t\t\t\t\t<br>\r\n\t\t\t\t\t\t\t\t\r\n\t\t\t\t\t\t\t\t<\/div>\r\n\t\t\t\t\t\t\t<\/div>\r\n\t\t\t\t\t\t<\/div>\r\n\t\t\t\t\t<\/div>\r\n\t\t\t\t\t<div class=\"bookmark\">\r\n\t\t\t\t\t\t<div class=\"bookmark__title\">\r\n                            <h3>\r\n                                <span class=\"short\">Sta\u017ce naukowe\/Wizyty studyjne<\/span>\r\n                                <span class=\"long\">Sta\u017ce naukowe\/Wizyty studyjne<\/span>\r\n                            <\/h3>\r\n\t\t\t\t\t\t<\/div>\r\n\t\t\t\t\t\t\r\n\t\t\t\t\t\t<div class=\"bookmark__content-wrap\">\r\n\t\t\t\t\t\t\t<div class=\"bookmark__content\">\r\n\r\n\t\t\t\t\t\t\t\t\r\n\r\n\t\t\t\t\t\t\t\t<div class=\"bookmark_text\" style=\"font-size:20px;\">\r\n\t\t\t\t\t\t\t\t<li> Wizyty studyjne Uczelni w Czechach i Austrii.\n\r\n\t\t\t\t\t\t\t\t<br>\r\n\t\t\t\t\t\t\t\t\r\n\t\t\t\t\t\t\t\t<\/div>\r\n\t\t\t\t\t\t\t<\/div>\r\n\t\t\t\t\t\t<\/div>\r\n\t\t\t\t\t<\/div>\r\n\t\t\t\t\t<div class=\"bookmark\">\r\n\t\t\t\t\t\t<div class=\"bookmark__title\">\r\n                            <h3>\r\n                                <span class=\"short\">Cz\u0142onkostwo w radach naukowych i radach redakcyjnych <\/span>\r\n                                <span class=\"long\">Cz\u0142onkostwo w radach naukowych i radach redakcyjnych <\/span>\r\n                            <\/h3>\r\n\t\t\t\t\t\t<\/div>\r\n\t\t\t\t\t\t\r\n\t\t\t\t\t\t<div class=\"bookmark__content-wrap\">\r\n\t\t\t\t\t\t\t<div class=\"bookmark__content\">\r\n\r\n\t\t\t\t\t\t\t\t\r\n\r\n\t\t\t\t\t\t\t\t<div class=\"bookmark_text\" style=\"font-size:20px;\">\r\n\t\t\t\t\t\t\t\t\r\n\t\t\t\t\t\t\t\t<br>\r\n\t\t\t\t\t\t\t\t\r\n\t\t\t\t\t\t\t\t<\/div>\r\n\t\t\t\t\t\t\t<\/div>\r\n\t\t\t\t\t\t<\/div>\r\n\t\t\t\t\t<\/div><\/div>\r\n\t\t\t\t\t\t<\/div>\r\n\t\t\t\t\t <\/div>[\/vc_column][\/vc_row]<\/p>","protected":false},"excerpt":{"rendered":"<p>[vc_row][vc_column width=&#8221;1\/4&#8243;][vc_single_image image=&#8221;737&#8243; img_size=&#8221;medium&#8221; style=&#8221;vc_box_shadow_3d&#8221;][\/vc_column][vc_column width=&#8221;3\/4&#8243; css=&#8221;.vc_custom_1597521185463{border-bottom-width: -30px !important;}&#8221;][vc_column_text] Stanowisko: Grupa: Specjalno\u015b\u0107: Pok\u00f3j: Telefon: e-mail: Adiunkt Pracownicy badawczo-dydaktyczni Pedagogika &nbsp; &nbsp; natalia.ruman@us.edu.pl 0000-0002-7127-7651 [\/vc_column_text][\/vc_column][\/vc_row][vc_row][vc_column][\/vc_column][\/vc_row][vc_row][vc_column css=&#8221;.vc_custom_1597523042561{margin-bottom: -50px !important;}&#8221;][\/vc_column][\/vc_row] [&#8230;]<\/p>\n<p><a class=\"btn btn-secondary understrap-read-more-link\" href=\"https:\/\/us.edu.pl\/instytut\/ipe\/dr-natalia-ruman\/\">Read More&#8230;<\/a><\/p>\n","protected":false},"author":2293,"featured_media":0,"parent":0,"menu_order":0,"comment_status":"closed","ping_status":"closed","template":"page-templates\/page-with-bookmarks.php","meta":{"_expiration-date-status":"saved","_expiration-date":0,"_expiration-date-type":"","_expiration-date-categories":[],"_expiration-date-options":[]},"acf":[],"_links":{"self":[{"href":"https:\/\/us.edu.pl\/instytut\/ipe\/wp-json\/wp\/v2\/pages\/1185"}],"collection":[{"href":"https:\/\/us.edu.pl\/instytut\/ipe\/wp-json\/wp\/v2\/pages"}],"about":[{"href":"https:\/\/us.edu.pl\/instytut\/ipe\/wp-json\/wp\/v2\/types\/page"}],"author":[{"embeddable":true,"href":"https:\/\/us.edu.pl\/instytut\/ipe\/wp-json\/wp\/v2\/users\/2293"}],"replies":[{"embeddable":true,"href":"https:\/\/us.edu.pl\/instytut\/ipe\/wp-json\/wp\/v2\/comments?post=1185"}],"version-history":[{"count":1,"href":"https:\/\/us.edu.pl\/instytut\/ipe\/wp-json\/wp\/v2\/pages\/1185\/revisions"}],"predecessor-version":[{"id":1186,"href":"https:\/\/us.edu.pl\/instytut\/ipe\/wp-json\/wp\/v2\/pages\/1185\/revisions\/1186"}],"wp:attachment":[{"href":"https:\/\/us.edu.pl\/instytut\/ipe\/wp-json\/wp\/v2\/media?parent=1185"}],"curies":[{"name":"wp","href":"https:\/\/api.w.org\/{rel}","templated":true}]}}