{"id":1228,"date":"2020-12-10T15:44:11","date_gmt":"2020-12-10T14:44:11","guid":{"rendered":"https:\/\/us.edu.pl\/instytut\/ipe\/?page_id=1228"},"modified":"2020-12-10T15:51:46","modified_gmt":"2020-12-10T14:51:46","slug":"dr-hab-barbara-grabowska","status":"publish","type":"page","link":"https:\/\/us.edu.pl\/instytut\/ipe\/dr-hab-barbara-grabowska\/","title":{"rendered":"dr hab. Barbara Grabowska, prof. U\u015a"},"content":{"rendered":"<p>[vc_row][vc_column width=&#8221;1\/4&#8243;][vc_single_image image=&#8221;737&#8243; img_size=&#8221;medium&#8221; style=&#8221;vc_box_shadow_3d&#8221;][\/vc_column][vc_column width=&#8221;3\/4&#8243; css=&#8221;.vc_custom_1597521185463{border-bottom-width: -30px !important;}&#8221;][vc_column_text]<\/p>\n<table style=\"width: 72.9397%\">\n<tbody>\n<tr>\n<td style=\"width: 24.6684%\"><span style=\"font-size: 12pt;font-family: tahoma, arial, helvetica, sans-serif\">Stanowisko:<\/span><\/p>\n<p><span style=\"font-size: 12pt;font-family: tahoma, arial, helvetica, sans-serif\">Grupa:<\/span><\/p>\n<p><span style=\"font-size: 12pt;font-family: tahoma, arial, helvetica, sans-serif\">Specjalno\u015b\u0107:<\/span><\/p>\n<p><span style=\"font-size: 12pt;font-family: tahoma, arial, helvetica, sans-serif\">Pok\u00f3j:<\/span><\/p>\n<p><span style=\"font-size: 12pt;font-family: tahoma, arial, helvetica, sans-serif\">Telefon:<\/span><\/p>\n<p><span style=\"font-size: 12pt;font-family: tahoma, arial, helvetica, sans-serif\">e-mail:<\/span><\/p>\n<p><span style=\"font-size: 12pt;font-family: tahoma, arial, helvetica, sans-serif\"><img class=\"size-full wp-image-275\" src=\"http:\/\/us.edu.pl\/instytut\/im\/wp-content\/uploads\/sites\/43\/Nieprzypisane\/ORCID.png\" alt=\"Logo ORCID\" width=\"71\" height=\"22\" \/><\/span><\/td>\n<td style=\"width: 78.7798%\"><span style=\"font-size: 12pt;font-family: tahoma, arial, helvetica, sans-serif\"><strong>Profesor Uczelni<\/strong><\/span><\/p>\n<p><span style=\"font-size: 12pt;font-family: tahoma, arial, helvetica, sans-serif\"><strong>Pracownicy badawczo-dydaktyczni<\/strong><\/span><\/p>\n<p><span style=\"font-size: 12pt;font-family: tahoma, arial, helvetica, sans-serif\"><strong>Pedagogika<br \/>\n<\/strong><\/span><\/p>\n<p><span style=\"font-size: 12pt;font-family: tahoma, arial, helvetica, sans-serif\"><strong>247<\/strong><\/span><\/p>\n<p>&nbsp;<\/p>\n<p><span style=\"font-size: 12pt;font-family: tahoma, arial, helvetica, sans-serif\"><strong>\u00a0barbara.grabowska@us.edu.pl<\/strong><\/span><\/p>\n<p><span style=\"font-size: 12pt;font-family: tahoma, arial, helvetica, sans-serif\"><strong><a href=\"https:\/\/orcid.org\/0000-0003-2558-0294\">0000-0003-2558-0294<\/a><\/strong><\/span><\/td>\n<\/tr>\n<\/tbody>\n<\/table>\n<p>[\/vc_column_text][\/vc_column][\/vc_row][vc_row][vc_column]\r\n\t\t\t\t<div class='container'>\r\n\t\t\t\t\t<div class='list-links list-links_blue'>\r\n\t\t\t\t\t\t  \r\n\t\t\t\t\t\t  <ul>\r\n\t\t\t\t\t\t\t\t<li><a href=''><p>Materia\u0142y dodatkowe<\/p><\/a><\/li><\/ul>\r\n\t\t\t\t\t<\/div>\r\n\t\t\t\t<\/div>   \r\n\t\t\t\t\t[\/vc_column][\/vc_row][vc_row][vc_column css=&#8221;.vc_custom_1597523042561{margin-bottom: -50px !important;}&#8221;]\r\n\t\t\t\t\t<div class='container'>\r\n\t\t\t\t\t\t<div class='sidebar_moduls sidebar_dropdown zakladki' style='background-color: #FFFFFF'>\r\n\t\t\t\t\t\t\t<h3 class='page-title'><\/h3>\r\n\t\t\t\t\t\t\t<p class='zakladki__desc'><\/p>\r\n\r\n\t\t\t\t\t\t\t<div class='bookmarks'>\r\n\t\t\t\t\t<div class=\"bookmark\">\r\n\t\t\t\t\t\t<div class=\"bookmark__title\">\r\n                            <h3>\r\n                                <span class=\"short\">Przebieg kariery naukowej<\/span>\r\n                                <span class=\"long\">Przebieg kariery naukowej<\/span>\r\n                            <\/h3>\r\n\t\t\t\t\t\t<\/div>\r\n\t\t\t\t\t\t\r\n\t\t\t\t\t\t<div class=\"bookmark__content-wrap\">\r\n\t\t\t\t\t\t\t<div class=\"bookmark__content\">\r\n\r\n\t\t\t\t\t\t\t\t\r\n\r\n\t\t\t\t\t\t\t\t<div class=\"bookmark_text\" style=\"font-size:20px;\">\r\n\t\t\t\t\t\t\t\t<li>18.07.2000 doktor nauk humanistycznych w zakresie pedagogiki, Instytut Bada\u0144 Edukacyjnych w Warszawie, rozprawa doktorska Przemiany \u015bwiadomo\u015bci spo\u0142ecznej m\u0142odzie\u017cy na pograniczu polsko-czeskim (na przyk\u0142adzie Cieszyna) pod kierunkiem naukowym prof. zw. dra hab. Tadeusza\nLewowickiego.\n<li>18.03.2014 doktor habilitowany nauk spo\u0142ecznych w zakresie pedagogiki, Wydzia\u0142 Pedagogiki i Psychologii Uniwersytet \u015al\u0105ski w Katowicach\n<br>\n<br>\n\n<b>Cz\u0142onkini zespo\u0142\u00f3w badawczych:<\/b>\n\n<li>W kr\u0119gu kultury polskiej w kraju i za granic\u0105\n<li>Kompetencje do komunikacji w \u015brodowiskach zr\u00f3\u017cnicowanych kulturowo\n Bu\u0142garii i Polski \u2013 badania por\u00f3wnawcze\n\r\n\t\t\t\t\t\t\t\t<br>\r\n\t\t\t\t\t\t\t\t\r\n\t\t\t\t\t\t\t\t<\/div>\r\n\t\t\t\t\t\t\t<\/div>\r\n\t\t\t\t\t\t<\/div>\r\n\t\t\t\t\t<\/div>\r\n\t\t\t\t\t<div class=\"bookmark\">\r\n\t\t\t\t\t\t<div class=\"bookmark__title\">\r\n                            <h3>\r\n                                <span class=\"short\">Zainteresowania badawcze<\/span>\r\n                                <span class=\"long\">Zainteresowania badawcze<\/span>\r\n                            <\/h3>\r\n\t\t\t\t\t\t<\/div>\r\n\t\t\t\t\t\t\r\n\t\t\t\t\t\t<div class=\"bookmark__content-wrap\">\r\n\t\t\t\t\t\t\t<div class=\"bookmark__content\">\r\n\r\n\t\t\t\t\t\t\t\t\r\n\r\n\t\t\t\t\t\t\t\t<div class=\"bookmark_text\" style=\"font-size:20px;\">\r\n\t\t\t\t\t\t\t\t<li>socjalizacja m\u0142odzie\u017cy (rodzinna, szkolna i pozaszkolna) w \u015brodowiskach zr\u00f3\u017cnicowanych kulturowo\n<li>poczucie to\u017csamo\u015bci m\u0142odzie\u017cy i jego uwarunkowania\n<li>szkolnictwo dla mniejszo\u015bci narodowych w Polsce i w krajach Europy \u015arodkowo-Wschodniej\n<li>lokalna polityka spo\u0142eczna\n\n\n\r\n\t\t\t\t\t\t\t\t<br>\r\n\t\t\t\t\t\t\t\t\r\n\t\t\t\t\t\t\t\t<\/div>\r\n\t\t\t\t\t\t\t<\/div>\r\n\t\t\t\t\t\t<\/div>\r\n\t\t\t\t\t<\/div>\r\n\t\t\t\t\t<div class=\"bookmark\">\r\n\t\t\t\t\t\t<div class=\"bookmark__title\">\r\n                            <h3>\r\n                                <span class=\"short\">Najwa\u017cniejsze osi\u0105gni\u0119cia naukowe, wyr\u00f3\u017cnienia i nagrody<\/span>\r\n                                <span class=\"long\">Najwa\u017cniejsze osi\u0105gni\u0119cia naukowe, wyr\u00f3\u017cnienia i nagrody<\/span>\r\n                            <\/h3>\r\n\t\t\t\t\t\t<\/div>\r\n\t\t\t\t\t\t\r\n\t\t\t\t\t\t<div class=\"bookmark__content-wrap\">\r\n\t\t\t\t\t\t\t<div class=\"bookmark__content\">\r\n\r\n\t\t\t\t\t\t\t\t\r\n\r\n\t\t\t\t\t\t\t\t<div class=\"bookmark_text\" style=\"font-size:20px;\">\r\n\t\t\t\t\t\t\t\tNagrody JM Rektora U\u015a:\n<li>2018 Z\u0142ota Odznaka za zas\u0142ugi dla Uniwersytetu \u015al\u0105skiego \n<li>2018 Nagroda Zespo\u0142owa Rektora II stopnia za dzia\u0142alno\u015b\u0107 organizacyjn\u0105 na rzecz Wydzia\u0142u \n<li>2017 Zespo\u0142owa III st. za dzia\u0142alno\u015b\u0107 naukowo-badawcz\u0105\n<li>2017 Indywidualna II st. za dzia\u0142alno\u015b\u0107 organizacyjn\u0105 na rzecz Wydzia\u0142u\n<li>2016 Indywidualna III st. za dzia\u0142alno\u015b\u0107 organizacyjn\u0105\n<li>2015 Indywidualna II st. za dzia\u0142alno\u015b\u0107 naukow\u0105 \n<li>2008 Indywidualna II st. za dzia\u0142alno\u015b\u0107 organizacyjn\u0105 oraz za prac\u0119 w organach dyscyplinarnych ds. studenckich \n<li>2007 Indywidualna II st. za dzia\u0142alno\u015b\u0107 dydaktyczn\u0105 \n<li>2005 Indywidualna II st. za dzia\u0142. organizacyjn\u0105 i naukow\u0105; \n<li>2004 Zespo\u0142owa I stopnia za dzia\u0142alno\u015b\u0107 naukow\u0105\n\r\n\t\t\t\t\t\t\t\t<br>\r\n\t\t\t\t\t\t\t\t\r\n\t\t\t\t\t\t\t\t<\/div>\r\n\t\t\t\t\t\t\t<\/div>\r\n\t\t\t\t\t\t<\/div>\r\n\t\t\t\t\t<\/div>\r\n\t\t\t\t\t<div class=\"bookmark\">\r\n\t\t\t\t\t\t<div class=\"bookmark__title\">\r\n                            <h3>\r\n                                <span class=\"short\">Sta\u017ce naukowe\/Wizyty studyjne<\/span>\r\n                                <span class=\"long\">Sta\u017ce naukowe\/Wizyty studyjne<\/span>\r\n                            <\/h3>\r\n\t\t\t\t\t\t<\/div>\r\n\t\t\t\t\t\t\r\n\t\t\t\t\t\t<div class=\"bookmark__content-wrap\">\r\n\t\t\t\t\t\t\t<div class=\"bookmark__content\">\r\n\r\n\t\t\t\t\t\t\t\t\r\n\r\n\t\t\t\t\t\t\t\t<div class=\"bookmark_text\" style=\"font-size:20px;\">\r\n\t\t\t\t\t\t\t\tW latach 2015-2017 przebywa\u0142am na sta\u017cach naukowych za granic\u0105: \n<li>Uniwersytet im. Borysa Grinczenki w Kijowie, Ukraina (IX 2015, IV, IX, XI 2016, VI, IX 2017)\n<li>Uniwersytet w Pardubicach, Republika Czeska (V 2019)\n<li>Uniwersytet Konstantego Filozofa w Nitrze, S\u0142owacja (planowany na V 2020, do realizacji w p\u00f3\u017aniejszym terminie)\n\n<li>Odby\u0142am r\u00f3wnie\u017c 10 sta\u017cy dydaktycznych w ramach Programu Unii Europejskiej LLP ERASMUS\/ERASMUS+, m.in.: Uniwersytet Palackiego w O\u0142omu\u0144cu, Republika Czeska (16-20.04.2018); Uniwersytet w Pardubicach, Republika Czeska (06-10.03.2017); Faculty of Education, University in Maribor, Slovenia (10-14.11.2015); Fakulta humanitn\u00edch studi\u00ed, Univerzita Tom\u00e1\u0161e Bati ve Zl\u00edn\u011b, Republika Czeska (16-21.06.2014); Universit\u00e9 Paris-Est Cr\u00e9teil Val de Marne, France (01-08.02.2014). W ramach spotka\u0144 ze studentami i pracownikami przeprowadzi\u0142em cykle wyk\u0142ad\u00f3w m.in. nt. systemu opieki i pomocy spo\u0142ecznej w Polsce, edukacji mniejszo\u015bci narodowych i etnicznych, mniejszo\u015bci narodowych w Bia\u0142orusi, Ukrainie i Republice Czeskiej, jak r\u00f3wnie\u017c nawi\u0105za\u0142am wsp\u00f3\u0142prac\u0119 naukow\u0105 dotycz\u0105c\u0105 prowadzenia bada\u0144 komparatystycznych i projekt\u00f3w badawczych w zakresie edukacji mi\u0119dzykulturowej i pedagogiki por\u00f3wnawczej.\n\r\n\t\t\t\t\t\t\t\t<br>\r\n\t\t\t\t\t\t\t\t\r\n\t\t\t\t\t\t\t\t<\/div>\r\n\t\t\t\t\t\t\t<\/div>\r\n\t\t\t\t\t\t<\/div>\r\n\t\t\t\t\t<\/div>\r\n\t\t\t\t\t<div class=\"bookmark\">\r\n\t\t\t\t\t\t<div class=\"bookmark__title\">\r\n                            <h3>\r\n                                <span class=\"short\">Cz\u0142onkostwo w radach naukowych i radach redakcyjnych <\/span>\r\n                                <span class=\"long\">Cz\u0142onkostwo w radach naukowych i radach redakcyjnych <\/span>\r\n                            <\/h3>\r\n\t\t\t\t\t\t<\/div>\r\n\t\t\t\t\t\t\r\n\t\t\t\t\t\t<div class=\"bookmark__content-wrap\">\r\n\t\t\t\t\t\t\t<div class=\"bookmark__content\">\r\n\r\n\t\t\t\t\t\t\t\t\r\n\r\n\t\t\t\t\t\t\t\t<div class=\"bookmark_text\" style=\"font-size:20px;\">\r\n\t\t\t\t\t\t\t\tCz\u0142onkini rady naukowej czasopisma The Modern Higher Education Review, wydawanego przez Kijowski Uniwersytet Borys Ginczenki, Ukraina, cz\u0142onek International Association for Intercultural Education, cz\u0142onek CESE \u2013 Comparative Education Society in Europe, cz\u0142onek Ukrainian Academy Of Acmeology, sekretarz redakcji \u201eEdukacja Mi\u0119dzykulturowa\u201d; recenzentka zewn\u0119trzna kwartalnika \u201eKultura i Edukacja\u201d, \u201eARS INTER CULTURAS Aesthetics \u2013 Education \u2013 Cultural Pluralism\u201d, \u201eLubelski Rocznik Pedagogiczny\u201d, \u201ePogranicze. Studia Spo\u0142eczne\u201d, \u201eStudia Kulturowo-Edukacyjne\u201d, \u201eStudia Pedagogiczne. Problemy spo\u0142eczne, edukacyjne i artystyczne\u201d, \u201eWychowanie na co dzie\u0144\u201d.\r\n\t\t\t\t\t\t\t\t<br>\r\n\t\t\t\t\t\t\t\t\r\n\t\t\t\t\t\t\t\t<\/div>\r\n\t\t\t\t\t\t\t<\/div>\r\n\t\t\t\t\t\t<\/div>\r\n\t\t\t\t\t<\/div><\/div>\r\n\t\t\t\t\t\t<\/div>\r\n\t\t\t\t\t <\/div>[\/vc_column][\/vc_row]<\/p>","protected":false},"excerpt":{"rendered":"<p>[vc_row][vc_column width=&#8221;1\/4&#8243;][vc_single_image image=&#8221;737&#8243; img_size=&#8221;medium&#8221; style=&#8221;vc_box_shadow_3d&#8221;][\/vc_column][vc_column width=&#8221;3\/4&#8243; css=&#8221;.vc_custom_1597521185463{border-bottom-width: -30px !important;}&#8221;][vc_column_text] Stanowisko: Grupa: Specjalno\u015b\u0107: Pok\u00f3j: Telefon: e-mail: Profesor Uczelni Pracownicy badawczo-dydaktyczni Pedagogika 247 &nbsp; \u00a0barbara.grabowska@us.edu.pl 0000-0003-2558-0294 [\/vc_column_text][\/vc_column][\/vc_row][vc_row][vc_column][\/vc_column][\/vc_row][vc_row][vc_column css=&#8221;.vc_custom_1597523042561{margin-bottom: -50px !important;}&#8221;][\/vc_column][\/vc_row] [&#8230;]<\/p>\n<p><a class=\"btn btn-secondary understrap-read-more-link\" href=\"https:\/\/us.edu.pl\/instytut\/ipe\/dr-hab-barbara-grabowska\/\">Read More&#8230;<\/a><\/p>\n","protected":false},"author":2293,"featured_media":0,"parent":0,"menu_order":0,"comment_status":"closed","ping_status":"closed","template":"page-templates\/page-with-bookmarks.php","meta":{"_expiration-date-status":"saved","_expiration-date":0,"_expiration-date-type":"","_expiration-date-categories":[],"_expiration-date-options":[]},"acf":[],"_links":{"self":[{"href":"https:\/\/us.edu.pl\/instytut\/ipe\/wp-json\/wp\/v2\/pages\/1228"}],"collection":[{"href":"https:\/\/us.edu.pl\/instytut\/ipe\/wp-json\/wp\/v2\/pages"}],"about":[{"href":"https:\/\/us.edu.pl\/instytut\/ipe\/wp-json\/wp\/v2\/types\/page"}],"author":[{"embeddable":true,"href":"https:\/\/us.edu.pl\/instytut\/ipe\/wp-json\/wp\/v2\/users\/2293"}],"replies":[{"embeddable":true,"href":"https:\/\/us.edu.pl\/instytut\/ipe\/wp-json\/wp\/v2\/comments?post=1228"}],"version-history":[{"count":4,"href":"https:\/\/us.edu.pl\/instytut\/ipe\/wp-json\/wp\/v2\/pages\/1228\/revisions"}],"predecessor-version":[{"id":1232,"href":"https:\/\/us.edu.pl\/instytut\/ipe\/wp-json\/wp\/v2\/pages\/1228\/revisions\/1232"}],"wp:attachment":[{"href":"https:\/\/us.edu.pl\/instytut\/ipe\/wp-json\/wp\/v2\/media?parent=1228"}],"curies":[{"name":"wp","href":"https:\/\/api.w.org\/{rel}","templated":true}]}}