{"id":123,"date":"2019-12-01T15:11:35","date_gmt":"2019-12-01T14:11:35","guid":{"rendered":"http:\/\/us.edu.pl\/instytut\/ipe\/?page_id=123"},"modified":"2026-03-19T21:17:36","modified_gmt":"2026-03-19T20:17:36","slug":"rada-instytutu","status":"publish","type":"page","link":"https:\/\/us.edu.pl\/instytut\/ipe\/rada-instytutu\/","title":{"rendered":"Sk\u0142ad Rady Instytutu"},"content":{"rendered":"<p>[vc_row][vc_column]\r\n                <div class=\"text-modules\">\r\n                    <div class=\"container\">\r\n                        <h3 class=\"page-title text__title\">Rada Instytutu Pedagogiki<\/h3>\r\n                        <div class=\"text-modules__content\"><p><span style=\"font-size: 12pt;\"><strong>Sk\u0142ad Rady Instytutu na lata 2022-2026<\/strong><\/span><\/p>\n<p><span style=\"font-size: 12pt;\"><strong>Dyrektor Instytutu<\/strong><\/span><\/p>\n<p><span style=\"font-size: 12pt;\">dr hab. Irena Polewczyk, prof. U\u015a<\/span><\/p>\n<p><span style=\"font-size: 12pt;\"><strong>Zast\u0119pcy Dyrektora Instytutu<\/strong><\/span><\/p>\n<p><span style=\"font-size: 12pt;\">dr hab. Violeta Rodek, prof. U\u015a<\/span><\/p>\n<p><span style=\"font-size: 12pt; font-family: 'Verdana', sans-serif;\">dr hab. Urszula Klajmon-Lech, prof. U\u015a<\/span><\/p>\n<p><span style=\"font-size: 12pt;\">\u00a0<\/span><\/p>\n<p><span style=\"font-size: 12pt;\"><strong>Profesorowie tytularni<\/strong>:<\/span><\/p>\n<p>Prof. dr hab. Maciej Bernasiewicz<\/p>\n<p>Prof. dr hab. Zenon Gajdzica<\/p>\n<p>Prof. dr hab. Ewa Jarosz<\/p>\n<p>Prof. dr hab. Katarzyna Kraso\u0144<\/p>\n<p>Prof. dr hab. Huseyin Kyuchuk<\/p>\n<p>Prof. dr hab. Krzysztof Maliszewski<\/p>\n<p>Prof. dr hab. Ewa Ogrodzka-Mazur<\/p>\n<p>Prof. dr hab. Milon Potmesil<\/p>\n<p>Prof. dr hab. Alina Szczurek-Boruta<\/p>\n<p>Prof. dr hab. Urszula Szu\u015bcik<\/p>\n<p>Prof. dr hab. Teresa Wilk<\/p>\n<p>&nbsp;<\/p>\n<p><span style=\"font-size: 12pt;\"><strong>Pozostali cz\u0142onkowie Rady Instytutu (lista alfabetyczna)<\/strong><\/span><\/p>\n<p>dr hab. Alicja Ga\u0142\u0105zka, prof. U\u015a<\/p>\n<p>dr hab. Marcin Gierczyk, prof. U\u015a<\/p>\n<p>dr hab. Tomasz Huk, prof. U\u015a<\/p>\n<p>dr hab. Kisiel Miros\u0142aw, prof. U\u015a<\/p>\n<p>dr hab. Mazepa-Domaga\u0142a Beata, prof. U\u015a<\/p>\n<p>dr hab. Rembierz Marek, prof. U\u015a<\/p>\n<p>dr hab. Smyrnova-Trybulska Eugenia, prof. U\u015a<\/p>\n<p>dr hab. Jolanta Suchodolska, prof. U\u015a<\/p>\n<p>dr hab. Szafra\u0144ska Anna, prof. U\u015a<\/p>\n<p>dr hab. Widawska Edyta, prof. U\u015a<\/p>\n<p>dr hab. \u017bywczok Alicja, prof. U\u015a<\/p>\n<p>dr Bobik Bogumi\u0142a<\/p>\n<p>dr Caba\u0142a Agata<\/p>\n<p>dr G\u00f3\u017ad\u017a Joanna<\/p>\n<p>dr Jas-Liszok Katarzyna<\/p>\n<p>dr Jurczyk Marcin<\/p>\n<p>dr Knapik-Szweda Sara<\/p>\n<p>dr Kwadrans \u0141ukasz, prof. U\u015a<\/p>\n<p>dr Pyrzyk-Kuta Aleksandra<\/p>\n<p>dr Tomas Iwona<\/p>\n<p>dr Ruman Natalia<\/p>\n<p>dr Szymik Eugeniusz<\/p>\n<p>dr Zormanova Lucie<\/p>\n<\/div>\r\n                    <\/div>\r\n                <\/div>[\/vc_column][\/vc_row][vc_row][vc_column][vc_column_text][\/vc_column_text][\/vc_column][\/vc_row][vc_row][vc_column][vc_column_text][\/vc_column_text][\/vc_column][\/vc_row][vc_row][vc_column][vc_column_text][\/vc_column_text][\/vc_column][\/vc_row]<\/p>","protected":false},"excerpt":{"rendered":"<p>[vc_row][vc_column][\/vc_column][\/vc_row][vc_row][vc_column][vc_column_text][\/vc_column_text][\/vc_column][\/vc_row][vc_row][vc_column][vc_column_text][\/vc_column_text][\/vc_column][\/vc_row][vc_row][vc_column][vc_column_text][\/vc_column_text][\/vc_column][\/vc_row] [&#8230;]<\/p>\n<p><a class=\"btn btn-secondary understrap-read-more-link\" href=\"https:\/\/us.edu.pl\/instytut\/ipe\/rada-instytutu\/\">Read More&#8230;<\/a><\/p>\n","protected":false},"author":201,"featured_media":0,"parent":0,"menu_order":0,"comment_status":"closed","ping_status":"closed","template":"","meta":{"_expiration-date-status":"","_expiration-date":0,"_expiration-date-type":"","_expiration-date-categories":[],"_expiration-date-options":[]},"acf":[],"_links":{"self":[{"href":"https:\/\/us.edu.pl\/instytut\/ipe\/wp-json\/wp\/v2\/pages\/123"}],"collection":[{"href":"https:\/\/us.edu.pl\/instytut\/ipe\/wp-json\/wp\/v2\/pages"}],"about":[{"href":"https:\/\/us.edu.pl\/instytut\/ipe\/wp-json\/wp\/v2\/types\/page"}],"author":[{"embeddable":true,"href":"https:\/\/us.edu.pl\/instytut\/ipe\/wp-json\/wp\/v2\/users\/201"}],"replies":[{"embeddable":true,"href":"https:\/\/us.edu.pl\/instytut\/ipe\/wp-json\/wp\/v2\/comments?post=123"}],"version-history":[{"count":10,"href":"https:\/\/us.edu.pl\/instytut\/ipe\/wp-json\/wp\/v2\/pages\/123\/revisions"}],"predecessor-version":[{"id":3284,"href":"https:\/\/us.edu.pl\/instytut\/ipe\/wp-json\/wp\/v2\/pages\/123\/revisions\/3284"}],"wp:attachment":[{"href":"https:\/\/us.edu.pl\/instytut\/ipe\/wp-json\/wp\/v2\/media?parent=123"}],"curies":[{"name":"wp","href":"https:\/\/api.w.org\/{rel}","templated":true}]}}