{"id":129,"date":"2019-12-01T15:13:55","date_gmt":"2019-12-01T14:13:55","guid":{"rendered":"http:\/\/us.edu.pl\/instytut\/ipe\/?page_id=129"},"modified":"2020-04-15T14:16:55","modified_gmt":"2020-04-15T12:16:55","slug":"wspolpraca","status":"publish","type":"page","link":"https:\/\/us.edu.pl\/instytut\/ipe\/wspolpraca\/","title":{"rendered":"Wsp\u00f3\u0142praca"},"content":{"rendered":"<p>[vc_row][vc_column]\r\n                <div class=\"text-modules\">\r\n                    <div class=\"container\">\r\n                        <h3 class=\"page-title text__title\">Wsp\u00f3\u0142praca<\/h3>\r\n                        <div class=\"text-modules__content\"><p><strong>W<\/strong><strong>sp\u00f3\u0142praca badawcza z otoczeniem<\/strong><\/p>\n<p><strong>\u00a0<\/strong><\/p>\n<p>Proponowana Pa\u0144stwu oferta obejmuje badania i opracowania eksperckie dotycz\u0105ce sytuacji, zjawisk, problem\u00f3w i zagro\u017ce\u0144, a tak\u017ce ich uwarunkowa\u0144 i mo\u017cliwo\u015bci oddzia\u0142ywa\u0144 w zakresie edukacji przedszkolnej, szkolnej, pozaszkolnej; edukacji doros\u0142ych, senior\u00f3w oraz ca\u0142o\u017cyciowej; wsparcia i pomocy psychospo\u0142ecznej oraz socjalnej; profilaktyki spo\u0142ecznej, zdrowotnej; poprawy dobrostanu psychospo\u0142ecznego jednostek, grup spo\u0142ecznych i zawodowych oraz spo\u0142eczno\u015bci; rozwoju inkluzji, partycypacji oraz r\u00f3wno\u015bci traktowania i dost\u0119pu. Projekty mog\u0105 dotyczy\u0107 r\u00f3\u017cnych kategorii wieku, p\u0142ci, niepe\u0142nosprawno\u015bci, a tak\u017ce r\u00f3\u017cnorodno\u015bci kulturowych, etnicznych i religijnych czy innych odmienno\u015bci.<br \/>\nPa\u0144stwa propozycje bada\u0144 mog\u0105 by\u0107 kierowane do r\u00f3\u017cnych instytucji, organizacji i \u015brodowisk: plac\u00f3wek i instytucji o\u015bwiatowych, edukacyjnych, wychowawczych, kulturalno-o\u015bwiatowych, instytucji pomocowych, terapeutyczno-rehabilitacyjnych; organizacji pozarz\u0105dowych, \u015brodowisk lokalnych, gmin, powiat\u00f3w oraz regionu.<\/p>\n<p><strong>\u00a0<\/strong><\/p>\n<p><strong>\u00a0<\/strong><\/p>\n<p><strong>Zasoby kadrowe Instytutu Pedagogiki<\/strong><\/p>\n<p><strong>\u00a0<\/strong><\/p>\n<p><strong>&#8211; pedagodzy<\/strong><\/p>\n<p><strong>&#8211; pedagodzy specjalni<\/strong><\/p>\n<p><strong>&#8211; socjolodzy<\/strong><\/p>\n<p><strong>&#8211; andragodzy<\/strong><\/p>\n<p><strong>&#8211; gerontolodzy<\/strong><\/p>\n<p><strong>\u00a0<\/strong><\/p>\n<p><strong>\u00a0<\/strong><strong>Nasze do\u015bwiadczenie<\/strong><\/p>\n<p><strong>\u00a0<\/strong><\/p>\n<ul>\n<li><em>Kadra naukowo-badawcza i dydaktyczna Instytutu Pedagogiki Wydzia\u0142u Nauk Spo\u0142ecznych Uniwersytetu \u015al\u0105skiego to z<strong>esp\u00f3\u0142 profesjonalist\u00f3w, kt\u00f3rzy maj\u0105 bogate do\u015bwiadczenia w realizacji zada\u0144 eksperckich r<\/strong>ealizowanych dla:<\/em><\/li>\n<\/ul>\n<p>&#8211; Ministerstwa Pracy i Polityki Spo\u0142ecznej,<\/p>\n<p>&#8211; Ministerstwa Rodziny,<\/p>\n<p>&#8211; Ministerstwa Edukacji Narodowej,<\/p>\n<p>&#8211; Krajowej Rady Kurator\u00f3w,<\/p>\n<p>&#8211; Ministerstwa Nauki i Szkolnictwa Wy\u017cszego<\/p>\n<p>&#8211; Biura Rzecznika Praw Dziecka,<\/p>\n<p>&#8211; Ministerstwa Sprawiedliwo\u015bci,<\/p>\n<p>&#8211; Ministerstwa Spraw Wewn\u0119trznych i Administracji,<\/p>\n<p><strong>\u00a0<\/strong><\/p>\n<p><strong>\u00a0<\/strong><\/p>\n<ul>\n<li><em>Nasi pracownicy <strong>kierowali projektami i pracowali w zespo\u0142ach badawczych<\/strong> realizuj\u0105c granty krajowe i mi\u0119dzynarodowe:<\/em><\/li>\n<\/ul>\n<p>&#8211; Narodowego Centrum Bada\u0144 i Rozwoju<\/p>\n<p>&#8211; Ministerstwa Edukacji Narodowej<\/p>\n<p>&#8211; Europejskiego Funduszu Spo\u0142ecznego<\/p>\n<p>&#8211; Open Society Institute<\/p>\n<p>&#8211; Instytutu Spraw Publicznych<\/p>\n<p>&#8211; Regionalne Centrum Polityki Spo\u0142ecznej w \u0141odzi<\/p>\n<p>&#8211; Regionalny O\u015brodek Polityki Spo\u0142ecznej Wojew\u00f3dztwa \u015al\u0105skiego<\/p>\n<p>&#8211; Beskidzka Izba Lekarska<\/p>\n<p>&#8211; Instytut Wymiaru Sprawiedliwo\u015bci<\/p>\n<p>&#8211; Funduszu Inicjatyw Obywatelskich<\/p>\n<p>&#8211; Urz\u0105d Komitetu Integracji Europejskiej<\/p>\n<p>&#8211; O\u015brodek Doskonalenia Zawodowego Nauczycieli Publisher-Innowacje<\/p>\n<p>&nbsp;<\/p>\n<p>&nbsp;<\/p>\n<ul>\n<li><em>Bardzo warto\u015bciowym i ucz\u0105cym do\u015bwiadczeniem jest wsp\u00f3\u0142praca z <strong>instytucjami i organizacjami pozarz\u0105dowymi, <\/strong>do kt\u00f3rych nale\u017c\u0105:<\/em><\/li>\n<\/ul>\n<p>Fundacja LaZebra \u00b7 Caritas Diecezji Sandomierskiej \u00b7 Fundacja Pomocy Osobom Niepe\u0142nosprawnym w Str\u00f3\u017cach \u00b7 Helsi\u0144ska Fundacja Praw Cz\u0142owieka \u00b7 Polsko-Ameryka\u0144ska Fundacja Wolno\u015bci \u00b7 Forum Obywatelskiego Rozwoju \u00b7 Fundacja im. Stefana Batorego \u00b7 Stowarzyszenie Lider\u00f3w Lokalnych Grup Obywatelskich \u00b7 Fundacja IMAGO \u00b7 Fundacja Widzialni \u00b7 Stowarzyszenie na Rzecz Os\u00f3b Wykluczonych i Zagro\u017conych Wykluczeniem Spo\u0142ecznym \u201ePodwale Siedem\u201d \u00b7 Open Society Fundation \u00b7 Fundacja Fundusz Wsp\u00f3\u0142pracy \u00b7 Fundacja Edukacji Polonijnej \u00b7 Polski Instytut Przedszkoli Le\u015bnych \u00b7 Fundacja \u201eCzas na las\u201d<br \/>\n\u00b7 Stowarzyszenie Pomocy Wzajemnej \u201eBY\u0106 RAZEM\u201d \u00b7 \u00a0Dzienny O\u015brodek Wsparcia w Cieszynie \u00b7 \u00a0Cieszy\u0144skie Stowarzyszenie Ochrony Zdrowia Psychicznego \u201eWI\u0118\u0179\u201d \u00b7 \u00a0Polskie Stowarzyszenie na Rzecz Os\u00f3b z Upo\u015bledzeniem Umys\u0142owym Ko\u0142o w Cieszynie \u00b7 Zwi\u0105zek Harcerstwa Polskiego<\/p>\n<p><strong>\u00a0<\/strong><\/p>\n<p><strong>\u00a0<\/strong><\/p>\n<p><strong>Sta\u0142a wsp\u00f3\u0142praca <\/strong><\/p>\n<p><strong>\u00a0<\/strong><\/p>\n<p>Do instytucji, z kt\u00f3rymi nasi pracownicy podejmuj\u0105 regularn\u0105 wsp\u00f3\u0142prac\u0119 nale\u017c\u0105:<\/p>\n<p>&#8211; Polskie Centrum Pedagogiczne dla Polskiego Szkolnictwa Narodowo\u015bciowego w Czeskim Cieszynie (Centrum soci\u00e1ln\u00ed slu\u017eeb \u010cesk\u00fd T\u011b\u0161\u00edn, p\u0159\u00edsp\u011bvkov\u00e1 organizacje)<\/p>\n<p>&#8211; Fundacja Rozwoju Systemu Edukacji w Polsce,<\/p>\n<p>&#8211; Fundacja Nowoczesna Polska,<\/p>\n<p>&#8211; O\u015brodek Rozwoju Edukacji w Warszawie<\/p>\n<p>&#8211; Uniwersytety Trzeciego Wieku<\/p>\n<p>&#8211; Biuro Rzecznika Praw Dziecka<\/p>\n<p>&#8211; Biuro Rzecznika Praw Obywatelskich<\/p>\n<p><strong>\u00a0<\/strong><\/p>\n<p><strong>Nasza oferta badawcza <\/strong><\/p>\n<p><strong>\u00a0<\/strong><\/p>\n<p>Nasza kadra jest przygotowana do opracowania:<\/p>\n<ul>\n<li>raport\u00f3w<\/li>\n<li>diagnoz<\/li>\n<li>strategii<\/li>\n<li>ekspertyz<\/li>\n<li>program\u00f3w edukacyjnych<\/li>\n<li>program\u00f3w \u201enaprawczych\u201d<\/li>\n<li>zaprojektowania i przeprowadzenia bada\u0144 ewaluacyjnych po realizacji program\u00f3w, projekt\u00f3w, formu\u0142owania rekomendacji i zalece\u0144 po realizacji projekt\u00f3w<\/li>\n<\/ul>\n<p><strong>\u00a0<\/strong><strong>\u00a0<\/strong><\/p>\n<p><strong>Obszary badawcze<\/strong><\/p>\n<p><strong>\u00a0<\/strong><\/p>\n<ol>\n<li><strong>Edukacja dzieci, m\u0142odzie\u017cy, doros\u0142ych<\/strong><\/li>\n<\/ol>\n<p><strong>\u00a0<\/strong><\/p>\n<p>Polityka o\u015bwiatowa, reforma edukacji.<br \/>\nWsp\u00f3\u0142praca \u015brodowiska rodzinnego i szkolnego.<\/p>\n<p>Pedagogika przedszkolna i wczesnoszkolna.<\/p>\n<p>Dzieci i m\u0142odzie\u017c ze specjalnymi potrzebami edukacyjnymi w plac\u00f3wkach opieku\u0144czo \u2013 wychowawczych \u2013 pomoc, wsparcie spo\u0142eczne.<\/p>\n<p>Wsp\u00f3\u0142czesna szko\u0142a w nast\u0119pstwie przemian spo\u0142eczno-kulturowych.<\/p>\n<p>Edukacja medialna, wychowanie do medi\u00f3w, rozwijanie kompetencji cyfrowo-medialnych.<\/p>\n<p>Aktywizuj\u0105ce metody i innowacyjne technologie we wsp\u00f3\u0142czesnej edukacji.<\/p>\n<p>Edukacja muzyczna &#8211; miejsce, rola i funkcje muzyki w psychofizycznym rozwoju dziecka.<\/p>\n<p>Edukacja plastyczna &#8211; warto\u015bciowanie dzieci\u0119cych wytwor\u00f3w plastycznych.<\/p>\n<p>Edukacji kulturalna i jej znaczenie dla osobistego rozwoju cz\u0142owieka.<\/p>\n<p>Kultura i sztuka w procesie edukacyjno-wychowawczym.<\/p>\n<p>Edukacyjne przygotowanie do dzia\u0142ania na rzecz zr\u00f3wnowa\u017conego rozwoju.<\/p>\n<p>Kultura j\u0119zyka w przestrzeni edukacyjnej.<\/p>\n<p>Edukacja religijna; edukacja ekologiczna; edukacja artystyczna.<\/p>\n<p>Zakres zada\u0144 pedagoga szkolnego oraz organizacja pomocy<br \/>\npedagogicznej.<\/p>\n<p>Kszta\u0142cenie nauczycieli; doskonalenie zawodowe pedagog\u00f3w.<\/p>\n<p><strong>\u00a0<\/strong><strong>\u00a0<\/strong><\/p>\n<ol>\n<li><strong>Problemy i przemiany spo\u0142eczne<\/strong><\/li>\n<\/ol>\n<p>Wsp\u00f3\u0142czesne procesy migracyjne.<\/p>\n<p>Problematyka wielokulturowo\u015bci &#8211; pedagogika wielo- i mi\u0119dzykulturowa. Kompetencje do komunikacji w \u015brodowiskach zr\u00f3\u017cnicowanych kulturowo.<\/p>\n<p>Problematyka nier\u00f3wno\u015bci spo\u0142ecznych. Marginalizacja, wykluczenie, ub\u00f3stwo.<\/p>\n<p>Kompleksowa analiza potrzeb \u015brodowiska lokalnego.\u00a0 Animacja spo\u0142eczno\u015bci lokalnych. Animowanie i wdra\u017canie dzia\u0142a\u0144 partycypacyjnych.<\/p>\n<p>Praca resocjalizacyjna w \u015brodowisku otwartym (kuratela s\u0105dowa).<\/p>\n<p>Praca resocjalizacyjna w \u015brodowisku zamkni\u0119tym (zw\u0142aszcza programy resocjalizacyjne realizowane w zak\u0142adach poprawczych i schroniskach dla nieletnich w Polsce).<\/p>\n<p>Problematyka niedostosowania spo\u0142ecznego dzieci i m\u0142odzie\u017cy.<\/p>\n<p>Profilaktyka spo\u0142eczna wobec wsp\u00f3\u0142czesnych zagro\u017ce\u0144 spo\u0142ecznych.<\/p>\n<p>Przemoc wobec dzieci \u2013 uwarunkowania, prewencja, interwencja, prawa dziecka.<\/p>\n<p><strong>\u00a0<\/strong><\/p>\n<ul>\n<li><strong>Wsparcie rozwoju cz\u0142owieka <\/strong><\/li>\n<\/ul>\n<p>Promocja zdrowia, edukacja zdrowotna.<\/p>\n<p>Badanie dobrostanu psychospo\u0142ecznego dzieci i m\u0142odzie\u017cy.<\/p>\n<p>Jako\u015b\u0107 \u017cycia m\u0142odzie\u017cy i m\u0142odych doros\u0142ych.<\/p>\n<p>Wsp\u00f3\u0142czesne uwarunkowania i zagro\u017cenia zdrowia i rozwoju cz\u0142owieka.<\/p>\n<p>Rodzina z dzieckiem chorym, z niepe\u0142nosprawno\u015bci\u0105 \u2013 formy wsparcia.<\/p>\n<p>Wsp\u00f3\u0142czesna rodzina polska i specyfika jej funkcjonowania.<\/p>\n<p>Rodzina dysfunkcjonalna \u2013 formy jej wspierania; pomoc psychologiczno- pedagogiczna.<\/p>\n<p>Funkcjonowanie spo\u0142eczne os\u00f3b z niepe\u0142nosprawno\u015bciami.<\/p>\n<p>Pedagogika specjalna z uwzgl\u0119dnieniem mechanizm\u00f3w inkluzji wobec os\u00f3b z niepe\u0142nosprawno\u015bciami.<\/p>\n<p>Diagnoza i terapia os\u00f3b ze specjalnymi potrzebami edukacyjnymi.<\/p>\n<p>Wsparcie dla os\u00f3b z niepe\u0142nosprawno\u015bci\u0105 intelektualn\u0105 (metody pracy).<\/p>\n<p>Edukacja doros\u0142ych, uczenie si\u0119 przez ca\u0142e \u017cycie.<\/p>\n<p>Spo\u0142eczno-kulturowe uwarunkowania procesu starzenia si\u0119,<\/p>\n<p><strong>\u00a0<\/strong><\/p>\n<p><strong>ZAPRASZAMY DO KONTAKTU I WSP\u00d3\u0141PRACY<\/strong><\/p>\n<\/div>\r\n                    <\/div>\r\n                <\/div>[\/vc_column][\/vc_row]<\/p>","protected":false},"excerpt":{"rendered":"<p>[vc_row][vc_column][\/vc_column][\/vc_row] [&#8230;]<\/p>\n<p><a class=\"btn btn-secondary understrap-read-more-link\" href=\"https:\/\/us.edu.pl\/instytut\/ipe\/wspolpraca\/\">Read More&#8230;<\/a><\/p>\n","protected":false},"author":201,"featured_media":0,"parent":0,"menu_order":0,"comment_status":"closed","ping_status":"closed","template":"","meta":{"_expiration-date-status":"saved","_expiration-date":0,"_expiration-date-type":"","_expiration-date-categories":[],"_expiration-date-options":[]},"acf":[],"_links":{"self":[{"href":"https:\/\/us.edu.pl\/instytut\/ipe\/wp-json\/wp\/v2\/pages\/129"}],"collection":[{"href":"https:\/\/us.edu.pl\/instytut\/ipe\/wp-json\/wp\/v2\/pages"}],"about":[{"href":"https:\/\/us.edu.pl\/instytut\/ipe\/wp-json\/wp\/v2\/types\/page"}],"author":[{"embeddable":true,"href":"https:\/\/us.edu.pl\/instytut\/ipe\/wp-json\/wp\/v2\/users\/201"}],"replies":[{"embeddable":true,"href":"https:\/\/us.edu.pl\/instytut\/ipe\/wp-json\/wp\/v2\/comments?post=129"}],"version-history":[{"count":4,"href":"https:\/\/us.edu.pl\/instytut\/ipe\/wp-json\/wp\/v2\/pages\/129\/revisions"}],"predecessor-version":[{"id":533,"href":"https:\/\/us.edu.pl\/instytut\/ipe\/wp-json\/wp\/v2\/pages\/129\/revisions\/533"}],"wp:attachment":[{"href":"https:\/\/us.edu.pl\/instytut\/ipe\/wp-json\/wp\/v2\/media?parent=129"}],"curies":[{"name":"wp","href":"https:\/\/api.w.org\/{rel}","templated":true}]}}