{"id":1324,"date":"2021-03-01T15:34:14","date_gmt":"2021-03-01T14:34:14","guid":{"rendered":"https:\/\/us.edu.pl\/instytut\/ipe\/?page_id=1324"},"modified":"2023-10-17T07:59:24","modified_gmt":"2023-10-17T05:59:24","slug":"dr-mariola-kozubek","status":"publish","type":"page","link":"https:\/\/us.edu.pl\/instytut\/ipe\/dr-mariola-kozubek\/","title":{"rendered":"Dr Mariola T. Kozubek, prof. U\u015a"},"content":{"rendered":"<p>[vc_row][vc_column][vc_column_text][\/vc_column_text][\/vc_column][\/vc_row][vc_row][vc_column width=&#8221;1\/4&#8243;][vc_single_image image=&#8221;2338&#8243; img_size=&#8221;medium&#8221; style=&#8221;vc_box_shadow_3d&#8221;][\/vc_column][vc_column width=&#8221;3\/4&#8243; css=&#8221;.vc_custom_1597521185463{border-bottom-width: -30px !important;}&#8221;][vc_column_text]<\/p>\n<table style=\"width: 72.9397%;\">\n<tbody>\n<tr>\n<td style=\"width: 24.6684%;\"><span style=\"font-size: 12pt; font-family: tahoma, arial, helvetica, sans-serif;\">Stanowisko:<\/span><\/p>\n<p><span style=\"font-size: 12pt; font-family: tahoma, arial, helvetica, sans-serif;\">Grupa:<\/span><\/p>\n<p><span style=\"font-size: 12pt; font-family: tahoma, arial, helvetica, sans-serif;\">Specjalno\u015b\u0107:<\/span><\/p>\n<p><span style=\"font-size: 12pt; font-family: tahoma, arial, helvetica, sans-serif;\">Pok\u00f3j:<\/span><\/p>\n<p><span style=\"font-size: 12pt; font-family: tahoma, arial, helvetica, sans-serif;\">Telefon:<\/span><\/p>\n<p><span style=\"font-size: 12pt; font-family: tahoma, arial, helvetica, sans-serif;\">e-mail:<\/span><\/p>\n<p><span style=\"font-size: 12pt; font-family: tahoma, arial, helvetica, sans-serif;\"><img class=\"size-full wp-image-275\" src=\"http:\/\/us.edu.pl\/instytut\/im\/wp-content\/uploads\/sites\/43\/Nieprzypisane\/ORCID.png\" alt=\"Logo ORCID\" width=\"71\" height=\"22\" \/><\/span><\/td>\n<td style=\"width: 78.7798%;\"><span style=\"font-size: 12pt; font-family: tahoma, arial, helvetica, sans-serif;\"><strong>Profesor Uniwersytetu <\/strong><\/span><\/p>\n<p><span style=\"font-size: 12pt; font-family: tahoma, arial, helvetica, sans-serif;\"><strong>Pracownicy badawczo-dydaktyczni<\/strong><\/span><\/p>\n<p><span style=\"font-size: 12pt; font-family: tahoma, arial, helvetica, sans-serif;\"><strong>Pedagogika<br \/>\n<\/strong><\/span><\/p>\n<p><span style=\"font-size: 12pt; font-family: tahoma, arial, helvetica, sans-serif;\"><strong>Wydzia\u0142 Teologiczny, 204\/4 <\/strong><\/span><\/p>\n<p>&nbsp;<\/p>\n<p><strong>mariola.kozubek@us.edu.pl <\/strong><\/p>\n<p><span style=\"font-size: 12pt; font-family: tahoma, arial, helvetica, sans-serif;\"><strong><a href=\"https:\/\/orcid.org\/0000-0002-1377-3657\">0000-0002-1377-3657<\/a><\/strong><\/span><\/td>\n<\/tr>\n<\/tbody>\n<\/table>\n<p>[\/vc_column_text][\/vc_column][\/vc_row][vc_row][vc_column]\r\n\t\t\t\t<div class='container'>\r\n\t\t\t\t\t<div class='list-links list-links_blue'>\r\n\t\t\t\t\t\t  \r\n\t\t\t\t\t\t  <ul>\r\n\t\t\t\t\t\t\t\t<li><a href=''><p>Materia\u0142y dodatkowe<\/p><\/a><\/li><\/ul>\r\n\t\t\t\t\t<\/div>\r\n\t\t\t\t<\/div>   \r\n\t\t\t\t\t[\/vc_column][\/vc_row][vc_row][vc_column css=&#8221;.vc_custom_1597523042561{margin-bottom: -50px !important;}&#8221;]\r\n\t\t\t\t\t<div class='container'>\r\n\t\t\t\t\t\t<div class='sidebar_moduls sidebar_dropdown zakladki' style='background-color: #FFFFFF'>\r\n\t\t\t\t\t\t\t<h3 class='page-title'><\/h3>\r\n\t\t\t\t\t\t\t<p class='zakladki__desc'><\/p>\r\n\r\n\t\t\t\t\t\t\t<div class='bookmarks'>\r\n\t\t\t\t\t<div class=\"bookmark\">\r\n\t\t\t\t\t\t<div class=\"bookmark__title\">\r\n                            <h3>\r\n                                <span class=\"short\">Przebieg kariery naukowej<\/span>\r\n                                <span class=\"long\">Przebieg kariery naukowej<\/span>\r\n                            <\/h3>\r\n\t\t\t\t\t\t<\/div>\r\n\t\t\t\t\t\t\r\n\t\t\t\t\t\t<div class=\"bookmark__content-wrap\">\r\n\t\t\t\t\t\t\t<div class=\"bookmark__content\">\r\n\r\n\t\t\t\t\t\t\t\t\r\n\r\n\t\t\t\t\t\t\t\t<div class=\"bookmark_text\" style=\"font-size:20px;\">\r\n\t\t\t\t\t\t\t\t<li>1980 \u2013 dyplom nauczyciela nauczania pocz\u0105tkowego; Studium Wychowania Przedszkolnego w Bytomiu. \n<li>1985 \u2013 tytu\u0142 magistra pedagogiki, Uniwersytet \u015al\u0105ski w Katowicach, Wydzia\u0142 Pedagogiki i Psychologii. \n<li>2003 \u2013 dyplom Kolegium Teologicznego Archidiecezji Katowickiej w Katowicach. \n<li>2009 \u2013 stopie\u0144 doktora nauk humanistycznych w zakresie pedagogiki, Katolicki Uniwersytet Lubelski Jana Paw\u0142a II - Instytut Pedagogiki.\n<li>2020-2021 - Projekt badawczy \u201ePanteon G\u00f3rno\u015bl\u0105ski \u2013 badania naukowe\u201d w konkursie: DIALOG. Instytucja finansuj\u0105ca: Ministerstwo Nauki i Szkolnictwa Wy\u017cszego. Kierownik projektu: prof. dr hab. Henryk Olszar. Rola: wykonawca.\n<li>2020-21 - Projekt badawczy UNISERVITATE - Service-Learning in Catholic Higher Education (Argentyna). Instytucja finansuj\u0105ca: CLAYSS & Porticus. Rola: wykonawca.\n<li>2021 - Sta\u017c naukowy w LUMSA University w Rzymie (27.09.2021-27.10.2021).\n<li>2022 - Sta\u017c naukowy w Vasyl Stefanyk Precarpathian National University Ukraina, Ivano-Frankivsk (7.11.2022-15.12.2022 \u2013 online).\n\n<br><br><br>Funkcje:\n\n<li>Senacka Komisja ds. Wsp\u00f3\u0142pracy z Zagranic\u0105 (2014-2019).\n<li>Pe\u0142nomocnik dziekana Wydzia\u0142u Teologicznego ds. wsp\u00f3\u0142pracy z zagranic\u0105 (2020).\n<li>Wydzia\u0142owy Koordynator Erasmus plus (2014-2023)\n<li>Zesp\u00f3\u0142 ds. Wsp\u00f3\u0142pracy z Zagranic\u0105 na Wydziale Teologicznym, od 2020.\n<li>Zesp\u00f3\u0142 ds. Wsp\u00f3\u0142pracy z Zagranic\u0105 w Instytucie Pedagogiki, od 2021.\n\n\r\n\t\t\t\t\t\t\t\t<br>\r\n\t\t\t\t\t\t\t\t\r\n\t\t\t\t\t\t\t\t<\/div>\r\n\t\t\t\t\t\t\t<\/div>\r\n\t\t\t\t\t\t<\/div>\r\n\t\t\t\t\t<\/div>\r\n\t\t\t\t\t<div class=\"bookmark\">\r\n\t\t\t\t\t\t<div class=\"bookmark__title\">\r\n                            <h3>\r\n                                <span class=\"short\">Zainteresowania badawcze<\/span>\r\n                                <span class=\"long\">Zainteresowania badawcze<\/span>\r\n                            <\/h3>\r\n\t\t\t\t\t\t<\/div>\r\n\t\t\t\t\t\t\r\n\t\t\t\t\t\t<div class=\"bookmark__content-wrap\">\r\n\t\t\t\t\t\t\t<div class=\"bookmark__content\">\r\n\r\n\t\t\t\t\t\t\t\t\r\n\r\n\t\t\t\t\t\t\t\t<div class=\"bookmark_text\" style=\"font-size:20px;\">\r\n\t\t\t\t\t\t\t\t<li>Pedagogiczna problematyka rodziny. \n<li>Pedagogiczny potencja\u0142 religii. \n<li>Teoretyczne podstawy pedagogii jedno\u015bci i jej wk\u0142ad w wychowanie w \u015brodowiskach wielokulturowych i wieloreligijnych.\n<li>Wychowanie do dialogu mi\u0119dzykulturowego i mi\u0119dzyreligijnego.\n<li>G\u0142\u00f3wne kierunki dzia\u0142alno\u015bci naukowej i specjalno\u015bci to: pedagogika rodziny, pedagogika spo\u0142eczna, pedagogika religii, pedagogika mi\u0119dzykulturowa.\n\n\n\r\n\t\t\t\t\t\t\t\t<br>\r\n\t\t\t\t\t\t\t\t\r\n\t\t\t\t\t\t\t\t<\/div>\r\n\t\t\t\t\t\t\t<\/div>\r\n\t\t\t\t\t\t<\/div>\r\n\t\t\t\t\t<\/div>\r\n\t\t\t\t\t<div class=\"bookmark\">\r\n\t\t\t\t\t\t<div class=\"bookmark__title\">\r\n                            <h3>\r\n                                <span class=\"short\">Najwa\u017cniejsze osi\u0105gni\u0119cia naukowe, wyr\u00f3\u017cnienia i nagrody<\/span>\r\n                                <span class=\"long\">Najwa\u017cniejsze osi\u0105gni\u0119cia naukowe, wyr\u00f3\u017cnienia i nagrody<\/span>\r\n                            <\/h3>\r\n\t\t\t\t\t\t<\/div>\r\n\t\t\t\t\t\t\r\n\t\t\t\t\t\t<div class=\"bookmark__content-wrap\">\r\n\t\t\t\t\t\t\t<div class=\"bookmark__content\">\r\n\r\n\t\t\t\t\t\t\t\t\r\n\r\n\t\t\t\t\t\t\t\t<div class=\"bookmark_text\" style=\"font-size:20px;\">\r\n\t\t\t\t\t\t\t\tPublikacje: \n<br><br>\n<li>redaktor naukowy 2 monografii; \n<li>2 numer\u00f3w tematycznych czasopism:  - Paedagogia Christiana 2\/43 (2019), ss. 643;  Studia Teologiczne i Humanistyczne 2\/2 (2012), ss. 296. \n<li>Wsp\u00f3\u0142redaktor 2 numer\u00f3w tematycznych: \u201eChrze\u015bcijanie i muzu\u0142manie razem w przezwyci\u0119\u017caniu ub\u00f3stwa\u201d - Szko\u0142a Serafica 9(2010), ss. 159; - Szko\u0142a Seraficka 11(2012), ss. 315; redaktor pomocniczy \u015al\u0105skie Studia Historyczno-Teologiczne 54: 69-89, ss. 130.\n<li>Autorka kilkudziesi\u0119ciu artyku\u0142\u00f3w w czasopismach naukowych i rozdzia\u0142\u00f3w w ksi\u0105\u017ckach. Wsp\u00f3\u0142za\u0142o\u017cyciel i redaktor naczelna rocznika \u201eKalendarz Trzech Religii. \u017bydzi, Chrze\u015bcijanie, Muzu\u0142manie\u201d  (ISSN 2658-1183). T\u0142umaczenie tekst\u00f3w z j\u0119zyka w\u0142oskiego o tematyce pedagogicznej, teologicznej i filozoficznej.\n<br><br>\n<br><br>\n\u2022\tGranty:\n<br><br>\n<br><br>\n<li>Projekt edukacyjny \u201ce-SL4EU \u2013 e-Service Learning for more digital and inclusive EU Higher Education systems\u201d, realizowany w partnerstwie z: LUMSA University (Rzym, W\u0142ochy), Matej Bel University (Banska Bystrzyca, S\u0142owacja), University of Zagreb (Zagrzeb, Chorwacja), University Politechnica of Bucharest (Bukareszt, Rumunia) i Valuedo srl (Florencja, W\u0142ochy). Konkurs: Erasmus plus KA220-HED \u2013 Cooperation partnerships in higher education. Finansowany przez: Fundacja Rozwoju Systemu Edukacji. Okres realizacji: 01.11.2021-01.11.2024. Rola: wnioskodawca i wykonawca.\n\n<li>Projekt artystyczny \"Start Now. Dialog, pok\u00f3j, jedno\u015b\u0107, zaczyna si\u0119 ode mnie\" z GEN VERDE International Performing Arts Group z W\u0142och. Instytucja finansuj\u0105ca: Miasto Katowice - Instytucja Kultury Katowice - Miasto Ogrod\u00f3w. Data realizacji: 22-27.04.2015. Rola: Koordynator we wsp\u00f3\u0142pracy merytorycznej z GEN VERDE International Performing Arts Group.\n\n<li>Grant promotorski NN106 431033. Wykonawca projektu: \u201ePedagogia jedno\u015bci jako propozycja wychowania w \u015brodowiskach wielokulturowych: model europejski a modele innych kr\u0119g\u00f3w kulturowych (Afryka, Ameryka \u0141aci\u0144ska)\u201d. Kierownik prof. dr hab. Marian Nowak; grantodawca: Ministerstwo Nauki i Szkolnictwa Wy\u017cszego. Konkurs nr 33 (2007) MNiSW. Lata realizacji: 2007-2009.\n\n<li>Sholarship Grant The United States Conference of Catholic Bishops \u2013 Office to aid the Catholic Church in Central and Eastern Europe - Waszyngton. Kierownik i wykonawca projekt badawczego pt. \u201cThe experience of the educational community in the Focolar Movement as the basis of the Pedagogy of Unity\u201d. Lata realizacji 2007-2009.\n\n<br><br><br><br>\nRecenzent w czasopismach z Listy MEiN: \n<br><br>\n<li>Family Forum (70 pkt.)\n<li>Roczniki Pedagogiczne (40 pkt.).\n<li>Rozprawy Spo\u0142eczne\/ Social Dissertations (20 pkt.)\n<li>Forum Pedagogiczne \n<br><br><br><br>\nKonferencje naukowe w kraju i za granic\u0105: cz\u0142onkostwo w komitetach naukowych i organizacyjnych, wyg\u0142oszenie referat\u00f3w, przewodniczenie sesjom, moderowanie dyskusji panelowych m.in. w: W\u0142ochy, Niemcy, S\u0142owacja, Ukraina, USA, Chile.\nWsp\u00f3\u0142autor i kierownik projektu Lectio Magistralis Internationalis (od 2020) - cyklu mi\u0119dzynarodowych, interdyscyplinarnych seminari\u00f3w online realizowanych na Wydziale Teologicznym Uniwersytetu \u015al\u0105skiego w Katowicach. \n\n<br><br><br><br>\nNagrody:\n<li>2023: Nagroda Indywidualna Rektora II Stopnia: \u201ew uznaniu wybitnych osi\u0105gni\u0119\u0107 we wsp\u00f3\u0142pracy mi\u0119dzynarodowej uzyskanych w roku 2022\u201d.\n<li>2022: List gratulacyjny JM Rektora Uniwersytetu \u015al\u0105skiego w Katowicach za doskona\u0142\u0105 dydaktyk\u0119 w roku akademickim 2021\/2022 w kategorii \u201eInnowacje dydaktyczne\u201d.\n<li>2022: Plebiscyt \u201ePrzyjaciel Student\u00f3w\u201d \u2013 1 miejsce za rok 2021\/2022, w konkursie organizowanym przez Rad\u0119 Samorz\u0105du Studenckiego Wydzia\u0142u Teologicznego U\u015a.\n<li>2021: Nagroda Zespo\u0142owa Rektora II Stopnia: \u201ew uznaniu wybitnych osi\u0105gni\u0119\u0107 organizacyjnych na rzecz Wydzia\u0142u Teologicznego uzyskanych w roku 2021\u201d.\n<li>2014: Nagroda Indywidualna III stopnia Rektora U\u015a za dzia\u0142alno\u015b\u0107 organizacyjn\u0105 na rzecz Uniwersytetu \u015al\u0105skiego (2014).\n<li>2018: Z\u0142oty Laur Umiej\u0119tno\u015bci i Kompetencji (XXVII edycja) w kategorii \u201ePro Publico Bono\u201d przyznany przez Regionaln\u0105 Izb\u0119 Gospodarcz\u0105 w Katowicach.\n\n\r\n\t\t\t\t\t\t\t\t<br>\r\n\t\t\t\t\t\t\t\t\r\n\t\t\t\t\t\t\t\t<\/div>\r\n\t\t\t\t\t\t\t<\/div>\r\n\t\t\t\t\t\t<\/div>\r\n\t\t\t\t\t<\/div>\r\n\t\t\t\t\t<div class=\"bookmark\">\r\n\t\t\t\t\t\t<div class=\"bookmark__title\">\r\n                            <h3>\r\n                                <span class=\"short\">Sta\u017ce naukowe\/Wizyty studyjne<\/span>\r\n                                <span class=\"long\">Sta\u017ce naukowe\/Wizyty studyjne<\/span>\r\n                            <\/h3>\r\n\t\t\t\t\t\t<\/div>\r\n\t\t\t\t\t\t\r\n\t\t\t\t\t\t<div class=\"bookmark__content-wrap\">\r\n\t\t\t\t\t\t\t<div class=\"bookmark__content\">\r\n\r\n\t\t\t\t\t\t\t\t\r\n\r\n\t\t\t\t\t\t\t\t<div class=\"bookmark_text\" style=\"font-size:20px;\">\r\n\t\t\t\t\t\t\t\tSta\u017ce naukowe:<br><br>\n<li>W\u0142ochy\/Rzym \u2013 LUMSA University (27.09.2021-27.10.2021).\n<li>Ukraina\/Ivano-Frankivsk \u2013 Vasyl Stefanyk Precarpathian National University, (7.11.2022-15.12.2022 \u2013 online).\n\nWizyty Studyjne (w ramach grantu promotorskiego):\n<li>Argentyna (2008): Escuela Aurora - Centro Privado de Formaci\u00f3n T\u00e9cnica en Artesan\u00edas \"Aurora de un Mundo Nuevo\" w Santa Mar\u00eda de Catamarca.\n<li>Urugwaj (2008): Asocaci\u00f3n Civil CODESO - Centro Educativo \u201eNueva Vida\u201d w Montevideo.\n<li>Kamerun (2008):  Our Lady Seat of Wisdom College w Fontem.\n<li>W\u0142ochy (2006-2008): Centro Internazionale di Formazione del Movimento dei Focolari, Loppiano\/k. Florencji.\n<br><br><br><br>\nSta\u017c dydaktyczny (Erasmus plus \u2013 STA):\n<li>W\u0142ochy\/ Rzym \u2013 LUMSA Universit\u00e0 (2023)\n<li>S\u0142owacja\/Koszyce \u2013 Katol\u00edcka univerzita v Ru\u017eomberku (2014, 2015)\n<li>Hiszpania\/Madryt \u2013 Universidad Complutense de Madrid (2017, 2023)\n<br><br><br><br>\nSta\u017c szkoleniowy (Erasmus plus \u2013 STT):\n<li>W\u0142ochy\/ Rzym \u2013 LUMSA Universit\u00e0 (2016, 2020, 2021, 2022)\n<li>Rocca di Papa \u2013 New Humanity. NGO in General Consultative Status with the United Nations ECOSOC. UNESCO Official Partner (2018, 2019).\n\n\r\n\t\t\t\t\t\t\t\t<br>\r\n\t\t\t\t\t\t\t\t\r\n\t\t\t\t\t\t\t\t<\/div>\r\n\t\t\t\t\t\t\t<\/div>\r\n\t\t\t\t\t\t<\/div>\r\n\t\t\t\t\t<\/div>\r\n\t\t\t\t\t<div class=\"bookmark\">\r\n\t\t\t\t\t\t<div class=\"bookmark__title\">\r\n                            <h3>\r\n                                <span class=\"short\">Cz\u0142onkostwo w radach naukowych i radach redakcyjnych <\/span>\r\n                                <span class=\"long\">Cz\u0142onkostwo w radach naukowych i radach redakcyjnych <\/span>\r\n                            <\/h3>\r\n\t\t\t\t\t\t<\/div>\r\n\t\t\t\t\t\t\r\n\t\t\t\t\t\t<div class=\"bookmark__content-wrap\">\r\n\t\t\t\t\t\t\t<div class=\"bookmark__content\">\r\n\r\n\t\t\t\t\t\t\t\t\r\n\r\n\t\t\t\t\t\t\t\t<div class=\"bookmark_text\" style=\"font-size:20px;\">\r\n\t\t\t\t\t\t\t\t<li>Cz\u0142onek Mi\u0119dzynarodowej Rady Naukowej w w Postgraduate School in Education for the Development of Civic Society EIS \u2013 LUMSA University w Rzymie\n<li>Cz\u0142onek-Ekspert w Agency for the Evaluation and Promotion of Quality in Ecclesiastical Universities and Faculties (Agencji Stolicy Apostolskiej do Spraw Oceny i Promocji Jako\u015bci Kszta\u0142cenia na Uniwersytetach i Wydzia\u0142ach Ko\u015bcielnych) w Watykanie.\n\n<li>Cz\u0142onek Rzeczywisty Zespo\u0142u Pedagogiki Chrze\u015bcija\u0144skiej, dzia\u0142aj\u0105cego pod patronatem Komitetu Nauk Pedagogicznych Polskiej Akademii Nauk. \n<li>Cz\u0142onek Polskiego Towarzystwa Pedagogicznego.\n<li>Cz\u0142onek Mi\u0119dzynarodowej sieci naukowo-badawczej Education for Unity (W\u0142ochy).\n<li>Cz\u0142onek Centro di Studi Interdisciplinare Scuola Abba \u2013 Scienze di Educazione (Rocca di Papa\/W\u0142ochy).\n<li>Cz\u0142onek Komitetu Naukowego czasopisma \u201eNuova Umanit\u00e0\u201d (ISSN 2240-2527) z siedzib\u0105 w Rzymie (od 2019).\n<li>Cz\u0142onek Komitetu Naukowego czasopisma Scientific-Pedagogical Journal \u201cEducational Horizons\u201d (\u041e\u0441\u0432\u0456\u0442\u043d\u0456 \u043e\u0431\u0440\u0456\u0457) (Ukraina). ISSN 2706-7750 (Print); E-ISSN 2664-9128 (Online). \r\n\t\t\t\t\t\t\t\t<br>\r\n\t\t\t\t\t\t\t\t\r\n\t\t\t\t\t\t\t\t<\/div>\r\n\t\t\t\t\t\t\t<\/div>\r\n\t\t\t\t\t\t<\/div>\r\n\t\t\t\t\t<\/div><\/div>\r\n\t\t\t\t\t\t<\/div>\r\n\t\t\t\t\t <\/div>[\/vc_column][\/vc_row][vc_row][vc_column][vc_column_text][\/vc_column_text][\/vc_column][\/vc_row]<\/p>","protected":false},"excerpt":{"rendered":"<p>[vc_row][vc_column][vc_column_text][\/vc_column_text][\/vc_column][\/vc_row][vc_row][vc_column width=&#8221;1\/4&#8243;][vc_single_image image=&#8221;2338&#8243; img_size=&#8221;medium&#8221; style=&#8221;vc_box_shadow_3d&#8221;][\/vc_column][vc_column width=&#8221;3\/4&#8243; css=&#8221;.vc_custom_1597521185463{border-bottom-width: -30px !important;}&#8221;][vc_column_text] Stanowisko: Grupa: Specjalno\u015b\u0107: Pok\u00f3j: Telefon: e-mail: Profesor Uniwersytetu Pracownicy badawczo-dydaktyczni Pedagogika Wydzia\u0142 Teologiczny, 204\/4 &nbsp; mariola.kozubek@us.edu.pl 0000-0002-1377-3657 [\/vc_column_text][\/vc_column][\/vc_row][vc_row][vc_column][\/vc_column][\/vc_row][vc_row][vc_column css=&#8221;.vc_custom_1597523042561{margin-bottom: -50px !important;}&#8221;][\/vc_column][\/vc_row][vc_row][vc_column][vc_column_text][\/vc_column_text][\/vc_column][\/vc_row] [&#8230;]<\/p>\n<p><a class=\"btn btn-secondary understrap-read-more-link\" href=\"https:\/\/us.edu.pl\/instytut\/ipe\/dr-mariola-kozubek\/\">Read More&#8230;<\/a><\/p>\n","protected":false},"author":201,"featured_media":0,"parent":0,"menu_order":0,"comment_status":"closed","ping_status":"closed","template":"page-templates\/page-with-bookmarks.php","meta":{"_expiration-date-status":"","_expiration-date":0,"_expiration-date-type":"","_expiration-date-categories":[],"_expiration-date-options":[]},"acf":[],"_links":{"self":[{"href":"https:\/\/us.edu.pl\/instytut\/ipe\/wp-json\/wp\/v2\/pages\/1324"}],"collection":[{"href":"https:\/\/us.edu.pl\/instytut\/ipe\/wp-json\/wp\/v2\/pages"}],"about":[{"href":"https:\/\/us.edu.pl\/instytut\/ipe\/wp-json\/wp\/v2\/types\/page"}],"author":[{"embeddable":true,"href":"https:\/\/us.edu.pl\/instytut\/ipe\/wp-json\/wp\/v2\/users\/201"}],"replies":[{"embeddable":true,"href":"https:\/\/us.edu.pl\/instytut\/ipe\/wp-json\/wp\/v2\/comments?post=1324"}],"version-history":[{"count":3,"href":"https:\/\/us.edu.pl\/instytut\/ipe\/wp-json\/wp\/v2\/pages\/1324\/revisions"}],"predecessor-version":[{"id":2340,"href":"https:\/\/us.edu.pl\/instytut\/ipe\/wp-json\/wp\/v2\/pages\/1324\/revisions\/2340"}],"wp:attachment":[{"href":"https:\/\/us.edu.pl\/instytut\/ipe\/wp-json\/wp\/v2\/media?parent=1324"}],"curies":[{"name":"wp","href":"https:\/\/api.w.org\/{rel}","templated":true}]}}